{"id":1806790,"date":"2023-10-15T16:23:57","date_gmt":"2023-10-15T13:23:57","guid":{"rendered":"https:\/\/www.visithaapsalu.com\/seminariruumid\/seminariruumid-laanemaal\/"},"modified":"2024-01-12T04:24:09","modified_gmt":"2024-01-12T02:24:09","slug":"seminariruumid-laanemaal","status":"publish","type":"page","link":"https:\/\/www.visithaapsalu.com\/fi\/seminariruumid-laanemaal\/","title":{"rendered":"Seminaaritilat L\u00e4\u00e4nemaalla"},"content":{"rendered":"\t\t<div data-elementor-type=\"wp-page\" data-elementor-id=\"1806790\" class=\"elementor elementor-1806790 elementor-1801014\" data-elementor-post-type=\"page\">\n\t\t\t\t\t\t<section class=\"elementor-section elementor-top-section elementor-element elementor-element-3edf257 elementor-section-boxed elementor-section-height-default elementor-section-height-default\" data-id=\"3edf257\" data-element_type=\"section\" data-e-type=\"section\">\n\t\t\t\t\t\t<div class=\"elementor-container elementor-column-gap-default\">\n\t\t\t\t\t<div class=\"elementor-column elementor-col-100 elementor-top-column elementor-element elementor-element-501038e\" data-id=\"501038e\" data-element_type=\"column\" data-e-type=\"column\">\n\t\t\t<div class=\"elementor-widget-wrap elementor-element-populated\">\n\t\t\t\t\t\t<div class=\"elementor-element elementor-element-7ef6422 elementor-widget elementor-widget-heading\" data-id=\"7ef6422\" data-element_type=\"widget\" data-e-type=\"widget\" data-widget_type=\"heading.default\">\n\t\t\t\t<div class=\"elementor-widget-container\">\n\t\t\t\t\t<h2 class=\"elementor-heading-title elementor-size-default\">L\u00e4\u00e4nemaan seminaarihuoneen tiedot<\/h2>\t\t\t\t<\/div>\n\t\t\t\t<\/div>\n\t\t\t\t<section class=\"elementor-section elementor-inner-section elementor-element elementor-element-b8bb972 elementor-section-boxed elementor-section-height-default elementor-section-height-default\" data-id=\"b8bb972\" data-element_type=\"section\" data-e-type=\"section\">\n\t\t\t\t\t\t<div class=\"elementor-container elementor-column-gap-default\">\n\t\t\t\t\t<div class=\"elementor-column elementor-col-50 elementor-inner-column elementor-element elementor-element-177ad7a\" data-id=\"177ad7a\" data-element_type=\"column\" data-e-type=\"column\">\n\t\t\t<div class=\"elementor-widget-wrap elementor-element-populated\">\n\t\t\t\t\t\t\t<\/div>\n\t\t<\/div>\n\t\t\t\t<div class=\"elementor-column elementor-col-50 elementor-inner-column elementor-element elementor-element-7f32afd\" data-id=\"7f32afd\" data-element_type=\"column\" data-e-type=\"column\">\n\t\t\t<div class=\"elementor-widget-wrap\">\n\t\t\t\t\t\t\t<\/div>\n\t\t<\/div>\n\t\t\t\t\t<\/div>\n\t\t<\/section>\n\t\t\t\t\t<\/div>\n\t\t<\/div>\n\t\t\t\t\t<\/div>\n\t\t<\/section>\n\t\t<div class=\"elementor-element elementor-element-9c47e41 e-flex e-con-boxed e-con e-parent\" data-id=\"9c47e41\" data-element_type=\"container\" data-e-type=\"container\">\n\t\t\t\t\t<div class=\"e-con-inner\">\n\t\t\t\t<div class=\"elementor-element elementor-element-45a9c8e elementor-grid-1 elementor-grid-tablet-1 elementor-posts--thumbnail-top elementor-grid-mobile-1 elementor-widget elementor-widget-posts\" data-id=\"45a9c8e\" data-element_type=\"widget\" data-e-type=\"widget\" data-settings=\"{&quot;custom_columns&quot;:&quot;1&quot;,&quot;custom_columns_tablet&quot;:&quot;1&quot;,&quot;custom_columns_mobile&quot;:&quot;1&quot;,&quot;custom_row_gap&quot;:{&quot;unit&quot;:&quot;px&quot;,&quot;size&quot;:35,&quot;sizes&quot;:[]},&quot;custom_row_gap_tablet&quot;:{&quot;unit&quot;:&quot;px&quot;,&quot;size&quot;:&quot;&quot;,&quot;sizes&quot;:[]},&quot;custom_row_gap_mobile&quot;:{&quot;unit&quot;:&quot;px&quot;,&quot;size&quot;:&quot;&quot;,&quot;sizes&quot;:[]}}\" data-widget_type=\"posts.custom\">\n\t\t\t\t<div class=\"elementor-widget-container\">\n\t\t\t\t\t      <div class=\"ecs-posts elementor-posts-container elementor-posts   elementor-grid elementor-posts--skin-custom\" data-settings=\"{&quot;current_page&quot;:1,&quot;max_num_pages&quot;:0,&quot;load_method&quot;:&quot;numbers&quot;,&quot;widget_id&quot;:&quot;45a9c8e&quot;,&quot;post_id&quot;:1806790,&quot;theme_id&quot;:1806790,&quot;change_url&quot;:false,&quot;reinit_js&quot;:false}\">\n      <div class=\"elementor-posts-nothing-found\"><\/div>\t\t<\/div>\n\t\t\t\t\t\t<\/div>\n\t\t\t\t<\/div>\n\t\t\t\t\t<\/div>\n\t\t\t\t<\/div>\n\t\t\t\t<\/div>\n\t\t","protected":false},"excerpt":{"rendered":"<p>L\u00e4\u00e4nemaan seminaarihuoneen tiedot<\/p>\n","protected":false},"author":2,"featured_media":1772614,"parent":0,"menu_order":0,"comment_status":"closed","ping_status":"closed","template":"","meta":{"_acf_changed":false,"footnotes":""},"class_list":["post-1806790","page","type-page","status-publish","has-post-thumbnail","hentry"],"acf":[],"yoast_head":"<!-- This site is optimized with the Yoast SEO plugin v27.3 - https:\/\/yoast.com\/product\/yoast-seo-wordpress\/ -->\n<title>Seminaaritilat L\u00e4\u00e4nemaalla - Visit Haapsalu<\/title>\n<meta name=\"robots\" content=\"index, follow, max-snippet:-1, max-image-preview:large, max-video-preview:-1\" \/>\n<link rel=\"canonical\" href=\"https:\/\/www.visithaapsalu.com\/fi\/seminariruumid-laanemaal\/\" \/>\n<meta property=\"og:locale\" content=\"fi_FI\" \/>\n<meta property=\"og:type\" content=\"article\" \/>\n<meta property=\"og:title\" content=\"Seminaaritilat L\u00e4\u00e4nemaalla - Visit Haapsalu\" \/>\n<meta property=\"og:description\" content=\"L\u00e4\u00e4nemaan seminaarihuoneen tiedot\" \/>\n<meta property=\"og:url\" content=\"https:\/\/www.visithaapsalu.com\/fi\/seminariruumid-laanemaal\/\" \/>\n<meta property=\"og:site_name\" content=\"Visit Haapsalu\" \/>\n<meta property=\"article:publisher\" content=\"https:\/\/www.facebook.com\/visithaapsalu\/\" \/>\n<meta property=\"article:modified_time\" content=\"2024-01-12T02:24:09+00:00\" \/>\n<meta property=\"og:image\" content=\"https:\/\/www.visithaapsalu.com\/wp-content\/uploads\/2019\/10\/Haapsalu-linnuse-seminariruum-2-scaled.jpg\" \/>\n\t<meta property=\"og:image:width\" content=\"2560\" \/>\n\t<meta property=\"og:image:height\" content=\"1443\" \/>\n\t<meta property=\"og:image:type\" content=\"image\/jpeg\" \/>\n<meta name=\"twitter:card\" content=\"summary_large_image\" \/>\n<meta name=\"twitter:label1\" content=\"Arvioitu lukuaika\" \/>\n\t<meta name=\"twitter:data1\" content=\"5 minuuttia\" \/>\n<script type=\"application\/ld+json\" class=\"yoast-schema-graph\">{\"@context\":\"https:\\\/\\\/schema.org\",\"@graph\":[{\"@type\":\"WebPage\",\"@id\":\"https:\\\/\\\/www.visithaapsalu.com\\\/fi\\\/seminariruumid-laanemaal\\\/\",\"url\":\"https:\\\/\\\/www.visithaapsalu.com\\\/fi\\\/seminariruumid-laanemaal\\\/\",\"name\":\"Seminaaritilat L\u00e4\u00e4nemaalla - Visit Haapsalu\",\"isPartOf\":{\"@id\":\"https:\\\/\\\/www.visithaapsalu.com\\\/fi\\\/#website\"},\"primaryImageOfPage\":{\"@id\":\"https:\\\/\\\/www.visithaapsalu.com\\\/fi\\\/seminariruumid-laanemaal\\\/#primaryimage\"},\"image\":{\"@id\":\"https:\\\/\\\/www.visithaapsalu.com\\\/fi\\\/seminariruumid-laanemaal\\\/#primaryimage\"},\"thumbnailUrl\":\"https:\\\/\\\/www.visithaapsalu.com\\\/wp-content\\\/uploads\\\/2019\\\/10\\\/Haapsalu-linnuse-seminariruum-2-scaled.jpg\",\"datePublished\":\"2023-10-15T13:23:57+00:00\",\"dateModified\":\"2024-01-12T02:24:09+00:00\",\"breadcrumb\":{\"@id\":\"https:\\\/\\\/www.visithaapsalu.com\\\/fi\\\/seminariruumid-laanemaal\\\/#breadcrumb\"},\"inLanguage\":\"fi\",\"potentialAction\":[{\"@type\":\"ReadAction\",\"target\":[\"https:\\\/\\\/www.visithaapsalu.com\\\/fi\\\/seminariruumid-laanemaal\\\/\"]}]},{\"@type\":\"ImageObject\",\"inLanguage\":\"fi\",\"@id\":\"https:\\\/\\\/www.visithaapsalu.com\\\/fi\\\/seminariruumid-laanemaal\\\/#primaryimage\",\"url\":\"https:\\\/\\\/www.visithaapsalu.com\\\/wp-content\\\/uploads\\\/2019\\\/10\\\/Haapsalu-linnuse-seminariruum-2-scaled.jpg\",\"contentUrl\":\"https:\\\/\\\/www.visithaapsalu.com\\\/wp-content\\\/uploads\\\/2019\\\/10\\\/Haapsalu-linnuse-seminariruum-2-scaled.jpg\",\"width\":2560,\"height\":1443},{\"@type\":\"BreadcrumbList\",\"@id\":\"https:\\\/\\\/www.visithaapsalu.com\\\/fi\\\/seminariruumid-laanemaal\\\/#breadcrumb\",\"itemListElement\":[{\"@type\":\"ListItem\",\"position\":1,\"name\":\"Home\",\"item\":\"https:\\\/\\\/www.visithaapsalu.com\\\/fi\\\/\"},{\"@type\":\"ListItem\",\"position\":2,\"name\":\"Seminaaritilat L\u00e4\u00e4nemaalla\"}]},{\"@type\":\"WebSite\",\"@id\":\"https:\\\/\\\/www.visithaapsalu.com\\\/fi\\\/#website\",\"url\":\"https:\\\/\\\/www.visithaapsalu.com\\\/fi\\\/\",\"name\":\"Visit Haapsalu\",\"description\":\"visithaapsalu\",\"publisher\":{\"@id\":\"https:\\\/\\\/www.visithaapsalu.com\\\/fi\\\/#organization\"},\"potentialAction\":[{\"@type\":\"SearchAction\",\"target\":{\"@type\":\"EntryPoint\",\"urlTemplate\":\"https:\\\/\\\/www.visithaapsalu.com\\\/fi\\\/?s={search_term_string}\"},\"query-input\":{\"@type\":\"PropertyValueSpecification\",\"valueRequired\":true,\"valueName\":\"search_term_string\"}}],\"inLanguage\":\"fi\"},{\"@type\":\"Organization\",\"@id\":\"https:\\\/\\\/www.visithaapsalu.com\\\/fi\\\/#organization\",\"name\":\"Visit Haapsalu\",\"url\":\"https:\\\/\\\/www.visithaapsalu.com\\\/fi\\\/\",\"logo\":{\"@type\":\"ImageObject\",\"inLanguage\":\"fi\",\"@id\":\"https:\\\/\\\/www.visithaapsalu.com\\\/fi\\\/#\\\/schema\\\/logo\\\/image\\\/\",\"url\":\"https:\\\/\\\/www.visithaapsalu.com\\\/wp-content\\\/uploads\\\/2022\\\/11\\\/visit-haapsalu.svg\",\"contentUrl\":\"https:\\\/\\\/www.visithaapsalu.com\\\/wp-content\\\/uploads\\\/2022\\\/11\\\/visit-haapsalu.svg\",\"width\":191,\"height\":37,\"caption\":\"Visit Haapsalu\"},\"image\":{\"@id\":\"https:\\\/\\\/www.visithaapsalu.com\\\/fi\\\/#\\\/schema\\\/logo\\\/image\\\/\"},\"sameAs\":[\"https:\\\/\\\/www.facebook.com\\\/visithaapsalu\\\/\",\"https:\\\/\\\/www.instagram.com\\\/visit_haapsalu\\\/\"]}]}<\/script>\n<!-- \/ Yoast SEO plugin. -->","yoast_head_json":{"title":"Seminaaritilat L\u00e4\u00e4nemaalla - Visit Haapsalu","robots":{"index":"index","follow":"follow","max-snippet":"max-snippet:-1","max-image-preview":"max-image-preview:large","max-video-preview":"max-video-preview:-1"},"canonical":"https:\/\/www.visithaapsalu.com\/fi\/seminariruumid-laanemaal\/","og_locale":"fi_FI","og_type":"article","og_title":"Seminaaritilat L\u00e4\u00e4nemaalla - Visit Haapsalu","og_description":"L\u00e4\u00e4nemaan seminaarihuoneen tiedot","og_url":"https:\/\/www.visithaapsalu.com\/fi\/seminariruumid-laanemaal\/","og_site_name":"Visit Haapsalu","article_publisher":"https:\/\/www.facebook.com\/visithaapsalu\/","article_modified_time":"2024-01-12T02:24:09+00:00","og_image":[{"width":2560,"height":1443,"url":"https:\/\/www.visithaapsalu.com\/wp-content\/uploads\/2019\/10\/Haapsalu-linnuse-seminariruum-2-scaled.jpg","type":"image\/jpeg"}],"twitter_card":"summary_large_image","twitter_misc":{"Arvioitu lukuaika":"5 minuuttia"},"schema":{"@context":"https:\/\/schema.org","@graph":[{"@type":"WebPage","@id":"https:\/\/www.visithaapsalu.com\/fi\/seminariruumid-laanemaal\/","url":"https:\/\/www.visithaapsalu.com\/fi\/seminariruumid-laanemaal\/","name":"Seminaaritilat L\u00e4\u00e4nemaalla - Visit Haapsalu","isPartOf":{"@id":"https:\/\/www.visithaapsalu.com\/fi\/#website"},"primaryImageOfPage":{"@id":"https:\/\/www.visithaapsalu.com\/fi\/seminariruumid-laanemaal\/#primaryimage"},"image":{"@id":"https:\/\/www.visithaapsalu.com\/fi\/seminariruumid-laanemaal\/#primaryimage"},"thumbnailUrl":"https:\/\/www.visithaapsalu.com\/wp-content\/uploads\/2019\/10\/Haapsalu-linnuse-seminariruum-2-scaled.jpg","datePublished":"2023-10-15T13:23:57+00:00","dateModified":"2024-01-12T02:24:09+00:00","breadcrumb":{"@id":"https:\/\/www.visithaapsalu.com\/fi\/seminariruumid-laanemaal\/#breadcrumb"},"inLanguage":"fi","potentialAction":[{"@type":"ReadAction","target":["https:\/\/www.visithaapsalu.com\/fi\/seminariruumid-laanemaal\/"]}]},{"@type":"ImageObject","inLanguage":"fi","@id":"https:\/\/www.visithaapsalu.com\/fi\/seminariruumid-laanemaal\/#primaryimage","url":"https:\/\/www.visithaapsalu.com\/wp-content\/uploads\/2019\/10\/Haapsalu-linnuse-seminariruum-2-scaled.jpg","contentUrl":"https:\/\/www.visithaapsalu.com\/wp-content\/uploads\/2019\/10\/Haapsalu-linnuse-seminariruum-2-scaled.jpg","width":2560,"height":1443},{"@type":"BreadcrumbList","@id":"https:\/\/www.visithaapsalu.com\/fi\/seminariruumid-laanemaal\/#breadcrumb","itemListElement":[{"@type":"ListItem","position":1,"name":"Home","item":"https:\/\/www.visithaapsalu.com\/fi\/"},{"@type":"ListItem","position":2,"name":"Seminaaritilat L\u00e4\u00e4nemaalla"}]},{"@type":"WebSite","@id":"https:\/\/www.visithaapsalu.com\/fi\/#website","url":"https:\/\/www.visithaapsalu.com\/fi\/","name":"Visit Haapsalu","description":"visithaapsalu","publisher":{"@id":"https:\/\/www.visithaapsalu.com\/fi\/#organization"},"potentialAction":[{"@type":"SearchAction","target":{"@type":"EntryPoint","urlTemplate":"https:\/\/www.visithaapsalu.com\/fi\/?s={search_term_string}"},"query-input":{"@type":"PropertyValueSpecification","valueRequired":true,"valueName":"search_term_string"}}],"inLanguage":"fi"},{"@type":"Organization","@id":"https:\/\/www.visithaapsalu.com\/fi\/#organization","name":"Visit Haapsalu","url":"https:\/\/www.visithaapsalu.com\/fi\/","logo":{"@type":"ImageObject","inLanguage":"fi","@id":"https:\/\/www.visithaapsalu.com\/fi\/#\/schema\/logo\/image\/","url":"https:\/\/www.visithaapsalu.com\/wp-content\/uploads\/2022\/11\/visit-haapsalu.svg","contentUrl":"https:\/\/www.visithaapsalu.com\/wp-content\/uploads\/2022\/11\/visit-haapsalu.svg","width":191,"height":37,"caption":"Visit Haapsalu"},"image":{"@id":"https:\/\/www.visithaapsalu.com\/fi\/#\/schema\/logo\/image\/"},"sameAs":["https:\/\/www.facebook.com\/visithaapsalu\/","https:\/\/www.instagram.com\/visit_haapsalu\/"]}]}},"_links":{"self":[{"href":"https:\/\/www.visithaapsalu.com\/fi\/wp-json\/wp\/v2\/pages\/1806790","targetHints":{"allow":["GET"]}}],"collection":[{"href":"https:\/\/www.visithaapsalu.com\/fi\/wp-json\/wp\/v2\/pages"}],"about":[{"href":"https:\/\/www.visithaapsalu.com\/fi\/wp-json\/wp\/v2\/types\/page"}],"author":[{"embeddable":true,"href":"https:\/\/www.visithaapsalu.com\/fi\/wp-json\/wp\/v2\/users\/2"}],"replies":[{"embeddable":true,"href":"https:\/\/www.visithaapsalu.com\/fi\/wp-json\/wp\/v2\/comments?post=1806790"}],"version-history":[{"count":2,"href":"https:\/\/www.visithaapsalu.com\/fi\/wp-json\/wp\/v2\/pages\/1806790\/revisions"}],"predecessor-version":[{"id":1806794,"href":"https:\/\/www.visithaapsalu.com\/fi\/wp-json\/wp\/v2\/pages\/1806790\/revisions\/1806794"}],"wp:featuredmedia":[{"embeddable":true,"href":"https:\/\/www.visithaapsalu.com\/fi\/wp-json\/wp\/v2\/media\/1772614"}],"wp:attachment":[{"href":"https:\/\/www.visithaapsalu.com\/fi\/wp-json\/wp\/v2\/media?parent=1806790"}],"curies":[{"name":"wp","href":"https:\/\/api.w.org\/{rel}","templated":true}]}}