{"id":1792170,"date":"2023-02-05T18:42:03","date_gmt":"2023-02-05T16:42:03","guid":{"rendered":"https:\/\/www.visithaapsalu.com\/mita-tehda\/"},"modified":"2024-01-08T11:42:25","modified_gmt":"2024-01-08T09:42:25","slug":"mita-tehda","status":"publish","type":"page","link":"https:\/\/www.visithaapsalu.com\/fi\/mita-tehda\/","title":{"rendered":"Mit\u00e4 Tehd\u00e4"},"content":{"rendered":"\t\t<div data-elementor-type=\"wp-page\" data-elementor-id=\"1792170\" class=\"elementor elementor-1792170 elementor-1739724\" data-elementor-post-type=\"page\">\n\t\t\t\t<div class=\"elementor-element elementor-element-da51a2d e-flex e-con-boxed e-con e-parent\" data-id=\"da51a2d\" data-element_type=\"container\" data-e-type=\"container\">\n\t\t\t\t\t<div class=\"e-con-inner\">\n\t\t\t\t<div class=\"elementor-element elementor-element-ef72677 elementor-widget elementor-widget-heading\" data-id=\"ef72677\" data-element_type=\"widget\" data-e-type=\"widget\" data-widget_type=\"heading.default\">\n\t\t\t\t<div class=\"elementor-widget-container\">\n\t\t\t\t\t<h2 class=\"elementor-heading-title elementor-size-default\">Haapsalun ja L\u00e4\u00e4nemaan kulttuurikalenteri<\/h2>\t\t\t\t<\/div>\n\t\t\t\t<\/div>\n\t\t\t\t\t<\/div>\n\t\t\t\t<\/div>\n\t\t<div class=\"elementor-element elementor-element-b9e56a0 e-flex e-con-boxed e-con e-parent\" data-id=\"b9e56a0\" data-element_type=\"container\" data-e-type=\"container\">\n\t\t\t\t\t<div class=\"e-con-inner\">\n\t\t<div class=\"elementor-element elementor-element-1700f96 e-con-full e-flex e-con e-parent\" data-id=\"1700f96\" data-element_type=\"container\" data-e-type=\"container\">\n\t\t\t\t<div class=\"elementor-element elementor-element-0e3a46d elementor-widget elementor-widget-text-editor\" data-id=\"0e3a46d\" data-element_type=\"widget\" data-e-type=\"widget\" data-widget_type=\"text-editor.default\">\n\t\t\t\t<div class=\"elementor-widget-container\">\n\t\t\t\t\t\t\t\t\t<p>Haluatko menn\u00e4 konserttiin, elokuvateatteriin, teatteriin, n\u00e4yttelyyn?<\/p>\n<p>T\u00e4\u00e4lt\u00e4 l\u00f6yd\u00e4t kaikki Haapsalun ja L\u00e4\u00e4nemaan kulttuuritapahtumat.<\/p>\n<h4><strong>Katso <a href=\"https:\/\/midateha.visithaapsalu.com\/\">midateha.visithaapsalu.com.<\/a><\/strong><\/h4>\n\t\t\t\t\t\t\t\t<\/div>\n\t\t\t\t<\/div>\n\t\t\t\t<\/div>\n\t\t<div class=\"elementor-element elementor-element-68b2f35 e-con-full e-flex e-con e-parent\" data-id=\"68b2f35\" data-element_type=\"container\" data-e-type=\"container\">\n\t\t\t\t<\/div>\n\t\t\t\t\t<\/div>\n\t\t\t\t<\/div>\n\t\t<div class=\"elementor-element elementor-element-16207ac e-flex e-con-boxed e-con e-parent\" data-id=\"16207ac\" data-element_type=\"container\" data-e-type=\"container\">\n\t\t\t\t\t<div class=\"e-con-inner\">\n\t\t<div class=\"elementor-element elementor-element-6e5babe e-con-full e-flex e-con e-parent\" data-id=\"6e5babe\" data-element_type=\"container\" data-e-type=\"container\">\n\t\t\t\t<div class=\"elementor-element elementor-element-8c60895 elementor-widget elementor-widget-image\" data-id=\"8c60895\" data-element_type=\"widget\" data-e-type=\"widget\" data-widget_type=\"image.default\">\n\t\t\t\t<div class=\"elementor-widget-container\">\n\t\t\t\t\t\t\t\t\t\t\t\t\t\t\t<img fetchpriority=\"high\" decoding=\"async\" width=\"1024\" height=\"687\" src=\"https:\/\/www.visithaapsalu.com\/wp-content\/uploads\/2023\/02\/Publik_VD_2019_131_Silver_Raidla-1024x687.jpg\" class=\"attachment-large size-large wp-image-1739738\" alt=\"\" srcset=\"https:\/\/www.visithaapsalu.com\/wp-content\/uploads\/2023\/02\/Publik_VD_2019_131_Silver_Raidla-1024x687.jpg 1024w, https:\/\/www.visithaapsalu.com\/wp-content\/uploads\/2023\/02\/Publik_VD_2019_131_Silver_Raidla-300x201.jpg 300w, https:\/\/www.visithaapsalu.com\/wp-content\/uploads\/2023\/02\/Publik_VD_2019_131_Silver_Raidla-768x515.jpg 768w, https:\/\/www.visithaapsalu.com\/wp-content\/uploads\/2023\/02\/Publik_VD_2019_131_Silver_Raidla-1536x1031.jpg 1536w, https:\/\/www.visithaapsalu.com\/wp-content\/uploads\/2023\/02\/Publik_VD_2019_131_Silver_Raidla-2048x1374.jpg 2048w\" sizes=\"(max-width: 1024px) 100vw, 1024px\" \/>\t\t\t\t\t\t\t\t\t\t\t\t\t\t\t<\/div>\n\t\t\t\t<\/div>\n\t\t\t\t<\/div>\n\t\t<div class=\"elementor-element elementor-element-f11c360 e-con-full e-flex e-con e-parent\" data-id=\"f11c360\" data-element_type=\"container\" data-e-type=\"container\">\n\t\t\t\t<\/div>\n\t\t\t\t\t<\/div>\n\t\t\t\t<\/div>\n\t\t\t\t<\/div>\n\t\t","protected":false},"excerpt":{"rendered":"<p>Haapsalun ja L\u00e4\u00e4nemaan kulttuurikalenteri Haluatko menn\u00e4 konserttiin, elokuvateatteriin, teatteriin, n\u00e4yttelyyn? T\u00e4\u00e4lt\u00e4 l\u00f6yd\u00e4t kaikki Haapsalun ja L\u00e4\u00e4nemaan kulttuuritapahtumat. Katso midateha.visithaapsalu.com.<\/p>\n","protected":false},"author":2,"featured_media":1739738,"parent":0,"menu_order":0,"comment_status":"closed","ping_status":"closed","template":"","meta":{"_acf_changed":false,"footnotes":""},"class_list":["post-1792170","page","type-page","status-publish","has-post-thumbnail","hentry"],"acf":[],"yoast_head":"<!-- This site is optimized with the Yoast SEO plugin v27.3 - https:\/\/yoast.com\/product\/yoast-seo-wordpress\/ -->\n<title>Mit\u00e4 Tehd\u00e4 - Visit Haapsalu<\/title>\n<meta name=\"robots\" content=\"index, follow, max-snippet:-1, max-image-preview:large, max-video-preview:-1\" \/>\n<link rel=\"canonical\" href=\"https:\/\/www.visithaapsalu.com\/fi\/mita-tehda\/\" \/>\n<meta property=\"og:locale\" content=\"fi_FI\" \/>\n<meta property=\"og:type\" content=\"article\" \/>\n<meta property=\"og:title\" content=\"Mit\u00e4 Tehd\u00e4 - Visit Haapsalu\" \/>\n<meta property=\"og:description\" content=\"Haapsalun ja L\u00e4\u00e4nemaan kulttuurikalenteri Haluatko menn\u00e4 konserttiin, elokuvateatteriin, teatteriin, n\u00e4yttelyyn? T\u00e4\u00e4lt\u00e4 l\u00f6yd\u00e4t kaikki Haapsalun ja L\u00e4\u00e4nemaan kulttuuritapahtumat. Katso midateha.visithaapsalu.com.\" \/>\n<meta property=\"og:url\" content=\"https:\/\/www.visithaapsalu.com\/fi\/mita-tehda\/\" \/>\n<meta property=\"og:site_name\" content=\"Visit Haapsalu\" \/>\n<meta property=\"article:publisher\" content=\"https:\/\/www.facebook.com\/visithaapsalu\/\" \/>\n<meta property=\"article:modified_time\" content=\"2024-01-08T09:42:25+00:00\" \/>\n<meta property=\"og:image\" content=\"https:\/\/www.visithaapsalu.com\/wp-content\/uploads\/2023\/02\/Publik_VD_2019_131_Silver_Raidla-scaled.jpg\" \/>\n\t<meta property=\"og:image:width\" content=\"2560\" \/>\n\t<meta property=\"og:image:height\" content=\"1718\" \/>\n\t<meta property=\"og:image:type\" content=\"image\/jpeg\" \/>\n<meta name=\"twitter:card\" content=\"summary_large_image\" \/>\n<script type=\"application\/ld+json\" class=\"yoast-schema-graph\">{\"@context\":\"https:\\\/\\\/schema.org\",\"@graph\":[{\"@type\":\"WebPage\",\"@id\":\"https:\\\/\\\/www.visithaapsalu.com\\\/fi\\\/mita-tehda\\\/\",\"url\":\"https:\\\/\\\/www.visithaapsalu.com\\\/fi\\\/mita-tehda\\\/\",\"name\":\"Mit\u00e4 Tehd\u00e4 - Visit Haapsalu\",\"isPartOf\":{\"@id\":\"https:\\\/\\\/www.visithaapsalu.com\\\/fi\\\/#website\"},\"primaryImageOfPage\":{\"@id\":\"https:\\\/\\\/www.visithaapsalu.com\\\/fi\\\/mita-tehda\\\/#primaryimage\"},\"image\":{\"@id\":\"https:\\\/\\\/www.visithaapsalu.com\\\/fi\\\/mita-tehda\\\/#primaryimage\"},\"thumbnailUrl\":\"https:\\\/\\\/www.visithaapsalu.com\\\/wp-content\\\/uploads\\\/2023\\\/02\\\/Publik_VD_2019_131_Silver_Raidla-scaled.jpg\",\"datePublished\":\"2023-02-05T16:42:03+00:00\",\"dateModified\":\"2024-01-08T09:42:25+00:00\",\"breadcrumb\":{\"@id\":\"https:\\\/\\\/www.visithaapsalu.com\\\/fi\\\/mita-tehda\\\/#breadcrumb\"},\"inLanguage\":\"fi\",\"potentialAction\":[{\"@type\":\"ReadAction\",\"target\":[\"https:\\\/\\\/www.visithaapsalu.com\\\/fi\\\/mita-tehda\\\/\"]}]},{\"@type\":\"ImageObject\",\"inLanguage\":\"fi\",\"@id\":\"https:\\\/\\\/www.visithaapsalu.com\\\/fi\\\/mita-tehda\\\/#primaryimage\",\"url\":\"https:\\\/\\\/www.visithaapsalu.com\\\/wp-content\\\/uploads\\\/2023\\\/02\\\/Publik_VD_2019_131_Silver_Raidla-scaled.jpg\",\"contentUrl\":\"https:\\\/\\\/www.visithaapsalu.com\\\/wp-content\\\/uploads\\\/2023\\\/02\\\/Publik_VD_2019_131_Silver_Raidla-scaled.jpg\",\"width\":2560,\"height\":1718},{\"@type\":\"BreadcrumbList\",\"@id\":\"https:\\\/\\\/www.visithaapsalu.com\\\/fi\\\/mita-tehda\\\/#breadcrumb\",\"itemListElement\":[{\"@type\":\"ListItem\",\"position\":1,\"name\":\"Home\",\"item\":\"https:\\\/\\\/www.visithaapsalu.com\\\/fi\\\/\"},{\"@type\":\"ListItem\",\"position\":2,\"name\":\"Mit\u00e4 Tehd\u00e4\"}]},{\"@type\":\"WebSite\",\"@id\":\"https:\\\/\\\/www.visithaapsalu.com\\\/fi\\\/#website\",\"url\":\"https:\\\/\\\/www.visithaapsalu.com\\\/fi\\\/\",\"name\":\"Visit Haapsalu\",\"description\":\"visithaapsalu\",\"publisher\":{\"@id\":\"https:\\\/\\\/www.visithaapsalu.com\\\/fi\\\/#organization\"},\"potentialAction\":[{\"@type\":\"SearchAction\",\"target\":{\"@type\":\"EntryPoint\",\"urlTemplate\":\"https:\\\/\\\/www.visithaapsalu.com\\\/fi\\\/?s={search_term_string}\"},\"query-input\":{\"@type\":\"PropertyValueSpecification\",\"valueRequired\":true,\"valueName\":\"search_term_string\"}}],\"inLanguage\":\"fi\"},{\"@type\":\"Organization\",\"@id\":\"https:\\\/\\\/www.visithaapsalu.com\\\/fi\\\/#organization\",\"name\":\"Visit Haapsalu\",\"url\":\"https:\\\/\\\/www.visithaapsalu.com\\\/fi\\\/\",\"logo\":{\"@type\":\"ImageObject\",\"inLanguage\":\"fi\",\"@id\":\"https:\\\/\\\/www.visithaapsalu.com\\\/fi\\\/#\\\/schema\\\/logo\\\/image\\\/\",\"url\":\"https:\\\/\\\/www.visithaapsalu.com\\\/wp-content\\\/uploads\\\/2022\\\/11\\\/visit-haapsalu.svg\",\"contentUrl\":\"https:\\\/\\\/www.visithaapsalu.com\\\/wp-content\\\/uploads\\\/2022\\\/11\\\/visit-haapsalu.svg\",\"width\":191,\"height\":37,\"caption\":\"Visit Haapsalu\"},\"image\":{\"@id\":\"https:\\\/\\\/www.visithaapsalu.com\\\/fi\\\/#\\\/schema\\\/logo\\\/image\\\/\"},\"sameAs\":[\"https:\\\/\\\/www.facebook.com\\\/visithaapsalu\\\/\",\"https:\\\/\\\/www.instagram.com\\\/visit_haapsalu\\\/\"]}]}<\/script>\n<!-- \/ Yoast SEO plugin. -->","yoast_head_json":{"title":"Mit\u00e4 Tehd\u00e4 - Visit Haapsalu","robots":{"index":"index","follow":"follow","max-snippet":"max-snippet:-1","max-image-preview":"max-image-preview:large","max-video-preview":"max-video-preview:-1"},"canonical":"https:\/\/www.visithaapsalu.com\/fi\/mita-tehda\/","og_locale":"fi_FI","og_type":"article","og_title":"Mit\u00e4 Tehd\u00e4 - Visit Haapsalu","og_description":"Haapsalun ja L\u00e4\u00e4nemaan kulttuurikalenteri Haluatko menn\u00e4 konserttiin, elokuvateatteriin, teatteriin, n\u00e4yttelyyn? T\u00e4\u00e4lt\u00e4 l\u00f6yd\u00e4t kaikki Haapsalun ja L\u00e4\u00e4nemaan kulttuuritapahtumat. Katso midateha.visithaapsalu.com.","og_url":"https:\/\/www.visithaapsalu.com\/fi\/mita-tehda\/","og_site_name":"Visit Haapsalu","article_publisher":"https:\/\/www.facebook.com\/visithaapsalu\/","article_modified_time":"2024-01-08T09:42:25+00:00","og_image":[{"width":2560,"height":1718,"url":"https:\/\/www.visithaapsalu.com\/wp-content\/uploads\/2023\/02\/Publik_VD_2019_131_Silver_Raidla-scaled.jpg","type":"image\/jpeg"}],"twitter_card":"summary_large_image","schema":{"@context":"https:\/\/schema.org","@graph":[{"@type":"WebPage","@id":"https:\/\/www.visithaapsalu.com\/fi\/mita-tehda\/","url":"https:\/\/www.visithaapsalu.com\/fi\/mita-tehda\/","name":"Mit\u00e4 Tehd\u00e4 - Visit Haapsalu","isPartOf":{"@id":"https:\/\/www.visithaapsalu.com\/fi\/#website"},"primaryImageOfPage":{"@id":"https:\/\/www.visithaapsalu.com\/fi\/mita-tehda\/#primaryimage"},"image":{"@id":"https:\/\/www.visithaapsalu.com\/fi\/mita-tehda\/#primaryimage"},"thumbnailUrl":"https:\/\/www.visithaapsalu.com\/wp-content\/uploads\/2023\/02\/Publik_VD_2019_131_Silver_Raidla-scaled.jpg","datePublished":"2023-02-05T16:42:03+00:00","dateModified":"2024-01-08T09:42:25+00:00","breadcrumb":{"@id":"https:\/\/www.visithaapsalu.com\/fi\/mita-tehda\/#breadcrumb"},"inLanguage":"fi","potentialAction":[{"@type":"ReadAction","target":["https:\/\/www.visithaapsalu.com\/fi\/mita-tehda\/"]}]},{"@type":"ImageObject","inLanguage":"fi","@id":"https:\/\/www.visithaapsalu.com\/fi\/mita-tehda\/#primaryimage","url":"https:\/\/www.visithaapsalu.com\/wp-content\/uploads\/2023\/02\/Publik_VD_2019_131_Silver_Raidla-scaled.jpg","contentUrl":"https:\/\/www.visithaapsalu.com\/wp-content\/uploads\/2023\/02\/Publik_VD_2019_131_Silver_Raidla-scaled.jpg","width":2560,"height":1718},{"@type":"BreadcrumbList","@id":"https:\/\/www.visithaapsalu.com\/fi\/mita-tehda\/#breadcrumb","itemListElement":[{"@type":"ListItem","position":1,"name":"Home","item":"https:\/\/www.visithaapsalu.com\/fi\/"},{"@type":"ListItem","position":2,"name":"Mit\u00e4 Tehd\u00e4"}]},{"@type":"WebSite","@id":"https:\/\/www.visithaapsalu.com\/fi\/#website","url":"https:\/\/www.visithaapsalu.com\/fi\/","name":"Visit Haapsalu","description":"visithaapsalu","publisher":{"@id":"https:\/\/www.visithaapsalu.com\/fi\/#organization"},"potentialAction":[{"@type":"SearchAction","target":{"@type":"EntryPoint","urlTemplate":"https:\/\/www.visithaapsalu.com\/fi\/?s={search_term_string}"},"query-input":{"@type":"PropertyValueSpecification","valueRequired":true,"valueName":"search_term_string"}}],"inLanguage":"fi"},{"@type":"Organization","@id":"https:\/\/www.visithaapsalu.com\/fi\/#organization","name":"Visit Haapsalu","url":"https:\/\/www.visithaapsalu.com\/fi\/","logo":{"@type":"ImageObject","inLanguage":"fi","@id":"https:\/\/www.visithaapsalu.com\/fi\/#\/schema\/logo\/image\/","url":"https:\/\/www.visithaapsalu.com\/wp-content\/uploads\/2022\/11\/visit-haapsalu.svg","contentUrl":"https:\/\/www.visithaapsalu.com\/wp-content\/uploads\/2022\/11\/visit-haapsalu.svg","width":191,"height":37,"caption":"Visit Haapsalu"},"image":{"@id":"https:\/\/www.visithaapsalu.com\/fi\/#\/schema\/logo\/image\/"},"sameAs":["https:\/\/www.facebook.com\/visithaapsalu\/","https:\/\/www.instagram.com\/visit_haapsalu\/"]}]}},"_links":{"self":[{"href":"https:\/\/www.visithaapsalu.com\/fi\/wp-json\/wp\/v2\/pages\/1792170","targetHints":{"allow":["GET"]}}],"collection":[{"href":"https:\/\/www.visithaapsalu.com\/fi\/wp-json\/wp\/v2\/pages"}],"about":[{"href":"https:\/\/www.visithaapsalu.com\/fi\/wp-json\/wp\/v2\/types\/page"}],"author":[{"embeddable":true,"href":"https:\/\/www.visithaapsalu.com\/fi\/wp-json\/wp\/v2\/users\/2"}],"replies":[{"embeddable":true,"href":"https:\/\/www.visithaapsalu.com\/fi\/wp-json\/wp\/v2\/comments?post=1792170"}],"version-history":[{"count":5,"href":"https:\/\/www.visithaapsalu.com\/fi\/wp-json\/wp\/v2\/pages\/1792170\/revisions"}],"predecessor-version":[{"id":1803537,"href":"https:\/\/www.visithaapsalu.com\/fi\/wp-json\/wp\/v2\/pages\/1792170\/revisions\/1803537"}],"wp:featuredmedia":[{"embeddable":true,"href":"https:\/\/www.visithaapsalu.com\/fi\/wp-json\/wp\/v2\/media\/1739738"}],"wp:attachment":[{"href":"https:\/\/www.visithaapsalu.com\/fi\/wp-json\/wp\/v2\/media?parent=1792170"}],"curies":[{"name":"wp","href":"https:\/\/api.w.org\/{rel}","templated":true}]}}