{"id":1790990,"date":"2023-01-19T07:15:36","date_gmt":"2023-01-19T05:15:36","guid":{"rendered":"https:\/\/www.visithaapsalu.com\/lomanviettajille\/mita-tehda\/osmussaar\/"},"modified":"2024-01-08T11:42:40","modified_gmt":"2024-01-08T09:42:40","slug":"osmussaar","status":"publish","type":"page","link":"https:\/\/www.visithaapsalu.com\/fi\/lomanviettajille\/mita-tehda\/osmussaar\/","title":{"rendered":"Osmussaar"},"content":{"rendered":"\t\t<div data-elementor-type=\"wp-page\" data-elementor-id=\"1790990\" class=\"elementor elementor-1790990 elementor-1726028\" data-elementor-post-type=\"page\">\n\t\t\t\t\t\t<section class=\"elementor-section elementor-top-section elementor-element elementor-element-3edf257 elementor-section-boxed elementor-section-height-default elementor-section-height-default\" data-id=\"3edf257\" data-element_type=\"section\" data-e-type=\"section\">\n\t\t\t\t\t\t<div class=\"elementor-container elementor-column-gap-default\">\n\t\t\t\t\t<div class=\"elementor-column elementor-col-100 elementor-top-column elementor-element elementor-element-501038e\" data-id=\"501038e\" data-element_type=\"column\" data-e-type=\"column\">\n\t\t\t<div class=\"elementor-widget-wrap elementor-element-populated\">\n\t\t\t\t\t\t<div class=\"elementor-element elementor-element-7ef6422 elementor-widget elementor-widget-heading\" data-id=\"7ef6422\" data-element_type=\"widget\" data-e-type=\"widget\" data-widget_type=\"heading.default\">\n\t\t\t\t<div class=\"elementor-widget-container\">\n\t\t\t\t\t<h2 class=\"elementor-heading-title elementor-size-default\">Minne menn\u00e4 ja mit\u00e4 tehd\u00e4 Osmussaaressa<\/h2>\t\t\t\t<\/div>\n\t\t\t\t<\/div>\n\t\t\t\t<section class=\"elementor-section elementor-inner-section elementor-element elementor-element-b8bb972 elementor-section-boxed elementor-section-height-default elementor-section-height-default\" data-id=\"b8bb972\" data-element_type=\"section\" data-e-type=\"section\">\n\t\t\t\t\t\t<div class=\"elementor-container elementor-column-gap-default\">\n\t\t\t\t\t<div class=\"elementor-column elementor-col-50 elementor-inner-column elementor-element elementor-element-177ad7a\" data-id=\"177ad7a\" data-element_type=\"column\" data-e-type=\"column\">\n\t\t\t<div class=\"elementor-widget-wrap elementor-element-populated\">\n\t\t\t\t\t\t<div class=\"elementor-element elementor-element-83658c5 elementor-widget elementor-widget-text-editor\" data-id=\"83658c5\" data-element_type=\"widget\" data-e-type=\"widget\" data-widget_type=\"text-editor.default\">\n\t\t\t\t<div class=\"elementor-widget-container\">\n\t\t\t\t\t\t\t\t\tHaapsalun romanttisessa pikkukaupungissa ja sen pikkukyliss\u00e4 sinua tervehtiv\u00e4t vieraanvaraiset ihmiset, jotka yll\u00e4tt\u00e4v\u00e4t sinut vilpitt\u00f6myydell\u00e4\u00e4n ja kiinnostuksellaan historiaa ja kulttuuria kohtaan. T\u00e4\u00e4ll\u00e4 vierailleita muistetaan yh\u00e4 uudelleen ja uudelleen suurella kunnioituksella.\t\t\t\t\t\t\t\t<\/div>\n\t\t\t\t<\/div>\n\t\t\t\t\t<\/div>\n\t\t<\/div>\n\t\t\t\t<div class=\"elementor-column elementor-col-50 elementor-inner-column elementor-element elementor-element-7f32afd\" data-id=\"7f32afd\" data-element_type=\"column\" data-e-type=\"column\">\n\t\t\t<div class=\"elementor-widget-wrap\">\n\t\t\t\t\t\t\t<\/div>\n\t\t<\/div>\n\t\t\t\t\t<\/div>\n\t\t<\/section>\n\t\t\t\t\t<\/div>\n\t\t<\/div>\n\t\t\t\t\t<\/div>\n\t\t<\/section>\n\t\t<div class=\"elementor-element elementor-element-5589c06 e-flex e-con-boxed e-con e-parent\" data-id=\"5589c06\" data-element_type=\"container\" data-e-type=\"container\">\n\t\t\t\t\t<div class=\"e-con-inner\">\n\t\t\t\t<div class=\"elementor-element elementor-element-d5885db elementor-widget elementor-widget-jet-smart-filters-checkboxes\" data-id=\"d5885db\" data-element_type=\"widget\" data-e-type=\"widget\" data-widget_type=\"jet-smart-filters-checkboxes.default\">\n\t\t\t\t<div class=\"elementor-widget-container\">\n\t\t\t\t\t<div class=\"jet-smart-filters-checkboxes jet-filter \" data-indexer-rule=\"show\" data-show-counter=\"\" data-change-counter=\"always\"><div class=\"jet-checkboxes-list\" data-query-type=\"tax_query\" data-query-var=\"category\" data-smart-filter=\"checkboxes\" data-filter-id=\"1717302\" data-apply-type=\"ajax\" data-content-provider=\"epro-posts\" data-additional-providers=\"\" data-query-id=\"default\" data-active-label=\"filter\" data-layout-options=\"{&quot;show_label&quot;:&quot;&quot;,&quot;display_options&quot;:{&quot;show_items_label&quot;:false,&quot;show_decorator&quot;:false,&quot;filter_image_size&quot;:&quot;full&quot;,&quot;show_counter&quot;:false}}\" data-query-var-suffix=\"\" data-apply-on=\"value\"><fieldset class=\"jet-checkboxes-list-wrapper\"><legend style=\"display:none;\">label<\/legend><div class=\"jet-checkboxes-list__row jet-filter-row\">\n\t\t<label class=\"jet-checkboxes-list__item\" >\n\t\t<input\n\t\t\ttype=\"checkbox\"\n\t\t\tclass=\"jet-checkboxes-list__input\"\n\t\t\tname=\"category\"\n\t\t\tvalue=\"454\"\n\t\t\tdata-label=\"Aktiivinen loma\"\n\t\t\t\t\t\taria-label=\"Aktiivinen loma\"\n\t\t\t\t\t>\n\t\t<div class=\"jet-checkboxes-list__button\">\n\t\t\t\t\t\t<span class=\"jet-checkboxes-list__label\">Aktiivinen loma<\/span>\n\t\t\t\t\t<\/div>\n\t<\/label>\n<\/div><div class=\"jet-checkboxes-list__row jet-filter-row\">\n\t\t<label class=\"jet-checkboxes-list__item\" >\n\t\t<input\n\t\t\ttype=\"checkbox\"\n\t\t\tclass=\"jet-checkboxes-list__input\"\n\t\t\tname=\"category\"\n\t\t\tvalue=\"453\"\n\t\t\tdata-label=\"Kulttuurihistoriaa\"\n\t\t\t\t\t\taria-label=\"Kulttuurihistoriaa\"\n\t\t\t\t\t>\n\t\t<div class=\"jet-checkboxes-list__button\">\n\t\t\t\t\t\t<span class=\"jet-checkboxes-list__label\">Kulttuurihistoriaa<\/span>\n\t\t\t\t\t<\/div>\n\t<\/label>\n<\/div><div class=\"jet-checkboxes-list__row jet-filter-row\">\n\t\t<label class=\"jet-checkboxes-list__item\" >\n\t\t<input\n\t\t\ttype=\"checkbox\"\n\t\t\tclass=\"jet-checkboxes-list__input\"\n\t\t\tname=\"category\"\n\t\t\tvalue=\"451\"\n\t\t\tdata-label=\"Luontoloma\"\n\t\t\t\t\t\taria-label=\"Luontoloma\"\n\t\t\t\t\t>\n\t\t<div class=\"jet-checkboxes-list__button\">\n\t\t\t\t\t\t<span class=\"jet-checkboxes-list__label\">Luontoloma<\/span>\n\t\t\t\t\t<\/div>\n\t<\/label>\n<\/div><div class=\"jet-checkboxes-list__row jet-filter-row\">\n\t\t<label class=\"jet-checkboxes-list__item\" >\n\t\t<input\n\t\t\ttype=\"checkbox\"\n\t\t\tclass=\"jet-checkboxes-list__input\"\n\t\t\tname=\"category\"\n\t\t\tvalue=\"450\"\n\t\t\tdata-label=\"Majoitukset\"\n\t\t\t\t\t\taria-label=\"Majoitukset\"\n\t\t\t\t\t>\n\t\t<div class=\"jet-checkboxes-list__button\">\n\t\t\t\t\t\t<span class=\"jet-checkboxes-list__label\">Majoitukset<\/span>\n\t\t\t\t\t<\/div>\n\t<\/label>\n<\/div><div class=\"jet-checkboxes-list__row jet-filter-row\">\n\t\t<label class=\"jet-checkboxes-list__item\" >\n\t\t<input\n\t\t\ttype=\"checkbox\"\n\t\t\tclass=\"jet-checkboxes-list__input\"\n\t\t\tname=\"category\"\n\t\t\tvalue=\"457\"\n\t\t\tdata-label=\"Retki\"\n\t\t\t\t\t\taria-label=\"Retki\"\n\t\t\t\t\t>\n\t\t<div class=\"jet-checkboxes-list__button\">\n\t\t\t\t\t\t<span class=\"jet-checkboxes-list__label\">Retki<\/span>\n\t\t\t\t\t<\/div>\n\t<\/label>\n<\/div><div class=\"jet-checkboxes-list__row jet-filter-row\">\n\t\t<label class=\"jet-checkboxes-list__item\" >\n\t\t<input\n\t\t\ttype=\"checkbox\"\n\t\t\tclass=\"jet-checkboxes-list__input\"\n\t\t\tname=\"category\"\n\t\t\tvalue=\"452\"\n\t\t\tdata-label=\"Ruokapaikkoja\"\n\t\t\t\t\t\taria-label=\"Ruokapaikkoja\"\n\t\t\t\t\t>\n\t\t<div class=\"jet-checkboxes-list__button\">\n\t\t\t\t\t\t<span class=\"jet-checkboxes-list__label\">Ruokapaikkoja<\/span>\n\t\t\t\t\t<\/div>\n\t<\/label>\n<\/div><div class=\"jet-checkboxes-list__row jet-filter-row\">\n\t\t<label class=\"jet-checkboxes-list__item\" >\n\t\t<input\n\t\t\ttype=\"checkbox\"\n\t\t\tclass=\"jet-checkboxes-list__input\"\n\t\t\tname=\"category\"\n\t\t\tvalue=\"478\"\n\t\t\tdata-label=\"Seminaaritilat\"\n\t\t\t\t\t\taria-label=\"Seminaaritilat\"\n\t\t\t\t\t>\n\t\t<div class=\"jet-checkboxes-list__button\">\n\t\t\t\t\t\t<span class=\"jet-checkboxes-list__label\">Seminaaritilat<\/span>\n\t\t\t\t\t<\/div>\n\t<\/label>\n<\/div><\/fieldset><\/div>\n<\/div>\t\t\t\t<\/div>\n\t\t\t\t<\/div>\n\t\t\t\t\t<\/div>\n\t\t\t\t<\/div>\n\t\t<div class=\"elementor-element elementor-element-9c47e41 e-flex e-con-boxed e-con e-parent\" data-id=\"9c47e41\" data-element_type=\"container\" data-e-type=\"container\">\n\t\t\t\t\t<div class=\"e-con-inner\">\n\t\t\t\t<div class=\"elementor-element elementor-element-45a9c8e elementor-grid-1 elementor-grid-tablet-1 elementor-posts--thumbnail-top elementor-grid-mobile-1 elementor-widget elementor-widget-posts\" data-id=\"45a9c8e\" data-element_type=\"widget\" data-e-type=\"widget\" data-settings=\"{&quot;custom_columns&quot;:&quot;1&quot;,&quot;custom_columns_tablet&quot;:&quot;1&quot;,&quot;custom_columns_mobile&quot;:&quot;1&quot;,&quot;custom_row_gap&quot;:{&quot;unit&quot;:&quot;px&quot;,&quot;size&quot;:35,&quot;sizes&quot;:[]},&quot;custom_row_gap_tablet&quot;:{&quot;unit&quot;:&quot;px&quot;,&quot;size&quot;:&quot;&quot;,&quot;sizes&quot;:[]},&quot;custom_row_gap_mobile&quot;:{&quot;unit&quot;:&quot;px&quot;,&quot;size&quot;:&quot;&quot;,&quot;sizes&quot;:[]}}\" data-widget_type=\"posts.custom\">\n\t\t\t\t<div class=\"elementor-widget-container\">\n\t\t\t\t\t      <div class=\"ecs-posts elementor-posts-container elementor-posts   elementor-grid elementor-posts--skin-custom\" data-settings=\"{&quot;current_page&quot;:1,&quot;max_num_pages&quot;:1,&quot;load_method&quot;:&quot;numbers&quot;,&quot;widget_id&quot;:&quot;45a9c8e&quot;,&quot;post_id&quot;:1790990,&quot;theme_id&quot;:1790990,&quot;change_url&quot;:false,&quot;reinit_js&quot;:false}\">\n      \t\t<article id=\"post-1847325\" class=\"elementor-post elementor-grid-item ecs-post-loop post-1847325 objekt type-objekt status-publish has-post-thumbnail hentry category-kultuurjaajalugu category-tuur-fi tag-osmussaar\">\n\t\t\t\t<div data-elementor-type=\"loop\" data-elementor-id=\"1791990\" class=\"elementor elementor-1791990 elementor-1717357 elementor-1717357 post-1847325 objekt type-objekt status-publish has-post-thumbnail hentry category-kultuurjaajalugu category-tuur-fi tag-osmussaar\" data-elementor-post-type=\"elementor_library\">\n\t\t\t<div class=\"elementor-element elementor-element-5fc77feb e-flex e-con-boxed e-con e-parent\" data-id=\"5fc77feb\" data-element_type=\"container\" data-e-type=\"container\">\n\t\t\t\t\t<div class=\"e-con-inner\">\n\t\t<style>#post-1847325 .elementor-1791990 .elementor-element.elementor-element-b030140:not(.elementor-motion-effects-element-type-background), #post-1847325 .elementor-1791990 .elementor-element.elementor-element-b030140 > .elementor-motion-effects-container > .elementor-motion-effects-layer{background-image: url(\"https:\/\/www.visithaapsalu.com\/wp-content\/uploads\/visit\/osmussaare-majakas.jpeg\");} @media (max-width: 1024px) {#post-1847325 .elementor-1791990 .elementor-element.elementor-element-b030140:not(.elementor-motion-effects-element-type-background), #post-1847325 .elementor-1791990 .elementor-element.elementor-element-b030140 > .elementor-motion-effects-container > .elementor-motion-effects-layer{background-image: url(\"https:\/\/www.visithaapsalu.com\/wp-content\/uploads\/visit\/osmussaare-majakas.jpeg\");}}<\/style><div class=\"elementor-element elementor-element-b030140 e-con-full e-flex e-con e-parent\" data-id=\"b030140\" data-element_type=\"container\" data-e-type=\"container\" data-settings=\"{&quot;background_background&quot;:&quot;classic&quot;}\">\n\t\t\t\t<div class=\"elementor-element elementor-element-6066b25 elementor-widget elementor-widget-spacer\" data-id=\"6066b25\" data-element_type=\"widget\" data-e-type=\"widget\" data-widget_type=\"spacer.default\">\n\t\t\t\t<div class=\"elementor-widget-container\">\n\t\t\t\t\t\t\t<div class=\"elementor-spacer\">\n\t\t\t<div class=\"elementor-spacer-inner\"><\/div>\n\t\t<\/div>\n\t\t\t\t\t\t<\/div>\n\t\t\t\t<\/div>\n\t\t\t\t<\/div>\n\t\t<div class=\"elementor-element elementor-element-74b9de2 e-flex e-con-boxed e-con e-parent\" data-id=\"74b9de2\" data-element_type=\"container\" data-e-type=\"container\">\n\t\t\t\t\t<div class=\"e-con-inner\">\n\t\t\t\t<div class=\"elementor-element elementor-element-97d0274 elementor-widget elementor-widget-heading\" data-id=\"97d0274\" data-element_type=\"widget\" data-e-type=\"widget\" data-widget_type=\"heading.default\">\n\t\t\t\t<div class=\"elementor-widget-container\">\n\t\t\t\t\t<h2 class=\"elementor-heading-title elementor-size-default\">Osmussaaren majakka<\/h2>\t\t\t\t<\/div>\n\t\t\t\t<\/div>\n\t\t\t\t<div class=\"elementor-element elementor-element-9be5317 elementor-widget elementor-widget-text-editor\" data-id=\"9be5317\" data-element_type=\"widget\" data-e-type=\"widget\" data-widget_type=\"text-editor.default\">\n\t\t\t\t<div class=\"elementor-widget-container\">\n\t\t\t\t\t\t\t\t\t<p><strong>Osmussaaren<\/strong> luonto ja asutushistoria ovat mielenkiintoisia. Saarta asuttivat vuosisatojen ajan rantaruotsalaiset, toisen maailmansodan j\u00e4lkeen Osmussaar oli suljettu raja-alue, jossa oli Neuvostoliiton sotilastukikohta. <br> Saaren pituus on 4,8 km, leveys 1,6 km, korkein kohta 8 metri\u00e4. Osmussaaren arvellaan nousseen merest\u00e4 3000 vuotta sitten. Maastosta tekev\u00e4t omaper\u00e4isen rantat\u00f6rm\u00e4, breksialohkareet, laajat somerikkovallialueet ja katajikot.<br>Saaren luoteisk\u00e4rjen rantat\u00f6rm\u00e4ll\u00e4 on raidallinen <strong>rautabetonimajakka<\/strong>, joka on rakennettu vuonna 1954 ja jonka huipulle voi menn\u00e4 vuodesta 2019 alkaen.<\/p>\t\t\t\t\t\t\t\t<\/div>\n\t\t\t\t<\/div>\n\t\t\t\t<div class=\"elementor-element elementor-element-bc5e888 elementor-position-inline-start elementor-mobile-position-inline-start elementor-view-default elementor-widget elementor-widget-icon-box\" data-id=\"bc5e888\" data-element_type=\"widget\" data-e-type=\"widget\" data-widget_type=\"icon-box.default\">\n\t\t\t\t<div class=\"elementor-widget-container\">\n\t\t\t\t\t\t\t<div class=\"elementor-icon-box-wrapper\">\n\n\t\t\t\t\t\t<div class=\"elementor-icon-box-icon\">\n\t\t\t\t<a href=\"https:\/\/www.google.com\/maps?q=59.30322265625,23.360565185547&#038;z=17\" target=\"_blank\" class=\"elementor-icon\" tabindex=\"-1\" aria-label=\"Osmussaare tuletornlinnak, Osmussaare k\u00fcla \/ Odensholm, L\u00e4\u00e4ne-Nigula vald, L\u00e4\u00e4ne maakond\">\n\t\t\t\t<svg xmlns=\"http:\/\/www.w3.org\/2000\/svg\" width=\"20\" height=\"24\" viewBox=\"0 0 20 24\" fill=\"none\"><path fill-rule=\"evenodd\" clip-rule=\"evenodd\" d=\"M8.59227 21.7011C9.11168 22.203 9.60891 22.6834 10.0669 23.1403C10.6491 22.5723 11.2594 22.0003 11.8785 21.4201C15.7832 17.7609 20.0417 13.7702 19.8405 8.33405C19.2875 3.64463 15.1226 0 10.0669 0C5.01111 0 0.846257 3.64463 0.293266 8.33405C-0.00339317 13.3966 4.86548 18.1006 8.59227 21.7011ZM10.1166 12.5019C12.0814 12.5019 13.6742 10.908 13.6742 8.94188C13.6742 6.97572 12.0814 5.38184 10.1166 5.38184C8.15177 5.38184 6.55896 6.97572 6.55896 8.94188C6.55896 10.908 8.15177 12.5019 10.1166 12.5019Z\" fill=\"#009DD6\"><\/path><\/svg>\t\t\t\t<\/a>\n\t\t\t<\/div>\n\t\t\t\n\t\t\t\t\t\t<div class=\"elementor-icon-box-content\">\n\n\t\t\t\t\t\t\t\t\t<span class=\"elementor-icon-box-title\">\n\t\t\t\t\t\t<a href=\"https:\/\/www.google.com\/maps?q=59.30322265625,23.360565185547&#038;z=17\" target=\"_blank\" >\n\t\t\t\t\t\t\tOsmussaare tuletornlinnak, Osmussaare k\u00fcla \/ Odensholm, L\u00e4\u00e4ne-Nigula vald, L\u00e4\u00e4ne maakond\t\t\t\t\t\t<\/a>\n\t\t\t\t\t<\/span>\n\t\t\t\t\n\t\t\t\t\n\t\t\t<\/div>\n\t\t\t\n\t\t<\/div>\n\t\t\t\t\t\t<\/div>\n\t\t\t\t<\/div>\n\t\t\t\t<div class=\"elementor-element elementor-element-771bb3c elementor-widget elementor-widget-button\" data-id=\"771bb3c\" data-element_type=\"widget\" data-e-type=\"widget\" data-widget_type=\"button.default\">\n\t\t\t\t<div class=\"elementor-widget-container\">\n\t\t\t\t\t\t\t\t\t<div class=\"elementor-button-wrapper\">\n\t\t\t\t\t<a class=\"elementor-button elementor-button-link elementor-size-sm\" href=\"https:\/\/www.visithaapsalu.com\/fi\/objekt\/osmussaaren-majakka\/\">\n\t\t\t\t\t\t<span class=\"elementor-button-content-wrapper\">\n\t\t\t\t\t\t\t\t\t<span class=\"elementor-button-text\">Lue tarkemmin<\/span>\n\t\t\t\t\t<\/span>\n\t\t\t\t\t<\/a>\n\t\t\t\t<\/div>\n\t\t\t\t\t\t\t\t<\/div>\n\t\t\t\t<\/div>\n\t\t\t\t\t<\/div>\n\t\t\t\t<\/div>\n\t\t\t\t\t<\/div>\n\t\t\t\t<\/div>\n\t\t\t\t<\/div>\n\t\t\t\t<\/article>\n\t\t\t\t<\/div>\n\t\t\t\t\t\t<\/div>\n\t\t\t\t<\/div>\n\t\t\t\t\t<\/div>\n\t\t\t\t<\/div>\n\t\t\t\t<\/div>\n\t\t","protected":false},"excerpt":{"rendered":"<p>Haapsalun romanttisessa pikkukaupungissa ja sen pikkukyliss\u00e4 sinua tervehtiv\u00e4t vieraanvaraiset ihmiset, jotka yll\u00e4tt\u00e4v\u00e4t sinut vilpitt\u00f6myydell\u00e4\u00e4n ja kiinnostuksellaan historiaa ja kulttuuria kohtaan. T\u00e4\u00e4ll\u00e4 vierailleita muistetaan yh\u00e4 uudelleen ja uudelleen suurella kunnioituksella.<\/p>\n","protected":false},"author":2,"featured_media":0,"parent":1790932,"menu_order":0,"comment_status":"closed","ping_status":"closed","template":"","meta":{"_acf_changed":false,"footnotes":""},"class_list":["post-1790990","page","type-page","status-publish","hentry"],"acf":[],"yoast_head":"<!-- This site is optimized with the Yoast SEO plugin v27.3 - https:\/\/yoast.com\/product\/yoast-seo-wordpress\/ -->\n<title>Osmussaar - Visit Haapsalu<\/title>\n<meta name=\"robots\" content=\"index, follow, max-snippet:-1, max-image-preview:large, max-video-preview:-1\" \/>\n<link rel=\"canonical\" href=\"https:\/\/www.visithaapsalu.com\/fi\/lomanviettajille\/mita-tehda\/osmussaar\/\" \/>\n<meta property=\"og:locale\" content=\"fi_FI\" \/>\n<meta property=\"og:type\" content=\"article\" \/>\n<meta property=\"og:title\" content=\"Osmussaar - Visit Haapsalu\" \/>\n<meta property=\"og:description\" content=\"Haapsalun romanttisessa pikkukaupungissa ja sen pikkukyliss\u00e4 sinua tervehtiv\u00e4t vieraanvaraiset ihmiset, jotka yll\u00e4tt\u00e4v\u00e4t sinut vilpitt\u00f6myydell\u00e4\u00e4n ja kiinnostuksellaan historiaa ja kulttuuria kohtaan. T\u00e4\u00e4ll\u00e4 vierailleita muistetaan yh\u00e4 uudelleen ja uudelleen suurella kunnioituksella.\" \/>\n<meta property=\"og:url\" content=\"https:\/\/www.visithaapsalu.com\/fi\/lomanviettajille\/mita-tehda\/osmussaar\/\" \/>\n<meta property=\"og:site_name\" content=\"Visit Haapsalu\" \/>\n<meta property=\"article:publisher\" content=\"https:\/\/www.facebook.com\/visithaapsalu\/\" \/>\n<meta property=\"article:modified_time\" content=\"2024-01-08T09:42:40+00:00\" \/>\n<meta property=\"og:image\" content=\"https:\/\/www.visithaapsalu.com\/wp-content\/uploads\/2024\/04\/visit_haapsalu.jpg\" \/>\n\t<meta property=\"og:image:width\" content=\"1577\" \/>\n\t<meta property=\"og:image:height\" content=\"600\" \/>\n\t<meta property=\"og:image:type\" content=\"image\/jpeg\" \/>\n<meta name=\"twitter:card\" content=\"summary_large_image\" \/>\n<script type=\"application\/ld+json\" class=\"yoast-schema-graph\">{\"@context\":\"https:\\\/\\\/schema.org\",\"@graph\":[{\"@type\":\"WebPage\",\"@id\":\"https:\\\/\\\/www.visithaapsalu.com\\\/fi\\\/lomanviettajille\\\/mita-tehda\\\/osmussaar\\\/\",\"url\":\"https:\\\/\\\/www.visithaapsalu.com\\\/fi\\\/lomanviettajille\\\/mita-tehda\\\/osmussaar\\\/\",\"name\":\"Osmussaar - Visit Haapsalu\",\"isPartOf\":{\"@id\":\"https:\\\/\\\/www.visithaapsalu.com\\\/fi\\\/#website\"},\"datePublished\":\"2023-01-19T05:15:36+00:00\",\"dateModified\":\"2024-01-08T09:42:40+00:00\",\"breadcrumb\":{\"@id\":\"https:\\\/\\\/www.visithaapsalu.com\\\/fi\\\/lomanviettajille\\\/mita-tehda\\\/osmussaar\\\/#breadcrumb\"},\"inLanguage\":\"fi\",\"potentialAction\":[{\"@type\":\"ReadAction\",\"target\":[\"https:\\\/\\\/www.visithaapsalu.com\\\/fi\\\/lomanviettajille\\\/mita-tehda\\\/osmussaar\\\/\"]}]},{\"@type\":\"BreadcrumbList\",\"@id\":\"https:\\\/\\\/www.visithaapsalu.com\\\/fi\\\/lomanviettajille\\\/mita-tehda\\\/osmussaar\\\/#breadcrumb\",\"itemListElement\":[{\"@type\":\"ListItem\",\"position\":1,\"name\":\"Home\",\"item\":\"https:\\\/\\\/www.visithaapsalu.com\\\/fi\\\/\"},{\"@type\":\"ListItem\",\"position\":2,\"name\":\"Lomanviett\u00e4jille\",\"item\":\"https:\\\/\\\/www.visithaapsalu.com\\\/fi\\\/\"},{\"@type\":\"ListItem\",\"position\":3,\"name\":\"Mit\u00e4 tehd\u00e4\",\"item\":\"https:\\\/\\\/www.visithaapsalu.com\\\/fi\\\/puhkajale\\\/mida-teha\\\/\"},{\"@type\":\"ListItem\",\"position\":4,\"name\":\"Osmussaar\"}]},{\"@type\":\"WebSite\",\"@id\":\"https:\\\/\\\/www.visithaapsalu.com\\\/fi\\\/#website\",\"url\":\"https:\\\/\\\/www.visithaapsalu.com\\\/fi\\\/\",\"name\":\"Visit Haapsalu\",\"description\":\"visithaapsalu\",\"publisher\":{\"@id\":\"https:\\\/\\\/www.visithaapsalu.com\\\/fi\\\/#organization\"},\"potentialAction\":[{\"@type\":\"SearchAction\",\"target\":{\"@type\":\"EntryPoint\",\"urlTemplate\":\"https:\\\/\\\/www.visithaapsalu.com\\\/fi\\\/?s={search_term_string}\"},\"query-input\":{\"@type\":\"PropertyValueSpecification\",\"valueRequired\":true,\"valueName\":\"search_term_string\"}}],\"inLanguage\":\"fi\"},{\"@type\":\"Organization\",\"@id\":\"https:\\\/\\\/www.visithaapsalu.com\\\/fi\\\/#organization\",\"name\":\"Visit Haapsalu\",\"url\":\"https:\\\/\\\/www.visithaapsalu.com\\\/fi\\\/\",\"logo\":{\"@type\":\"ImageObject\",\"inLanguage\":\"fi\",\"@id\":\"https:\\\/\\\/www.visithaapsalu.com\\\/fi\\\/#\\\/schema\\\/logo\\\/image\\\/\",\"url\":\"https:\\\/\\\/www.visithaapsalu.com\\\/wp-content\\\/uploads\\\/2022\\\/11\\\/visit-haapsalu.svg\",\"contentUrl\":\"https:\\\/\\\/www.visithaapsalu.com\\\/wp-content\\\/uploads\\\/2022\\\/11\\\/visit-haapsalu.svg\",\"width\":191,\"height\":37,\"caption\":\"Visit Haapsalu\"},\"image\":{\"@id\":\"https:\\\/\\\/www.visithaapsalu.com\\\/fi\\\/#\\\/schema\\\/logo\\\/image\\\/\"},\"sameAs\":[\"https:\\\/\\\/www.facebook.com\\\/visithaapsalu\\\/\",\"https:\\\/\\\/www.instagram.com\\\/visit_haapsalu\\\/\"]}]}<\/script>\n<!-- \/ Yoast SEO plugin. -->","yoast_head_json":{"title":"Osmussaar - Visit Haapsalu","robots":{"index":"index","follow":"follow","max-snippet":"max-snippet:-1","max-image-preview":"max-image-preview:large","max-video-preview":"max-video-preview:-1"},"canonical":"https:\/\/www.visithaapsalu.com\/fi\/lomanviettajille\/mita-tehda\/osmussaar\/","og_locale":"fi_FI","og_type":"article","og_title":"Osmussaar - Visit Haapsalu","og_description":"Haapsalun romanttisessa pikkukaupungissa ja sen pikkukyliss\u00e4 sinua tervehtiv\u00e4t vieraanvaraiset ihmiset, jotka yll\u00e4tt\u00e4v\u00e4t sinut vilpitt\u00f6myydell\u00e4\u00e4n ja kiinnostuksellaan historiaa ja kulttuuria kohtaan. T\u00e4\u00e4ll\u00e4 vierailleita muistetaan yh\u00e4 uudelleen ja uudelleen suurella kunnioituksella.","og_url":"https:\/\/www.visithaapsalu.com\/fi\/lomanviettajille\/mita-tehda\/osmussaar\/","og_site_name":"Visit Haapsalu","article_publisher":"https:\/\/www.facebook.com\/visithaapsalu\/","article_modified_time":"2024-01-08T09:42:40+00:00","og_image":[{"width":1577,"height":600,"url":"https:\/\/www.visithaapsalu.com\/wp-content\/uploads\/2024\/04\/visit_haapsalu.jpg","type":"image\/jpeg"}],"twitter_card":"summary_large_image","schema":{"@context":"https:\/\/schema.org","@graph":[{"@type":"WebPage","@id":"https:\/\/www.visithaapsalu.com\/fi\/lomanviettajille\/mita-tehda\/osmussaar\/","url":"https:\/\/www.visithaapsalu.com\/fi\/lomanviettajille\/mita-tehda\/osmussaar\/","name":"Osmussaar - Visit Haapsalu","isPartOf":{"@id":"https:\/\/www.visithaapsalu.com\/fi\/#website"},"datePublished":"2023-01-19T05:15:36+00:00","dateModified":"2024-01-08T09:42:40+00:00","breadcrumb":{"@id":"https:\/\/www.visithaapsalu.com\/fi\/lomanviettajille\/mita-tehda\/osmussaar\/#breadcrumb"},"inLanguage":"fi","potentialAction":[{"@type":"ReadAction","target":["https:\/\/www.visithaapsalu.com\/fi\/lomanviettajille\/mita-tehda\/osmussaar\/"]}]},{"@type":"BreadcrumbList","@id":"https:\/\/www.visithaapsalu.com\/fi\/lomanviettajille\/mita-tehda\/osmussaar\/#breadcrumb","itemListElement":[{"@type":"ListItem","position":1,"name":"Home","item":"https:\/\/www.visithaapsalu.com\/fi\/"},{"@type":"ListItem","position":2,"name":"Lomanviett\u00e4jille","item":"https:\/\/www.visithaapsalu.com\/fi\/"},{"@type":"ListItem","position":3,"name":"Mit\u00e4 tehd\u00e4","item":"https:\/\/www.visithaapsalu.com\/fi\/puhkajale\/mida-teha\/"},{"@type":"ListItem","position":4,"name":"Osmussaar"}]},{"@type":"WebSite","@id":"https:\/\/www.visithaapsalu.com\/fi\/#website","url":"https:\/\/www.visithaapsalu.com\/fi\/","name":"Visit Haapsalu","description":"visithaapsalu","publisher":{"@id":"https:\/\/www.visithaapsalu.com\/fi\/#organization"},"potentialAction":[{"@type":"SearchAction","target":{"@type":"EntryPoint","urlTemplate":"https:\/\/www.visithaapsalu.com\/fi\/?s={search_term_string}"},"query-input":{"@type":"PropertyValueSpecification","valueRequired":true,"valueName":"search_term_string"}}],"inLanguage":"fi"},{"@type":"Organization","@id":"https:\/\/www.visithaapsalu.com\/fi\/#organization","name":"Visit Haapsalu","url":"https:\/\/www.visithaapsalu.com\/fi\/","logo":{"@type":"ImageObject","inLanguage":"fi","@id":"https:\/\/www.visithaapsalu.com\/fi\/#\/schema\/logo\/image\/","url":"https:\/\/www.visithaapsalu.com\/wp-content\/uploads\/2022\/11\/visit-haapsalu.svg","contentUrl":"https:\/\/www.visithaapsalu.com\/wp-content\/uploads\/2022\/11\/visit-haapsalu.svg","width":191,"height":37,"caption":"Visit Haapsalu"},"image":{"@id":"https:\/\/www.visithaapsalu.com\/fi\/#\/schema\/logo\/image\/"},"sameAs":["https:\/\/www.facebook.com\/visithaapsalu\/","https:\/\/www.instagram.com\/visit_haapsalu\/"]}]}},"_links":{"self":[{"href":"https:\/\/www.visithaapsalu.com\/fi\/wp-json\/wp\/v2\/pages\/1790990","targetHints":{"allow":["GET"]}}],"collection":[{"href":"https:\/\/www.visithaapsalu.com\/fi\/wp-json\/wp\/v2\/pages"}],"about":[{"href":"https:\/\/www.visithaapsalu.com\/fi\/wp-json\/wp\/v2\/types\/page"}],"author":[{"embeddable":true,"href":"https:\/\/www.visithaapsalu.com\/fi\/wp-json\/wp\/v2\/users\/2"}],"replies":[{"embeddable":true,"href":"https:\/\/www.visithaapsalu.com\/fi\/wp-json\/wp\/v2\/comments?post=1790990"}],"version-history":[{"count":5,"href":"https:\/\/www.visithaapsalu.com\/fi\/wp-json\/wp\/v2\/pages\/1790990\/revisions"}],"predecessor-version":[{"id":1802518,"href":"https:\/\/www.visithaapsalu.com\/fi\/wp-json\/wp\/v2\/pages\/1790990\/revisions\/1802518"}],"up":[{"embeddable":true,"href":"https:\/\/www.visithaapsalu.com\/fi\/wp-json\/wp\/v2\/pages\/1790932"}],"wp:attachment":[{"href":"https:\/\/www.visithaapsalu.com\/fi\/wp-json\/wp\/v2\/media?parent=1790990"}],"curies":[{"name":"wp","href":"https:\/\/api.w.org\/{rel}","templated":true}]}}