{"id":1790966,"date":"2022-12-30T22:23:11","date_gmt":"2022-12-30T20:23:11","guid":{"rendered":"https:\/\/www.visithaapsalu.com\/lomanviettajille\/tutustu\/matsalu\/"},"modified":"2024-01-08T11:42:22","modified_gmt":"2024-01-08T09:42:22","slug":"matsalu","status":"publish","type":"page","link":"https:\/\/www.visithaapsalu.com\/fi\/lomanviettajille\/tutustu\/matsalu\/","title":{"rendered":"Matsalu"},"content":{"rendered":"\t\t<div data-elementor-type=\"wp-page\" data-elementor-id=\"1790966\" class=\"elementor elementor-1790966 elementor-1717416\" data-elementor-post-type=\"page\">\n\t\t\t\t\t\t<section class=\"elementor-section elementor-top-section elementor-element elementor-element-5453773 elementor-section-content-middle elementor-section-height-min-height elementor-section-boxed elementor-section-height-default elementor-section-items-middle\" data-id=\"5453773\" data-element_type=\"section\" data-e-type=\"section\" data-settings=\"{&quot;background_background&quot;:&quot;classic&quot;}\">\n\t\t\t\t\t\t\t<div class=\"elementor-background-overlay\"><\/div>\n\t\t\t\t\t\t\t<div class=\"elementor-container elementor-column-gap-default\">\n\t\t\t\t\t<div class=\"elementor-column elementor-col-100 elementor-top-column elementor-element elementor-element-c6ffddf\" data-id=\"c6ffddf\" data-element_type=\"column\" data-e-type=\"column\" data-settings=\"{&quot;background_background&quot;:&quot;classic&quot;}\">\n\t\t\t<div class=\"elementor-widget-wrap elementor-element-populated\">\n\t\t\t\t\t\t<div class=\"elementor-element elementor-element-a42a9e6 elementor-widget elementor-widget-heading\" data-id=\"a42a9e6\" data-element_type=\"widget\" data-e-type=\"widget\" data-widget_type=\"heading.default\">\n\t\t\t\t<div class=\"elementor-widget-container\">\n\t\t\t\t\t<h1 class=\"elementor-heading-title elementor-size-default\">Matsalu<\/h1>\t\t\t\t<\/div>\n\t\t\t\t<\/div>\n\t\t\t\t\t<\/div>\n\t\t<\/div>\n\t\t\t\t\t<\/div>\n\t\t<\/section>\n\t\t\t\t<section class=\"elementor-section elementor-top-section elementor-element elementor-element-4689c61 elementor-section-boxed elementor-section-height-default elementor-section-height-default\" data-id=\"4689c61\" data-element_type=\"section\" data-e-type=\"section\">\n\t\t\t\t\t\t<div class=\"elementor-container elementor-column-gap-default\">\n\t\t\t\t\t<div class=\"elementor-column elementor-col-100 elementor-top-column elementor-element elementor-element-9f4dbe7\" data-id=\"9f4dbe7\" data-element_type=\"column\" data-e-type=\"column\">\n\t\t\t<div class=\"elementor-widget-wrap elementor-element-populated\">\n\t\t\t\t\t\t<div class=\"elementor-element elementor-element-70ecf75 elementor-widget elementor-widget-global elementor-global-118 elementor-widget-image\" data-id=\"70ecf75\" data-element_type=\"widget\" data-e-type=\"widget\" data-widget_type=\"image.default\">\n\t\t\t\t<div class=\"elementor-widget-container\">\n\t\t\t\t\t\t\t\t\t\t\t\t\t\t\t<img decoding=\"async\" width=\"86\" height=\"10\" src=\"https:\/\/www.visithaapsalu.com\/wp-content\/uploads\/2022\/10\/separator.svg\" class=\"attachment-thumbnail size-thumbnail wp-image-1714448\" alt=\"\" \/>\t\t\t\t\t\t\t\t\t\t\t\t\t\t\t<\/div>\n\t\t\t\t<\/div>\n\t\t\t\t\t<\/div>\n\t\t<\/div>\n\t\t\t\t\t<\/div>\n\t\t<\/section>\n\t\t<div class=\"elementor-element elementor-element-3b6c52a e-flex e-con-boxed e-con e-parent\" data-id=\"3b6c52a\" data-element_type=\"container\" data-e-type=\"container\">\n\t\t\t\t\t<div class=\"e-con-inner\">\n\t\t\t\t<div class=\"elementor-element elementor-element-7bba950 elementor-widget elementor-widget-text-editor\" data-id=\"7bba950\" data-element_type=\"widget\" data-e-type=\"widget\" data-widget_type=\"text-editor.default\">\n\t\t\t\t<div class=\"elementor-widget-container\">\n\t\t\t\t\t\t\t\t\t<p>Matsalun kansallispuistoon kuuluu matalavetinen Matsalunlahti ja sen rannikko, Kasari-joen suistoalue sek\u00e4 l\u00e4hes 50 saarta ja lahtea ymp\u00e4r\u00f6iv\u00e4ll\u00e4 V\u00e4in\u00e4merell\u00e4.<\/p>\n\t\t\t\t\t\t\t\t<\/div>\n\t\t\t\t<\/div>\n\t\t\t\t\t<\/div>\n\t\t\t\t<\/div>\n\t\t<div class=\"elementor-element elementor-element-136e093 e-flex e-con-boxed e-con e-parent\" data-id=\"136e093\" data-element_type=\"container\" data-e-type=\"container\">\n\t\t\t\t\t<div class=\"e-con-inner\">\n\t\t<div class=\"elementor-element elementor-element-890f0b2 e-con-full e-flex e-con e-parent\" data-id=\"890f0b2\" data-element_type=\"container\" data-e-type=\"container\">\n\t\t\t\t<div class=\"elementor-element elementor-element-3a4a401 elementor-widget elementor-widget-text-editor\" data-id=\"3a4a401\" data-element_type=\"widget\" data-e-type=\"widget\" data-widget_type=\"text-editor.default\">\n\t\t\t\t<div class=\"elementor-widget-container\">\n\t\t\t\t\t\t\t\t\t<\/p>\n<p>Se on lintuharrastajien paratiisi, yksi Euroopan t\u00e4rkeimmist\u00e4 vesilintujen pys\u00e4hdyspaikoista arktisen alueen ja L\u00e4nsi-Euroopan v\u00e4lisell\u00e4 muuttoreitill\u00e4. <\/p>\n<p>Lintujen lis\u00e4ksi Matsalun kansallispuisto suojelee my\u00f6s L\u00e4nsi-Virolle tyypillisi\u00e4 luonnontilaisia eli\u00f6yhteis\u00f6j\u00e4: ranta- ja rantaniittyj\u00e4, r\u00e4me- ja mets\u00e4niittyj\u00e4, ruovikoita, pieni\u00e4 saaria ja V\u00e4inameren kulttuuriperint\u00f6\u00e4.<\/p>\n\t\t\t\t\t\t\t\t<\/div>\n\t\t\t\t<\/div>\n\t\t\t\t<\/div>\n\t\t<div class=\"elementor-element elementor-element-20f9678 e-con-full e-flex e-con e-parent\" data-id=\"20f9678\" data-element_type=\"container\" data-e-type=\"container\">\n\t\t\t\t<div class=\"elementor-element elementor-element-9e44485 elementor-widget elementor-widget-image\" data-id=\"9e44485\" data-element_type=\"widget\" data-e-type=\"widget\" data-widget_type=\"image.default\">\n\t\t\t\t<div class=\"elementor-widget-container\">\n\t\t\t\t\t\t\t\t\t\t\t\t\t\t\t<img fetchpriority=\"high\" decoding=\"async\" width=\"1024\" height=\"683\" src=\"https:\/\/www.visithaapsalu.com\/wp-content\/uploads\/2018\/09\/Matsalu_OlevMihkelmaa_preview-1-1024x683.jpeg\" class=\"attachment-large size-large wp-image-1769444\" alt=\"\" srcset=\"https:\/\/www.visithaapsalu.com\/wp-content\/uploads\/2018\/09\/Matsalu_OlevMihkelmaa_preview-1-1024x683.jpeg 1024w, https:\/\/www.visithaapsalu.com\/wp-content\/uploads\/2018\/09\/Matsalu_OlevMihkelmaa_preview-1-300x200.jpeg 300w, https:\/\/www.visithaapsalu.com\/wp-content\/uploads\/2018\/09\/Matsalu_OlevMihkelmaa_preview-1-768x512.jpeg 768w, https:\/\/www.visithaapsalu.com\/wp-content\/uploads\/2018\/09\/Matsalu_OlevMihkelmaa_preview-1-1536x1024.jpeg 1536w, https:\/\/www.visithaapsalu.com\/wp-content\/uploads\/2018\/09\/Matsalu_OlevMihkelmaa_preview-1.jpeg 1600w\" sizes=\"(max-width: 1024px) 100vw, 1024px\" \/>\t\t\t\t\t\t\t\t\t\t\t\t\t\t\t<\/div>\n\t\t\t\t<\/div>\n\t\t\t\t<\/div>\n\t\t\t\t\t<\/div>\n\t\t\t\t<\/div>\n\t\t<div class=\"elementor-element elementor-element-320c405 e-flex e-con-boxed e-con e-parent\" data-id=\"320c405\" data-element_type=\"container\" data-e-type=\"container\">\n\t\t\t\t\t<div class=\"e-con-inner\">\n\t\t<div class=\"elementor-element elementor-element-cb6c54f e-con-full e-flex e-con e-parent\" data-id=\"cb6c54f\" data-element_type=\"container\" data-e-type=\"container\">\n\t\t\t\t<div class=\"elementor-element elementor-element-e154e23 elementor-widget elementor-widget-image\" data-id=\"e154e23\" data-element_type=\"widget\" data-e-type=\"widget\" data-widget_type=\"image.default\">\n\t\t\t\t<div class=\"elementor-widget-container\">\n\t\t\t\t\t\t\t\t\t\t\t\t\t\t\t<img decoding=\"async\" width=\"1024\" height=\"768\" src=\"https:\/\/www.visithaapsalu.com\/wp-content\/uploads\/2023\/03\/Kasari-luht-1024x768.jpg\" class=\"attachment-large size-large wp-image-1790609\" alt=\"\" srcset=\"https:\/\/www.visithaapsalu.com\/wp-content\/uploads\/2023\/03\/Kasari-luht-1024x768.jpg 1024w, https:\/\/www.visithaapsalu.com\/wp-content\/uploads\/2023\/03\/Kasari-luht-300x225.jpg 300w, https:\/\/www.visithaapsalu.com\/wp-content\/uploads\/2023\/03\/Kasari-luht-768x576.jpg 768w, https:\/\/www.visithaapsalu.com\/wp-content\/uploads\/2023\/03\/Kasari-luht-1536x1152.jpg 1536w, https:\/\/www.visithaapsalu.com\/wp-content\/uploads\/2023\/03\/Kasari-luht-2048x1536.jpg 2048w\" sizes=\"(max-width: 1024px) 100vw, 1024px\" \/>\t\t\t\t\t\t\t\t\t\t\t\t\t\t\t<\/div>\n\t\t\t\t<\/div>\n\t\t\t\t<\/div>\n\t\t<div class=\"elementor-element elementor-element-648f049 e-con-full e-flex e-con e-parent\" data-id=\"648f049\" data-element_type=\"container\" data-e-type=\"container\">\n\t\t\t\t<div class=\"elementor-element elementor-element-6b08ffd elementor-widget elementor-widget-text-editor\" data-id=\"6b08ffd\" data-element_type=\"widget\" data-e-type=\"widget\" data-widget_type=\"text-editor.default\">\n\t\t\t\t<div class=\"elementor-widget-container\">\n\t\t\t\t\t\t\t\t\t<\/p>\n<p>Matsalussa sijaitsee 4 000 hehtaarin suuruinen Kasarin suoalue, Euroopan suurin s\u00e4ilynyt laguuni, joka on t\u00e4rke\u00e4 pesim\u00e4alue r\u00e4k\u00e4ttirastaselle, t\u00e4pl\u00e4rapulle ja ruohosorsalle. Kansallispuiston l\u00e4pi lent\u00e4\u00e4 vuosittain yli 2 miljoonaa vesilintua, joista yli 230 000 j\u00e4\u00e4 sinne lyhyemm\u00e4ksi tai pidemm\u00e4ksi aikaa.<\/p>\n<p>It\u00e4meren laajin jokisuisto on Kasarin jokisuisto, joka on l\u00e4hes 3000 hehtaarin laajuinen ja jossa voi kuulla kahlaavia lintuja, joista kuuluisin on virtahepo. Matsalun rannikkokosteikot ovat Euroopan suurimpia, ja ne ovat t\u00e4rkeit\u00e4 t\u00e4\u00e4ll\u00e4 pesiville kahlaajille (esim. tiltaltti, hietalintu, kottarainen), koska niiden kasvillisuus on v\u00e4h\u00e4ist\u00e4 ja vesi on ruovotonta.<\/p>\n<p>Karja yll\u00e4pit\u00e4\u00e4 niittyj\u00e4. Voit n\u00e4hd\u00e4 my\u00f6s merikotkia ja niittykirvisi\u00e4. El\u00e4imet, jotka todenn\u00e4k\u00f6isimmin n\u00e4kev\u00e4t poron Kloostrin n\u00e4k\u00f6tornista k\u00e4sin<\/p>\n\t\t\t\t\t\t\t\t<\/div>\n\t\t\t\t<\/div>\n\t\t\t\t<\/div>\n\t\t\t\t\t<\/div>\n\t\t\t\t<\/div>\n\t\t<div class=\"elementor-element elementor-element-60a9f7e e-flex e-con-boxed e-con e-parent\" data-id=\"60a9f7e\" data-element_type=\"container\" data-e-type=\"container\">\n\t\t\t\t\t<div class=\"e-con-inner\">\n\t\t<div class=\"elementor-element elementor-element-08fbbb2 e-con-full e-flex e-con e-parent\" data-id=\"08fbbb2\" data-element_type=\"container\" data-e-type=\"container\">\n\t\t\t\t<div class=\"elementor-element elementor-element-b62335b elementor-widget elementor-widget-text-editor\" data-id=\"b62335b\" data-element_type=\"widget\" data-e-type=\"widget\" data-widget_type=\"text-editor.default\">\n\t\t\t\t<div class=\"elementor-widget-container\">\n\t\t\t\t\t\t\t\t\t<\/p>\n<p>Kasvien yst\u00e4v\u00e4t l\u00f6yt\u00e4v\u00e4t runsaasti havupuita tammien ja p\u00e4hkin\u00e4pensaiden joukosta lajirikkailla mets\u00e4isill\u00e4 niityill\u00e4. L\u00e4nsirannikon jylhien maisemien monimuotoisuutta lis\u00e4\u00e4v\u00e4t silurikautisten koralliriuttojen muodostamat kalkkikiviset rantariutat. Vanhoja hein\u00e4kasoja ruovikkoineen ja kalurionneineen on kunnostettu.<\/p>\n<p>Penij\u00f5en kartanossa sijaitsee Matsalun kansallispuiston vierailijakeskus, jossa voit tutustua suojelualueen luontoon, historiaan ja perint\u00f6kulttuuriin pysyv\u00e4ss\u00e4 n\u00e4yttelyss\u00e4 ja katsoa 20 minuutin diaesityksen &#8220;Matsalun vuosi. El\u00e4m\u00e4\u00e4 Matsalussa j\u00e4\u00e4st\u00e4 j\u00e4\u00e4h\u00e4n&#8221;. <\/p>\n\t\t\t\t\t\t\t\t<\/div>\n\t\t\t\t<\/div>\n\t\t\t\t<\/div>\n\t\t<div class=\"elementor-element elementor-element-a51ef43 e-con-full e-flex e-con e-parent\" data-id=\"a51ef43\" data-element_type=\"container\" data-e-type=\"container\">\n\t\t\t\t<div class=\"elementor-element elementor-element-89c6b13 elementor-widget elementor-widget-image\" data-id=\"89c6b13\" data-element_type=\"widget\" data-e-type=\"widget\" data-widget_type=\"image.default\">\n\t\t\t\t<div class=\"elementor-widget-container\">\n\t\t\t\t\t\t\t\t\t\t\t\t\t\t\t<img loading=\"lazy\" decoding=\"async\" width=\"1024\" height=\"692\" src=\"https:\/\/www.visithaapsalu.com\/wp-content\/uploads\/2023\/03\/Penijoe-mois_Olev-Mihkelmaa_Vikipeedia-1024x692.jpg\" class=\"attachment-large size-large wp-image-1790612\" alt=\"\" srcset=\"https:\/\/www.visithaapsalu.com\/wp-content\/uploads\/2023\/03\/Penijoe-mois_Olev-Mihkelmaa_Vikipeedia-1024x692.jpg 1024w, https:\/\/www.visithaapsalu.com\/wp-content\/uploads\/2023\/03\/Penijoe-mois_Olev-Mihkelmaa_Vikipeedia-300x203.jpg 300w, https:\/\/www.visithaapsalu.com\/wp-content\/uploads\/2023\/03\/Penijoe-mois_Olev-Mihkelmaa_Vikipeedia-768x519.jpg 768w, https:\/\/www.visithaapsalu.com\/wp-content\/uploads\/2023\/03\/Penijoe-mois_Olev-Mihkelmaa_Vikipeedia.jpg 1200w\" sizes=\"(max-width: 1024px) 100vw, 1024px\" \/>\t\t\t\t\t\t\t\t\t\t\t\t\t\t\t<\/div>\n\t\t\t\t<\/div>\n\t\t\t\t<\/div>\n\t\t\t\t\t<\/div>\n\t\t\t\t<\/div>\n\t\t\t\t<section class=\"elementor-section elementor-top-section elementor-element elementor-element-231a9cf elementor-section-height-min-height elementor-section-boxed elementor-section-height-default elementor-section-items-middle\" data-id=\"231a9cf\" data-element_type=\"section\" data-e-type=\"section\">\n\t\t\t\t\t\t<div class=\"elementor-container elementor-column-gap-default\">\n\t\t\t\t\t<div class=\"elementor-column elementor-col-100 elementor-top-column elementor-element elementor-element-e92f82b\" data-id=\"e92f82b\" data-element_type=\"column\" data-e-type=\"column\">\n\t\t\t<div class=\"elementor-widget-wrap elementor-element-populated\">\n\t\t\t\t\t\t<div class=\"elementor-element elementor-element-1cb43fa elementor-cta--skin-cover elementor-cta--valign-bottom elementor-widget elementor-widget-call-to-action\" data-id=\"1cb43fa\" data-element_type=\"widget\" data-e-type=\"widget\" data-widget_type=\"call-to-action.default\">\n\t\t\t\t<div class=\"elementor-widget-container\">\n\t\t\t\t\t\t\t<div class=\"elementor-cta\">\n\t\t\t\t\t<div class=\"elementor-cta__bg-wrapper\">\n\t\t\t\t<div class=\"elementor-cta__bg elementor-bg\" style=\"background-image: url(https:\/\/www.visithaapsalu.com\/wp-content\/uploads\/2023\/03\/Kasari-luht-1024x768.jpg);\" role=\"img\" aria-label=\"Kasari luht\"><\/div>\n\t\t\t\t<div class=\"elementor-cta__bg-overlay\"><\/div>\n\t\t\t<\/div>\n\t\t\t\t\t\t\t<div class=\"elementor-cta__content\">\n\t\t\t\t\n\t\t\t\t\t\t\t\t\t<h1 class=\"elementor-cta__title elementor-cta__content-item elementor-content-item\">\n\t\t\t\t\t\tLuontoretket Matsalussa\t\t\t\t\t<\/h1>\n\t\t\t\t\n\t\t\t\t\n\t\t\t\t\t\t\t\t\t<div class=\"elementor-cta__button-wrapper elementor-cta__content-item elementor-content-item \">\n\t\t\t\t\t<a class=\"elementor-cta__button elementor-button elementor-size-\" href=\"https:\/\/www.visithaapsalu.com\/fi\/lomanviettajille\/mita-tehda\/matsalu\/\">\n\t\t\t\t\t\tMit\u00e4 tehd\u00e4 \/ minne menn\u00e4\t\t\t\t\t<\/a>\n\t\t\t\t\t<\/div>\n\t\t\t\t\t\t\t<\/div>\n\t\t\t\t\t\t<\/div>\n\t\t\t\t\t\t<\/div>\n\t\t\t\t<\/div>\n\t\t\t\t\t<\/div>\n\t\t<\/div>\n\t\t\t\t\t<\/div>\n\t\t<\/section>\n\t\t\t\t<\/div>\n\t\t","protected":false},"excerpt":{"rendered":"<p>Matsalu Matsalun kansallispuistoon kuuluu matalavetinen Matsalunlahti ja sen rannikko, Kasari-joen suistoalue sek\u00e4 l\u00e4hes 50 saarta ja lahtea ymp\u00e4r\u00f6iv\u00e4ll\u00e4 V\u00e4in\u00e4merell\u00e4. Se on lintuharrastajien paratiisi, yksi Euroopan t\u00e4rkeimmist\u00e4 vesilintujen pys\u00e4hdyspaikoista arktisen alueen ja L\u00e4nsi-Euroopan v\u00e4lisell\u00e4 muuttoreitill\u00e4. Lintujen lis\u00e4ksi Matsalun kansallispuisto suojelee my\u00f6s L\u00e4nsi-Virolle tyypillisi\u00e4 luonnontilaisia eli\u00f6yhteis\u00f6j\u00e4: ranta- ja rantaniittyj\u00e4, r\u00e4me- ja mets\u00e4niittyj\u00e4, ruovikoita, pieni\u00e4 saaria ja V\u00e4inameren [&hellip;]<\/p>\n","protected":false},"author":2,"featured_media":1714536,"parent":1790922,"menu_order":0,"comment_status":"closed","ping_status":"closed","template":"","meta":{"_acf_changed":false,"footnotes":""},"class_list":["post-1790966","page","type-page","status-publish","has-post-thumbnail","hentry"],"acf":[],"yoast_head":"<!-- This site is optimized with the Yoast SEO plugin v27.3 - https:\/\/yoast.com\/product\/yoast-seo-wordpress\/ -->\n<title>Matsalu - Visit Haapsalu<\/title>\n<meta name=\"robots\" content=\"index, follow, max-snippet:-1, max-image-preview:large, max-video-preview:-1\" \/>\n<link rel=\"canonical\" href=\"https:\/\/www.visithaapsalu.com\/fi\/lomanviettajille\/tutustu\/matsalu\/\" \/>\n<meta property=\"og:locale\" content=\"fi_FI\" \/>\n<meta property=\"og:type\" content=\"article\" \/>\n<meta property=\"og:title\" content=\"Matsalu - Visit Haapsalu\" \/>\n<meta property=\"og:description\" content=\"Matsalu Matsalun kansallispuistoon kuuluu matalavetinen Matsalunlahti ja sen rannikko, Kasari-joen suistoalue sek\u00e4 l\u00e4hes 50 saarta ja lahtea ymp\u00e4r\u00f6iv\u00e4ll\u00e4 V\u00e4in\u00e4merell\u00e4. Se on lintuharrastajien paratiisi, yksi Euroopan t\u00e4rkeimmist\u00e4 vesilintujen pys\u00e4hdyspaikoista arktisen alueen ja L\u00e4nsi-Euroopan v\u00e4lisell\u00e4 muuttoreitill\u00e4. Lintujen lis\u00e4ksi Matsalun kansallispuisto suojelee my\u00f6s L\u00e4nsi-Virolle tyypillisi\u00e4 luonnontilaisia eli\u00f6yhteis\u00f6j\u00e4: ranta- ja rantaniittyj\u00e4, r\u00e4me- ja mets\u00e4niittyj\u00e4, ruovikoita, pieni\u00e4 saaria ja V\u00e4inameren [&hellip;]\" \/>\n<meta property=\"og:url\" content=\"https:\/\/www.visithaapsalu.com\/fi\/lomanviettajille\/tutustu\/matsalu\/\" \/>\n<meta property=\"og:site_name\" content=\"Visit Haapsalu\" \/>\n<meta property=\"article:publisher\" content=\"https:\/\/www.facebook.com\/visithaapsalu\/\" \/>\n<meta property=\"article:modified_time\" content=\"2024-01-08T09:42:22+00:00\" \/>\n<meta property=\"og:image\" content=\"https:\/\/www.visithaapsalu.com\/wp-content\/uploads\/2022\/11\/matsalu.png\" \/>\n\t<meta property=\"og:image:width\" content=\"1920\" \/>\n\t<meta property=\"og:image:height\" content=\"1272\" \/>\n\t<meta property=\"og:image:type\" content=\"image\/png\" \/>\n<meta name=\"twitter:card\" content=\"summary_large_image\" \/>\n<meta name=\"twitter:label1\" content=\"Arvioitu lukuaika\" \/>\n\t<meta name=\"twitter:data1\" content=\"1 minuutti\" \/>\n<script type=\"application\/ld+json\" class=\"yoast-schema-graph\">{\"@context\":\"https:\\\/\\\/schema.org\",\"@graph\":[{\"@type\":\"WebPage\",\"@id\":\"https:\\\/\\\/www.visithaapsalu.com\\\/fi\\\/lomanviettajille\\\/tutustu\\\/matsalu\\\/\",\"url\":\"https:\\\/\\\/www.visithaapsalu.com\\\/fi\\\/lomanviettajille\\\/tutustu\\\/matsalu\\\/\",\"name\":\"Matsalu - Visit Haapsalu\",\"isPartOf\":{\"@id\":\"https:\\\/\\\/www.visithaapsalu.com\\\/fi\\\/#website\"},\"primaryImageOfPage\":{\"@id\":\"https:\\\/\\\/www.visithaapsalu.com\\\/fi\\\/lomanviettajille\\\/tutustu\\\/matsalu\\\/#primaryimage\"},\"image\":{\"@id\":\"https:\\\/\\\/www.visithaapsalu.com\\\/fi\\\/lomanviettajille\\\/tutustu\\\/matsalu\\\/#primaryimage\"},\"thumbnailUrl\":\"https:\\\/\\\/www.visithaapsalu.com\\\/wp-content\\\/uploads\\\/2022\\\/11\\\/matsalu.png\",\"datePublished\":\"2022-12-30T20:23:11+00:00\",\"dateModified\":\"2024-01-08T09:42:22+00:00\",\"breadcrumb\":{\"@id\":\"https:\\\/\\\/www.visithaapsalu.com\\\/fi\\\/lomanviettajille\\\/tutustu\\\/matsalu\\\/#breadcrumb\"},\"inLanguage\":\"fi\",\"potentialAction\":[{\"@type\":\"ReadAction\",\"target\":[\"https:\\\/\\\/www.visithaapsalu.com\\\/fi\\\/lomanviettajille\\\/tutustu\\\/matsalu\\\/\"]}]},{\"@type\":\"ImageObject\",\"inLanguage\":\"fi\",\"@id\":\"https:\\\/\\\/www.visithaapsalu.com\\\/fi\\\/lomanviettajille\\\/tutustu\\\/matsalu\\\/#primaryimage\",\"url\":\"https:\\\/\\\/www.visithaapsalu.com\\\/wp-content\\\/uploads\\\/2022\\\/11\\\/matsalu.png\",\"contentUrl\":\"https:\\\/\\\/www.visithaapsalu.com\\\/wp-content\\\/uploads\\\/2022\\\/11\\\/matsalu.png\",\"width\":1920,\"height\":1272},{\"@type\":\"BreadcrumbList\",\"@id\":\"https:\\\/\\\/www.visithaapsalu.com\\\/fi\\\/lomanviettajille\\\/tutustu\\\/matsalu\\\/#breadcrumb\",\"itemListElement\":[{\"@type\":\"ListItem\",\"position\":1,\"name\":\"Home\",\"item\":\"https:\\\/\\\/www.visithaapsalu.com\\\/fi\\\/\"},{\"@type\":\"ListItem\",\"position\":2,\"name\":\"Lomanviett\u00e4jille\",\"item\":\"https:\\\/\\\/www.visithaapsalu.com\\\/fi\\\/\"},{\"@type\":\"ListItem\",\"position\":3,\"name\":\"Tutustu\",\"item\":\"https:\\\/\\\/www.visithaapsalu.com\\\/fi\\\/puhkajale\\\/avasta\\\/\"},{\"@type\":\"ListItem\",\"position\":4,\"name\":\"Matsalu\"}]},{\"@type\":\"WebSite\",\"@id\":\"https:\\\/\\\/www.visithaapsalu.com\\\/fi\\\/#website\",\"url\":\"https:\\\/\\\/www.visithaapsalu.com\\\/fi\\\/\",\"name\":\"Visit Haapsalu\",\"description\":\"visithaapsalu\",\"publisher\":{\"@id\":\"https:\\\/\\\/www.visithaapsalu.com\\\/fi\\\/#organization\"},\"potentialAction\":[{\"@type\":\"SearchAction\",\"target\":{\"@type\":\"EntryPoint\",\"urlTemplate\":\"https:\\\/\\\/www.visithaapsalu.com\\\/fi\\\/?s={search_term_string}\"},\"query-input\":{\"@type\":\"PropertyValueSpecification\",\"valueRequired\":true,\"valueName\":\"search_term_string\"}}],\"inLanguage\":\"fi\"},{\"@type\":\"Organization\",\"@id\":\"https:\\\/\\\/www.visithaapsalu.com\\\/fi\\\/#organization\",\"name\":\"Visit Haapsalu\",\"url\":\"https:\\\/\\\/www.visithaapsalu.com\\\/fi\\\/\",\"logo\":{\"@type\":\"ImageObject\",\"inLanguage\":\"fi\",\"@id\":\"https:\\\/\\\/www.visithaapsalu.com\\\/fi\\\/#\\\/schema\\\/logo\\\/image\\\/\",\"url\":\"https:\\\/\\\/www.visithaapsalu.com\\\/wp-content\\\/uploads\\\/2022\\\/11\\\/visit-haapsalu.svg\",\"contentUrl\":\"https:\\\/\\\/www.visithaapsalu.com\\\/wp-content\\\/uploads\\\/2022\\\/11\\\/visit-haapsalu.svg\",\"width\":191,\"height\":37,\"caption\":\"Visit Haapsalu\"},\"image\":{\"@id\":\"https:\\\/\\\/www.visithaapsalu.com\\\/fi\\\/#\\\/schema\\\/logo\\\/image\\\/\"},\"sameAs\":[\"https:\\\/\\\/www.facebook.com\\\/visithaapsalu\\\/\",\"https:\\\/\\\/www.instagram.com\\\/visit_haapsalu\\\/\"]}]}<\/script>\n<!-- \/ Yoast SEO plugin. -->","yoast_head_json":{"title":"Matsalu - Visit Haapsalu","robots":{"index":"index","follow":"follow","max-snippet":"max-snippet:-1","max-image-preview":"max-image-preview:large","max-video-preview":"max-video-preview:-1"},"canonical":"https:\/\/www.visithaapsalu.com\/fi\/lomanviettajille\/tutustu\/matsalu\/","og_locale":"fi_FI","og_type":"article","og_title":"Matsalu - Visit Haapsalu","og_description":"Matsalu Matsalun kansallispuistoon kuuluu matalavetinen Matsalunlahti ja sen rannikko, Kasari-joen suistoalue sek\u00e4 l\u00e4hes 50 saarta ja lahtea ymp\u00e4r\u00f6iv\u00e4ll\u00e4 V\u00e4in\u00e4merell\u00e4. Se on lintuharrastajien paratiisi, yksi Euroopan t\u00e4rkeimmist\u00e4 vesilintujen pys\u00e4hdyspaikoista arktisen alueen ja L\u00e4nsi-Euroopan v\u00e4lisell\u00e4 muuttoreitill\u00e4. Lintujen lis\u00e4ksi Matsalun kansallispuisto suojelee my\u00f6s L\u00e4nsi-Virolle tyypillisi\u00e4 luonnontilaisia eli\u00f6yhteis\u00f6j\u00e4: ranta- ja rantaniittyj\u00e4, r\u00e4me- ja mets\u00e4niittyj\u00e4, ruovikoita, pieni\u00e4 saaria ja V\u00e4inameren [&hellip;]","og_url":"https:\/\/www.visithaapsalu.com\/fi\/lomanviettajille\/tutustu\/matsalu\/","og_site_name":"Visit Haapsalu","article_publisher":"https:\/\/www.facebook.com\/visithaapsalu\/","article_modified_time":"2024-01-08T09:42:22+00:00","og_image":[{"width":1920,"height":1272,"url":"https:\/\/www.visithaapsalu.com\/wp-content\/uploads\/2022\/11\/matsalu.png","type":"image\/png"}],"twitter_card":"summary_large_image","twitter_misc":{"Arvioitu lukuaika":"1 minuutti"},"schema":{"@context":"https:\/\/schema.org","@graph":[{"@type":"WebPage","@id":"https:\/\/www.visithaapsalu.com\/fi\/lomanviettajille\/tutustu\/matsalu\/","url":"https:\/\/www.visithaapsalu.com\/fi\/lomanviettajille\/tutustu\/matsalu\/","name":"Matsalu - Visit Haapsalu","isPartOf":{"@id":"https:\/\/www.visithaapsalu.com\/fi\/#website"},"primaryImageOfPage":{"@id":"https:\/\/www.visithaapsalu.com\/fi\/lomanviettajille\/tutustu\/matsalu\/#primaryimage"},"image":{"@id":"https:\/\/www.visithaapsalu.com\/fi\/lomanviettajille\/tutustu\/matsalu\/#primaryimage"},"thumbnailUrl":"https:\/\/www.visithaapsalu.com\/wp-content\/uploads\/2022\/11\/matsalu.png","datePublished":"2022-12-30T20:23:11+00:00","dateModified":"2024-01-08T09:42:22+00:00","breadcrumb":{"@id":"https:\/\/www.visithaapsalu.com\/fi\/lomanviettajille\/tutustu\/matsalu\/#breadcrumb"},"inLanguage":"fi","potentialAction":[{"@type":"ReadAction","target":["https:\/\/www.visithaapsalu.com\/fi\/lomanviettajille\/tutustu\/matsalu\/"]}]},{"@type":"ImageObject","inLanguage":"fi","@id":"https:\/\/www.visithaapsalu.com\/fi\/lomanviettajille\/tutustu\/matsalu\/#primaryimage","url":"https:\/\/www.visithaapsalu.com\/wp-content\/uploads\/2022\/11\/matsalu.png","contentUrl":"https:\/\/www.visithaapsalu.com\/wp-content\/uploads\/2022\/11\/matsalu.png","width":1920,"height":1272},{"@type":"BreadcrumbList","@id":"https:\/\/www.visithaapsalu.com\/fi\/lomanviettajille\/tutustu\/matsalu\/#breadcrumb","itemListElement":[{"@type":"ListItem","position":1,"name":"Home","item":"https:\/\/www.visithaapsalu.com\/fi\/"},{"@type":"ListItem","position":2,"name":"Lomanviett\u00e4jille","item":"https:\/\/www.visithaapsalu.com\/fi\/"},{"@type":"ListItem","position":3,"name":"Tutustu","item":"https:\/\/www.visithaapsalu.com\/fi\/puhkajale\/avasta\/"},{"@type":"ListItem","position":4,"name":"Matsalu"}]},{"@type":"WebSite","@id":"https:\/\/www.visithaapsalu.com\/fi\/#website","url":"https:\/\/www.visithaapsalu.com\/fi\/","name":"Visit Haapsalu","description":"visithaapsalu","publisher":{"@id":"https:\/\/www.visithaapsalu.com\/fi\/#organization"},"potentialAction":[{"@type":"SearchAction","target":{"@type":"EntryPoint","urlTemplate":"https:\/\/www.visithaapsalu.com\/fi\/?s={search_term_string}"},"query-input":{"@type":"PropertyValueSpecification","valueRequired":true,"valueName":"search_term_string"}}],"inLanguage":"fi"},{"@type":"Organization","@id":"https:\/\/www.visithaapsalu.com\/fi\/#organization","name":"Visit Haapsalu","url":"https:\/\/www.visithaapsalu.com\/fi\/","logo":{"@type":"ImageObject","inLanguage":"fi","@id":"https:\/\/www.visithaapsalu.com\/fi\/#\/schema\/logo\/image\/","url":"https:\/\/www.visithaapsalu.com\/wp-content\/uploads\/2022\/11\/visit-haapsalu.svg","contentUrl":"https:\/\/www.visithaapsalu.com\/wp-content\/uploads\/2022\/11\/visit-haapsalu.svg","width":191,"height":37,"caption":"Visit Haapsalu"},"image":{"@id":"https:\/\/www.visithaapsalu.com\/fi\/#\/schema\/logo\/image\/"},"sameAs":["https:\/\/www.facebook.com\/visithaapsalu\/","https:\/\/www.instagram.com\/visit_haapsalu\/"]}]}},"_links":{"self":[{"href":"https:\/\/www.visithaapsalu.com\/fi\/wp-json\/wp\/v2\/pages\/1790966","targetHints":{"allow":["GET"]}}],"collection":[{"href":"https:\/\/www.visithaapsalu.com\/fi\/wp-json\/wp\/v2\/pages"}],"about":[{"href":"https:\/\/www.visithaapsalu.com\/fi\/wp-json\/wp\/v2\/types\/page"}],"author":[{"embeddable":true,"href":"https:\/\/www.visithaapsalu.com\/fi\/wp-json\/wp\/v2\/users\/2"}],"replies":[{"embeddable":true,"href":"https:\/\/www.visithaapsalu.com\/fi\/wp-json\/wp\/v2\/comments?post=1790966"}],"version-history":[{"count":4,"href":"https:\/\/www.visithaapsalu.com\/fi\/wp-json\/wp\/v2\/pages\/1790966\/revisions"}],"predecessor-version":[{"id":1791229,"href":"https:\/\/www.visithaapsalu.com\/fi\/wp-json\/wp\/v2\/pages\/1790966\/revisions\/1791229"}],"up":[{"embeddable":true,"href":"https:\/\/www.visithaapsalu.com\/fi\/wp-json\/wp\/v2\/pages\/1790922"}],"wp:featuredmedia":[{"embeddable":true,"href":"https:\/\/www.visithaapsalu.com\/fi\/wp-json\/wp\/v2\/media\/1714536"}],"wp:attachment":[{"href":"https:\/\/www.visithaapsalu.com\/fi\/wp-json\/wp\/v2\/media?parent=1790966"}],"curies":[{"name":"wp","href":"https:\/\/api.w.org\/{rel}","templated":true}]}}