{"id":1790948,"date":"2022-12-30T22:22:59","date_gmt":"2022-12-30T20:22:59","guid":{"rendered":"https:\/\/www.visithaapsalu.com\/lomanviettajille\/tutustu\/nova-ja-noarootsi\/"},"modified":"2024-01-08T11:42:23","modified_gmt":"2024-01-08T09:42:23","slug":"nova-ja-noarootsi","status":"publish","type":"page","link":"https:\/\/www.visithaapsalu.com\/fi\/lomanviettajille\/tutustu\/nova-ja-noarootsi\/","title":{"rendered":"N\u00f5va ja Noarootsi"},"content":{"rendered":"\t\t<div data-elementor-type=\"wp-page\" data-elementor-id=\"1790948\" class=\"elementor elementor-1790948 elementor-1717414\" data-elementor-post-type=\"page\">\n\t\t\t\t\t\t<section class=\"elementor-section elementor-top-section elementor-element elementor-element-5453773 elementor-section-content-middle elementor-section-height-min-height elementor-section-boxed elementor-section-height-default elementor-section-items-middle\" data-id=\"5453773\" data-element_type=\"section\" data-e-type=\"section\" data-settings=\"{&quot;background_background&quot;:&quot;classic&quot;}\">\n\t\t\t\t\t\t\t<div class=\"elementor-background-overlay\"><\/div>\n\t\t\t\t\t\t\t<div class=\"elementor-container elementor-column-gap-default\">\n\t\t\t\t\t<div class=\"elementor-column elementor-col-100 elementor-top-column elementor-element elementor-element-c6ffddf\" data-id=\"c6ffddf\" data-element_type=\"column\" data-e-type=\"column\" data-settings=\"{&quot;background_background&quot;:&quot;classic&quot;}\">\n\t\t\t<div class=\"elementor-widget-wrap elementor-element-populated\">\n\t\t\t\t\t\t<div class=\"elementor-element elementor-element-a42a9e6 elementor-widget elementor-widget-heading\" data-id=\"a42a9e6\" data-element_type=\"widget\" data-e-type=\"widget\" data-widget_type=\"heading.default\">\n\t\t\t\t<div class=\"elementor-widget-container\">\n\t\t\t\t\t<h1 class=\"elementor-heading-title elementor-size-default\">N\u00f5va ja Noarootsi<\/h1>\t\t\t\t<\/div>\n\t\t\t\t<\/div>\n\t\t\t\t\t<\/div>\n\t\t<\/div>\n\t\t\t\t\t<\/div>\n\t\t<\/section>\n\t\t\t\t<section class=\"elementor-section elementor-top-section elementor-element elementor-element-4689c61 elementor-section-boxed elementor-section-height-default elementor-section-height-default\" data-id=\"4689c61\" data-element_type=\"section\" data-e-type=\"section\">\n\t\t\t\t\t\t<div class=\"elementor-container elementor-column-gap-default\">\n\t\t\t\t\t<div class=\"elementor-column elementor-col-100 elementor-top-column elementor-element elementor-element-9f4dbe7\" data-id=\"9f4dbe7\" data-element_type=\"column\" data-e-type=\"column\">\n\t\t\t<div class=\"elementor-widget-wrap elementor-element-populated\">\n\t\t\t\t\t\t<div class=\"elementor-element elementor-element-70ecf75 elementor-widget elementor-widget-global elementor-global-118 elementor-widget-image\" data-id=\"70ecf75\" data-element_type=\"widget\" data-e-type=\"widget\" data-widget_type=\"image.default\">\n\t\t\t\t<div class=\"elementor-widget-container\">\n\t\t\t\t\t\t\t\t\t\t\t\t\t\t\t<img decoding=\"async\" width=\"86\" height=\"10\" src=\"https:\/\/www.visithaapsalu.com\/wp-content\/uploads\/2022\/10\/separator.svg\" class=\"attachment-thumbnail size-thumbnail wp-image-1714448\" alt=\"\" \/>\t\t\t\t\t\t\t\t\t\t\t\t\t\t\t<\/div>\n\t\t\t\t<\/div>\n\t\t\t\t\t<\/div>\n\t\t<\/div>\n\t\t\t\t\t<\/div>\n\t\t<\/section>\n\t\t<div class=\"elementor-element elementor-element-6b6c674 e-flex e-con-boxed e-con e-parent\" data-id=\"6b6c674\" data-element_type=\"container\" data-e-type=\"container\">\n\t\t\t\t\t<div class=\"e-con-inner\">\n\t\t\t\t<div class=\"elementor-element elementor-element-84e05fc elementor-widget elementor-widget-text-editor\" data-id=\"84e05fc\" data-element_type=\"widget\" data-e-type=\"widget\" data-widget_type=\"text-editor.default\">\n\t\t\t\t<div class=\"elementor-widget-container\">\n\t\t\t\t\t\t\t\t\t<p><strong>Noarootsi ja N\u00f5va<\/strong> sopivat erityisesti koskemattoman luonnon yst\u00e4ville. Viron luoteisrannikko hurmaa vierailijat kauniilla rannoilla, joissa on laulavaa hiekkaa ja m\u00e4ntymetsi\u00e4 t\u00e4ynn\u00e4 sieni\u00e4 ja marjoja. <\/p>\n\t\t\t\t\t\t\t\t<\/div>\n\t\t\t\t<\/div>\n\t\t\t\t\t<\/div>\n\t\t\t\t<\/div>\n\t\t<div class=\"elementor-element elementor-element-53fd41d e-flex e-con-boxed e-con e-parent\" data-id=\"53fd41d\" data-element_type=\"container\" data-e-type=\"container\">\n\t\t\t\t\t<div class=\"e-con-inner\">\n\t\t<div class=\"elementor-element elementor-element-38edc40 e-con-full e-flex e-con e-parent\" data-id=\"38edc40\" data-element_type=\"container\" data-e-type=\"container\">\n\t\t\t\t<div class=\"elementor-element elementor-element-312efab elementor-widget elementor-widget-text-editor\" data-id=\"312efab\" data-element_type=\"widget\" data-e-type=\"widget\" data-widget_type=\"text-editor.default\">\n\t\t\t\t<div class=\"elementor-widget-container\">\n\t\t\t\t\t\t\t\t\t<p>N\u00f5van ja Noarootsin paikallinen luonto ja nelj\u00e4 kansallista suojelualuetta ovat todellinen helmi &#8211; <strong>L\u00e4\u00e4nemaan Suursoo<\/strong>, <strong>N\u00f5va<\/strong> ja ainutlaatuinen <strong>Osmussaaren maisemansuojelualue<\/strong> sek\u00e4 <strong>Silman<\/strong> ja <strong>Leidissuon luonnonsuojelualueet<\/strong> laajoine dyynimetsineen, soineen ja r\u00e4meineen ovat koti lukuisille riistalajeille: ilvekselle, sudelle, hirvelle ja karhulle. Lintujen valtakunnan ylpeys t\u00e4\u00e4ll\u00e4 ovat joutsenet, joutsenet, nallet, villisikat ja kotkat.<\/p>\n<p>Hiekkavaltaisilla N\u00f5va-joilla ja niiden vaeltavilla suilla on vieh\u00e4tt\u00e4vi\u00e4 kanjonimaisia kanavia, jotka on joskus kaivettu dyynien l\u00e4pi.<\/p>\n\t\t\t\t\t\t\t\t<\/div>\n\t\t\t\t<\/div>\n\t\t\t\t<\/div>\n\t\t<div class=\"elementor-element elementor-element-2f97ac4 e-con-full e-flex e-con e-parent\" data-id=\"2f97ac4\" data-element_type=\"container\" data-e-type=\"container\">\n\t\t\t\t<div class=\"elementor-element elementor-element-87001b3 elementor-widget elementor-widget-image\" data-id=\"87001b3\" data-element_type=\"widget\" data-e-type=\"widget\" data-widget_type=\"image.default\">\n\t\t\t\t<div class=\"elementor-widget-container\">\n\t\t\t\t\t\t\t\t\t\t\t\t\t\t\t<img fetchpriority=\"high\" decoding=\"async\" width=\"1024\" height=\"683\" src=\"https:\/\/www.visithaapsalu.com\/wp-content\/uploads\/2023\/03\/2021-08-15_Dirhami_neem_121_Silver_Raidla-1024x683.jpg\" class=\"attachment-large size-large wp-image-1790556\" alt=\"\" srcset=\"https:\/\/www.visithaapsalu.com\/wp-content\/uploads\/2023\/03\/2021-08-15_Dirhami_neem_121_Silver_Raidla-1024x683.jpg 1024w, https:\/\/www.visithaapsalu.com\/wp-content\/uploads\/2023\/03\/2021-08-15_Dirhami_neem_121_Silver_Raidla-300x200.jpg 300w, https:\/\/www.visithaapsalu.com\/wp-content\/uploads\/2023\/03\/2021-08-15_Dirhami_neem_121_Silver_Raidla-768x512.jpg 768w, https:\/\/www.visithaapsalu.com\/wp-content\/uploads\/2023\/03\/2021-08-15_Dirhami_neem_121_Silver_Raidla-1536x1024.jpg 1536w, https:\/\/www.visithaapsalu.com\/wp-content\/uploads\/2023\/03\/2021-08-15_Dirhami_neem_121_Silver_Raidla-2048x1366.jpg 2048w\" sizes=\"(max-width: 1024px) 100vw, 1024px\" \/>\t\t\t\t\t\t\t\t\t\t\t\t\t\t\t<\/div>\n\t\t\t\t<\/div>\n\t\t\t\t<\/div>\n\t\t\t\t\t<\/div>\n\t\t\t\t<\/div>\n\t\t<div class=\"elementor-element elementor-element-86697ad e-flex e-con-boxed e-con e-parent\" data-id=\"86697ad\" data-element_type=\"container\" data-e-type=\"container\">\n\t\t\t\t\t<div class=\"e-con-inner\">\n\t\t\t\t<div class=\"elementor-element elementor-element-e836cc0 elementor-widget elementor-widget-text-editor\" data-id=\"e836cc0\" data-element_type=\"widget\" data-e-type=\"widget\" data-widget_type=\"text-editor.default\">\n\t\t\t\t<div class=\"elementor-widget-container\">\n\t\t\t\t\t\t\t\t\t<p>Alueella on pieni\u00e4 matalia j\u00e4rvi\u00e4, joita ymp\u00e4r\u00f6iv\u00e4t hiekkadyynit. Kymmenettuhannet linnut saapuvat t\u00e4nne kev\u00e4tmuuton aikana, joten se on yksi Viron parhaista paikoista <strong>lintujen tarkkailuun<\/strong>. Tuhannet arktiset vesilinnut lent\u00e4v\u00e4t t\u00e4nne lintujen muuttoaikana. Merikotkat, kahlaajat ja joutsenet talvehtivat j\u00e4\u00e4tt\u00f6m\u00e4ll\u00e4 merell\u00e4. It\u00e4meri on tasankomeri.<\/p>\n\t\t\t\t\t\t\t\t<\/div>\n\t\t\t\t<\/div>\n\t\t\t\t\t<\/div>\n\t\t\t\t<\/div>\n\t\t<div class=\"elementor-element elementor-element-3cda746 e-flex e-con-boxed e-con e-parent\" data-id=\"3cda746\" data-element_type=\"container\" data-e-type=\"container\">\n\t\t\t\t\t<div class=\"e-con-inner\">\n\t\t<div class=\"elementor-element elementor-element-52bc8f1 e-con-full e-flex e-con e-parent\" data-id=\"52bc8f1\" data-element_type=\"container\" data-e-type=\"container\">\n\t\t\t\t<div class=\"elementor-element elementor-element-42d1e05 elementor-widget elementor-widget-image\" data-id=\"42d1e05\" data-element_type=\"widget\" data-e-type=\"widget\" data-widget_type=\"image.default\">\n\t\t\t\t<div class=\"elementor-widget-container\">\n\t\t\t\t\t\t\t\t\t\t\t\t\t\t\t<img decoding=\"async\" width=\"1024\" height=\"684\" src=\"https:\/\/www.visithaapsalu.com\/wp-content\/uploads\/2023\/03\/Nova-rand-1024x684.jpg\" class=\"attachment-large size-large wp-image-1790559\" alt=\"\" srcset=\"https:\/\/www.visithaapsalu.com\/wp-content\/uploads\/2023\/03\/Nova-rand-1024x684.jpg 1024w, https:\/\/www.visithaapsalu.com\/wp-content\/uploads\/2023\/03\/Nova-rand-300x200.jpg 300w, https:\/\/www.visithaapsalu.com\/wp-content\/uploads\/2023\/03\/Nova-rand-768x513.jpg 768w, https:\/\/www.visithaapsalu.com\/wp-content\/uploads\/2023\/03\/Nova-rand-1536x1025.jpg 1536w, https:\/\/www.visithaapsalu.com\/wp-content\/uploads\/2023\/03\/Nova-rand.jpg 2048w\" sizes=\"(max-width: 1024px) 100vw, 1024px\" \/>\t\t\t\t\t\t\t\t\t\t\t\t\t\t\t<\/div>\n\t\t\t\t<\/div>\n\t\t\t\t<\/div>\n\t\t<div class=\"elementor-element elementor-element-d0af878 e-con-full e-flex e-con e-parent\" data-id=\"d0af878\" data-element_type=\"container\" data-e-type=\"container\">\n\t\t\t\t<div class=\"elementor-element elementor-element-8b50263 elementor-widget elementor-widget-text-editor\" data-id=\"8b50263\" data-element_type=\"widget\" data-e-type=\"widget\" data-widget_type=\"text-editor.default\">\n\t\t\t\t<div class=\"elementor-widget-container\">\n\t\t\t\t\t\t\t\t\t<p>Noarootsi ja N\u00f5va sopivat erinomaisesti surffaukseen, purjehdukseen, marjastukseen, kalastukseen ja tietysti vain rauhasta ja hiljaisuudesta nauttimiseen. T\u00e4\u00e4ll\u00e4 sijaitseva kilometrien pituinen<strong> laulava hiekkarantaviiva<\/strong> on yksi Viron parhaista kes\u00e4kohteista. Kun matkustat rannikkoa pitkin, t\u00e4m\u00e4 on ehdoton pys\u00e4hdyspaikka.<\/p>\n<p>Noarootsi, se on hiekkarannat, m\u00e4ntymets\u00e4t ja dyynien v\u00e4liset suot; se on rannikon riutat ja kauniit rannat laulavine hiekoineen. Kyl\u00e4kylteiss\u00e4 voi n\u00e4hd\u00e4 sanoja kuten <strong>P\u00fcrksi\/ Birkas<\/strong> tai <strong>Saare\/ Lyckholm<\/strong>, ja virolaisten paikannimien joukossa on my\u00f6s vanhan rannikkoruotsin murteen sanoja, jotka merkitsev\u00e4t satamaa, satama-asuntoa tai lahtea. Noarootsi &#8211; meren maa.<\/p>\n\t\t\t\t\t\t\t\t<\/div>\n\t\t\t\t<\/div>\n\t\t\t\t<\/div>\n\t\t\t\t\t<\/div>\n\t\t\t\t<\/div>\n\t\t<div class=\"elementor-element elementor-element-5b2aaa0 e-flex e-con-boxed e-con e-parent\" data-id=\"5b2aaa0\" data-element_type=\"container\" data-e-type=\"container\">\n\t\t\t\t\t<div class=\"e-con-inner\">\n\t\t\t\t<div class=\"elementor-element elementor-element-0c15f50 elementor-widget elementor-widget-text-editor\" data-id=\"0c15f50\" data-element_type=\"widget\" data-e-type=\"widget\" data-widget_type=\"text-editor.default\">\n\t\t\t\t<div class=\"elementor-widget-container\">\n\t\t\t\t\t\t\t\t\t<p>Toiseen maailmansotaan asti Noarootsissa asui virolaisia ruotsalaisia, jotka saapuivat Viron rannikolle ja saarille 1200-luvulla. Viron saaret asutettiin 1200-luvulla p\u00e4\u00e4asiassa Viron  Toisin kuin virolaiset talonpojat, rannikkoruotsalaiset eliv\u00e4t niin sanotun ruotsalaisen lain alaisuudessa, joka takasi heille vapauden ja etuoikeudet.<\/p>\n<p>Viron luoteisrannikko on erityinen paikka sek\u00e4 Virossa ett\u00e4 Euroopassa &#8211; maa, joka on noussut 110 metri\u00e4 viimeisen j\u00e4\u00e4kauden j\u00e4lkeen.<\/p>\n<p><strong>Pyh\u00e4n Olevin kirkko N\u00f5vassa<\/strong> on yksi harvoista s\u00e4ilyneist\u00e4 puukirkoista ja yksi Viron pienimmist\u00e4 kirkoista. Kirkolle on ominaista puiset penkit, joissa on erilainen muotoilu miehille ja naisille.<\/p>\n\t\t\t\t\t\t\t\t<\/div>\n\t\t\t\t<\/div>\n\t\t\t\t\t<\/div>\n\t\t\t\t<\/div>\n\t\t\t\t<section class=\"elementor-section elementor-top-section elementor-element elementor-element-231a9cf elementor-section-height-min-height elementor-section-boxed elementor-section-height-default elementor-section-items-middle\" data-id=\"231a9cf\" data-element_type=\"section\" data-e-type=\"section\">\n\t\t\t\t\t\t<div class=\"elementor-container elementor-column-gap-default\">\n\t\t\t\t\t<div class=\"elementor-column elementor-col-100 elementor-top-column elementor-element elementor-element-e92f82b\" data-id=\"e92f82b\" data-element_type=\"column\" data-e-type=\"column\">\n\t\t\t<div class=\"elementor-widget-wrap elementor-element-populated\">\n\t\t\t\t\t\t<div class=\"elementor-element elementor-element-1cb43fa elementor-cta--skin-cover elementor-cta--valign-bottom elementor-widget elementor-widget-call-to-action\" data-id=\"1cb43fa\" data-element_type=\"widget\" data-e-type=\"widget\" data-widget_type=\"call-to-action.default\">\n\t\t\t\t<div class=\"elementor-widget-container\">\n\t\t\t\t\t\t\t<div class=\"elementor-cta\">\n\t\t\t\t\t<div class=\"elementor-cta__bg-wrapper\">\n\t\t\t\t<div class=\"elementor-cta__bg elementor-bg\" style=\"background-image: url(https:\/\/www.visithaapsalu.com\/wp-content\/uploads\/2022\/11\/majakas-vormsil-1024x671.png);\" role=\"img\" aria-label=\"\u24b8 Raido Nurk\"><\/div>\n\t\t\t\t<div class=\"elementor-cta__bg-overlay\"><\/div>\n\t\t\t<\/div>\n\t\t\t\t\t\t\t<div class=\"elementor-cta__content\">\n\t\t\t\t\n\t\t\t\t\t\t\t\t\t<h1 class=\"elementor-cta__title elementor-cta__content-item elementor-content-item\">\n\t\t\t\t\t\tT\u00e4ydellinen loma N\u00f5valla ja Noarootsissa\t\t\t\t\t<\/h1>\n\t\t\t\t\n\t\t\t\t\n\t\t\t\t\t\t\t\t\t<div class=\"elementor-cta__button-wrapper elementor-cta__content-item elementor-content-item \">\n\t\t\t\t\t<a class=\"elementor-cta__button elementor-button elementor-size-\" href=\"https:\/\/www.visithaapsalu.com\/fi\/lomanviettajille\/mita-tehda\/nova-ja-noarootsi\/\">\n\t\t\t\t\t\tMit\u00e4 tehd\u00e4 \/ minne menn\u00e4\t\t\t\t\t<\/a>\n\t\t\t\t\t<\/div>\n\t\t\t\t\t\t\t<\/div>\n\t\t\t\t\t\t<\/div>\n\t\t\t\t\t\t<\/div>\n\t\t\t\t<\/div>\n\t\t\t\t\t<\/div>\n\t\t<\/div>\n\t\t\t\t\t<\/div>\n\t\t<\/section>\n\t\t\t\t<\/div>\n\t\t","protected":false},"excerpt":{"rendered":"<p>N\u00f5va ja Noarootsi Noarootsi ja N\u00f5va sopivat erityisesti koskemattoman luonnon yst\u00e4ville. Viron luoteisrannikko hurmaa vierailijat kauniilla rannoilla, joissa on laulavaa hiekkaa ja m\u00e4ntymetsi\u00e4 t\u00e4ynn\u00e4 sieni\u00e4 ja marjoja. N\u00f5van ja Noarootsin paikallinen luonto ja nelj\u00e4 kansallista suojelualuetta ovat todellinen helmi &#8211; L\u00e4\u00e4nemaan Suursoo, N\u00f5va ja ainutlaatuinen Osmussaaren maisemansuojelualue sek\u00e4 Silman ja Leidissuon luonnonsuojelualueet laajoine dyynimetsineen, soineen [&hellip;]<\/p>\n","protected":false},"author":2,"featured_media":1714540,"parent":1790922,"menu_order":0,"comment_status":"closed","ping_status":"closed","template":"","meta":{"_acf_changed":false,"footnotes":""},"class_list":["post-1790948","page","type-page","status-publish","has-post-thumbnail","hentry"],"acf":[],"yoast_head":"<!-- This site is optimized with the Yoast SEO plugin v27.3 - https:\/\/yoast.com\/product\/yoast-seo-wordpress\/ -->\n<title>N\u00f5va ja Noarootsi - Visit Haapsalu<\/title>\n<meta name=\"robots\" content=\"index, follow, max-snippet:-1, max-image-preview:large, max-video-preview:-1\" \/>\n<link rel=\"canonical\" href=\"https:\/\/www.visithaapsalu.com\/fi\/lomanviettajille\/tutustu\/nova-ja-noarootsi\/\" \/>\n<meta property=\"og:locale\" content=\"fi_FI\" \/>\n<meta property=\"og:type\" content=\"article\" \/>\n<meta property=\"og:title\" content=\"N\u00f5va ja Noarootsi - Visit Haapsalu\" \/>\n<meta property=\"og:description\" content=\"N\u00f5va ja Noarootsi Noarootsi ja N\u00f5va sopivat erityisesti koskemattoman luonnon yst\u00e4ville. Viron luoteisrannikko hurmaa vierailijat kauniilla rannoilla, joissa on laulavaa hiekkaa ja m\u00e4ntymetsi\u00e4 t\u00e4ynn\u00e4 sieni\u00e4 ja marjoja. N\u00f5van ja Noarootsin paikallinen luonto ja nelj\u00e4 kansallista suojelualuetta ovat todellinen helmi &#8211; L\u00e4\u00e4nemaan Suursoo, N\u00f5va ja ainutlaatuinen Osmussaaren maisemansuojelualue sek\u00e4 Silman ja Leidissuon luonnonsuojelualueet laajoine dyynimetsineen, soineen [&hellip;]\" \/>\n<meta property=\"og:url\" content=\"https:\/\/www.visithaapsalu.com\/fi\/lomanviettajille\/tutustu\/nova-ja-noarootsi\/\" \/>\n<meta property=\"og:site_name\" content=\"Visit Haapsalu\" \/>\n<meta property=\"article:publisher\" content=\"https:\/\/www.facebook.com\/visithaapsalu\/\" \/>\n<meta property=\"article:modified_time\" content=\"2024-01-08T09:42:23+00:00\" \/>\n<meta property=\"og:image\" content=\"https:\/\/www.visithaapsalu.com\/wp-content\/uploads\/2022\/11\/nova-noarootsi.png\" \/>\n\t<meta property=\"og:image:width\" content=\"1600\" \/>\n\t<meta property=\"og:image:height\" content=\"666\" \/>\n\t<meta property=\"og:image:type\" content=\"image\/png\" \/>\n<meta name=\"twitter:card\" content=\"summary_large_image\" \/>\n<meta name=\"twitter:label1\" content=\"Arvioitu lukuaika\" \/>\n\t<meta name=\"twitter:data1\" content=\"2 minuuttia\" \/>\n<script type=\"application\/ld+json\" class=\"yoast-schema-graph\">{\"@context\":\"https:\\\/\\\/schema.org\",\"@graph\":[{\"@type\":\"WebPage\",\"@id\":\"https:\\\/\\\/www.visithaapsalu.com\\\/fi\\\/lomanviettajille\\\/tutustu\\\/nova-ja-noarootsi\\\/\",\"url\":\"https:\\\/\\\/www.visithaapsalu.com\\\/fi\\\/lomanviettajille\\\/tutustu\\\/nova-ja-noarootsi\\\/\",\"name\":\"N\u00f5va ja Noarootsi - Visit Haapsalu\",\"isPartOf\":{\"@id\":\"https:\\\/\\\/www.visithaapsalu.com\\\/fi\\\/#website\"},\"primaryImageOfPage\":{\"@id\":\"https:\\\/\\\/www.visithaapsalu.com\\\/fi\\\/lomanviettajille\\\/tutustu\\\/nova-ja-noarootsi\\\/#primaryimage\"},\"image\":{\"@id\":\"https:\\\/\\\/www.visithaapsalu.com\\\/fi\\\/lomanviettajille\\\/tutustu\\\/nova-ja-noarootsi\\\/#primaryimage\"},\"thumbnailUrl\":\"https:\\\/\\\/www.visithaapsalu.com\\\/wp-content\\\/uploads\\\/2022\\\/11\\\/nova-noarootsi.png\",\"datePublished\":\"2022-12-30T20:22:59+00:00\",\"dateModified\":\"2024-01-08T09:42:23+00:00\",\"breadcrumb\":{\"@id\":\"https:\\\/\\\/www.visithaapsalu.com\\\/fi\\\/lomanviettajille\\\/tutustu\\\/nova-ja-noarootsi\\\/#breadcrumb\"},\"inLanguage\":\"fi\",\"potentialAction\":[{\"@type\":\"ReadAction\",\"target\":[\"https:\\\/\\\/www.visithaapsalu.com\\\/fi\\\/lomanviettajille\\\/tutustu\\\/nova-ja-noarootsi\\\/\"]}]},{\"@type\":\"ImageObject\",\"inLanguage\":\"fi\",\"@id\":\"https:\\\/\\\/www.visithaapsalu.com\\\/fi\\\/lomanviettajille\\\/tutustu\\\/nova-ja-noarootsi\\\/#primaryimage\",\"url\":\"https:\\\/\\\/www.visithaapsalu.com\\\/wp-content\\\/uploads\\\/2022\\\/11\\\/nova-noarootsi.png\",\"contentUrl\":\"https:\\\/\\\/www.visithaapsalu.com\\\/wp-content\\\/uploads\\\/2022\\\/11\\\/nova-noarootsi.png\",\"width\":1600,\"height\":666},{\"@type\":\"BreadcrumbList\",\"@id\":\"https:\\\/\\\/www.visithaapsalu.com\\\/fi\\\/lomanviettajille\\\/tutustu\\\/nova-ja-noarootsi\\\/#breadcrumb\",\"itemListElement\":[{\"@type\":\"ListItem\",\"position\":1,\"name\":\"Home\",\"item\":\"https:\\\/\\\/www.visithaapsalu.com\\\/fi\\\/\"},{\"@type\":\"ListItem\",\"position\":2,\"name\":\"Lomanviett\u00e4jille\",\"item\":\"https:\\\/\\\/www.visithaapsalu.com\\\/fi\\\/\"},{\"@type\":\"ListItem\",\"position\":3,\"name\":\"Tutustu\",\"item\":\"https:\\\/\\\/www.visithaapsalu.com\\\/fi\\\/puhkajale\\\/avasta\\\/\"},{\"@type\":\"ListItem\",\"position\":4,\"name\":\"N\u00f5va ja Noarootsi\"}]},{\"@type\":\"WebSite\",\"@id\":\"https:\\\/\\\/www.visithaapsalu.com\\\/fi\\\/#website\",\"url\":\"https:\\\/\\\/www.visithaapsalu.com\\\/fi\\\/\",\"name\":\"Visit Haapsalu\",\"description\":\"visithaapsalu\",\"publisher\":{\"@id\":\"https:\\\/\\\/www.visithaapsalu.com\\\/fi\\\/#organization\"},\"potentialAction\":[{\"@type\":\"SearchAction\",\"target\":{\"@type\":\"EntryPoint\",\"urlTemplate\":\"https:\\\/\\\/www.visithaapsalu.com\\\/fi\\\/?s={search_term_string}\"},\"query-input\":{\"@type\":\"PropertyValueSpecification\",\"valueRequired\":true,\"valueName\":\"search_term_string\"}}],\"inLanguage\":\"fi\"},{\"@type\":\"Organization\",\"@id\":\"https:\\\/\\\/www.visithaapsalu.com\\\/fi\\\/#organization\",\"name\":\"Visit Haapsalu\",\"url\":\"https:\\\/\\\/www.visithaapsalu.com\\\/fi\\\/\",\"logo\":{\"@type\":\"ImageObject\",\"inLanguage\":\"fi\",\"@id\":\"https:\\\/\\\/www.visithaapsalu.com\\\/fi\\\/#\\\/schema\\\/logo\\\/image\\\/\",\"url\":\"https:\\\/\\\/www.visithaapsalu.com\\\/wp-content\\\/uploads\\\/2022\\\/11\\\/visit-haapsalu.svg\",\"contentUrl\":\"https:\\\/\\\/www.visithaapsalu.com\\\/wp-content\\\/uploads\\\/2022\\\/11\\\/visit-haapsalu.svg\",\"width\":191,\"height\":37,\"caption\":\"Visit Haapsalu\"},\"image\":{\"@id\":\"https:\\\/\\\/www.visithaapsalu.com\\\/fi\\\/#\\\/schema\\\/logo\\\/image\\\/\"},\"sameAs\":[\"https:\\\/\\\/www.facebook.com\\\/visithaapsalu\\\/\",\"https:\\\/\\\/www.instagram.com\\\/visit_haapsalu\\\/\"]}]}<\/script>\n<!-- \/ Yoast SEO plugin. -->","yoast_head_json":{"title":"N\u00f5va ja Noarootsi - Visit Haapsalu","robots":{"index":"index","follow":"follow","max-snippet":"max-snippet:-1","max-image-preview":"max-image-preview:large","max-video-preview":"max-video-preview:-1"},"canonical":"https:\/\/www.visithaapsalu.com\/fi\/lomanviettajille\/tutustu\/nova-ja-noarootsi\/","og_locale":"fi_FI","og_type":"article","og_title":"N\u00f5va ja Noarootsi - Visit Haapsalu","og_description":"N\u00f5va ja Noarootsi Noarootsi ja N\u00f5va sopivat erityisesti koskemattoman luonnon yst\u00e4ville. Viron luoteisrannikko hurmaa vierailijat kauniilla rannoilla, joissa on laulavaa hiekkaa ja m\u00e4ntymetsi\u00e4 t\u00e4ynn\u00e4 sieni\u00e4 ja marjoja. N\u00f5van ja Noarootsin paikallinen luonto ja nelj\u00e4 kansallista suojelualuetta ovat todellinen helmi &#8211; L\u00e4\u00e4nemaan Suursoo, N\u00f5va ja ainutlaatuinen Osmussaaren maisemansuojelualue sek\u00e4 Silman ja Leidissuon luonnonsuojelualueet laajoine dyynimetsineen, soineen [&hellip;]","og_url":"https:\/\/www.visithaapsalu.com\/fi\/lomanviettajille\/tutustu\/nova-ja-noarootsi\/","og_site_name":"Visit Haapsalu","article_publisher":"https:\/\/www.facebook.com\/visithaapsalu\/","article_modified_time":"2024-01-08T09:42:23+00:00","og_image":[{"width":1600,"height":666,"url":"https:\/\/www.visithaapsalu.com\/wp-content\/uploads\/2022\/11\/nova-noarootsi.png","type":"image\/png"}],"twitter_card":"summary_large_image","twitter_misc":{"Arvioitu lukuaika":"2 minuuttia"},"schema":{"@context":"https:\/\/schema.org","@graph":[{"@type":"WebPage","@id":"https:\/\/www.visithaapsalu.com\/fi\/lomanviettajille\/tutustu\/nova-ja-noarootsi\/","url":"https:\/\/www.visithaapsalu.com\/fi\/lomanviettajille\/tutustu\/nova-ja-noarootsi\/","name":"N\u00f5va ja Noarootsi - Visit Haapsalu","isPartOf":{"@id":"https:\/\/www.visithaapsalu.com\/fi\/#website"},"primaryImageOfPage":{"@id":"https:\/\/www.visithaapsalu.com\/fi\/lomanviettajille\/tutustu\/nova-ja-noarootsi\/#primaryimage"},"image":{"@id":"https:\/\/www.visithaapsalu.com\/fi\/lomanviettajille\/tutustu\/nova-ja-noarootsi\/#primaryimage"},"thumbnailUrl":"https:\/\/www.visithaapsalu.com\/wp-content\/uploads\/2022\/11\/nova-noarootsi.png","datePublished":"2022-12-30T20:22:59+00:00","dateModified":"2024-01-08T09:42:23+00:00","breadcrumb":{"@id":"https:\/\/www.visithaapsalu.com\/fi\/lomanviettajille\/tutustu\/nova-ja-noarootsi\/#breadcrumb"},"inLanguage":"fi","potentialAction":[{"@type":"ReadAction","target":["https:\/\/www.visithaapsalu.com\/fi\/lomanviettajille\/tutustu\/nova-ja-noarootsi\/"]}]},{"@type":"ImageObject","inLanguage":"fi","@id":"https:\/\/www.visithaapsalu.com\/fi\/lomanviettajille\/tutustu\/nova-ja-noarootsi\/#primaryimage","url":"https:\/\/www.visithaapsalu.com\/wp-content\/uploads\/2022\/11\/nova-noarootsi.png","contentUrl":"https:\/\/www.visithaapsalu.com\/wp-content\/uploads\/2022\/11\/nova-noarootsi.png","width":1600,"height":666},{"@type":"BreadcrumbList","@id":"https:\/\/www.visithaapsalu.com\/fi\/lomanviettajille\/tutustu\/nova-ja-noarootsi\/#breadcrumb","itemListElement":[{"@type":"ListItem","position":1,"name":"Home","item":"https:\/\/www.visithaapsalu.com\/fi\/"},{"@type":"ListItem","position":2,"name":"Lomanviett\u00e4jille","item":"https:\/\/www.visithaapsalu.com\/fi\/"},{"@type":"ListItem","position":3,"name":"Tutustu","item":"https:\/\/www.visithaapsalu.com\/fi\/puhkajale\/avasta\/"},{"@type":"ListItem","position":4,"name":"N\u00f5va ja Noarootsi"}]},{"@type":"WebSite","@id":"https:\/\/www.visithaapsalu.com\/fi\/#website","url":"https:\/\/www.visithaapsalu.com\/fi\/","name":"Visit Haapsalu","description":"visithaapsalu","publisher":{"@id":"https:\/\/www.visithaapsalu.com\/fi\/#organization"},"potentialAction":[{"@type":"SearchAction","target":{"@type":"EntryPoint","urlTemplate":"https:\/\/www.visithaapsalu.com\/fi\/?s={search_term_string}"},"query-input":{"@type":"PropertyValueSpecification","valueRequired":true,"valueName":"search_term_string"}}],"inLanguage":"fi"},{"@type":"Organization","@id":"https:\/\/www.visithaapsalu.com\/fi\/#organization","name":"Visit Haapsalu","url":"https:\/\/www.visithaapsalu.com\/fi\/","logo":{"@type":"ImageObject","inLanguage":"fi","@id":"https:\/\/www.visithaapsalu.com\/fi\/#\/schema\/logo\/image\/","url":"https:\/\/www.visithaapsalu.com\/wp-content\/uploads\/2022\/11\/visit-haapsalu.svg","contentUrl":"https:\/\/www.visithaapsalu.com\/wp-content\/uploads\/2022\/11\/visit-haapsalu.svg","width":191,"height":37,"caption":"Visit Haapsalu"},"image":{"@id":"https:\/\/www.visithaapsalu.com\/fi\/#\/schema\/logo\/image\/"},"sameAs":["https:\/\/www.facebook.com\/visithaapsalu\/","https:\/\/www.instagram.com\/visit_haapsalu\/"]}]}},"_links":{"self":[{"href":"https:\/\/www.visithaapsalu.com\/fi\/wp-json\/wp\/v2\/pages\/1790948","targetHints":{"allow":["GET"]}}],"collection":[{"href":"https:\/\/www.visithaapsalu.com\/fi\/wp-json\/wp\/v2\/pages"}],"about":[{"href":"https:\/\/www.visithaapsalu.com\/fi\/wp-json\/wp\/v2\/types\/page"}],"author":[{"embeddable":true,"href":"https:\/\/www.visithaapsalu.com\/fi\/wp-json\/wp\/v2\/users\/2"}],"replies":[{"embeddable":true,"href":"https:\/\/www.visithaapsalu.com\/fi\/wp-json\/wp\/v2\/comments?post=1790948"}],"version-history":[{"count":5,"href":"https:\/\/www.visithaapsalu.com\/fi\/wp-json\/wp\/v2\/pages\/1790948\/revisions"}],"predecessor-version":[{"id":1792161,"href":"https:\/\/www.visithaapsalu.com\/fi\/wp-json\/wp\/v2\/pages\/1790948\/revisions\/1792161"}],"up":[{"embeddable":true,"href":"https:\/\/www.visithaapsalu.com\/fi\/wp-json\/wp\/v2\/pages\/1790922"}],"wp:featuredmedia":[{"embeddable":true,"href":"https:\/\/www.visithaapsalu.com\/fi\/wp-json\/wp\/v2\/media\/1714540"}],"wp:attachment":[{"href":"https:\/\/www.visithaapsalu.com\/fi\/wp-json\/wp\/v2\/media?parent=1790948"}],"curies":[{"name":"wp","href":"https:\/\/api.w.org\/{rel}","templated":true}]}}