{"id":1790940,"date":"2023-02-05T18:21:06","date_gmt":"2023-02-05T16:21:06","guid":{"rendered":"https:\/\/www.visithaapsalu.com\/lomanviettajille\/kohokohdat\/"},"modified":"2026-03-10T22:44:56","modified_gmt":"2026-03-10T20:44:56","slug":"kohokohdat","status":"publish","type":"page","link":"https:\/\/www.visithaapsalu.com\/fi\/lomanviettajille\/kohokohdat\/","title":{"rendered":"Kohokohdat"},"content":{"rendered":"\t\t<div data-elementor-type=\"wp-page\" data-elementor-id=\"1790940\" class=\"elementor elementor-1790940 elementor-1739700\" data-elementor-post-type=\"page\">\n\t\t\t\t<div class=\"elementor-element elementor-element-9e19936 e-flex e-con-boxed e-con e-parent\" data-id=\"9e19936\" data-element_type=\"container\" data-e-type=\"container\">\n\t\t\t\t\t<div class=\"e-con-inner\">\n\t\t\t\t<div class=\"elementor-element elementor-element-2febd30 elementor-widget elementor-widget-heading\" data-id=\"2febd30\" data-element_type=\"widget\" data-e-type=\"widget\" data-widget_type=\"heading.default\">\n\t\t\t\t<div class=\"elementor-widget-container\">\n\t\t\t\t\t<h2 class=\"elementor-heading-title elementor-size-default\">Suurtapahtumat Haapsalussa 2026<\/h2>\t\t\t\t<\/div>\n\t\t\t\t<\/div>\n\t\t\t\t\t<\/div>\n\t\t\t\t<\/div>\n\t\t<div class=\"elementor-element elementor-element-2d2185e e-flex e-con-boxed e-con e-parent\" data-id=\"2d2185e\" data-element_type=\"container\" data-e-type=\"container\">\n\t\t\t\t\t<div class=\"e-con-inner\">\n\t\t\t\t<div class=\"elementor-element elementor-element-323c2e9 elementor-widget elementor-widget-image\" data-id=\"323c2e9\" data-element_type=\"widget\" data-e-type=\"widget\" data-widget_type=\"image.default\">\n\t\t\t\t<div class=\"elementor-widget-container\">\n\t\t\t\t\t\t\t\t\t\t\t\t\t\t\t<img fetchpriority=\"high\" decoding=\"async\" width=\"1024\" height=\"684\" src=\"https:\/\/www.visithaapsalu.com\/wp-content\/uploads\/2023\/04\/Augustibluus_180_Silver_Raidla-1024x684.jpg\" class=\"attachment-large size-large wp-image-1791474\" alt=\"\" srcset=\"https:\/\/www.visithaapsalu.com\/wp-content\/uploads\/2023\/04\/Augustibluus_180_Silver_Raidla-1024x684.jpg 1024w, https:\/\/www.visithaapsalu.com\/wp-content\/uploads\/2023\/04\/Augustibluus_180_Silver_Raidla-300x200.jpg 300w, https:\/\/www.visithaapsalu.com\/wp-content\/uploads\/2023\/04\/Augustibluus_180_Silver_Raidla-768x513.jpg 768w, https:\/\/www.visithaapsalu.com\/wp-content\/uploads\/2023\/04\/Augustibluus_180_Silver_Raidla-1536x1025.jpg 1536w, https:\/\/www.visithaapsalu.com\/wp-content\/uploads\/2023\/04\/Augustibluus_180_Silver_Raidla-2048x1367.jpg 2048w\" sizes=\"(max-width: 1024px) 100vw, 1024px\" \/>\t\t\t\t\t\t\t\t\t\t\t\t\t\t\t<\/div>\n\t\t\t\t<\/div>\n\t\t\t\t\t<\/div>\n\t\t\t\t<\/div>\n\t\t<div class=\"elementor-element elementor-element-d5a1376 e-flex e-con-boxed e-con e-parent\" data-id=\"d5a1376\" data-element_type=\"container\" data-e-type=\"container\">\n\t\t\t\t\t<div class=\"e-con-inner\">\n\t\t\t\t<div class=\"elementor-element elementor-element-960d828 elementor-widget elementor-widget-spacer\" data-id=\"960d828\" data-element_type=\"widget\" data-e-type=\"widget\" data-widget_type=\"spacer.default\">\n\t\t\t\t<div class=\"elementor-widget-container\">\n\t\t\t\t\t\t\t<div class=\"elementor-spacer\">\n\t\t\t<div class=\"elementor-spacer-inner\"><\/div>\n\t\t<\/div>\n\t\t\t\t\t\t<\/div>\n\t\t\t\t<\/div>\n\t\t\t\t\t<\/div>\n\t\t\t\t<\/div>\n\t\t<div class=\"elementor-element elementor-element-71f7e60 e-flex e-con-boxed e-con e-parent\" data-id=\"71f7e60\" data-element_type=\"container\" data-e-type=\"container\">\n\t\t\t\t\t<div class=\"e-con-inner\">\n\t\t<div class=\"elementor-element elementor-element-0d2c68f e-con-full e-flex e-con e-child\" data-id=\"0d2c68f\" data-element_type=\"container\" data-e-type=\"container\">\n\t\t\t\t<div class=\"elementor-element elementor-element-9049151 elementor-widget elementor-widget-text-editor\" data-id=\"9049151\" data-element_type=\"widget\" data-e-type=\"widget\" data-widget_type=\"text-editor.default\">\n\t\t\t\t<div class=\"elementor-widget-container\">\n\t\t\t\t\t\t\t\t\t<p>03.01\u00a0 \u00a0 \u00a0 \u00a0 \u00a0 \u00a0 <strong><a href=\"https:\/\/www.kultuurimaja.ee\/syndmused\/kolmekuningapaeva-laat-2025\/\">Kolmen Kuninkaan P\u00e4iv\u00e4n (eli Loppiaisen) markkinat<\/a><\/strong><\/p><p>24.01\u00a0 \u00a0 \u00a0 \u00a0 \u00a0 \u00a0 <strong><a href=\"https:\/\/www.facebook.com\/events\/25886124044358417?acontext=%7B%22event_action_history%22%3A[%7B%22surface%22%3A%22home%22%7D%2C%7B%22mechanism%22%3A%22attachment%22%2C%22surface%22%3A%22newsfeed%22%7D]%2C%22ref_notif_type%22%3Anull%7D&amp;locale=et_EE\">Skotlantilainen juhla<\/a><\/strong><\/p><p>30.04 &#8211; 02.05 <strong><a href=\"https:\/\/hoff.ee\/en\/\">H\u00d5FF Haapsalun kauhu-ja fantasiaelokuvafestivaali<\/a><\/strong><\/p><p>09.05 \u00a0\u00a0 \u00a0\u00a0 \u00a0\u00a0 \u00a0 <strong><a href=\"https:\/\/www.facebook.com\/chokolatefest\">Suklaafestivaali<\/a><\/strong><\/p><p>05.-06.06\u00a0 \u00a0<strong><a href=\"https:\/\/festivalitaalia.ee\/#programm\">Festival Itaalia<\/a><\/strong> &amp;\u00a0 \u00a0<strong><a href=\"https:\/\/visitestonia.com\/fi\/italian-viinijuhlat\">Italialainen viinijuhla <\/a><\/strong><\/p><p>20.-24.06\u00a0 \u00a0<strong><a href=\"https:\/\/midateha.visithaapsalu.com\/\">Juhannuskokko eri puolilla maakuntaa<\/a><\/strong><\/p><p>26.-27.06\u00a0 \u00a0 <strong><a href=\"https:\/\/www.facebook.com\/events\/1383121899974758?locale=et_EE\">Haapsalun makujen promenadi\u00a0<\/a><\/strong><\/p><p>02.-05.07\u00a0 \u00a0<strong><a href=\"https:\/\/eestikontsert.ee\/festivalid\/haapsalu-valgete-oode-fest\/\">Haapsalun valkoisten \u00f6iden musiikkifestivaali<\/a><\/strong><\/p><p>10.-12.07\u00a0 \u00a0 <strong>\u00a0<a href=\"https:\/\/americanbeauty.ee\/en\/\"> American Beauty Summer Meet\u00a0 \u00a0 \u00a0 \u00a0 \u00a0<\/a><\/strong><\/p>\t\t\t\t\t\t\t\t<\/div>\n\t\t\t\t<\/div>\n\t\t\t\t<\/div>\n\t\t<div class=\"elementor-element elementor-element-b74d2e3 e-con-full e-flex e-con e-child\" data-id=\"b74d2e3\" data-element_type=\"container\" data-e-type=\"container\">\n\t\t\t\t<div class=\"elementor-element elementor-element-07d5581 elementor-widget elementor-widget-text-editor\" data-id=\"07d5581\" data-element_type=\"widget\" data-e-type=\"widget\" data-widget_type=\"text-editor.default\">\n\t\t\t\t<div class=\"elementor-widget-container\">\n\t\t\t\t\t\t\t\t\t<p>17.-18.07\u00a0 \u00a0 <strong><a href=\"https:\/\/www.tafffestival.ee\/tutvustus\">TAFF:fest<\/a><\/strong>&#8211; jazzfestivaali<\/p><p>24.-25.07 \u00a0<strong><a href=\"https:\/\/www.toidutanavad.ee\/haapsalu-toidutanav-2026\/\">Suuri Haapsalun ruokakatu <\/a><\/strong><\/p><p>23.-26.07 \u00a0<strong><a href=\"https:\/\/www.studiovocale.ee\/en\/\">Haapsalun Vanhan Musiikin Fesivaali<\/a><\/strong><\/p><p>31.07-02.08\u00a0 <strong><a href=\"https:\/\/www.augustibluus.ee\/en\/\">Augustibluus <\/a><\/strong>&#8211; Baltian suurin blues-festivaali<\/p><p>08.-09.08 \u00a0 <strong><a href=\"https:\/\/www.facebook.com\/profile.php?id=61557569356176&amp;locale=et_EE\">Haapsalun Kotikahviloiden p\u00e4iv\u00e4t<\/a><\/strong><\/p><p>28.-30.08\u00a0 \u00a0 <strong><a href=\"https:\/\/visitestonia.com\/fi\/valkoisen-daamin-aika\">Valkoisen Daamin Aika<\/a><\/strong><\/p><p>29.08\u00a0 \u00a0 \u00a0 \u00a0 Muinaistulien y\u00f6 Haapsalun satamoissa<\/p><p>05.09 \u00a0\u00a0 \u00a0\u00a0 \u00a0<strong><a href=\"https:\/\/www.facebook.com\/gurmeeturg\">Gourmet-markkinat<\/a><\/strong> Haapsalussa\u00a0<\/p><p>11.-13.09\u00a0 \u00a0 <a href=\"https:\/\/visitestonia.com\/fi\/nostalgiapaivat\"><strong>Vintage Weekend<\/strong><\/a><\/p><ul><li>Suurtapahtumien aikataulua p\u00e4ivitet\u00e4\u00e4n edelleen ja siihen voi tulla muutoksia.<\/li><\/ul>\t\t\t\t\t\t\t\t<\/div>\n\t\t\t\t<\/div>\n\t\t\t\t<\/div>\n\t\t\t\t\t<\/div>\n\t\t\t\t<\/div>\n\t\t<div class=\"elementor-element elementor-element-5e69c6f e-flex e-con-boxed e-con e-parent\" data-id=\"5e69c6f\" data-element_type=\"container\" data-e-type=\"container\">\n\t\t\t\t\t<div class=\"e-con-inner\">\n\t\t\t\t<div class=\"elementor-element elementor-element-c9afba8 elementor-widget elementor-widget-text-editor\" data-id=\"c9afba8\" data-element_type=\"widget\" data-e-type=\"widget\" data-widget_type=\"text-editor.default\">\n\t\t\t\t<div class=\"elementor-widget-container\">\n\t\t\t\t\t\t\t\t\t<p>L\u00f6yd\u00e4 lis\u00e4\u00e4 tapahtumia Haapsalusta ja L\u00e4\u00e4nemaalta. <strong><a href=\"http:\/\/midateha.visithaapsalu.com\/\" target=\"_blank\" rel=\"noopener\">midateha.visithaapsalu.com.<\/a><\/strong><\/p>\n\t\t\t\t\t\t\t\t<\/div>\n\t\t\t\t<\/div>\n\t\t\t\t\t<\/div>\n\t\t\t\t<\/div>\n\t\t\t\t<\/div>\n\t\t","protected":false},"excerpt":{"rendered":"<p>Suurtapahtumat Haapsalussa 2026 03.01\u00a0 \u00a0 \u00a0 \u00a0 \u00a0 \u00a0 Kolmen Kuninkaan P\u00e4iv\u00e4n (eli Loppiaisen) markkinat 24.01\u00a0 \u00a0 \u00a0 \u00a0 \u00a0 \u00a0 Skotlantilainen juhla 30.04 &#8211; 02.05 H\u00d5FF Haapsalun kauhu-ja fantasiaelokuvafestivaali 09.05 \u00a0\u00a0 \u00a0\u00a0 \u00a0\u00a0 \u00a0 Suklaafestivaali 05.-06.06\u00a0 \u00a0Festival Itaalia &amp;\u00a0 \u00a0Italialainen viinijuhla 20.-24.06\u00a0 \u00a0Juhannuskokko eri puolilla maakuntaa 26.-27.06\u00a0 \u00a0 Haapsalun makujen promenadi\u00a0 02.-05.07\u00a0 \u00a0Haapsalun valkoisten [&hellip;]<\/p>\n","protected":false},"author":2,"featured_media":1739705,"parent":1790799,"menu_order":0,"comment_status":"closed","ping_status":"closed","template":"","meta":{"_acf_changed":false,"footnotes":""},"class_list":["post-1790940","page","type-page","status-publish","has-post-thumbnail","hentry"],"acf":[],"yoast_head":"<!-- This site is optimized with the Yoast SEO plugin v27.3 - https:\/\/yoast.com\/product\/yoast-seo-wordpress\/ -->\n<title>Kohokohdat - Visit Haapsalu<\/title>\n<meta name=\"robots\" content=\"index, follow, max-snippet:-1, max-image-preview:large, max-video-preview:-1\" \/>\n<link rel=\"canonical\" href=\"https:\/\/www.visithaapsalu.com\/fi\/lomanviettajille\/kohokohdat\/\" \/>\n<meta property=\"og:locale\" content=\"fi_FI\" \/>\n<meta property=\"og:type\" content=\"article\" \/>\n<meta property=\"og:title\" content=\"Kohokohdat - Visit Haapsalu\" \/>\n<meta property=\"og:description\" content=\"Suurtapahtumat Haapsalussa 2026 03.01\u00a0 \u00a0 \u00a0 \u00a0 \u00a0 \u00a0 Kolmen Kuninkaan P\u00e4iv\u00e4n (eli Loppiaisen) markkinat 24.01\u00a0 \u00a0 \u00a0 \u00a0 \u00a0 \u00a0 Skotlantilainen juhla 30.04 &#8211; 02.05 H\u00d5FF Haapsalun kauhu-ja fantasiaelokuvafestivaali 09.05 \u00a0\u00a0 \u00a0\u00a0 \u00a0\u00a0 \u00a0 Suklaafestivaali 05.-06.06\u00a0 \u00a0Festival Itaalia &amp;\u00a0 \u00a0Italialainen viinijuhla 20.-24.06\u00a0 \u00a0Juhannuskokko eri puolilla maakuntaa 26.-27.06\u00a0 \u00a0 Haapsalun makujen promenadi\u00a0 02.-05.07\u00a0 \u00a0Haapsalun valkoisten [&hellip;]\" \/>\n<meta property=\"og:url\" content=\"https:\/\/www.visithaapsalu.com\/fi\/lomanviettajille\/kohokohdat\/\" \/>\n<meta property=\"og:site_name\" content=\"Visit Haapsalu\" \/>\n<meta property=\"article:publisher\" content=\"https:\/\/www.facebook.com\/visithaapsalu\/\" \/>\n<meta property=\"article:modified_time\" content=\"2026-03-10T20:44:56+00:00\" \/>\n<meta property=\"og:image\" content=\"https:\/\/www.visithaapsalu.com\/wp-content\/uploads\/2023\/02\/Haapsalu_Jaanituli_2018_-_88_Silver_Raidla-1-scaled.jpg\" \/>\n\t<meta property=\"og:image:width\" content=\"2560\" \/>\n\t<meta property=\"og:image:height\" content=\"1918\" \/>\n\t<meta property=\"og:image:type\" content=\"image\/jpeg\" \/>\n<meta name=\"twitter:card\" content=\"summary_large_image\" \/>\n<meta name=\"twitter:label1\" content=\"Arvioitu lukuaika\" \/>\n\t<meta name=\"twitter:data1\" content=\"1 minuutti\" \/>\n<script type=\"application\/ld+json\" class=\"yoast-schema-graph\">{\"@context\":\"https:\\\/\\\/schema.org\",\"@graph\":[{\"@type\":\"WebPage\",\"@id\":\"https:\\\/\\\/www.visithaapsalu.com\\\/fi\\\/lomanviettajille\\\/kohokohdat\\\/\",\"url\":\"https:\\\/\\\/www.visithaapsalu.com\\\/fi\\\/lomanviettajille\\\/kohokohdat\\\/\",\"name\":\"Kohokohdat - Visit Haapsalu\",\"isPartOf\":{\"@id\":\"https:\\\/\\\/www.visithaapsalu.com\\\/fi\\\/#website\"},\"primaryImageOfPage\":{\"@id\":\"https:\\\/\\\/www.visithaapsalu.com\\\/fi\\\/lomanviettajille\\\/kohokohdat\\\/#primaryimage\"},\"image\":{\"@id\":\"https:\\\/\\\/www.visithaapsalu.com\\\/fi\\\/lomanviettajille\\\/kohokohdat\\\/#primaryimage\"},\"thumbnailUrl\":\"https:\\\/\\\/www.visithaapsalu.com\\\/wp-content\\\/uploads\\\/2023\\\/02\\\/Haapsalu_Jaanituli_2018_-_88_Silver_Raidla-1-scaled.jpg\",\"datePublished\":\"2023-02-05T16:21:06+00:00\",\"dateModified\":\"2026-03-10T20:44:56+00:00\",\"breadcrumb\":{\"@id\":\"https:\\\/\\\/www.visithaapsalu.com\\\/fi\\\/lomanviettajille\\\/kohokohdat\\\/#breadcrumb\"},\"inLanguage\":\"fi\",\"potentialAction\":[{\"@type\":\"ReadAction\",\"target\":[\"https:\\\/\\\/www.visithaapsalu.com\\\/fi\\\/lomanviettajille\\\/kohokohdat\\\/\"]}]},{\"@type\":\"ImageObject\",\"inLanguage\":\"fi\",\"@id\":\"https:\\\/\\\/www.visithaapsalu.com\\\/fi\\\/lomanviettajille\\\/kohokohdat\\\/#primaryimage\",\"url\":\"https:\\\/\\\/www.visithaapsalu.com\\\/wp-content\\\/uploads\\\/2023\\\/02\\\/Haapsalu_Jaanituli_2018_-_88_Silver_Raidla-1-scaled.jpg\",\"contentUrl\":\"https:\\\/\\\/www.visithaapsalu.com\\\/wp-content\\\/uploads\\\/2023\\\/02\\\/Haapsalu_Jaanituli_2018_-_88_Silver_Raidla-1-scaled.jpg\",\"width\":2560,\"height\":1918},{\"@type\":\"BreadcrumbList\",\"@id\":\"https:\\\/\\\/www.visithaapsalu.com\\\/fi\\\/lomanviettajille\\\/kohokohdat\\\/#breadcrumb\",\"itemListElement\":[{\"@type\":\"ListItem\",\"position\":1,\"name\":\"Home\",\"item\":\"https:\\\/\\\/www.visithaapsalu.com\\\/fi\\\/\"},{\"@type\":\"ListItem\",\"position\":2,\"name\":\"Lomanviett\u00e4jille\",\"item\":\"https:\\\/\\\/www.visithaapsalu.com\\\/fi\\\/\"},{\"@type\":\"ListItem\",\"position\":3,\"name\":\"Kohokohdat\"}]},{\"@type\":\"WebSite\",\"@id\":\"https:\\\/\\\/www.visithaapsalu.com\\\/fi\\\/#website\",\"url\":\"https:\\\/\\\/www.visithaapsalu.com\\\/fi\\\/\",\"name\":\"Visit Haapsalu\",\"description\":\"visithaapsalu\",\"publisher\":{\"@id\":\"https:\\\/\\\/www.visithaapsalu.com\\\/fi\\\/#organization\"},\"potentialAction\":[{\"@type\":\"SearchAction\",\"target\":{\"@type\":\"EntryPoint\",\"urlTemplate\":\"https:\\\/\\\/www.visithaapsalu.com\\\/fi\\\/?s={search_term_string}\"},\"query-input\":{\"@type\":\"PropertyValueSpecification\",\"valueRequired\":true,\"valueName\":\"search_term_string\"}}],\"inLanguage\":\"fi\"},{\"@type\":\"Organization\",\"@id\":\"https:\\\/\\\/www.visithaapsalu.com\\\/fi\\\/#organization\",\"name\":\"Visit Haapsalu\",\"url\":\"https:\\\/\\\/www.visithaapsalu.com\\\/fi\\\/\",\"logo\":{\"@type\":\"ImageObject\",\"inLanguage\":\"fi\",\"@id\":\"https:\\\/\\\/www.visithaapsalu.com\\\/fi\\\/#\\\/schema\\\/logo\\\/image\\\/\",\"url\":\"https:\\\/\\\/www.visithaapsalu.com\\\/wp-content\\\/uploads\\\/2022\\\/11\\\/visit-haapsalu.svg\",\"contentUrl\":\"https:\\\/\\\/www.visithaapsalu.com\\\/wp-content\\\/uploads\\\/2022\\\/11\\\/visit-haapsalu.svg\",\"width\":191,\"height\":37,\"caption\":\"Visit Haapsalu\"},\"image\":{\"@id\":\"https:\\\/\\\/www.visithaapsalu.com\\\/fi\\\/#\\\/schema\\\/logo\\\/image\\\/\"},\"sameAs\":[\"https:\\\/\\\/www.facebook.com\\\/visithaapsalu\\\/\",\"https:\\\/\\\/www.instagram.com\\\/visit_haapsalu\\\/\"]}]}<\/script>\n<!-- \/ Yoast SEO plugin. -->","yoast_head_json":{"title":"Kohokohdat - Visit Haapsalu","robots":{"index":"index","follow":"follow","max-snippet":"max-snippet:-1","max-image-preview":"max-image-preview:large","max-video-preview":"max-video-preview:-1"},"canonical":"https:\/\/www.visithaapsalu.com\/fi\/lomanviettajille\/kohokohdat\/","og_locale":"fi_FI","og_type":"article","og_title":"Kohokohdat - Visit Haapsalu","og_description":"Suurtapahtumat Haapsalussa 2026 03.01\u00a0 \u00a0 \u00a0 \u00a0 \u00a0 \u00a0 Kolmen Kuninkaan P\u00e4iv\u00e4n (eli Loppiaisen) markkinat 24.01\u00a0 \u00a0 \u00a0 \u00a0 \u00a0 \u00a0 Skotlantilainen juhla 30.04 &#8211; 02.05 H\u00d5FF Haapsalun kauhu-ja fantasiaelokuvafestivaali 09.05 \u00a0\u00a0 \u00a0\u00a0 \u00a0\u00a0 \u00a0 Suklaafestivaali 05.-06.06\u00a0 \u00a0Festival Itaalia &amp;\u00a0 \u00a0Italialainen viinijuhla 20.-24.06\u00a0 \u00a0Juhannuskokko eri puolilla maakuntaa 26.-27.06\u00a0 \u00a0 Haapsalun makujen promenadi\u00a0 02.-05.07\u00a0 \u00a0Haapsalun valkoisten [&hellip;]","og_url":"https:\/\/www.visithaapsalu.com\/fi\/lomanviettajille\/kohokohdat\/","og_site_name":"Visit Haapsalu","article_publisher":"https:\/\/www.facebook.com\/visithaapsalu\/","article_modified_time":"2026-03-10T20:44:56+00:00","og_image":[{"width":2560,"height":1918,"url":"https:\/\/www.visithaapsalu.com\/wp-content\/uploads\/2023\/02\/Haapsalu_Jaanituli_2018_-_88_Silver_Raidla-1-scaled.jpg","type":"image\/jpeg"}],"twitter_card":"summary_large_image","twitter_misc":{"Arvioitu lukuaika":"1 minuutti"},"schema":{"@context":"https:\/\/schema.org","@graph":[{"@type":"WebPage","@id":"https:\/\/www.visithaapsalu.com\/fi\/lomanviettajille\/kohokohdat\/","url":"https:\/\/www.visithaapsalu.com\/fi\/lomanviettajille\/kohokohdat\/","name":"Kohokohdat - Visit Haapsalu","isPartOf":{"@id":"https:\/\/www.visithaapsalu.com\/fi\/#website"},"primaryImageOfPage":{"@id":"https:\/\/www.visithaapsalu.com\/fi\/lomanviettajille\/kohokohdat\/#primaryimage"},"image":{"@id":"https:\/\/www.visithaapsalu.com\/fi\/lomanviettajille\/kohokohdat\/#primaryimage"},"thumbnailUrl":"https:\/\/www.visithaapsalu.com\/wp-content\/uploads\/2023\/02\/Haapsalu_Jaanituli_2018_-_88_Silver_Raidla-1-scaled.jpg","datePublished":"2023-02-05T16:21:06+00:00","dateModified":"2026-03-10T20:44:56+00:00","breadcrumb":{"@id":"https:\/\/www.visithaapsalu.com\/fi\/lomanviettajille\/kohokohdat\/#breadcrumb"},"inLanguage":"fi","potentialAction":[{"@type":"ReadAction","target":["https:\/\/www.visithaapsalu.com\/fi\/lomanviettajille\/kohokohdat\/"]}]},{"@type":"ImageObject","inLanguage":"fi","@id":"https:\/\/www.visithaapsalu.com\/fi\/lomanviettajille\/kohokohdat\/#primaryimage","url":"https:\/\/www.visithaapsalu.com\/wp-content\/uploads\/2023\/02\/Haapsalu_Jaanituli_2018_-_88_Silver_Raidla-1-scaled.jpg","contentUrl":"https:\/\/www.visithaapsalu.com\/wp-content\/uploads\/2023\/02\/Haapsalu_Jaanituli_2018_-_88_Silver_Raidla-1-scaled.jpg","width":2560,"height":1918},{"@type":"BreadcrumbList","@id":"https:\/\/www.visithaapsalu.com\/fi\/lomanviettajille\/kohokohdat\/#breadcrumb","itemListElement":[{"@type":"ListItem","position":1,"name":"Home","item":"https:\/\/www.visithaapsalu.com\/fi\/"},{"@type":"ListItem","position":2,"name":"Lomanviett\u00e4jille","item":"https:\/\/www.visithaapsalu.com\/fi\/"},{"@type":"ListItem","position":3,"name":"Kohokohdat"}]},{"@type":"WebSite","@id":"https:\/\/www.visithaapsalu.com\/fi\/#website","url":"https:\/\/www.visithaapsalu.com\/fi\/","name":"Visit Haapsalu","description":"visithaapsalu","publisher":{"@id":"https:\/\/www.visithaapsalu.com\/fi\/#organization"},"potentialAction":[{"@type":"SearchAction","target":{"@type":"EntryPoint","urlTemplate":"https:\/\/www.visithaapsalu.com\/fi\/?s={search_term_string}"},"query-input":{"@type":"PropertyValueSpecification","valueRequired":true,"valueName":"search_term_string"}}],"inLanguage":"fi"},{"@type":"Organization","@id":"https:\/\/www.visithaapsalu.com\/fi\/#organization","name":"Visit Haapsalu","url":"https:\/\/www.visithaapsalu.com\/fi\/","logo":{"@type":"ImageObject","inLanguage":"fi","@id":"https:\/\/www.visithaapsalu.com\/fi\/#\/schema\/logo\/image\/","url":"https:\/\/www.visithaapsalu.com\/wp-content\/uploads\/2022\/11\/visit-haapsalu.svg","contentUrl":"https:\/\/www.visithaapsalu.com\/wp-content\/uploads\/2022\/11\/visit-haapsalu.svg","width":191,"height":37,"caption":"Visit Haapsalu"},"image":{"@id":"https:\/\/www.visithaapsalu.com\/fi\/#\/schema\/logo\/image\/"},"sameAs":["https:\/\/www.facebook.com\/visithaapsalu\/","https:\/\/www.instagram.com\/visit_haapsalu\/"]}]}},"_links":{"self":[{"href":"https:\/\/www.visithaapsalu.com\/fi\/wp-json\/wp\/v2\/pages\/1790940","targetHints":{"allow":["GET"]}}],"collection":[{"href":"https:\/\/www.visithaapsalu.com\/fi\/wp-json\/wp\/v2\/pages"}],"about":[{"href":"https:\/\/www.visithaapsalu.com\/fi\/wp-json\/wp\/v2\/types\/page"}],"author":[{"embeddable":true,"href":"https:\/\/www.visithaapsalu.com\/fi\/wp-json\/wp\/v2\/users\/2"}],"replies":[{"embeddable":true,"href":"https:\/\/www.visithaapsalu.com\/fi\/wp-json\/wp\/v2\/comments?post=1790940"}],"version-history":[{"count":8,"href":"https:\/\/www.visithaapsalu.com\/fi\/wp-json\/wp\/v2\/pages\/1790940\/revisions"}],"predecessor-version":[{"id":1847963,"href":"https:\/\/www.visithaapsalu.com\/fi\/wp-json\/wp\/v2\/pages\/1790940\/revisions\/1847963"}],"up":[{"embeddable":true,"href":"https:\/\/www.visithaapsalu.com\/fi\/wp-json\/wp\/v2\/pages\/1790799"}],"wp:featuredmedia":[{"embeddable":true,"href":"https:\/\/www.visithaapsalu.com\/fi\/wp-json\/wp\/v2\/media\/1739705"}],"wp:attachment":[{"href":"https:\/\/www.visithaapsalu.com\/fi\/wp-json\/wp\/v2\/media?parent=1790940"}],"curies":[{"name":"wp","href":"https:\/\/api.w.org\/{rel}","templated":true}]}}