{"id":1790918,"date":"2022-12-17T11:00:33","date_gmt":"2022-12-17T09:00:33","guid":{"rendered":"https:\/\/www.visithaapsalu.com\/kumppanille\/hyodyllista-tietoa\/"},"modified":"2024-06-27T09:34:55","modified_gmt":"2024-06-27T06:34:55","slug":"hyodyllista-tietoa","status":"publish","type":"page","link":"https:\/\/www.visithaapsalu.com\/fi\/hyodyllista-tietoa\/","title":{"rendered":"Hy\u00f6dyllist\u00e4 tietoa"},"content":{"rendered":"\t\t<div data-elementor-type=\"wp-page\" data-elementor-id=\"1790918\" class=\"elementor elementor-1790918 elementor-1714422\" data-elementor-post-type=\"page\">\n\t\t\t\t\t\t<section class=\"elementor-section elementor-top-section elementor-element elementor-element-7533dd2 elementor-section-content-middle elementor-section-height-min-height elementor-section-boxed elementor-section-height-default elementor-section-items-middle\" data-id=\"7533dd2\" data-element_type=\"section\" data-e-type=\"section\" data-settings=\"{&quot;background_background&quot;:&quot;classic&quot;}\">\n\t\t\t\t\t\t\t<div class=\"elementor-background-overlay\"><\/div>\n\t\t\t\t\t\t\t<div class=\"elementor-container elementor-column-gap-default\">\n\t\t\t\t\t<div class=\"elementor-column elementor-col-100 elementor-top-column elementor-element elementor-element-caca661\" data-id=\"caca661\" data-element_type=\"column\" data-e-type=\"column\" data-settings=\"{&quot;background_background&quot;:&quot;classic&quot;}\">\n\t\t\t<div class=\"elementor-widget-wrap elementor-element-populated\">\n\t\t\t\t\t\t<div class=\"elementor-element elementor-element-11f6d35 elementor-widget elementor-widget-heading\" data-id=\"11f6d35\" data-element_type=\"widget\" data-e-type=\"widget\" data-widget_type=\"heading.default\">\n\t\t\t\t<div class=\"elementor-widget-container\">\n\t\t\t\t\t<h1 class=\"elementor-heading-title elementor-size-default\">Hy\u00f6dyllist\u00e4 tietoa<\/h1>\t\t\t\t<\/div>\n\t\t\t\t<\/div>\n\t\t\t\t\t<\/div>\n\t\t<\/div>\n\t\t\t\t\t<\/div>\n\t\t<\/section>\n\t\t\t\t<section class=\"elementor-section elementor-top-section elementor-element elementor-element-56ab71b elementor-section-boxed elementor-section-height-default elementor-section-height-default\" data-id=\"56ab71b\" data-element_type=\"section\" data-e-type=\"section\">\n\t\t\t\t\t\t<div class=\"elementor-container elementor-column-gap-default\">\n\t\t\t\t\t<div class=\"elementor-column elementor-col-100 elementor-top-column elementor-element elementor-element-f8b0d4a\" data-id=\"f8b0d4a\" data-element_type=\"column\" data-e-type=\"column\">\n\t\t\t<div class=\"elementor-widget-wrap elementor-element-populated\">\n\t\t\t\t\t\t<div class=\"elementor-element elementor-element-e2e2109 elementor-widget elementor-widget-heading\" data-id=\"e2e2109\" data-element_type=\"widget\" data-e-type=\"widget\" data-widget_type=\"heading.default\">\n\t\t\t\t<div class=\"elementor-widget-container\">\n\t\t\t\t\t<h2 class=\"elementor-heading-title elementor-size-default\">Hy\u00f6dyllist\u00e4 tietoa<\/h2>\t\t\t\t<\/div>\n\t\t\t\t<\/div>\n\t\t\t\t<section class=\"elementor-section elementor-inner-section elementor-element elementor-element-6069a2f elementor-section-boxed elementor-section-height-default elementor-section-height-default\" data-id=\"6069a2f\" data-element_type=\"section\" data-e-type=\"section\">\n\t\t\t\t\t\t<div class=\"elementor-container elementor-column-gap-default\">\n\t\t\t\t\t<div class=\"elementor-column elementor-col-50 elementor-inner-column elementor-element elementor-element-8d7c021\" data-id=\"8d7c021\" data-element_type=\"column\" data-e-type=\"column\">\n\t\t\t<div class=\"elementor-widget-wrap elementor-element-populated\">\n\t\t\t\t\t\t<div class=\"elementor-element elementor-element-d68b5c7 elementor-widget elementor-widget-text-editor\" data-id=\"d68b5c7\" data-element_type=\"widget\" data-e-type=\"widget\" data-widget_type=\"text-editor.default\">\n\t\t\t\t<div class=\"elementor-widget-container\">\n\t\t\t\t\t\t\t\t\t<div class=\"entry-content\"><h4><strong>Haapsalun matkailuneuvonta<\/strong><\/h4><p>s\u00e4hk\u00f6posti: info@visithaapsalu.com<br \/>osoite: Karja 25, Haapsalu, 90502<\/p><p>Haapsalun matkailuneuvontaa sek\u00e4 Haapsalun ja L\u00e4\u00e4nemaan matkailutoimintaa koordinoi <strong>SA L\u00e4\u00e4nemaa<\/strong>.<\/p><p>L\u00e4\u00e4nemaa-s\u00e4\u00e4ti\u00f6<br \/>Rekisterinumero 90013874<br \/>info@laanemaa.ee<br \/>Karja 27, 90502, Haapsalu, Suomi<br \/><a href=\"http:\/\/www.laanemaa.ee\" target=\"_blank\" rel=\"noopener noreferrer\">www.laanemaa.ee<\/a><\/p><\/div>\t\t\t\t\t\t\t\t<\/div>\n\t\t\t\t<\/div>\n\t\t\t\t\t<\/div>\n\t\t<\/div>\n\t\t\t\t<div class=\"elementor-column elementor-col-50 elementor-inner-column elementor-element elementor-element-1b928a8\" data-id=\"1b928a8\" data-element_type=\"column\" data-e-type=\"column\">\n\t\t\t<div class=\"elementor-widget-wrap\">\n\t\t\t\t\t\t\t<\/div>\n\t\t<\/div>\n\t\t\t\t\t<\/div>\n\t\t<\/section>\n\t\t\t\t\t<\/div>\n\t\t<\/div>\n\t\t\t\t\t<\/div>\n\t\t<\/section>\n\t\t<div class=\"elementor-element elementor-element-a5fee67 e-flex e-con-boxed e-con e-parent\" data-id=\"a5fee67\" data-element_type=\"container\" data-e-type=\"container\">\n\t\t\t\t\t<div class=\"e-con-inner\">\n\t\t\t\t<div class=\"elementor-element elementor-element-3cacfc4 elementor-widget elementor-widget-image\" data-id=\"3cacfc4\" data-element_type=\"widget\" data-e-type=\"widget\" data-widget_type=\"image.default\">\n\t\t\t\t<div class=\"elementor-widget-container\">\n\t\t\t\t\t\t\t\t\t\t\t\t\t\t\t<img decoding=\"async\" width=\"86\" height=\"10\" src=\"https:\/\/www.visithaapsalu.com\/wp-content\/uploads\/2023\/03\/uks-laine.svg\" class=\"attachment-large size-large wp-image-1790291\" alt=\"\" \/>\t\t\t\t\t\t\t\t\t\t\t\t\t\t\t<\/div>\n\t\t\t\t<\/div>\n\t\t\t\t\t<\/div>\n\t\t\t\t<\/div>\n\t\t<div class=\"elementor-element elementor-element-5df4a42 e-flex e-con-boxed e-con e-parent\" data-id=\"5df4a42\" data-element_type=\"container\" data-e-type=\"container\">\n\t\t\t\t\t<div class=\"e-con-inner\">\n\t\t<div class=\"elementor-element elementor-element-51e32fd e-con-full e-flex e-con e-child\" data-id=\"51e32fd\" data-element_type=\"container\" data-e-type=\"container\">\n\t\t\t\t<div class=\"elementor-element elementor-element-7d9596e elementor-widget elementor-widget-text-editor\" data-id=\"7d9596e\" data-element_type=\"widget\" data-e-type=\"widget\" data-widget_type=\"text-editor.default\">\n\t\t\t\t<div class=\"elementor-widget-container\">\n\t\t\t\t\t\t\t\t\t<h4>Vuokrattavat mainostilat Haapsalun laitamilla<\/h4>\n<p>Mainostilan v\u00e4himm\u00e4isvuokra-aika on 1 vuosi.<br>Mitat: leveys 1,3m korkeus 1,8m.<br>Hinta: 500 euroa vuodessa (41,6 euroa kuukaudessa).<br>Asiakas vastaa mainoksen suunnittelusta, painatuksesta ja asennuksesta.<\/p>\n<p>Lis\u00e4tietoja antaa <strong>Riina Simmer<\/strong>,&nbsp;<\/p><p>+372 510 9362<\/p>\n<p><a href=\"mailto:info@visithaapsalu.com\">info@visithaapsalu.com<\/a>;<\/p>\n<table style=\"height: 52px;\" width=\"205\">\n<tbody>\n<tr>\n<td>\n<p><a href=\"mailto:turundus@visithaapsalu.com\">turundus@visithaapsalu.com<\/a><\/p>\n<\/td>\n<\/tr>\n<\/tbody>\n<\/table>\t\t\t\t\t\t\t\t<\/div>\n\t\t\t\t<\/div>\n\t\t\t\t<\/div>\n\t\t<div class=\"elementor-element elementor-element-9cabd27 e-con-full e-flex e-con e-child\" data-id=\"9cabd27\" data-element_type=\"container\" data-e-type=\"container\">\n\t\t\t\t<div class=\"elementor-element elementor-element-487379c elementor-widget elementor-widget-image\" data-id=\"487379c\" data-element_type=\"widget\" data-e-type=\"widget\" data-widget_type=\"image.default\">\n\t\t\t\t<div class=\"elementor-widget-container\">\n\t\t\t\t\t\t\t\t\t\t\t\t\t\t\t<img fetchpriority=\"high\" decoding=\"async\" width=\"768\" height=\"576\" src=\"https:\/\/www.visithaapsalu.com\/wp-content\/uploads\/2023\/03\/linna-reklaamtahvlid-e1680166998202.jpg\" class=\"attachment-large size-large wp-image-1790624\" alt=\"\" \/>\t\t\t\t\t\t\t\t\t\t\t\t\t\t\t<\/div>\n\t\t\t\t<\/div>\n\t\t\t\t<\/div>\n\t\t\t\t\t<\/div>\n\t\t\t\t<\/div>\n\t\t<div class=\"elementor-element elementor-element-f45c777 e-flex e-con-boxed e-con e-parent\" data-id=\"f45c777\" data-element_type=\"container\" data-e-type=\"container\">\n\t\t\t\t\t<div class=\"e-con-inner\">\n\t\t<div class=\"elementor-element elementor-element-59875c9 e-con-full e-flex e-con e-child\" data-id=\"59875c9\" data-element_type=\"container\" data-e-type=\"container\">\n\t\t\t\t<\/div>\n\t\t<div class=\"elementor-element elementor-element-1fc4b54 e-con-full e-flex e-con e-child\" data-id=\"1fc4b54\" data-element_type=\"container\" data-e-type=\"container\">\n\t\t\t\t<div class=\"elementor-element elementor-element-fe7acec elementor-widget elementor-widget-image\" data-id=\"fe7acec\" data-element_type=\"widget\" data-e-type=\"widget\" data-widget_type=\"image.default\">\n\t\t\t\t<div class=\"elementor-widget-container\">\n\t\t\t\t\t\t\t\t\t\t\t\t\t\t\t<img decoding=\"async\" width=\"1024\" height=\"269\" src=\"https:\/\/www.visithaapsalu.com\/wp-content\/uploads\/2023\/03\/Linnapiir_joonis2019-1024x269-1.jpg\" class=\"attachment-large size-large wp-image-1790627\" alt=\"\" srcset=\"https:\/\/www.visithaapsalu.com\/wp-content\/uploads\/2023\/03\/Linnapiir_joonis2019-1024x269-1.jpg 1024w, https:\/\/www.visithaapsalu.com\/wp-content\/uploads\/2023\/03\/Linnapiir_joonis2019-1024x269-1-300x79.jpg 300w, https:\/\/www.visithaapsalu.com\/wp-content\/uploads\/2023\/03\/Linnapiir_joonis2019-1024x269-1-768x202.jpg 768w\" sizes=\"(max-width: 1024px) 100vw, 1024px\" \/>\t\t\t\t\t\t\t\t\t\t\t\t\t\t\t<\/div>\n\t\t\t\t<\/div>\n\t\t\t\t<\/div>\n\t\t\t\t\t<\/div>\n\t\t\t\t<\/div>\n\t\t<div class=\"elementor-element elementor-element-5862a54 e-flex e-con-boxed e-con e-parent\" data-id=\"5862a54\" data-element_type=\"container\" data-e-type=\"container\">\n\t\t\t\t\t<div class=\"e-con-inner\">\n\t\t\t\t<div class=\"elementor-element elementor-element-5f0e269 elementor-widget elementor-widget-image\" data-id=\"5f0e269\" data-element_type=\"widget\" data-e-type=\"widget\" data-widget_type=\"image.default\">\n\t\t\t\t<div class=\"elementor-widget-container\">\n\t\t\t\t\t\t\t\t\t\t\t\t\t\t\t<img decoding=\"async\" width=\"86\" height=\"10\" src=\"https:\/\/www.visithaapsalu.com\/wp-content\/uploads\/2023\/03\/uks-laine.svg\" class=\"attachment-large size-large wp-image-1790291\" alt=\"\" \/>\t\t\t\t\t\t\t\t\t\t\t\t\t\t\t<\/div>\n\t\t\t\t<\/div>\n\t\t\t\t\t<\/div>\n\t\t\t\t<\/div>\n\t\t<div class=\"elementor-element elementor-element-4d2eef9 e-flex e-con-boxed e-con e-parent\" data-id=\"4d2eef9\" data-element_type=\"container\" data-e-type=\"container\">\n\t\t\t\t\t<div class=\"e-con-inner\">\n\t\t<div class=\"elementor-element elementor-element-de898d3 e-con-full e-flex e-con e-child\" data-id=\"de898d3\" data-element_type=\"container\" data-e-type=\"container\">\n\t\t\t\t<div class=\"elementor-element elementor-element-10972cd elementor-widget elementor-widget-text-editor\" data-id=\"10972cd\" data-element_type=\"widget\" data-e-type=\"widget\" data-widget_type=\"text-editor.default\">\n\t\t\t\t<div class=\"elementor-widget-container\">\n\t\t\t\t\t\t\t\t\t<div class=\"entry-content\">\n<div class=\"elementor elementor-1361582\" data-elementor-type=\"wp-page\" data-elementor-id=\"1361582\">\n<div class=\"elementor-inner\">\n<div class=\"elementor-section-wrap\">\n<section class=\"elementor-section elementor-top-section elementor-element elementor-element-dbad1cb elementor-section-boxed elementor-section-height-default elementor-section-height-default\" data-id=\"dbad1cb\" data-element_type=\"section\">\n<div class=\"elementor-container elementor-column-gap-default\">\n<div class=\"elementor-row\">\n<div class=\"elementor-column elementor-col-100 elementor-top-column elementor-element elementor-element-649eefe\" data-id=\"649eefe\" data-element_type=\"column\">\n<div class=\"elementor-column-wrap elementor-element-populated\">\n<div class=\"elementor-widget-wrap\">\n<div class=\"elementor-element elementor-element-96e0f65 elementor-widget elementor-widget-text-editor\" data-id=\"96e0f65\" data-element_type=\"widget\" data-widget_type=\"text-editor.default\">\n<div class=\"elementor-widget-container\">\n<div class=\"elementor-text-editor elementor-clearfix\">\n<h4>L\u00e4\u00e4nemaan matkailun kehitt\u00e4missuunnitelma 2021-2025<\/h4>\n<\/p>\n<p><a href=\"https:\/\/www.visithaapsalu.com\/wp-content\/uploads\/2021\/10\/Laanemaa-turismi-arengukava-EST-ta%CC%88isversioon.pdf\" target=\"_blank\" rel=\"noopener\">L\u00e4\u00e4nemaan matkailun kehitt\u00e4missuunnitelma <\/a><\/p>\n<p><a href=\"https:\/\/www.visithaapsalu.com\/wp-content\/uploads\/2021\/10\/La%CC%88a%CC%88nemaa-turismi-tegevuskava.xlsx\" target=\"_blank\" rel=\"noopener\">It\u00e4meren alueen matkailun toimintasuunnitelma<\/a><\/p>\n<\/div>\n<\/div>\n<\/div>\n<\/div>\n<\/div>\n<\/div>\n<\/div>\n<\/div>\n<\/section>\n<\/div>\n<\/div>\n<\/div>\n<\/div>\n\t\t\t\t\t\t\t\t<\/div>\n\t\t\t\t<\/div>\n\t\t\t\t<\/div>\n\t\t<div class=\"elementor-element elementor-element-3d8b7ad e-con-full e-flex e-con e-child\" data-id=\"3d8b7ad\" data-element_type=\"container\" data-e-type=\"container\">\n\t\t\t\t<\/div>\n\t\t\t\t\t<\/div>\n\t\t\t\t<\/div>\n\t\t\t\t<\/div>\n\t\t","protected":false},"excerpt":{"rendered":"<p>Hy\u00f6dyllist\u00e4 tietoa Hy\u00f6dyllist\u00e4 tietoa Haapsalun matkailuneuvonta s\u00e4hk\u00f6posti: info@visithaapsalu.comosoite: Karja 25, Haapsalu, 90502 Haapsalun matkailuneuvontaa sek\u00e4 Haapsalun ja L\u00e4\u00e4nemaan matkailutoimintaa koordinoi SA L\u00e4\u00e4nemaa. L\u00e4\u00e4nemaa-s\u00e4\u00e4ti\u00f6Rekisterinumero 90013874info@laanemaa.eeKarja 27, 90502, Haapsalu, Suomiwww.laanemaa.ee Vuokrattavat mainostilat Haapsalun laitamilla Mainostilan v\u00e4himm\u00e4isvuokra-aika on 1 vuosi.Mitat: leveys 1,3m korkeus 1,8m.Hinta: 500 euroa vuodessa (41,6 euroa kuukaudessa).Asiakas vastaa mainoksen suunnittelusta, painatuksesta ja asennuksesta. Lis\u00e4tietoja antaa [&hellip;]<\/p>\n","protected":false},"author":2,"featured_media":1775239,"parent":0,"menu_order":0,"comment_status":"closed","ping_status":"closed","template":"","meta":{"_acf_changed":false,"footnotes":""},"class_list":["post-1790918","page","type-page","status-publish","has-post-thumbnail","hentry"],"acf":[],"yoast_head":"<!-- This site is optimized with the Yoast SEO plugin v27.3 - https:\/\/yoast.com\/product\/yoast-seo-wordpress\/ -->\n<title>Hy\u00f6dyllist\u00e4 tietoa - Visit Haapsalu<\/title>\n<meta name=\"robots\" content=\"index, follow, max-snippet:-1, max-image-preview:large, max-video-preview:-1\" \/>\n<link rel=\"canonical\" href=\"https:\/\/www.visithaapsalu.com\/fi\/hyodyllista-tietoa\/\" \/>\n<meta property=\"og:locale\" content=\"fi_FI\" \/>\n<meta property=\"og:type\" content=\"article\" \/>\n<meta property=\"og:title\" content=\"Hy\u00f6dyllist\u00e4 tietoa - Visit Haapsalu\" \/>\n<meta property=\"og:description\" content=\"Hy\u00f6dyllist\u00e4 tietoa Hy\u00f6dyllist\u00e4 tietoa Haapsalun matkailuneuvonta s\u00e4hk\u00f6posti: info@visithaapsalu.comosoite: Karja 25, Haapsalu, 90502 Haapsalun matkailuneuvontaa sek\u00e4 Haapsalun ja L\u00e4\u00e4nemaan matkailutoimintaa koordinoi SA L\u00e4\u00e4nemaa. L\u00e4\u00e4nemaa-s\u00e4\u00e4ti\u00f6Rekisterinumero 90013874info@laanemaa.eeKarja 27, 90502, Haapsalu, Suomiwww.laanemaa.ee Vuokrattavat mainostilat Haapsalun laitamilla Mainostilan v\u00e4himm\u00e4isvuokra-aika on 1 vuosi.Mitat: leveys 1,3m korkeus 1,8m.Hinta: 500 euroa vuodessa (41,6 euroa kuukaudessa).Asiakas vastaa mainoksen suunnittelusta, painatuksesta ja asennuksesta. Lis\u00e4tietoja antaa [&hellip;]\" \/>\n<meta property=\"og:url\" content=\"https:\/\/www.visithaapsalu.com\/fi\/hyodyllista-tietoa\/\" \/>\n<meta property=\"og:site_name\" content=\"Visit Haapsalu\" \/>\n<meta property=\"article:publisher\" content=\"https:\/\/www.facebook.com\/visithaapsalu\/\" \/>\n<meta property=\"article:modified_time\" content=\"2024-06-27T06:34:55+00:00\" \/>\n<meta property=\"og:image\" content=\"https:\/\/www.visithaapsalu.com\/wp-content\/uploads\/2020\/11\/Haapsalulinnusemuuseum_Foto_VendoJugapuu.jpg\" \/>\n\t<meta property=\"og:image:width\" content=\"1600\" \/>\n\t<meta property=\"og:image:height\" content=\"1199\" \/>\n\t<meta property=\"og:image:type\" content=\"image\/jpeg\" \/>\n<meta name=\"twitter:card\" content=\"summary_large_image\" \/>\n<meta name=\"twitter:label1\" content=\"Arvioitu lukuaika\" \/>\n\t<meta name=\"twitter:data1\" content=\"2 minuuttia\" \/>\n<script type=\"application\/ld+json\" class=\"yoast-schema-graph\">{\"@context\":\"https:\\\/\\\/schema.org\",\"@graph\":[{\"@type\":\"WebPage\",\"@id\":\"https:\\\/\\\/www.visithaapsalu.com\\\/fi\\\/hyodyllista-tietoa\\\/\",\"url\":\"https:\\\/\\\/www.visithaapsalu.com\\\/fi\\\/hyodyllista-tietoa\\\/\",\"name\":\"Hy\u00f6dyllist\u00e4 tietoa - Visit Haapsalu\",\"isPartOf\":{\"@id\":\"https:\\\/\\\/www.visithaapsalu.com\\\/fi\\\/#website\"},\"primaryImageOfPage\":{\"@id\":\"https:\\\/\\\/www.visithaapsalu.com\\\/fi\\\/hyodyllista-tietoa\\\/#primaryimage\"},\"image\":{\"@id\":\"https:\\\/\\\/www.visithaapsalu.com\\\/fi\\\/hyodyllista-tietoa\\\/#primaryimage\"},\"thumbnailUrl\":\"https:\\\/\\\/www.visithaapsalu.com\\\/wp-content\\\/uploads\\\/2020\\\/11\\\/Haapsalulinnusemuuseum_Foto_VendoJugapuu.jpg\",\"datePublished\":\"2022-12-17T09:00:33+00:00\",\"dateModified\":\"2024-06-27T06:34:55+00:00\",\"breadcrumb\":{\"@id\":\"https:\\\/\\\/www.visithaapsalu.com\\\/fi\\\/hyodyllista-tietoa\\\/#breadcrumb\"},\"inLanguage\":\"fi\",\"potentialAction\":[{\"@type\":\"ReadAction\",\"target\":[\"https:\\\/\\\/www.visithaapsalu.com\\\/fi\\\/hyodyllista-tietoa\\\/\"]}]},{\"@type\":\"ImageObject\",\"inLanguage\":\"fi\",\"@id\":\"https:\\\/\\\/www.visithaapsalu.com\\\/fi\\\/hyodyllista-tietoa\\\/#primaryimage\",\"url\":\"https:\\\/\\\/www.visithaapsalu.com\\\/wp-content\\\/uploads\\\/2020\\\/11\\\/Haapsalulinnusemuuseum_Foto_VendoJugapuu.jpg\",\"contentUrl\":\"https:\\\/\\\/www.visithaapsalu.com\\\/wp-content\\\/uploads\\\/2020\\\/11\\\/Haapsalulinnusemuuseum_Foto_VendoJugapuu.jpg\",\"width\":1600,\"height\":1199},{\"@type\":\"BreadcrumbList\",\"@id\":\"https:\\\/\\\/www.visithaapsalu.com\\\/fi\\\/hyodyllista-tietoa\\\/#breadcrumb\",\"itemListElement\":[{\"@type\":\"ListItem\",\"position\":1,\"name\":\"Home\",\"item\":\"https:\\\/\\\/www.visithaapsalu.com\\\/fi\\\/\"},{\"@type\":\"ListItem\",\"position\":2,\"name\":\"Hy\u00f6dyllist\u00e4 tietoa\"}]},{\"@type\":\"WebSite\",\"@id\":\"https:\\\/\\\/www.visithaapsalu.com\\\/fi\\\/#website\",\"url\":\"https:\\\/\\\/www.visithaapsalu.com\\\/fi\\\/\",\"name\":\"Visit Haapsalu\",\"description\":\"visithaapsalu\",\"publisher\":{\"@id\":\"https:\\\/\\\/www.visithaapsalu.com\\\/fi\\\/#organization\"},\"potentialAction\":[{\"@type\":\"SearchAction\",\"target\":{\"@type\":\"EntryPoint\",\"urlTemplate\":\"https:\\\/\\\/www.visithaapsalu.com\\\/fi\\\/?s={search_term_string}\"},\"query-input\":{\"@type\":\"PropertyValueSpecification\",\"valueRequired\":true,\"valueName\":\"search_term_string\"}}],\"inLanguage\":\"fi\"},{\"@type\":\"Organization\",\"@id\":\"https:\\\/\\\/www.visithaapsalu.com\\\/fi\\\/#organization\",\"name\":\"Visit Haapsalu\",\"url\":\"https:\\\/\\\/www.visithaapsalu.com\\\/fi\\\/\",\"logo\":{\"@type\":\"ImageObject\",\"inLanguage\":\"fi\",\"@id\":\"https:\\\/\\\/www.visithaapsalu.com\\\/fi\\\/#\\\/schema\\\/logo\\\/image\\\/\",\"url\":\"https:\\\/\\\/www.visithaapsalu.com\\\/wp-content\\\/uploads\\\/2022\\\/11\\\/visit-haapsalu.svg\",\"contentUrl\":\"https:\\\/\\\/www.visithaapsalu.com\\\/wp-content\\\/uploads\\\/2022\\\/11\\\/visit-haapsalu.svg\",\"width\":191,\"height\":37,\"caption\":\"Visit Haapsalu\"},\"image\":{\"@id\":\"https:\\\/\\\/www.visithaapsalu.com\\\/fi\\\/#\\\/schema\\\/logo\\\/image\\\/\"},\"sameAs\":[\"https:\\\/\\\/www.facebook.com\\\/visithaapsalu\\\/\",\"https:\\\/\\\/www.instagram.com\\\/visit_haapsalu\\\/\"]}]}<\/script>\n<!-- \/ Yoast SEO plugin. -->","yoast_head_json":{"title":"Hy\u00f6dyllist\u00e4 tietoa - Visit Haapsalu","robots":{"index":"index","follow":"follow","max-snippet":"max-snippet:-1","max-image-preview":"max-image-preview:large","max-video-preview":"max-video-preview:-1"},"canonical":"https:\/\/www.visithaapsalu.com\/fi\/hyodyllista-tietoa\/","og_locale":"fi_FI","og_type":"article","og_title":"Hy\u00f6dyllist\u00e4 tietoa - Visit Haapsalu","og_description":"Hy\u00f6dyllist\u00e4 tietoa Hy\u00f6dyllist\u00e4 tietoa Haapsalun matkailuneuvonta s\u00e4hk\u00f6posti: info@visithaapsalu.comosoite: Karja 25, Haapsalu, 90502 Haapsalun matkailuneuvontaa sek\u00e4 Haapsalun ja L\u00e4\u00e4nemaan matkailutoimintaa koordinoi SA L\u00e4\u00e4nemaa. L\u00e4\u00e4nemaa-s\u00e4\u00e4ti\u00f6Rekisterinumero 90013874info@laanemaa.eeKarja 27, 90502, Haapsalu, Suomiwww.laanemaa.ee Vuokrattavat mainostilat Haapsalun laitamilla Mainostilan v\u00e4himm\u00e4isvuokra-aika on 1 vuosi.Mitat: leveys 1,3m korkeus 1,8m.Hinta: 500 euroa vuodessa (41,6 euroa kuukaudessa).Asiakas vastaa mainoksen suunnittelusta, painatuksesta ja asennuksesta. Lis\u00e4tietoja antaa [&hellip;]","og_url":"https:\/\/www.visithaapsalu.com\/fi\/hyodyllista-tietoa\/","og_site_name":"Visit Haapsalu","article_publisher":"https:\/\/www.facebook.com\/visithaapsalu\/","article_modified_time":"2024-06-27T06:34:55+00:00","og_image":[{"width":1600,"height":1199,"url":"https:\/\/www.visithaapsalu.com\/wp-content\/uploads\/2020\/11\/Haapsalulinnusemuuseum_Foto_VendoJugapuu.jpg","type":"image\/jpeg"}],"twitter_card":"summary_large_image","twitter_misc":{"Arvioitu lukuaika":"2 minuuttia"},"schema":{"@context":"https:\/\/schema.org","@graph":[{"@type":"WebPage","@id":"https:\/\/www.visithaapsalu.com\/fi\/hyodyllista-tietoa\/","url":"https:\/\/www.visithaapsalu.com\/fi\/hyodyllista-tietoa\/","name":"Hy\u00f6dyllist\u00e4 tietoa - Visit Haapsalu","isPartOf":{"@id":"https:\/\/www.visithaapsalu.com\/fi\/#website"},"primaryImageOfPage":{"@id":"https:\/\/www.visithaapsalu.com\/fi\/hyodyllista-tietoa\/#primaryimage"},"image":{"@id":"https:\/\/www.visithaapsalu.com\/fi\/hyodyllista-tietoa\/#primaryimage"},"thumbnailUrl":"https:\/\/www.visithaapsalu.com\/wp-content\/uploads\/2020\/11\/Haapsalulinnusemuuseum_Foto_VendoJugapuu.jpg","datePublished":"2022-12-17T09:00:33+00:00","dateModified":"2024-06-27T06:34:55+00:00","breadcrumb":{"@id":"https:\/\/www.visithaapsalu.com\/fi\/hyodyllista-tietoa\/#breadcrumb"},"inLanguage":"fi","potentialAction":[{"@type":"ReadAction","target":["https:\/\/www.visithaapsalu.com\/fi\/hyodyllista-tietoa\/"]}]},{"@type":"ImageObject","inLanguage":"fi","@id":"https:\/\/www.visithaapsalu.com\/fi\/hyodyllista-tietoa\/#primaryimage","url":"https:\/\/www.visithaapsalu.com\/wp-content\/uploads\/2020\/11\/Haapsalulinnusemuuseum_Foto_VendoJugapuu.jpg","contentUrl":"https:\/\/www.visithaapsalu.com\/wp-content\/uploads\/2020\/11\/Haapsalulinnusemuuseum_Foto_VendoJugapuu.jpg","width":1600,"height":1199},{"@type":"BreadcrumbList","@id":"https:\/\/www.visithaapsalu.com\/fi\/hyodyllista-tietoa\/#breadcrumb","itemListElement":[{"@type":"ListItem","position":1,"name":"Home","item":"https:\/\/www.visithaapsalu.com\/fi\/"},{"@type":"ListItem","position":2,"name":"Hy\u00f6dyllist\u00e4 tietoa"}]},{"@type":"WebSite","@id":"https:\/\/www.visithaapsalu.com\/fi\/#website","url":"https:\/\/www.visithaapsalu.com\/fi\/","name":"Visit Haapsalu","description":"visithaapsalu","publisher":{"@id":"https:\/\/www.visithaapsalu.com\/fi\/#organization"},"potentialAction":[{"@type":"SearchAction","target":{"@type":"EntryPoint","urlTemplate":"https:\/\/www.visithaapsalu.com\/fi\/?s={search_term_string}"},"query-input":{"@type":"PropertyValueSpecification","valueRequired":true,"valueName":"search_term_string"}}],"inLanguage":"fi"},{"@type":"Organization","@id":"https:\/\/www.visithaapsalu.com\/fi\/#organization","name":"Visit Haapsalu","url":"https:\/\/www.visithaapsalu.com\/fi\/","logo":{"@type":"ImageObject","inLanguage":"fi","@id":"https:\/\/www.visithaapsalu.com\/fi\/#\/schema\/logo\/image\/","url":"https:\/\/www.visithaapsalu.com\/wp-content\/uploads\/2022\/11\/visit-haapsalu.svg","contentUrl":"https:\/\/www.visithaapsalu.com\/wp-content\/uploads\/2022\/11\/visit-haapsalu.svg","width":191,"height":37,"caption":"Visit Haapsalu"},"image":{"@id":"https:\/\/www.visithaapsalu.com\/fi\/#\/schema\/logo\/image\/"},"sameAs":["https:\/\/www.facebook.com\/visithaapsalu\/","https:\/\/www.instagram.com\/visit_haapsalu\/"]}]}},"_links":{"self":[{"href":"https:\/\/www.visithaapsalu.com\/fi\/wp-json\/wp\/v2\/pages\/1790918","targetHints":{"allow":["GET"]}}],"collection":[{"href":"https:\/\/www.visithaapsalu.com\/fi\/wp-json\/wp\/v2\/pages"}],"about":[{"href":"https:\/\/www.visithaapsalu.com\/fi\/wp-json\/wp\/v2\/types\/page"}],"author":[{"embeddable":true,"href":"https:\/\/www.visithaapsalu.com\/fi\/wp-json\/wp\/v2\/users\/2"}],"replies":[{"embeddable":true,"href":"https:\/\/www.visithaapsalu.com\/fi\/wp-json\/wp\/v2\/comments?post=1790918"}],"version-history":[{"count":5,"href":"https:\/\/www.visithaapsalu.com\/fi\/wp-json\/wp\/v2\/pages\/1790918\/revisions"}],"predecessor-version":[{"id":1814178,"href":"https:\/\/www.visithaapsalu.com\/fi\/wp-json\/wp\/v2\/pages\/1790918\/revisions\/1814178"}],"wp:featuredmedia":[{"embeddable":true,"href":"https:\/\/www.visithaapsalu.com\/fi\/wp-json\/wp\/v2\/media\/1775239"}],"wp:attachment":[{"href":"https:\/\/www.visithaapsalu.com\/fi\/wp-json\/wp\/v2\/media?parent=1790918"}],"curies":[{"name":"wp","href":"https:\/\/api.w.org\/{rel}","templated":true}]}}