{"id":1815350,"date":"2023-08-18T14:09:13","date_gmt":"2023-08-18T11:09:13","guid":{"rendered":"https:\/\/www.visithaapsalu.com\/purksi-manor\/"},"modified":"2024-08-09T00:54:49","modified_gmt":"2024-08-08T21:54:49","slug":"purksi-manor","status":"publish","type":"page","link":"https:\/\/www.visithaapsalu.com\/en\/purksi-manor\/","title":{"rendered":"P\u00fcrksi manor"},"content":{"rendered":"\t\t<div data-elementor-type=\"wp-page\" data-elementor-id=\"1815350\" class=\"elementor elementor-1815350 elementor-1793184\" data-elementor-post-type=\"page\">\n\t\t\t\t\t\t<section class=\"elementor-section elementor-top-section elementor-element elementor-element-6ccaa93 elementor-section-content-middle elementor-section-height-min-height elementor-section-boxed elementor-section-height-default elementor-section-items-middle\" data-id=\"6ccaa93\" data-element_type=\"section\" data-e-type=\"section\" data-settings=\"{&quot;background_background&quot;:&quot;classic&quot;}\">\n\t\t\t\t\t\t\t<div class=\"elementor-background-overlay\"><\/div>\n\t\t\t\t\t\t\t<div class=\"elementor-container elementor-column-gap-default\">\n\t\t\t\t\t<div class=\"elementor-column elementor-col-100 elementor-top-column elementor-element elementor-element-18a1339\" data-id=\"18a1339\" data-element_type=\"column\" data-e-type=\"column\" data-settings=\"{&quot;background_background&quot;:&quot;classic&quot;}\">\n\t\t\t<div class=\"elementor-widget-wrap elementor-element-populated\">\n\t\t\t\t\t\t<div class=\"elementor-element elementor-element-f7994d0 elementor-widget elementor-widget-heading\" data-id=\"f7994d0\" data-element_type=\"widget\" data-e-type=\"widget\" data-widget_type=\"heading.default\">\n\t\t\t\t<div class=\"elementor-widget-container\">\n\t\t\t\t\t<h1 class=\"elementor-heading-title elementor-size-default\">P\u00fcrksi manor<\/h1>\t\t\t\t<\/div>\n\t\t\t\t<\/div>\n\t\t\t\t\t<\/div>\n\t\t<\/div>\n\t\t\t\t\t<\/div>\n\t\t<\/section>\n\t\t\t\t<section class=\"elementor-section elementor-top-section elementor-element elementor-element-2484b84 elementor-section-boxed elementor-section-height-default elementor-section-height-default\" data-id=\"2484b84\" data-element_type=\"section\" data-e-type=\"section\">\n\t\t\t\t\t\t<div class=\"elementor-container elementor-column-gap-default\">\n\t\t\t\t\t<div class=\"elementor-column elementor-col-100 elementor-top-column elementor-element elementor-element-a9a0444\" data-id=\"a9a0444\" data-element_type=\"column\" data-e-type=\"column\">\n\t\t\t<div class=\"elementor-widget-wrap elementor-element-populated\">\n\t\t\t\t\t\t<div class=\"elementor-element elementor-element-9376a83 elementor-widget elementor-widget-global elementor-global-118 elementor-widget-image\" data-id=\"9376a83\" data-element_type=\"widget\" data-e-type=\"widget\" data-widget_type=\"image.default\">\n\t\t\t\t<div class=\"elementor-widget-container\">\n\t\t\t\t\t\t\t\t\t\t\t\t\t\t\t<img decoding=\"async\" width=\"86\" height=\"10\" src=\"https:\/\/www.visithaapsalu.com\/wp-content\/uploads\/2022\/10\/separator.svg\" class=\"attachment-thumbnail size-thumbnail wp-image-1714447\" alt=\"\" \/>\t\t\t\t\t\t\t\t\t\t\t\t\t\t\t<\/div>\n\t\t\t\t<\/div>\n\t\t\t\t\t<\/div>\n\t\t<\/div>\n\t\t\t\t\t<\/div>\n\t\t<\/section>\n\t\t\t\t<section class=\"elementor-section elementor-top-section elementor-element elementor-element-1714034 elementor-section-boxed elementor-section-height-default elementor-section-height-default\" data-id=\"1714034\" data-element_type=\"section\" data-e-type=\"section\">\n\t\t\t\t\t\t<div class=\"elementor-container elementor-column-gap-default\">\n\t\t\t\t\t<div class=\"elementor-column elementor-col-100 elementor-top-column elementor-element elementor-element-f902c27\" data-id=\"f902c27\" data-element_type=\"column\" data-e-type=\"column\">\n\t\t\t<div class=\"elementor-widget-wrap elementor-element-populated\">\n\t\t\t\t\t\t<div class=\"elementor-element elementor-element-1e454be elementor-widget elementor-widget-heading\" data-id=\"1e454be\" data-element_type=\"widget\" data-e-type=\"widget\" data-widget_type=\"heading.default\">\n\t\t\t\t<div class=\"elementor-widget-container\">\n\t\t\t\t\t<h2 class=\"elementor-heading-title elementor-size-default\">P\u00fcrksi manor<\/h2>\t\t\t\t<\/div>\n\t\t\t\t<\/div>\n\t\t\t\t\t<\/div>\n\t\t<\/div>\n\t\t\t\t\t<\/div>\n\t\t<\/section>\n\t\t<div class=\"elementor-element elementor-element-b209434 e-ecs-flex e-flex e-con-boxed e-con e-parent\" data-id=\"b209434\" data-element_type=\"container\" data-e-type=\"container\" data-settings=\"{&quot;ecs_container_type&quot;:&quot;flex&quot;}\">\n\t\t\t\t\t<div class=\"e-con-inner\">\n\t\t\t\t<div class=\"elementor-element elementor-element-e23398b elementor-widget elementor-widget-text-editor\" data-id=\"e23398b\" data-element_type=\"widget\" data-e-type=\"widget\" data-widget_type=\"text-editor.default\">\n\t\t\t\t<div class=\"elementor-widget-container\">\n\t\t\t\t\t\t\t\t\t<p>P\u00fcrksi manor (Birkas in German) was founded in 1620 and initially changed hands frequently. By the end of the 18th century it belonged to the von Rosen family. In 1797, Friedrich von Rosen\u2019s daughter Augusta Magdalena married the owner of Paslepa manor, painter Baron Karl Johan Emmanuel Ungern-Sternberg. After two years, the manor became theirs. The Ungern-Sternbergs held P\u00fcrksi manor until its expropriation in 1919. The last owner of the manor was Rudolf von Ungern-Sternberg, who died in Kharkiv in 1911, while in service in Russia. As his son had also died young, the manor remained in the hands of his relatives until its expropriation.&nbsp;<\/p>\n<p>The main building of the manor, with a stone lower part and a wooden upper part, was probably built in several parts in the 19th century and survives today. At the beginning of the 20th century, Rudolf von Ungern-Sternberg&nbsp; had the manor renovated to take up residence there in his old age, but died before he was able to do so. In addition to the main building, a few outbuildings have survived, such as a small barn and carriage house next to the main building.<\/p>\n<p>The manor house had stood empty and was used as a barracks during the war. In the autumn of 1920, the newly-opened Swedish-language P\u00fcrksi agricultural and folk university opened its doors in the main building of the manor. The school operated in the manor until 1943.<\/p>\n<p>The school had a difficult start, as living conditions were not good and there was a shortage of teaching materials and students had to bring food and even crockery from home. The school was able to open thanks to support from Estonia, Finland and Sweden, as well as collections. The folk university format, which was widespread in the Nordic countries, was not very common in Estonia, but the registration of the school as an agricultural school ensured that teachers were paid by the state. Most of the teachers, including most of the school\u2019s rectors, were from Sweden. Around 25 students were admitted each year for one academic year which lasted from mid-October to early May.<\/p>\n<p>The P\u00fcrksi agricultural and folk university had a great influence on the Estonian Swedes. The school presented an opportunity for young people from different Estonian Swedish regions to meet up for the first time and the students lived in the school during the academic year. At school, they learned the standard national Swedish language, which was otherwise only used in church, as well as Swedish culture, music and literature. P\u00fcrksi was the starting point for the spread of round dances to the Estonian-Swedish regions, which were very popular at school, as well as the custom of celebrating Saint Lucy\u2019s Day. At school, young people were taught new farming and housekeeping techniques, although it was not easy to introduce them at home.<\/p>\n<p>In 1939, Russia got a military base in P\u00fcrksi with the Soviet-Estonian Mutual Assistance Treaty, and the schoolhouse there could no longer be used. Vormsi was chosen as its new location. 1940. the Soviet authorities did not give permission for the school to open, but the last head of the school, and the only Estonian Swede among the heads of the school, Fridolf Isberg, managed to use his cunning to convince the authorities. In 1941, the school was once again operating in P\u00fcrksi, but closed down in 1943 when people started to escape the country. In just over 20 years, 577 students, 63% of whom were girls, studied at the P\u00fcrksi agricultural and folk university.<\/p>\n<p>When an upper secondary school was opened in P\u00fcrksi in 1990, offering in-depth instruction of Swedish and Nordic culture, it was decided that the old manor house would be used as a school building. The restored manor house was officially opened in December 1995, and the ceremony was attended by Lennart Meri, then President of Estonia. Nowadays, the manor houses the language classes and library of Noarootsi Upper Secondary School.<\/p>\n<h3><strong>P\u00fcrksi manor park<\/strong><\/h3>\n<p>&nbsp;<\/p>\n<p>An informal park, built in the second half of the 19th century, has been preserved at P\u00fcrksi manor. It has been a nature conservation site since 1973.<\/p>\n<p>The 3-hectare park has three sections. The oval front square was lined by a circular road, with groups of trees blocking the view of the animal dwellings. There was a large orchard between the part of the park nearest to the main building and the dense park forest beyond. The centre of the park is now a meadow with only a handful of fruit trees remaining.&nbsp; The pruned box hedges also draw attention.<\/p>\n<p>The park forest is designed with groups of trees of the same species, with deciduous and coniferous trees in groups: linden-spruce, oak-spruce.&nbsp; The park is home to a beech tree that is under protection as a natural monument. Close to it is a circle of ten linden trees planted close together \u2013 the crowns of the trees, over 28 metres tall, have all entwined.<\/p>\n<p>The biodiversity at P\u00fcrksi park is moderate with 32 taxa of trees and shrubs (2005). The main species are oak, linden and spruce, plus maple, elm, bird cherry and rowan. Shrubs include lilac, germander meadowsweet, Tatarian honeysuckle, sweet mock orange and others. The European white elm is a less common species growing in the park and it is also home to protected species of bats such as the northern bat and the Nathusius\u2019 pipistrelle. The musk strawberry and the wood violet have become naturalised species.<\/p>\n<h2>\u2018Pargisuitaja teejuht. P\u00f5hja-Eesti pargid\u2019 (title in English: \u2018The park wanderer\u2019s guide to parks of Northern Estonia\u2019)<\/h2>\n<p>&nbsp;<\/p>\n<h3><strong>Ghosts of P\u00fcrksi manor<\/strong><\/h3>\n<p>&nbsp;<\/p>\n<p>Hilda Sedman, who studied at P\u00fcrksi folk university, recalls that the attic of the manor house was haunted. The former owner of the manor, von Stackelberg (although the manor belonged to Ungern-Sternberg), had two sisters who were said to be so wicked that people dared not enter the manor. After their deaths, they returned to the manor at night. They made their presence known by knocking and showed themselves as rays of light.<\/p>\n<p>The girls from Vormsi, who used to share a room between the eight of them, did not dare to go out in the dark for fear of ghosts, except in groups of three or four. &nbsp;Sometimes, of course, the boys would wear white sheets to spook the girls and make sure the ghost stories continued to scare them. They were not bothered by the fact that they themselves had often heard ominous knocking from the attic.<\/p>\n<p>The second story known at Noarootsi Upper Secondary School is that the manor is haunted by its first owner, Ungern-Sternberg. Karl Johann Emanuel Unger-Sternberg died in 1830 under suspicious circumstances. The manor was inherited by his 18-year-old son Otto. Some years after his father\u2019s death, rumours began to spread that Karl had never really left the manor. People who visited the manor described how they were followed by ghostly shadows at every step and how they felt someone\u2019s gaze on them. People also felt that Otto\u2019s demeanour had become strange \u2013 he was often seen talking to himself and his sentences seemed to contain clues that others could not understand.<\/p>\n<p>After Otto\u2019s death, the manor went to his son Rudolf, who also quickly gained the reputation of a madman. He would tell confusing stories about his grandfather, alleging that his ghost wouldn\u2019t leave him be in the manor, and became increasingly paranoid. Before long, Rudolf had had enough and moved to Ukraine with his wife and children. The move and the death of his 11-year-old son were said to have had an even worse effect on him, and he was never the same. We can assume that Karl has still not left P\u00fcrksi manor, and his heavy footsteps can still be heard pacing the rooms at night.<\/p>\n\t\t\t\t\t\t\t\t<\/div>\n\t\t\t\t<\/div>\n\t\t\t\t\t<\/div>\n\t\t\t\t<\/div>\n\t\t\t\t<\/div>\n\t\t","protected":false},"excerpt":{"rendered":"<p>P\u00fcrksi manor P\u00fcrksi manor P\u00fcrksi manor (Birkas in German) was founded in 1620 and initially changed hands frequently. By the end of the 18th century it belonged to the von Rosen family. In 1797, Friedrich von Rosen\u2019s daughter Augusta Magdalena married the owner of Paslepa manor, painter Baron Karl Johan Emmanuel Ungern-Sternberg. After two years, [&hellip;]<\/p>\n","protected":false},"author":1,"featured_media":0,"parent":0,"menu_order":0,"comment_status":"closed","ping_status":"closed","template":"","meta":{"_acf_changed":false,"footnotes":""},"class_list":["post-1815350","page","type-page","status-publish","hentry"],"acf":[],"yoast_head":"<!-- This site is optimized with the Yoast SEO plugin v27.5 - https:\/\/yoast.com\/product\/yoast-seo-wordpress\/ -->\n<title>P\u00fcrksi manor - Visit Haapsalu<\/title>\n<meta name=\"description\" content=\"When an upper secondary school was opened in P\u00fcrksi in 1990, offering in-depth instruction of Swedish and Nordic culture, the old manor house was used as a schoolbuilding.\" \/>\n<meta name=\"robots\" content=\"index, follow, max-snippet:-1, max-image-preview:large, max-video-preview:-1\" \/>\n<link rel=\"canonical\" href=\"https:\/\/www.visithaapsalu.com\/en\/purksi-manor\/\" \/>\n<meta property=\"og:locale\" content=\"en_US\" \/>\n<meta property=\"og:type\" content=\"article\" \/>\n<meta property=\"og:title\" content=\"P\u00fcrksi manor - Visit Haapsalu\" \/>\n<meta property=\"og:description\" content=\"When an upper secondary school was opened in P\u00fcrksi in 1990, offering in-depth instruction of Swedish and Nordic culture, the old manor house was used as a schoolbuilding.\" \/>\n<meta property=\"og:url\" content=\"https:\/\/www.visithaapsalu.com\/en\/purksi-manor\/\" \/>\n<meta property=\"og:site_name\" content=\"Visit Haapsalu\" \/>\n<meta property=\"article:publisher\" content=\"https:\/\/www.facebook.com\/visithaapsalu\/\" \/>\n<meta property=\"article:modified_time\" content=\"2024-08-08T21:54:49+00:00\" \/>\n<meta property=\"og:image\" content=\"https:\/\/www.visithaapsalu.com\/wp-content\/uploads\/2022\/10\/separator.svg\" \/>\n<meta name=\"twitter:card\" content=\"summary_large_image\" \/>\n<meta name=\"twitter:label1\" content=\"Est. reading time\" \/>\n\t<meta name=\"twitter:data1\" content=\"7 minutes\" \/>\n<script type=\"application\/ld+json\" class=\"yoast-schema-graph\">{\"@context\":\"https:\\\/\\\/schema.org\",\"@graph\":[{\"@type\":\"WebPage\",\"@id\":\"https:\\\/\\\/www.visithaapsalu.com\\\/en\\\/purksi-manor\\\/\",\"url\":\"https:\\\/\\\/www.visithaapsalu.com\\\/en\\\/purksi-manor\\\/\",\"name\":\"P\u00fcrksi manor - Visit Haapsalu\",\"isPartOf\":{\"@id\":\"https:\\\/\\\/www.visithaapsalu.com\\\/en\\\/#website\"},\"primaryImageOfPage\":{\"@id\":\"https:\\\/\\\/www.visithaapsalu.com\\\/en\\\/purksi-manor\\\/#primaryimage\"},\"image\":{\"@id\":\"https:\\\/\\\/www.visithaapsalu.com\\\/en\\\/purksi-manor\\\/#primaryimage\"},\"thumbnailUrl\":\"https:\\\/\\\/www.visithaapsalu.com\\\/wp-content\\\/uploads\\\/2022\\\/10\\\/separator.svg\",\"datePublished\":\"2023-08-18T11:09:13+00:00\",\"dateModified\":\"2024-08-08T21:54:49+00:00\",\"description\":\"When an upper secondary school was opened in P\u00fcrksi in 1990, offering in-depth instruction of Swedish and Nordic culture, the old manor house was used as a schoolbuilding.\",\"breadcrumb\":{\"@id\":\"https:\\\/\\\/www.visithaapsalu.com\\\/en\\\/purksi-manor\\\/#breadcrumb\"},\"inLanguage\":\"en-US\",\"potentialAction\":[{\"@type\":\"ReadAction\",\"target\":[\"https:\\\/\\\/www.visithaapsalu.com\\\/en\\\/purksi-manor\\\/\"]}]},{\"@type\":\"ImageObject\",\"inLanguage\":\"en-US\",\"@id\":\"https:\\\/\\\/www.visithaapsalu.com\\\/en\\\/purksi-manor\\\/#primaryimage\",\"url\":\"https:\\\/\\\/www.visithaapsalu.com\\\/wp-content\\\/uploads\\\/2022\\\/10\\\/separator.svg\",\"contentUrl\":\"https:\\\/\\\/www.visithaapsalu.com\\\/wp-content\\\/uploads\\\/2022\\\/10\\\/separator.svg\"},{\"@type\":\"BreadcrumbList\",\"@id\":\"https:\\\/\\\/www.visithaapsalu.com\\\/en\\\/purksi-manor\\\/#breadcrumb\",\"itemListElement\":[{\"@type\":\"ListItem\",\"position\":1,\"name\":\"Home\",\"item\":\"https:\\\/\\\/www.visithaapsalu.com\\\/en\\\/\"},{\"@type\":\"ListItem\",\"position\":2,\"name\":\"P\u00fcrksi manor\"}]},{\"@type\":\"WebSite\",\"@id\":\"https:\\\/\\\/www.visithaapsalu.com\\\/en\\\/#website\",\"url\":\"https:\\\/\\\/www.visithaapsalu.com\\\/en\\\/\",\"name\":\"Visit Haapsalu\",\"description\":\"visithaapsalu\",\"publisher\":{\"@id\":\"https:\\\/\\\/www.visithaapsalu.com\\\/en\\\/#organization\"},\"potentialAction\":[{\"@type\":\"SearchAction\",\"target\":{\"@type\":\"EntryPoint\",\"urlTemplate\":\"https:\\\/\\\/www.visithaapsalu.com\\\/en\\\/?s={search_term_string}\"},\"query-input\":{\"@type\":\"PropertyValueSpecification\",\"valueRequired\":true,\"valueName\":\"search_term_string\"}}],\"inLanguage\":\"en-US\"},{\"@type\":\"Organization\",\"@id\":\"https:\\\/\\\/www.visithaapsalu.com\\\/en\\\/#organization\",\"name\":\"Visit Haapsalu\",\"url\":\"https:\\\/\\\/www.visithaapsalu.com\\\/en\\\/\",\"logo\":{\"@type\":\"ImageObject\",\"inLanguage\":\"en-US\",\"@id\":\"https:\\\/\\\/www.visithaapsalu.com\\\/en\\\/#\\\/schema\\\/logo\\\/image\\\/\",\"url\":\"https:\\\/\\\/www.visithaapsalu.com\\\/wp-content\\\/uploads\\\/2022\\\/11\\\/visit-haapsalu.svg\",\"contentUrl\":\"https:\\\/\\\/www.visithaapsalu.com\\\/wp-content\\\/uploads\\\/2022\\\/11\\\/visit-haapsalu.svg\",\"width\":191,\"height\":37,\"caption\":\"Visit Haapsalu\"},\"image\":{\"@id\":\"https:\\\/\\\/www.visithaapsalu.com\\\/en\\\/#\\\/schema\\\/logo\\\/image\\\/\"},\"sameAs\":[\"https:\\\/\\\/www.facebook.com\\\/visithaapsalu\\\/\",\"https:\\\/\\\/www.instagram.com\\\/visit_haapsalu\\\/\"]}]}<\/script>\n<!-- \/ Yoast SEO plugin. -->","yoast_head_json":{"title":"P\u00fcrksi manor - Visit Haapsalu","description":"When an upper secondary school was opened in P\u00fcrksi in 1990, offering in-depth instruction of Swedish and Nordic culture, the old manor house was used as a schoolbuilding.","robots":{"index":"index","follow":"follow","max-snippet":"max-snippet:-1","max-image-preview":"max-image-preview:large","max-video-preview":"max-video-preview:-1"},"canonical":"https:\/\/www.visithaapsalu.com\/en\/purksi-manor\/","og_locale":"en_US","og_type":"article","og_title":"P\u00fcrksi manor - Visit Haapsalu","og_description":"When an upper secondary school was opened in P\u00fcrksi in 1990, offering in-depth instruction of Swedish and Nordic culture, the old manor house was used as a schoolbuilding.","og_url":"https:\/\/www.visithaapsalu.com\/en\/purksi-manor\/","og_site_name":"Visit Haapsalu","article_publisher":"https:\/\/www.facebook.com\/visithaapsalu\/","article_modified_time":"2024-08-08T21:54:49+00:00","og_image":[{"url":"https:\/\/www.visithaapsalu.com\/wp-content\/uploads\/2022\/10\/separator.svg","type":"","width":"","height":""}],"twitter_card":"summary_large_image","twitter_misc":{"Est. reading time":"7 minutes"},"schema":{"@context":"https:\/\/schema.org","@graph":[{"@type":"WebPage","@id":"https:\/\/www.visithaapsalu.com\/en\/purksi-manor\/","url":"https:\/\/www.visithaapsalu.com\/en\/purksi-manor\/","name":"P\u00fcrksi manor - Visit Haapsalu","isPartOf":{"@id":"https:\/\/www.visithaapsalu.com\/en\/#website"},"primaryImageOfPage":{"@id":"https:\/\/www.visithaapsalu.com\/en\/purksi-manor\/#primaryimage"},"image":{"@id":"https:\/\/www.visithaapsalu.com\/en\/purksi-manor\/#primaryimage"},"thumbnailUrl":"https:\/\/www.visithaapsalu.com\/wp-content\/uploads\/2022\/10\/separator.svg","datePublished":"2023-08-18T11:09:13+00:00","dateModified":"2024-08-08T21:54:49+00:00","description":"When an upper secondary school was opened in P\u00fcrksi in 1990, offering in-depth instruction of Swedish and Nordic culture, the old manor house was used as a schoolbuilding.","breadcrumb":{"@id":"https:\/\/www.visithaapsalu.com\/en\/purksi-manor\/#breadcrumb"},"inLanguage":"en-US","potentialAction":[{"@type":"ReadAction","target":["https:\/\/www.visithaapsalu.com\/en\/purksi-manor\/"]}]},{"@type":"ImageObject","inLanguage":"en-US","@id":"https:\/\/www.visithaapsalu.com\/en\/purksi-manor\/#primaryimage","url":"https:\/\/www.visithaapsalu.com\/wp-content\/uploads\/2022\/10\/separator.svg","contentUrl":"https:\/\/www.visithaapsalu.com\/wp-content\/uploads\/2022\/10\/separator.svg"},{"@type":"BreadcrumbList","@id":"https:\/\/www.visithaapsalu.com\/en\/purksi-manor\/#breadcrumb","itemListElement":[{"@type":"ListItem","position":1,"name":"Home","item":"https:\/\/www.visithaapsalu.com\/en\/"},{"@type":"ListItem","position":2,"name":"P\u00fcrksi manor"}]},{"@type":"WebSite","@id":"https:\/\/www.visithaapsalu.com\/en\/#website","url":"https:\/\/www.visithaapsalu.com\/en\/","name":"Visit Haapsalu","description":"visithaapsalu","publisher":{"@id":"https:\/\/www.visithaapsalu.com\/en\/#organization"},"potentialAction":[{"@type":"SearchAction","target":{"@type":"EntryPoint","urlTemplate":"https:\/\/www.visithaapsalu.com\/en\/?s={search_term_string}"},"query-input":{"@type":"PropertyValueSpecification","valueRequired":true,"valueName":"search_term_string"}}],"inLanguage":"en-US"},{"@type":"Organization","@id":"https:\/\/www.visithaapsalu.com\/en\/#organization","name":"Visit Haapsalu","url":"https:\/\/www.visithaapsalu.com\/en\/","logo":{"@type":"ImageObject","inLanguage":"en-US","@id":"https:\/\/www.visithaapsalu.com\/en\/#\/schema\/logo\/image\/","url":"https:\/\/www.visithaapsalu.com\/wp-content\/uploads\/2022\/11\/visit-haapsalu.svg","contentUrl":"https:\/\/www.visithaapsalu.com\/wp-content\/uploads\/2022\/11\/visit-haapsalu.svg","width":191,"height":37,"caption":"Visit Haapsalu"},"image":{"@id":"https:\/\/www.visithaapsalu.com\/en\/#\/schema\/logo\/image\/"},"sameAs":["https:\/\/www.facebook.com\/visithaapsalu\/","https:\/\/www.instagram.com\/visit_haapsalu\/"]}]}},"_links":{"self":[{"href":"https:\/\/www.visithaapsalu.com\/en\/wp-json\/wp\/v2\/pages\/1815350","targetHints":{"allow":["GET"]}}],"collection":[{"href":"https:\/\/www.visithaapsalu.com\/en\/wp-json\/wp\/v2\/pages"}],"about":[{"href":"https:\/\/www.visithaapsalu.com\/en\/wp-json\/wp\/v2\/types\/page"}],"author":[{"embeddable":true,"href":"https:\/\/www.visithaapsalu.com\/en\/wp-json\/wp\/v2\/users\/1"}],"replies":[{"embeddable":true,"href":"https:\/\/www.visithaapsalu.com\/en\/wp-json\/wp\/v2\/comments?post=1815350"}],"version-history":[{"count":1,"href":"https:\/\/www.visithaapsalu.com\/en\/wp-json\/wp\/v2\/pages\/1815350\/revisions"}],"predecessor-version":[{"id":1815352,"href":"https:\/\/www.visithaapsalu.com\/en\/wp-json\/wp\/v2\/pages\/1815350\/revisions\/1815352"}],"wp:attachment":[{"href":"https:\/\/www.visithaapsalu.com\/en\/wp-json\/wp\/v2\/media?parent=1815350"}],"curies":[{"name":"wp","href":"https:\/\/api.w.org\/{rel}","templated":true}]}}