{"id":1814856,"date":"2023-08-29T17:51:22","date_gmt":"2023-08-29T14:51:22","guid":{"rendered":"https:\/\/www.visithaapsalu.com\/holmidepealne\/"},"modified":"2024-08-09T00:54:40","modified_gmt":"2024-08-08T21:54:40","slug":"holmidepealne","status":"publish","type":"page","link":"https:\/\/www.visithaapsalu.com\/en\/estonian-swedes\/holmidepealne\/","title":{"rendered":"Holmidepealne"},"content":{"rendered":"\t\t<div data-elementor-type=\"wp-page\" data-elementor-id=\"1814856\" class=\"elementor elementor-1814856 elementor-1793605\" data-elementor-post-type=\"page\">\n\t\t\t\t\t\t<section class=\"elementor-section elementor-top-section elementor-element elementor-element-75286f2 elementor-section-content-middle elementor-section-height-min-height elementor-section-boxed elementor-section-height-default elementor-section-items-middle\" data-id=\"75286f2\" data-element_type=\"section\" data-e-type=\"section\" data-settings=\"{&quot;background_background&quot;:&quot;classic&quot;}\">\n\t\t\t\t\t\t\t<div class=\"elementor-background-overlay\"><\/div>\n\t\t\t\t\t\t\t<div class=\"elementor-container elementor-column-gap-default\">\n\t\t\t\t\t<div class=\"elementor-column elementor-col-100 elementor-top-column elementor-element elementor-element-e8c8b32\" data-id=\"e8c8b32\" data-element_type=\"column\" data-e-type=\"column\" data-settings=\"{&quot;background_background&quot;:&quot;classic&quot;}\">\n\t\t\t<div class=\"elementor-widget-wrap elementor-element-populated\">\n\t\t\t\t\t\t<div class=\"elementor-element elementor-element-d901cbf elementor-widget elementor-widget-heading\" data-id=\"d901cbf\" data-element_type=\"widget\" data-e-type=\"widget\" data-widget_type=\"heading.default\">\n\t\t\t\t<div class=\"elementor-widget-container\">\n\t\t\t\t\t<h1 class=\"elementor-heading-title elementor-size-default\">Holmidepealne<\/h1>\t\t\t\t<\/div>\n\t\t\t\t<\/div>\n\t\t\t\t\t<\/div>\n\t\t<\/div>\n\t\t\t\t\t<\/div>\n\t\t<\/section>\n\t\t\t\t<section class=\"elementor-section elementor-top-section elementor-element elementor-element-299e1d4 elementor-section-boxed elementor-section-height-default elementor-section-height-default\" data-id=\"299e1d4\" data-element_type=\"section\" data-e-type=\"section\">\n\t\t\t\t\t\t<div class=\"elementor-container elementor-column-gap-default\">\n\t\t\t\t\t<div class=\"elementor-column elementor-col-100 elementor-top-column elementor-element elementor-element-55846f1\" data-id=\"55846f1\" data-element_type=\"column\" data-e-type=\"column\">\n\t\t\t<div class=\"elementor-widget-wrap elementor-element-populated\">\n\t\t\t\t\t\t<div class=\"elementor-element elementor-element-c76c111 elementor-widget elementor-widget-global elementor-global-118 elementor-widget-image\" data-id=\"c76c111\" data-element_type=\"widget\" data-e-type=\"widget\" data-widget_type=\"image.default\">\n\t\t\t\t<div class=\"elementor-widget-container\">\n\t\t\t\t\t\t\t\t\t\t\t\t\t\t\t<img decoding=\"async\" width=\"86\" height=\"10\" src=\"https:\/\/www.visithaapsalu.com\/wp-content\/uploads\/2022\/10\/separator.svg\" class=\"attachment-thumbnail size-thumbnail wp-image-1714447\" alt=\"\" \/>\t\t\t\t\t\t\t\t\t\t\t\t\t\t\t<\/div>\n\t\t\t\t<\/div>\n\t\t\t\t\t<\/div>\n\t\t<\/div>\n\t\t\t\t\t<\/div>\n\t\t<\/section>\n\t\t\t\t<section class=\"elementor-section elementor-top-section elementor-element elementor-element-bfb353e elementor-section-boxed elementor-section-height-default elementor-section-height-default\" data-id=\"bfb353e\" data-element_type=\"section\" data-e-type=\"section\">\n\t\t\t\t\t\t<div class=\"elementor-container elementor-column-gap-default\">\n\t\t\t\t\t<div class=\"elementor-column elementor-col-100 elementor-top-column elementor-element elementor-element-6487e49\" data-id=\"6487e49\" data-element_type=\"column\" data-e-type=\"column\">\n\t\t\t<div class=\"elementor-widget-wrap elementor-element-populated\">\n\t\t\t\t\t\t<div class=\"elementor-element elementor-element-9447600 elementor-widget elementor-widget-heading\" data-id=\"9447600\" data-element_type=\"widget\" data-e-type=\"widget\" data-widget_type=\"heading.default\">\n\t\t\t\t<div class=\"elementor-widget-container\">\n\t\t\t\t\t<h2 class=\"elementor-heading-title elementor-size-default\">Holmidepealne<\/h2>\t\t\t\t<\/div>\n\t\t\t\t<\/div>\n\t\t\t\t\t<\/div>\n\t\t<\/div>\n\t\t\t\t\t<\/div>\n\t\t<\/section>\n\t\t<div class=\"elementor-element elementor-element-6b075c1 e-flex e-con-boxed e-con e-parent\" data-id=\"6b075c1\" data-element_type=\"container\" data-e-type=\"container\">\n\t\t\t\t\t<div class=\"e-con-inner\">\n\t\t\t\t<div class=\"elementor-element elementor-element-92c3e76 elementor-widget elementor-widget-text-editor\" data-id=\"92c3e76\" data-element_type=\"widget\" data-e-type=\"widget\" data-widget_type=\"text-editor.default\">\n\t\t\t\t<div class=\"elementor-widget-container\">\n\t\t\t\t\t\t\t\t\t<div>\n<p><span lang=\"en\">The district of Haapsalu that stretches out to the sea as a peninsula and separates Eeslaht from Tagalaht (two parts of Haapsalu Bay) is known by the name Holmidepealne. Another part of Haapsalu Bay known as Suur Viik as well as Lake V\u00e4ike Viik are both located in the same area. The words \u2018holm\u2019 and \u2018viik\u2019 are both Swedish, the first denoting a small island or islet and the second a sea bay. These place names in Haapsalu are a reminder of the Swedes who once lived here. While both V\u00e4ike Viik and Suur Viik are remnants of what was once a larger bay, the prefix \u201cholm\u201d derives from the fact that the area is made up of seven larger islands that have been linked either as a result of post-glacial rebound or by manmade bridges.<\/span><\/p>\n<\/div>\n<div>\n<p><span lang=\"en\">In the context of Haapsalu, Swedes were first mentioned in the second town privileges issued for Haapsalu in 1294. It says that rural Swedes have the right to inherit property from any relatives they may have living in the city, and vice versa. Estonians had no such right.<\/span><\/p>\n<\/div>\n<div>\n<p><span lang=\"en\">It is not known where Swedes used to live in the town or what kind of work they did in the Middle Ages. We come to know more about the Swedes and their settlement in Haapsalu&nbsp; later on. It is known that at the end of the 18th century, when rittmaster von Knorring repudiated the peasants of V\u00f6\u00f6la and V\u00e4ike-Hara after repeated quarrels, four or five of the peasants who had to leave their posts ended up moving to Pikkholm in Haapsalu, which is located along what is now known as Sadama Street. The first settlers were three fishermen, brothers by the name of Johann, Matz and Peter Christianson and another fisherman named Christian Hindrichson. They were soon followed by Matz the mason. The newcomers built themselves houses and a windmill. &nbsp;At the start of the next century they were joined by Swedes from K\u00e4rdla.<\/span><\/p>\n<\/div>\n<div>\n<p><span lang=\"en\">Russwurm writes that the Swedes who settled on the islets took to cultivating the barren land, which yielded next to nothing despite their zealous efforts, and managed to somehow make an honest living from fishing and payment as day labourers. Some also Germanised, achieving prosperity and better education.<\/span><\/p>\n<\/div>\n<div>\n<p><span lang=\"en\">In the middle of the 19th century, when Russwurm wrote his \u2018Eibofolke\u2019, a few Swedes, most of whom had become Estonians or Germans, lived in other parts of Haapsalu as well, such as Kastinina (presently the area around Suur-Liiva and V\u00e4ike-Liiva Streets), Loem\u00e4e (between \u00d5htu kallas, Lahe and Kalda Streets) Kopli (presently the area around Kopli and Potissepa Streets) and by the cemetery.<\/span><\/p>\n<\/div>\n<div>\n<p><span lang=\"en\">At that time (mid-19th century) Russwurm estimated the number of Swedes in Haapsalu to be four to five families, plus another 80 or so people with Swedish ancestry, some of whom had become Estonians.&nbsp;&nbsp;<\/span><\/p>\n<\/div>\n<div><span lang=\"en\">Holmidepealne was also important for Estonian Swedes later on, when a boat left from Vana-Sadama harbour in Holmindepealne to take mail to Vormsi and Noarootsi, so it was fairly common to see Swedes from Noarootsi or Vormsi arrive at Vana-Sadama pier and make their way to the market along Sadama Street, and then&nbsp; head back to the harbour along the same road to return home.<\/span><\/div>\n\t\t\t\t\t\t\t\t<\/div>\n\t\t\t\t<\/div>\n\t\t\t\t\t<\/div>\n\t\t\t\t<\/div>\n\t\t\t\t<\/div>\n\t\t","protected":false},"excerpt":{"rendered":"<p>Holmidepealne Holmidepealne The district of Haapsalu that stretches out to the sea as a peninsula and separates Eeslaht from Tagalaht (two parts of Haapsalu Bay) is known by the name Holmidepealne. Another part of Haapsalu Bay known as Suur Viik as well as Lake V\u00e4ike Viik are both located in the same area. The words [&hellip;]<\/p>\n","protected":false},"author":2,"featured_media":0,"parent":1815348,"menu_order":0,"comment_status":"closed","ping_status":"closed","template":"","meta":{"_acf_changed":false,"footnotes":""},"class_list":["post-1814856","page","type-page","status-publish","hentry"],"acf":[],"yoast_head":"<!-- This site is optimized with the Yoast SEO plugin v27.3 - https:\/\/yoast.com\/product\/yoast-seo-wordpress\/ -->\n<title>Holmidepealne - Visit Haapsalu<\/title>\n<meta name=\"robots\" content=\"index, follow, max-snippet:-1, max-image-preview:large, max-video-preview:-1\" \/>\n<link rel=\"canonical\" href=\"https:\/\/www.visithaapsalu.com\/en\/estonian-swedes\/holmidepealne\/\" \/>\n<meta property=\"og:locale\" content=\"en_US\" \/>\n<meta property=\"og:type\" content=\"article\" \/>\n<meta property=\"og:title\" content=\"Holmidepealne - Visit Haapsalu\" \/>\n<meta property=\"og:description\" content=\"Holmidepealne Holmidepealne The district of Haapsalu that stretches out to the sea as a peninsula and separates Eeslaht from Tagalaht (two parts of Haapsalu Bay) is known by the name Holmidepealne. Another part of Haapsalu Bay known as Suur Viik as well as Lake V\u00e4ike Viik are both located in the same area. The words [&hellip;]\" \/>\n<meta property=\"og:url\" content=\"https:\/\/www.visithaapsalu.com\/en\/estonian-swedes\/holmidepealne\/\" \/>\n<meta property=\"og:site_name\" content=\"Visit Haapsalu\" \/>\n<meta property=\"article:publisher\" content=\"https:\/\/www.facebook.com\/visithaapsalu\/\" \/>\n<meta property=\"article:modified_time\" content=\"2024-08-08T21:54:40+00:00\" \/>\n<meta property=\"og:image\" content=\"https:\/\/www.visithaapsalu.com\/wp-content\/uploads\/2022\/10\/separator.svg\" \/>\n<meta name=\"twitter:card\" content=\"summary_large_image\" \/>\n<meta name=\"twitter:label1\" content=\"Est. reading time\" \/>\n\t<meta name=\"twitter:data1\" content=\"3 minutes\" \/>\n<script type=\"application\/ld+json\" class=\"yoast-schema-graph\">{\"@context\":\"https:\\\/\\\/schema.org\",\"@graph\":[{\"@type\":\"WebPage\",\"@id\":\"https:\\\/\\\/www.visithaapsalu.com\\\/en\\\/estonian-swedes\\\/holmidepealne\\\/\",\"url\":\"https:\\\/\\\/www.visithaapsalu.com\\\/en\\\/estonian-swedes\\\/holmidepealne\\\/\",\"name\":\"Holmidepealne - Visit Haapsalu\",\"isPartOf\":{\"@id\":\"https:\\\/\\\/www.visithaapsalu.com\\\/en\\\/#website\"},\"primaryImageOfPage\":{\"@id\":\"https:\\\/\\\/www.visithaapsalu.com\\\/en\\\/estonian-swedes\\\/holmidepealne\\\/#primaryimage\"},\"image\":{\"@id\":\"https:\\\/\\\/www.visithaapsalu.com\\\/en\\\/estonian-swedes\\\/holmidepealne\\\/#primaryimage\"},\"thumbnailUrl\":\"https:\\\/\\\/www.visithaapsalu.com\\\/wp-content\\\/uploads\\\/2022\\\/10\\\/separator.svg\",\"datePublished\":\"2023-08-29T14:51:22+00:00\",\"dateModified\":\"2024-08-08T21:54:40+00:00\",\"breadcrumb\":{\"@id\":\"https:\\\/\\\/www.visithaapsalu.com\\\/en\\\/estonian-swedes\\\/holmidepealne\\\/#breadcrumb\"},\"inLanguage\":\"en-US\",\"potentialAction\":[{\"@type\":\"ReadAction\",\"target\":[\"https:\\\/\\\/www.visithaapsalu.com\\\/en\\\/estonian-swedes\\\/holmidepealne\\\/\"]}]},{\"@type\":\"ImageObject\",\"inLanguage\":\"en-US\",\"@id\":\"https:\\\/\\\/www.visithaapsalu.com\\\/en\\\/estonian-swedes\\\/holmidepealne\\\/#primaryimage\",\"url\":\"https:\\\/\\\/www.visithaapsalu.com\\\/wp-content\\\/uploads\\\/2022\\\/10\\\/separator.svg\",\"contentUrl\":\"https:\\\/\\\/www.visithaapsalu.com\\\/wp-content\\\/uploads\\\/2022\\\/10\\\/separator.svg\"},{\"@type\":\"BreadcrumbList\",\"@id\":\"https:\\\/\\\/www.visithaapsalu.com\\\/en\\\/estonian-swedes\\\/holmidepealne\\\/#breadcrumb\",\"itemListElement\":[{\"@type\":\"ListItem\",\"position\":1,\"name\":\"Home\",\"item\":\"https:\\\/\\\/www.visithaapsalu.com\\\/en\\\/\"},{\"@type\":\"ListItem\",\"position\":2,\"name\":\"Estonian Swedes\",\"item\":\"https:\\\/\\\/www.visithaapsalu.com\\\/en\\\/rannarootsi\\\/\"},{\"@type\":\"ListItem\",\"position\":3,\"name\":\"Holmidepealne\"}]},{\"@type\":\"WebSite\",\"@id\":\"https:\\\/\\\/www.visithaapsalu.com\\\/en\\\/#website\",\"url\":\"https:\\\/\\\/www.visithaapsalu.com\\\/en\\\/\",\"name\":\"Visit Haapsalu\",\"description\":\"visithaapsalu\",\"publisher\":{\"@id\":\"https:\\\/\\\/www.visithaapsalu.com\\\/en\\\/#organization\"},\"potentialAction\":[{\"@type\":\"SearchAction\",\"target\":{\"@type\":\"EntryPoint\",\"urlTemplate\":\"https:\\\/\\\/www.visithaapsalu.com\\\/en\\\/?s={search_term_string}\"},\"query-input\":{\"@type\":\"PropertyValueSpecification\",\"valueRequired\":true,\"valueName\":\"search_term_string\"}}],\"inLanguage\":\"en-US\"},{\"@type\":\"Organization\",\"@id\":\"https:\\\/\\\/www.visithaapsalu.com\\\/en\\\/#organization\",\"name\":\"Visit Haapsalu\",\"url\":\"https:\\\/\\\/www.visithaapsalu.com\\\/en\\\/\",\"logo\":{\"@type\":\"ImageObject\",\"inLanguage\":\"en-US\",\"@id\":\"https:\\\/\\\/www.visithaapsalu.com\\\/en\\\/#\\\/schema\\\/logo\\\/image\\\/\",\"url\":\"https:\\\/\\\/www.visithaapsalu.com\\\/wp-content\\\/uploads\\\/2022\\\/11\\\/visit-haapsalu.svg\",\"contentUrl\":\"https:\\\/\\\/www.visithaapsalu.com\\\/wp-content\\\/uploads\\\/2022\\\/11\\\/visit-haapsalu.svg\",\"width\":191,\"height\":37,\"caption\":\"Visit Haapsalu\"},\"image\":{\"@id\":\"https:\\\/\\\/www.visithaapsalu.com\\\/en\\\/#\\\/schema\\\/logo\\\/image\\\/\"},\"sameAs\":[\"https:\\\/\\\/www.facebook.com\\\/visithaapsalu\\\/\",\"https:\\\/\\\/www.instagram.com\\\/visit_haapsalu\\\/\"]}]}<\/script>\n<!-- \/ Yoast SEO plugin. -->","yoast_head_json":{"title":"Holmidepealne - Visit Haapsalu","robots":{"index":"index","follow":"follow","max-snippet":"max-snippet:-1","max-image-preview":"max-image-preview:large","max-video-preview":"max-video-preview:-1"},"canonical":"https:\/\/www.visithaapsalu.com\/en\/estonian-swedes\/holmidepealne\/","og_locale":"en_US","og_type":"article","og_title":"Holmidepealne - Visit Haapsalu","og_description":"Holmidepealne Holmidepealne The district of Haapsalu that stretches out to the sea as a peninsula and separates Eeslaht from Tagalaht (two parts of Haapsalu Bay) is known by the name Holmidepealne. Another part of Haapsalu Bay known as Suur Viik as well as Lake V\u00e4ike Viik are both located in the same area. The words [&hellip;]","og_url":"https:\/\/www.visithaapsalu.com\/en\/estonian-swedes\/holmidepealne\/","og_site_name":"Visit Haapsalu","article_publisher":"https:\/\/www.facebook.com\/visithaapsalu\/","article_modified_time":"2024-08-08T21:54:40+00:00","og_image":[{"url":"https:\/\/www.visithaapsalu.com\/wp-content\/uploads\/2022\/10\/separator.svg","type":"","width":"","height":""}],"twitter_card":"summary_large_image","twitter_misc":{"Est. reading time":"3 minutes"},"schema":{"@context":"https:\/\/schema.org","@graph":[{"@type":"WebPage","@id":"https:\/\/www.visithaapsalu.com\/en\/estonian-swedes\/holmidepealne\/","url":"https:\/\/www.visithaapsalu.com\/en\/estonian-swedes\/holmidepealne\/","name":"Holmidepealne - Visit Haapsalu","isPartOf":{"@id":"https:\/\/www.visithaapsalu.com\/en\/#website"},"primaryImageOfPage":{"@id":"https:\/\/www.visithaapsalu.com\/en\/estonian-swedes\/holmidepealne\/#primaryimage"},"image":{"@id":"https:\/\/www.visithaapsalu.com\/en\/estonian-swedes\/holmidepealne\/#primaryimage"},"thumbnailUrl":"https:\/\/www.visithaapsalu.com\/wp-content\/uploads\/2022\/10\/separator.svg","datePublished":"2023-08-29T14:51:22+00:00","dateModified":"2024-08-08T21:54:40+00:00","breadcrumb":{"@id":"https:\/\/www.visithaapsalu.com\/en\/estonian-swedes\/holmidepealne\/#breadcrumb"},"inLanguage":"en-US","potentialAction":[{"@type":"ReadAction","target":["https:\/\/www.visithaapsalu.com\/en\/estonian-swedes\/holmidepealne\/"]}]},{"@type":"ImageObject","inLanguage":"en-US","@id":"https:\/\/www.visithaapsalu.com\/en\/estonian-swedes\/holmidepealne\/#primaryimage","url":"https:\/\/www.visithaapsalu.com\/wp-content\/uploads\/2022\/10\/separator.svg","contentUrl":"https:\/\/www.visithaapsalu.com\/wp-content\/uploads\/2022\/10\/separator.svg"},{"@type":"BreadcrumbList","@id":"https:\/\/www.visithaapsalu.com\/en\/estonian-swedes\/holmidepealne\/#breadcrumb","itemListElement":[{"@type":"ListItem","position":1,"name":"Home","item":"https:\/\/www.visithaapsalu.com\/en\/"},{"@type":"ListItem","position":2,"name":"Estonian Swedes","item":"https:\/\/www.visithaapsalu.com\/en\/rannarootsi\/"},{"@type":"ListItem","position":3,"name":"Holmidepealne"}]},{"@type":"WebSite","@id":"https:\/\/www.visithaapsalu.com\/en\/#website","url":"https:\/\/www.visithaapsalu.com\/en\/","name":"Visit Haapsalu","description":"visithaapsalu","publisher":{"@id":"https:\/\/www.visithaapsalu.com\/en\/#organization"},"potentialAction":[{"@type":"SearchAction","target":{"@type":"EntryPoint","urlTemplate":"https:\/\/www.visithaapsalu.com\/en\/?s={search_term_string}"},"query-input":{"@type":"PropertyValueSpecification","valueRequired":true,"valueName":"search_term_string"}}],"inLanguage":"en-US"},{"@type":"Organization","@id":"https:\/\/www.visithaapsalu.com\/en\/#organization","name":"Visit Haapsalu","url":"https:\/\/www.visithaapsalu.com\/en\/","logo":{"@type":"ImageObject","inLanguage":"en-US","@id":"https:\/\/www.visithaapsalu.com\/en\/#\/schema\/logo\/image\/","url":"https:\/\/www.visithaapsalu.com\/wp-content\/uploads\/2022\/11\/visit-haapsalu.svg","contentUrl":"https:\/\/www.visithaapsalu.com\/wp-content\/uploads\/2022\/11\/visit-haapsalu.svg","width":191,"height":37,"caption":"Visit Haapsalu"},"image":{"@id":"https:\/\/www.visithaapsalu.com\/en\/#\/schema\/logo\/image\/"},"sameAs":["https:\/\/www.facebook.com\/visithaapsalu\/","https:\/\/www.instagram.com\/visit_haapsalu\/"]}]}},"_links":{"self":[{"href":"https:\/\/www.visithaapsalu.com\/en\/wp-json\/wp\/v2\/pages\/1814856","targetHints":{"allow":["GET"]}}],"collection":[{"href":"https:\/\/www.visithaapsalu.com\/en\/wp-json\/wp\/v2\/pages"}],"about":[{"href":"https:\/\/www.visithaapsalu.com\/en\/wp-json\/wp\/v2\/types\/page"}],"author":[{"embeddable":true,"href":"https:\/\/www.visithaapsalu.com\/en\/wp-json\/wp\/v2\/users\/2"}],"replies":[{"embeddable":true,"href":"https:\/\/www.visithaapsalu.com\/en\/wp-json\/wp\/v2\/comments?post=1814856"}],"version-history":[{"count":5,"href":"https:\/\/www.visithaapsalu.com\/en\/wp-json\/wp\/v2\/pages\/1814856\/revisions"}],"predecessor-version":[{"id":1815016,"href":"https:\/\/www.visithaapsalu.com\/en\/wp-json\/wp\/v2\/pages\/1814856\/revisions\/1815016"}],"up":[{"embeddable":true,"href":"https:\/\/www.visithaapsalu.com\/en\/wp-json\/wp\/v2\/pages\/1815348"}],"wp:attachment":[{"href":"https:\/\/www.visithaapsalu.com\/en\/wp-json\/wp\/v2\/media?parent=1814856"}],"curies":[{"name":"wp","href":"https:\/\/api.w.org\/{rel}","templated":true}]}}