{"id":1814784,"date":"2023-08-18T13:47:09","date_gmt":"2023-08-18T10:47:09","guid":{"rendered":"https:\/\/www.visithaapsalu.com\/kostritalu\/"},"modified":"2024-08-09T00:54:39","modified_gmt":"2024-08-08T21:54:39","slug":"kostritalu","status":"publish","type":"page","link":"https:\/\/www.visithaapsalu.com\/en\/estonian-swedes\/kostritalu\/","title":{"rendered":"K\u00f6stritalu"},"content":{"rendered":"\t\t<div data-elementor-type=\"wp-page\" data-elementor-id=\"1814784\" class=\"elementor elementor-1814784 elementor-1793137\" data-elementor-post-type=\"page\">\n\t\t\t\t\t\t<section class=\"elementor-section elementor-top-section elementor-element elementor-element-7ee5747 elementor-section-content-middle elementor-section-height-min-height elementor-section-boxed elementor-section-height-default elementor-section-items-middle\" data-id=\"7ee5747\" data-element_type=\"section\" data-e-type=\"section\" data-settings=\"{&quot;background_background&quot;:&quot;classic&quot;}\">\n\t\t\t\t\t\t\t<div class=\"elementor-background-overlay\"><\/div>\n\t\t\t\t\t\t\t<div class=\"elementor-container elementor-column-gap-default\">\n\t\t\t\t\t<div class=\"elementor-column elementor-col-100 elementor-top-column elementor-element elementor-element-6953898\" data-id=\"6953898\" data-element_type=\"column\" data-e-type=\"column\" data-settings=\"{&quot;background_background&quot;:&quot;classic&quot;}\">\n\t\t\t<div class=\"elementor-widget-wrap elementor-element-populated\">\n\t\t\t\t\t\t<div class=\"elementor-element elementor-element-dcfff39 elementor-widget elementor-widget-heading\" data-id=\"dcfff39\" data-element_type=\"widget\" data-e-type=\"widget\" data-widget_type=\"heading.default\">\n\t\t\t\t<div class=\"elementor-widget-container\">\n\t\t\t\t\t<h1 class=\"elementor-heading-title elementor-size-default\">K\u00f6stritalu<\/h1>\t\t\t\t<\/div>\n\t\t\t\t<\/div>\n\t\t\t\t\t<\/div>\n\t\t<\/div>\n\t\t\t\t\t<\/div>\n\t\t<\/section>\n\t\t\t\t<section class=\"elementor-section elementor-top-section elementor-element elementor-element-df6c960 elementor-section-boxed elementor-section-height-default elementor-section-height-default\" data-id=\"df6c960\" data-element_type=\"section\" data-e-type=\"section\">\n\t\t\t\t\t\t<div class=\"elementor-container elementor-column-gap-default\">\n\t\t\t\t\t<div class=\"elementor-column elementor-col-100 elementor-top-column elementor-element elementor-element-d0bdec0\" data-id=\"d0bdec0\" data-element_type=\"column\" data-e-type=\"column\">\n\t\t\t<div class=\"elementor-widget-wrap elementor-element-populated\">\n\t\t\t\t\t\t<div class=\"elementor-element elementor-element-0b71c20 elementor-widget elementor-widget-global elementor-global-118 elementor-widget-image\" data-id=\"0b71c20\" data-element_type=\"widget\" data-e-type=\"widget\" data-widget_type=\"image.default\">\n\t\t\t\t<div class=\"elementor-widget-container\">\n\t\t\t\t\t\t\t\t\t\t\t\t\t\t\t<img decoding=\"async\" width=\"86\" height=\"10\" src=\"https:\/\/www.visithaapsalu.com\/wp-content\/uploads\/2022\/10\/separator.svg\" class=\"attachment-thumbnail size-thumbnail wp-image-1714447\" alt=\"\" \/>\t\t\t\t\t\t\t\t\t\t\t\t\t\t\t<\/div>\n\t\t\t\t<\/div>\n\t\t\t\t\t<\/div>\n\t\t<\/div>\n\t\t\t\t\t<\/div>\n\t\t<\/section>\n\t\t\t\t<section class=\"elementor-section elementor-top-section elementor-element elementor-element-8212654 elementor-section-boxed elementor-section-height-default elementor-section-height-default\" data-id=\"8212654\" data-element_type=\"section\" data-e-type=\"section\">\n\t\t\t\t\t\t<div class=\"elementor-container elementor-column-gap-default\">\n\t\t\t\t\t<div class=\"elementor-column elementor-col-100 elementor-top-column elementor-element elementor-element-b98f4e0\" data-id=\"b98f4e0\" data-element_type=\"column\" data-e-type=\"column\">\n\t\t\t<div class=\"elementor-widget-wrap elementor-element-populated\">\n\t\t\t\t\t\t<div class=\"elementor-element elementor-element-e4c41db elementor-widget elementor-widget-heading\" data-id=\"e4c41db\" data-element_type=\"widget\" data-e-type=\"widget\" data-widget_type=\"heading.default\">\n\t\t\t\t<div class=\"elementor-widget-container\">\n\t\t\t\t\t<h2 class=\"elementor-heading-title elementor-size-default\">K\u00f6stritalu<\/h2>\t\t\t\t<\/div>\n\t\t\t\t<\/div>\n\t\t\t\t\t<\/div>\n\t\t<\/div>\n\t\t\t\t\t<\/div>\n\t\t<\/section>\n\t\t<div class=\"elementor-element elementor-element-3fa8829 e-flex e-con-boxed e-con e-parent\" data-id=\"3fa8829\" data-element_type=\"container\" data-e-type=\"container\">\n\t\t\t\t\t<div class=\"e-con-inner\">\n\t\t\t\t<div class=\"elementor-element elementor-element-7a41d8e elementor-widget elementor-widget-text-editor\" data-id=\"7a41d8e\" data-element_type=\"widget\" data-e-type=\"widget\" data-widget_type=\"text-editor.default\">\n\t\t\t\t<div class=\"elementor-widget-container\">\n\t\t\t\t\t\t\t\t\t<p>K\u00f6stritalu is located at the very entrance to the Noarootsi peninsula, by Kulani road. Only the foundations of the farm have survived, but the Museum of the Coastal Swedes has erected&nbsp; an information plaque on the site.<\/p>\n<p>K\u00f6stritalu (sacristan\u2019s farm) was the residence of the sacristan of Noarootsi. From the second half of the 19th century it was also the parish school for children from the villages of Kudani, V\u00f6\u00f6la and Hara. Baron von Ungern-Sternberg of the manor as well as Girgensohn, the priest of Noarootsi, provided the construction materials for the building. Because space was limited in the early days, boys would go to school on one day of the week and girls on the other. In 1873, a classroom was built into the sacristan\u2019s house. There were 25-30 pupils in the school, about half of them Estonian and half of them Swedish.<\/p>\n<p>At the turn of the 19th and 20th centuries, the house was extensively rebuilt. The children now had their own exit and there was also a bed chamber for children who came from further afield. Children from Hara village, for example, had a long journey to school, which meant they lived in the schoolhouse all week long.<\/p>\n<p>A fire broke out in K\u00f6stritalu in 1920 and half the house burnt down. Due to a lack of space, the sacristan-schoolteacher was only able to use his bed chamber to teach children from the nearest village of Kudani. Given that nothing but the walls survived from the classroom and the municipality was unwilling to rebuild the school section, the sacristan-schoolteacher at the time bought the place, rebuilt it at his own expense and ran a school there for three years. In 1924, the school was relocated to V\u00f6\u00f6la manor.<\/p>\n<p>Not only was K\u00f6stritalu important as a school, but it also served as a gathering place for adults, as its location made it a good place to rest on the way.&nbsp; People came here to meet up, borrow books, read Estonian and Swedish newspapers and magazines, or just to chat with the sacristan.<\/p>\n<p>The best known of the Noarootsi sacristans was Johan Nyman, who was active between 1893 and 1933. He was also one of the pioneers of the national awakening of the Estonian Swedes. The first large meetings of the Estonian Swedes during the Estonian Age of Awakening were also held in K\u00f6stritalu.<\/p>\n<p>The place is now owned by the congregation of Noarootsi and there is an information board at the site.<\/p>\n\t\t\t\t\t\t\t\t<\/div>\n\t\t\t\t<\/div>\n\t\t\t\t\t<\/div>\n\t\t\t\t<\/div>\n\t\t\t\t<section class=\"elementor-section elementor-top-section elementor-element elementor-element-9bd6c32 elementor-section-boxed elementor-section-height-default elementor-section-height-default\" data-id=\"9bd6c32\" data-element_type=\"section\" data-e-type=\"section\">\n\t\t\t\t\t\t<div class=\"elementor-container elementor-column-gap-default\">\n\t\t\t\t\t<div class=\"elementor-column elementor-col-100 elementor-top-column elementor-element elementor-element-85a370f\" data-id=\"85a370f\" data-element_type=\"column\" data-e-type=\"column\">\n\t\t\t<div class=\"elementor-widget-wrap elementor-element-populated\">\n\t\t\t\t\t\t<div class=\"elementor-element elementor-element-0b9fee2 elementor-widget elementor-widget-heading\" data-id=\"0b9fee2\" data-element_type=\"widget\" data-e-type=\"widget\" data-widget_type=\"heading.default\">\n\t\t\t\t<div class=\"elementor-widget-container\">\n\t\t\t\t\t<h2 class=\"elementor-heading-title elementor-size-default\">Johan Nyman (1859-1933)<\/h2>\t\t\t\t<\/div>\n\t\t\t\t<\/div>\n\t\t\t\t\t<\/div>\n\t\t<\/div>\n\t\t\t\t\t<\/div>\n\t\t<\/section>\n\t\t<div class=\"elementor-element elementor-element-ae6271c e-flex e-con-boxed e-con e-parent\" data-id=\"ae6271c\" data-element_type=\"container\" data-e-type=\"container\">\n\t\t\t\t\t<div class=\"e-con-inner\">\n\t\t\t\t<div class=\"elementor-element elementor-element-a503fc9 elementor-widget elementor-widget-text-editor\" data-id=\"a503fc9\" data-element_type=\"widget\" data-e-type=\"widget\" data-widget_type=\"text-editor.default\">\n\t\t\t\t<div class=\"elementor-widget-container\">\n\t\t\t\t\t\t\t\t\t<p>Originally from Suur-N\u00f5mmk\u00fcla, Johan Nyman played a crucial role in promoting the self-awareness of the Estonian Swedes, even though he was a rather humble man.<\/p>\n<p>Nyman was described as extremely curious even as a child and learned to read and write at an early age. When missionary Thor\u00e9n founded the Paslepa Teachers\u2019 Seminary in 1873, Nyman ended up getting admitted because of low enrolment. Nyman was only 14 years old at the time, making him the youngest student at the seminary. As he was too young to become a teacher on his own after finishing school, Nyman stayed at the seminary for a year to help Thor\u00e9n. &nbsp;When Nyman turned 18, he became a teacher at Paslepa village school. In the last years of the Teachers\u2019 Seminary, when most of the students were already Estonians, Thor\u00e9n, who did not speak Estonian, found teaching more challenging and Nyman was asked to teach some of the subjects. In the final year of the seminary, Nyman became the leader of the seminary.<\/p>\n<p>In 1883 Johan Nyman became a schoolteacher on Osmussaar and remained there for ten years. Despite having a small income, Nyman has said in retrospect that it was perhaps the happiest time of his life.<\/p>\n<p>In 1883 Nyman was elected the sacristan of Noarootsi and became a school teacher. He also taught Swedish to Hans P\u00f6hl from Aulepa, who later became Nyman\u2019s comrade-in-arms in advocating for the cause of the Estonian Swedes and one of their leading figures.<\/p>\n<p>Nyman started to think about the future of the Estonian Swedes while he was still on Osmussaar. The Russification at the end of the 19th century gave an additional push for Nyman to start pursuing his ideas about the cultural promotion of Estonian Swedish settlements.<\/p>\n<p>His first step was an attempt to found the Noarootsi parish library together with P\u00f6hl in the spring of 1900. Due to the opposition of the authorities, it proved difficult to set it up, and so they decided to establish a temperance organisation to facilitate the start-up of a library. Until then, books were lent out in secret. The temperance organisation, founded in 1903, became the first association of Estonian Swedes to spread education and knowledge.<\/p>\n<p>In 1903, Nyman and Hans P\u00f6hl published the first calendar of Estonian Swedes, which was coincidentally the first Swedish-language publication in Estonia after the Swedish songbook published in Tallinn in the 18th century. Nyman was also active in the founding of the next organisation of Estonian Swedes, Svenska Odlingens V\u00e4nner (Friends of Swedish Education), and in the publication of its newspaper Kustbon. Nyman was also on the editorial board of Kustbon.<\/p>\n<p>Nyman died in 1933 and is now buried in the cemetery near Noarootsi church.&nbsp;<\/p>\n\t\t\t\t\t\t\t\t<\/div>\n\t\t\t\t<\/div>\n\t\t\t\t\t<\/div>\n\t\t\t\t<\/div>\n\t\t\t\t<\/div>\n\t\t","protected":false},"excerpt":{"rendered":"<p>K\u00f6stritalu K\u00f6stritalu K\u00f6stritalu is located at the very entrance to the Noarootsi peninsula, by Kulani road. Only the foundations of the farm have survived, but the Museum of the Coastal Swedes has erected&nbsp; an information plaque on the site. K\u00f6stritalu (sacristan\u2019s farm) was the residence of the sacristan of Noarootsi. From the second half of [&hellip;]<\/p>\n","protected":false},"author":1,"featured_media":0,"parent":1815348,"menu_order":0,"comment_status":"closed","ping_status":"closed","template":"","meta":{"_acf_changed":false,"footnotes":""},"class_list":["post-1814784","page","type-page","status-publish","hentry"],"acf":[],"yoast_head":"<!-- This site is optimized with the Yoast SEO plugin v27.3 - https:\/\/yoast.com\/product\/yoast-seo-wordpress\/ -->\n<title>K\u00f6stritalu - Visit Haapsalu<\/title>\n<meta name=\"description\" content=\"K\u00f6stritalu (sacristan\u2019s farm) was the residence of the sacristan of Noarootsi. From the second half of the 19th century it was also the parish school for children from the villages of Kudani, V\u00f6\u00f6la and Hara.\" \/>\n<meta name=\"robots\" content=\"index, follow, max-snippet:-1, max-image-preview:large, max-video-preview:-1\" \/>\n<link rel=\"canonical\" href=\"https:\/\/www.visithaapsalu.com\/en\/estonian-swedes\/kostritalu\/\" \/>\n<meta property=\"og:locale\" content=\"en_US\" \/>\n<meta property=\"og:type\" content=\"article\" \/>\n<meta property=\"og:title\" content=\"K\u00f6stritalu - Visit Haapsalu\" \/>\n<meta property=\"og:description\" content=\"K\u00f6stritalu (sacristan\u2019s farm) was the residence of the sacristan of Noarootsi. From the second half of the 19th century it was also the parish school for children from the villages of Kudani, V\u00f6\u00f6la and Hara.\" \/>\n<meta property=\"og:url\" content=\"https:\/\/www.visithaapsalu.com\/en\/estonian-swedes\/kostritalu\/\" \/>\n<meta property=\"og:site_name\" content=\"Visit Haapsalu\" \/>\n<meta property=\"article:publisher\" content=\"https:\/\/www.facebook.com\/visithaapsalu\/\" \/>\n<meta property=\"article:modified_time\" content=\"2024-08-08T21:54:39+00:00\" \/>\n<meta property=\"og:image\" content=\"https:\/\/www.visithaapsalu.com\/wp-content\/uploads\/2022\/10\/separator.svg\" \/>\n<meta name=\"twitter:card\" content=\"summary_large_image\" \/>\n<meta name=\"twitter:label1\" content=\"Est. reading time\" \/>\n\t<meta name=\"twitter:data1\" content=\"4 minutes\" \/>\n<script type=\"application\/ld+json\" class=\"yoast-schema-graph\">{\"@context\":\"https:\\\/\\\/schema.org\",\"@graph\":[{\"@type\":\"WebPage\",\"@id\":\"https:\\\/\\\/www.visithaapsalu.com\\\/en\\\/estonian-swedes\\\/kostritalu\\\/\",\"url\":\"https:\\\/\\\/www.visithaapsalu.com\\\/en\\\/estonian-swedes\\\/kostritalu\\\/\",\"name\":\"K\u00f6stritalu - Visit Haapsalu\",\"isPartOf\":{\"@id\":\"https:\\\/\\\/www.visithaapsalu.com\\\/en\\\/#website\"},\"primaryImageOfPage\":{\"@id\":\"https:\\\/\\\/www.visithaapsalu.com\\\/en\\\/estonian-swedes\\\/kostritalu\\\/#primaryimage\"},\"image\":{\"@id\":\"https:\\\/\\\/www.visithaapsalu.com\\\/en\\\/estonian-swedes\\\/kostritalu\\\/#primaryimage\"},\"thumbnailUrl\":\"https:\\\/\\\/www.visithaapsalu.com\\\/wp-content\\\/uploads\\\/2022\\\/10\\\/separator.svg\",\"datePublished\":\"2023-08-18T10:47:09+00:00\",\"dateModified\":\"2024-08-08T21:54:39+00:00\",\"description\":\"K\u00f6stritalu (sacristan\u2019s farm) was the residence of the sacristan of Noarootsi. From the second half of the 19th century it was also the parish school for children from the villages of Kudani, V\u00f6\u00f6la and Hara.\",\"breadcrumb\":{\"@id\":\"https:\\\/\\\/www.visithaapsalu.com\\\/en\\\/estonian-swedes\\\/kostritalu\\\/#breadcrumb\"},\"inLanguage\":\"en-US\",\"potentialAction\":[{\"@type\":\"ReadAction\",\"target\":[\"https:\\\/\\\/www.visithaapsalu.com\\\/en\\\/estonian-swedes\\\/kostritalu\\\/\"]}]},{\"@type\":\"ImageObject\",\"inLanguage\":\"en-US\",\"@id\":\"https:\\\/\\\/www.visithaapsalu.com\\\/en\\\/estonian-swedes\\\/kostritalu\\\/#primaryimage\",\"url\":\"https:\\\/\\\/www.visithaapsalu.com\\\/wp-content\\\/uploads\\\/2022\\\/10\\\/separator.svg\",\"contentUrl\":\"https:\\\/\\\/www.visithaapsalu.com\\\/wp-content\\\/uploads\\\/2022\\\/10\\\/separator.svg\"},{\"@type\":\"BreadcrumbList\",\"@id\":\"https:\\\/\\\/www.visithaapsalu.com\\\/en\\\/estonian-swedes\\\/kostritalu\\\/#breadcrumb\",\"itemListElement\":[{\"@type\":\"ListItem\",\"position\":1,\"name\":\"Home\",\"item\":\"https:\\\/\\\/www.visithaapsalu.com\\\/en\\\/\"},{\"@type\":\"ListItem\",\"position\":2,\"name\":\"Estonian Swedes\",\"item\":\"https:\\\/\\\/www.visithaapsalu.com\\\/en\\\/rannarootsi\\\/\"},{\"@type\":\"ListItem\",\"position\":3,\"name\":\"K\u00f6stritalu\"}]},{\"@type\":\"WebSite\",\"@id\":\"https:\\\/\\\/www.visithaapsalu.com\\\/en\\\/#website\",\"url\":\"https:\\\/\\\/www.visithaapsalu.com\\\/en\\\/\",\"name\":\"Visit Haapsalu\",\"description\":\"visithaapsalu\",\"publisher\":{\"@id\":\"https:\\\/\\\/www.visithaapsalu.com\\\/en\\\/#organization\"},\"potentialAction\":[{\"@type\":\"SearchAction\",\"target\":{\"@type\":\"EntryPoint\",\"urlTemplate\":\"https:\\\/\\\/www.visithaapsalu.com\\\/en\\\/?s={search_term_string}\"},\"query-input\":{\"@type\":\"PropertyValueSpecification\",\"valueRequired\":true,\"valueName\":\"search_term_string\"}}],\"inLanguage\":\"en-US\"},{\"@type\":\"Organization\",\"@id\":\"https:\\\/\\\/www.visithaapsalu.com\\\/en\\\/#organization\",\"name\":\"Visit Haapsalu\",\"url\":\"https:\\\/\\\/www.visithaapsalu.com\\\/en\\\/\",\"logo\":{\"@type\":\"ImageObject\",\"inLanguage\":\"en-US\",\"@id\":\"https:\\\/\\\/www.visithaapsalu.com\\\/en\\\/#\\\/schema\\\/logo\\\/image\\\/\",\"url\":\"https:\\\/\\\/www.visithaapsalu.com\\\/wp-content\\\/uploads\\\/2022\\\/11\\\/visit-haapsalu.svg\",\"contentUrl\":\"https:\\\/\\\/www.visithaapsalu.com\\\/wp-content\\\/uploads\\\/2022\\\/11\\\/visit-haapsalu.svg\",\"width\":191,\"height\":37,\"caption\":\"Visit Haapsalu\"},\"image\":{\"@id\":\"https:\\\/\\\/www.visithaapsalu.com\\\/en\\\/#\\\/schema\\\/logo\\\/image\\\/\"},\"sameAs\":[\"https:\\\/\\\/www.facebook.com\\\/visithaapsalu\\\/\",\"https:\\\/\\\/www.instagram.com\\\/visit_haapsalu\\\/\"]}]}<\/script>\n<!-- \/ Yoast SEO plugin. -->","yoast_head_json":{"title":"K\u00f6stritalu - Visit Haapsalu","description":"K\u00f6stritalu (sacristan\u2019s farm) was the residence of the sacristan of Noarootsi. From the second half of the 19th century it was also the parish school for children from the villages of Kudani, V\u00f6\u00f6la and Hara.","robots":{"index":"index","follow":"follow","max-snippet":"max-snippet:-1","max-image-preview":"max-image-preview:large","max-video-preview":"max-video-preview:-1"},"canonical":"https:\/\/www.visithaapsalu.com\/en\/estonian-swedes\/kostritalu\/","og_locale":"en_US","og_type":"article","og_title":"K\u00f6stritalu - Visit Haapsalu","og_description":"K\u00f6stritalu (sacristan\u2019s farm) was the residence of the sacristan of Noarootsi. From the second half of the 19th century it was also the parish school for children from the villages of Kudani, V\u00f6\u00f6la and Hara.","og_url":"https:\/\/www.visithaapsalu.com\/en\/estonian-swedes\/kostritalu\/","og_site_name":"Visit Haapsalu","article_publisher":"https:\/\/www.facebook.com\/visithaapsalu\/","article_modified_time":"2024-08-08T21:54:39+00:00","og_image":[{"url":"https:\/\/www.visithaapsalu.com\/wp-content\/uploads\/2022\/10\/separator.svg","type":"","width":"","height":""}],"twitter_card":"summary_large_image","twitter_misc":{"Est. reading time":"4 minutes"},"schema":{"@context":"https:\/\/schema.org","@graph":[{"@type":"WebPage","@id":"https:\/\/www.visithaapsalu.com\/en\/estonian-swedes\/kostritalu\/","url":"https:\/\/www.visithaapsalu.com\/en\/estonian-swedes\/kostritalu\/","name":"K\u00f6stritalu - Visit Haapsalu","isPartOf":{"@id":"https:\/\/www.visithaapsalu.com\/en\/#website"},"primaryImageOfPage":{"@id":"https:\/\/www.visithaapsalu.com\/en\/estonian-swedes\/kostritalu\/#primaryimage"},"image":{"@id":"https:\/\/www.visithaapsalu.com\/en\/estonian-swedes\/kostritalu\/#primaryimage"},"thumbnailUrl":"https:\/\/www.visithaapsalu.com\/wp-content\/uploads\/2022\/10\/separator.svg","datePublished":"2023-08-18T10:47:09+00:00","dateModified":"2024-08-08T21:54:39+00:00","description":"K\u00f6stritalu (sacristan\u2019s farm) was the residence of the sacristan of Noarootsi. From the second half of the 19th century it was also the parish school for children from the villages of Kudani, V\u00f6\u00f6la and Hara.","breadcrumb":{"@id":"https:\/\/www.visithaapsalu.com\/en\/estonian-swedes\/kostritalu\/#breadcrumb"},"inLanguage":"en-US","potentialAction":[{"@type":"ReadAction","target":["https:\/\/www.visithaapsalu.com\/en\/estonian-swedes\/kostritalu\/"]}]},{"@type":"ImageObject","inLanguage":"en-US","@id":"https:\/\/www.visithaapsalu.com\/en\/estonian-swedes\/kostritalu\/#primaryimage","url":"https:\/\/www.visithaapsalu.com\/wp-content\/uploads\/2022\/10\/separator.svg","contentUrl":"https:\/\/www.visithaapsalu.com\/wp-content\/uploads\/2022\/10\/separator.svg"},{"@type":"BreadcrumbList","@id":"https:\/\/www.visithaapsalu.com\/en\/estonian-swedes\/kostritalu\/#breadcrumb","itemListElement":[{"@type":"ListItem","position":1,"name":"Home","item":"https:\/\/www.visithaapsalu.com\/en\/"},{"@type":"ListItem","position":2,"name":"Estonian Swedes","item":"https:\/\/www.visithaapsalu.com\/en\/rannarootsi\/"},{"@type":"ListItem","position":3,"name":"K\u00f6stritalu"}]},{"@type":"WebSite","@id":"https:\/\/www.visithaapsalu.com\/en\/#website","url":"https:\/\/www.visithaapsalu.com\/en\/","name":"Visit Haapsalu","description":"visithaapsalu","publisher":{"@id":"https:\/\/www.visithaapsalu.com\/en\/#organization"},"potentialAction":[{"@type":"SearchAction","target":{"@type":"EntryPoint","urlTemplate":"https:\/\/www.visithaapsalu.com\/en\/?s={search_term_string}"},"query-input":{"@type":"PropertyValueSpecification","valueRequired":true,"valueName":"search_term_string"}}],"inLanguage":"en-US"},{"@type":"Organization","@id":"https:\/\/www.visithaapsalu.com\/en\/#organization","name":"Visit Haapsalu","url":"https:\/\/www.visithaapsalu.com\/en\/","logo":{"@type":"ImageObject","inLanguage":"en-US","@id":"https:\/\/www.visithaapsalu.com\/en\/#\/schema\/logo\/image\/","url":"https:\/\/www.visithaapsalu.com\/wp-content\/uploads\/2022\/11\/visit-haapsalu.svg","contentUrl":"https:\/\/www.visithaapsalu.com\/wp-content\/uploads\/2022\/11\/visit-haapsalu.svg","width":191,"height":37,"caption":"Visit Haapsalu"},"image":{"@id":"https:\/\/www.visithaapsalu.com\/en\/#\/schema\/logo\/image\/"},"sameAs":["https:\/\/www.facebook.com\/visithaapsalu\/","https:\/\/www.instagram.com\/visit_haapsalu\/"]}]}},"_links":{"self":[{"href":"https:\/\/www.visithaapsalu.com\/en\/wp-json\/wp\/v2\/pages\/1814784","targetHints":{"allow":["GET"]}}],"collection":[{"href":"https:\/\/www.visithaapsalu.com\/en\/wp-json\/wp\/v2\/pages"}],"about":[{"href":"https:\/\/www.visithaapsalu.com\/en\/wp-json\/wp\/v2\/types\/page"}],"author":[{"embeddable":true,"href":"https:\/\/www.visithaapsalu.com\/en\/wp-json\/wp\/v2\/users\/1"}],"replies":[{"embeddable":true,"href":"https:\/\/www.visithaapsalu.com\/en\/wp-json\/wp\/v2\/comments?post=1814784"}],"version-history":[{"count":5,"href":"https:\/\/www.visithaapsalu.com\/en\/wp-json\/wp\/v2\/pages\/1814784\/revisions"}],"predecessor-version":[{"id":1814998,"href":"https:\/\/www.visithaapsalu.com\/en\/wp-json\/wp\/v2\/pages\/1814784\/revisions\/1814998"}],"up":[{"embeddable":true,"href":"https:\/\/www.visithaapsalu.com\/en\/wp-json\/wp\/v2\/pages\/1815348"}],"wp:attachment":[{"href":"https:\/\/www.visithaapsalu.com\/en\/wp-json\/wp\/v2\/media?parent=1814784"}],"curies":[{"name":"wp","href":"https:\/\/api.w.org\/{rel}","templated":true}]}}