{"id":1814772,"date":"2023-08-18T13:07:11","date_gmt":"2023-08-18T10:07:11","guid":{"rendered":"https:\/\/www.visithaapsalu.com\/kolgumae-kartuliaugud\/"},"modified":"2024-08-09T00:54:38","modified_gmt":"2024-08-08T21:54:38","slug":"kolgumae-kartuliaugud","status":"publish","type":"page","link":"https:\/\/www.visithaapsalu.com\/en\/estonian-swedes\/kolgumae-kartuliaugud\/","title":{"rendered":"Potato caves of K\u00f5lgum\u00e4e"},"content":{"rendered":"\t\t<div data-elementor-type=\"wp-page\" data-elementor-id=\"1814772\" class=\"elementor elementor-1814772 elementor-1793083\" data-elementor-post-type=\"page\">\n\t\t\t\t\t\t<section class=\"elementor-section elementor-top-section elementor-element elementor-element-5a6c5d4 elementor-section-content-middle elementor-section-height-min-height elementor-section-boxed elementor-section-height-default elementor-section-items-middle\" data-id=\"5a6c5d4\" data-element_type=\"section\" data-e-type=\"section\" data-settings=\"{&quot;background_background&quot;:&quot;classic&quot;}\">\n\t\t\t\t\t\t\t<div class=\"elementor-background-overlay\"><\/div>\n\t\t\t\t\t\t\t<div class=\"elementor-container elementor-column-gap-default\">\n\t\t\t\t\t<div class=\"elementor-column elementor-col-100 elementor-top-column elementor-element elementor-element-6c56f90\" data-id=\"6c56f90\" data-element_type=\"column\" data-e-type=\"column\" data-settings=\"{&quot;background_background&quot;:&quot;classic&quot;}\">\n\t\t\t<div class=\"elementor-widget-wrap elementor-element-populated\">\n\t\t\t\t\t\t<div class=\"elementor-element elementor-element-3b28101 elementor-widget elementor-widget-heading\" data-id=\"3b28101\" data-element_type=\"widget\" data-e-type=\"widget\" data-widget_type=\"heading.default\">\n\t\t\t\t<div class=\"elementor-widget-container\">\n\t\t\t\t\t<h1 class=\"elementor-heading-title elementor-size-default\">Potato caves of K\u00f5lgum\u00e4e<\/h1>\t\t\t\t<\/div>\n\t\t\t\t<\/div>\n\t\t\t\t\t<\/div>\n\t\t<\/div>\n\t\t\t\t\t<\/div>\n\t\t<\/section>\n\t\t\t\t<section class=\"elementor-section elementor-top-section elementor-element elementor-element-745df81 elementor-section-boxed elementor-section-height-default elementor-section-height-default\" data-id=\"745df81\" data-element_type=\"section\" data-e-type=\"section\">\n\t\t\t\t\t\t<div class=\"elementor-container elementor-column-gap-default\">\n\t\t\t\t\t<div class=\"elementor-column elementor-col-100 elementor-top-column elementor-element elementor-element-7e0c4c5\" data-id=\"7e0c4c5\" data-element_type=\"column\" data-e-type=\"column\">\n\t\t\t<div class=\"elementor-widget-wrap elementor-element-populated\">\n\t\t\t\t\t\t<div class=\"elementor-element elementor-element-e542c5d elementor-widget elementor-widget-global elementor-global-118 elementor-widget-image\" data-id=\"e542c5d\" data-element_type=\"widget\" data-e-type=\"widget\" data-widget_type=\"image.default\">\n\t\t\t\t<div class=\"elementor-widget-container\">\n\t\t\t\t\t\t\t\t\t\t\t\t\t\t\t<img decoding=\"async\" width=\"86\" height=\"10\" src=\"https:\/\/www.visithaapsalu.com\/wp-content\/uploads\/2022\/10\/separator.svg\" class=\"attachment-thumbnail size-thumbnail wp-image-1714447\" alt=\"\" \/>\t\t\t\t\t\t\t\t\t\t\t\t\t\t\t<\/div>\n\t\t\t\t<\/div>\n\t\t\t\t\t<\/div>\n\t\t<\/div>\n\t\t\t\t\t<\/div>\n\t\t<\/section>\n\t\t\t\t<section class=\"elementor-section elementor-top-section elementor-element elementor-element-64ece20 elementor-section-boxed elementor-section-height-default elementor-section-height-default\" data-id=\"64ece20\" data-element_type=\"section\" data-e-type=\"section\">\n\t\t\t\t\t\t<div class=\"elementor-container elementor-column-gap-default\">\n\t\t\t\t\t<div class=\"elementor-column elementor-col-100 elementor-top-column elementor-element elementor-element-16554f7\" data-id=\"16554f7\" data-element_type=\"column\" data-e-type=\"column\">\n\t\t\t<div class=\"elementor-widget-wrap elementor-element-populated\">\n\t\t\t\t\t\t<div class=\"elementor-element elementor-element-0cc0f2f elementor-widget elementor-widget-heading\" data-id=\"0cc0f2f\" data-element_type=\"widget\" data-e-type=\"widget\" data-widget_type=\"heading.default\">\n\t\t\t\t<div class=\"elementor-widget-container\">\n\t\t\t\t\t<h2 class=\"elementor-heading-title elementor-size-default\">Potato caves of K\u00f5lgum\u00e4e<\/h2>\t\t\t\t<\/div>\n\t\t\t\t<\/div>\n\t\t\t\t\t<\/div>\n\t\t<\/div>\n\t\t\t\t\t<\/div>\n\t\t<\/section>\n\t\t<div class=\"elementor-element elementor-element-c408272 e-flex e-con-boxed e-con e-parent\" data-id=\"c408272\" data-element_type=\"container\" data-e-type=\"container\">\n\t\t\t\t\t<div class=\"e-con-inner\">\n\t\t\t\t<div class=\"elementor-element elementor-element-fbd1e96 elementor-widget elementor-widget-text-editor\" data-id=\"fbd1e96\" data-element_type=\"widget\" data-e-type=\"widget\" data-widget_type=\"text-editor.default\">\n\t\t\t\t<div class=\"elementor-widget-container\">\n\t\t\t\t\t\t\t\t\t<p>The potato caves of K\u00f5lgum\u00e4e are located a short distance before the road junction to Perak\u00fcla, at a place that is known locally as K\u00f5lgum\u00e4e or K\u00f5lguta hill.<\/p>\n<p>There are a dozen potato caves about 1.5 metres deep in the higher sandy mound. The caves are well preserved, and unlike other caves in the N\u00f5va area, six of them have stone lining. There are also unlined caves.<\/p>\n<p>The potato caves probably date from the 1920s when sacristan Mart Martin lived in K\u00f5lgum\u00e4e and ran a starch factory with his son.<\/p>\n<p>It was very common in these areas to store potatoes in caves dug in the ground. Since folk had access to high dry sandy hills, there was no need to build extra root cellars. A cave was dug inside of an elevation and lined with straw, sometimes stone. After filling them with potatoes, the cave mouth was covered with tree branches and a layer of straw. The top was covered with a layer of sand and soil.&nbsp;&nbsp;<\/p>\n\t\t\t\t\t\t\t\t<\/div>\n\t\t\t\t<\/div>\n\t\t\t\t\t<\/div>\n\t\t\t\t<\/div>\n\t\t\t\t<section class=\"elementor-section elementor-top-section elementor-element elementor-element-212710c elementor-section-boxed elementor-section-height-default elementor-section-height-default\" data-id=\"212710c\" data-element_type=\"section\" data-e-type=\"section\">\n\t\t\t\t\t\t<div class=\"elementor-container elementor-column-gap-default\">\n\t\t\t\t\t<div class=\"elementor-column elementor-col-100 elementor-top-column elementor-element elementor-element-cc8ec50\" data-id=\"cc8ec50\" data-element_type=\"column\" data-e-type=\"column\">\n\t\t\t<div class=\"elementor-widget-wrap elementor-element-populated\">\n\t\t\t\t\t\t<div class=\"elementor-element elementor-element-ce032a4 elementor-widget elementor-widget-heading\" data-id=\"ce032a4\" data-element_type=\"widget\" data-e-type=\"widget\" data-widget_type=\"heading.default\">\n\t\t\t\t<div class=\"elementor-widget-container\">\n\t\t\t\t\t<h2 class=\"elementor-heading-title elementor-size-default\">Potato caves<\/h2>\t\t\t\t<\/div>\n\t\t\t\t<\/div>\n\t\t\t\t\t<\/div>\n\t\t<\/div>\n\t\t\t\t\t<\/div>\n\t\t<\/section>\n\t\t<div class=\"elementor-element elementor-element-329bddd e-flex e-con-boxed e-con e-parent\" data-id=\"329bddd\" data-element_type=\"container\" data-e-type=\"container\">\n\t\t\t\t\t<div class=\"e-con-inner\">\n\t\t\t\t<div class=\"elementor-element elementor-element-5e1b5aa elementor-widget elementor-widget-text-editor\" data-id=\"5e1b5aa\" data-element_type=\"widget\" data-e-type=\"widget\" data-widget_type=\"text-editor.default\">\n\t\t\t\t<div class=\"elementor-widget-container\">\n\t\t\t\t\t\t\t\t\t<p>Potato caves and pits dug into the ground can be regarded as the precursors of cellars. It is among the oldest and most primitive ways of storing food. Initially, they were only used to store potatoes over the winter.<\/p>\n<p>Potato cultivation was introduced in Estonia at the end of the 18th century and in the early 19th century. Initially it was done in gardens, and from there it spread to manor and farm fields. Potato cultivation generated more income for the Germans, since it replaced grain as a raw material for distilling vodka in the early 19th century. For the peasants, however, the potato provided sustenance that helped them to endure the years when their grain crops failed due to bad weather. Peasants also used money from potato sales to buy up their farms.<\/p>\n<p>Potato caves were used to keep potatoes over the winter all over Estonia. Until the mid-20th century they were common in places where building a cellar was difficult due to inadequate soil \u2013 either there was no suitable building material in the surrounding area, the ground was too rocky or the groundwater level too high.<\/p>\n<p>Tips for making potato caves were still shared in magazines in the 1920s. Even if a farm had its own cellar, they still used potato caves, especially for storing seed potatoes. In some areas, the potato caves of several farms were grouped together on a single hill.<\/p>\n\t\t\t\t\t\t\t\t<\/div>\n\t\t\t\t<\/div>\n\t\t\t\t\t<\/div>\n\t\t\t\t<\/div>\n\t\t\t\t<section class=\"elementor-section elementor-top-section elementor-element elementor-element-1a23308 elementor-section-boxed elementor-section-height-default elementor-section-height-default\" data-id=\"1a23308\" data-element_type=\"section\" data-e-type=\"section\">\n\t\t\t\t\t\t<div class=\"elementor-container elementor-column-gap-default\">\n\t\t\t\t\t<div class=\"elementor-column elementor-col-100 elementor-top-column elementor-element elementor-element-a2d64f3\" data-id=\"a2d64f3\" data-element_type=\"column\" data-e-type=\"column\">\n\t\t\t<div class=\"elementor-widget-wrap elementor-element-populated\">\n\t\t\t\t\t\t<div class=\"elementor-element elementor-element-949a385 elementor-widget elementor-widget-heading\" data-id=\"949a385\" data-element_type=\"widget\" data-e-type=\"widget\" data-widget_type=\"heading.default\">\n\t\t\t\t<div class=\"elementor-widget-container\">\n\t\t\t\t\t<h2 class=\"elementor-heading-title elementor-size-default\">Name of K\u00f5lgum\u00e4e<\/h2>\t\t\t\t<\/div>\n\t\t\t\t<\/div>\n\t\t\t\t\t<\/div>\n\t\t<\/div>\n\t\t\t\t\t<\/div>\n\t\t<\/section>\n\t\t<div class=\"elementor-element elementor-element-940a7d2 e-flex e-con-boxed e-con e-parent\" data-id=\"940a7d2\" data-element_type=\"container\" data-e-type=\"container\">\n\t\t\t\t\t<div class=\"e-con-inner\">\n\t\t\t\t<div class=\"elementor-element elementor-element-00c5d84 elementor-widget elementor-widget-text-editor\" data-id=\"00c5d84\" data-element_type=\"widget\" data-e-type=\"widget\" data-widget_type=\"text-editor.default\">\n\t\t\t\t<div class=\"elementor-widget-container\">\n\t\t\t\t\t\t\t\t\t<p>Legend has it that K\u00f5lgum\u00e4e got its name from the fact that people were hung there during the time of the manor rule. People who died of the plague were also buried there. The K\u00f5lgum\u00e4e plague grave is one of two plague pits that the people of N\u00f5va speak of. The second plague pit was near the village of Tusari.<\/p>\n\t\t\t\t\t\t\t\t<\/div>\n\t\t\t\t<\/div>\n\t\t\t\t\t<\/div>\n\t\t\t\t<\/div>\n\t\t\t\t<\/div>\n\t\t","protected":false},"excerpt":{"rendered":"<p>Potato caves of K\u00f5lgum\u00e4e Potato caves of K\u00f5lgum\u00e4e The potato caves of K\u00f5lgum\u00e4e are located a short distance before the road junction to Perak\u00fcla, at a place that is known locally as K\u00f5lgum\u00e4e or K\u00f5lguta hill. There are a dozen potato caves about 1.5 metres deep in the higher sandy mound. The caves are well [&hellip;]<\/p>\n","protected":false},"author":1,"featured_media":0,"parent":1815348,"menu_order":0,"comment_status":"closed","ping_status":"closed","template":"","meta":{"_acf_changed":false,"footnotes":""},"class_list":["post-1814772","page","type-page","status-publish","hentry"],"acf":[],"yoast_head":"<!-- This site is optimized with the Yoast SEO plugin v27.3 - https:\/\/yoast.com\/product\/yoast-seo-wordpress\/ -->\n<title>Potato caves of K\u00f5lgum\u00e4e - Visit Haapsalu<\/title>\n<meta name=\"description\" content=\"The potato caves of K\u00f5lgum\u00e4e are located a short distance before the road junction to Perak\u00fcla, at a place that is known locally as K\u00f5lgum\u00e4e or K\u00f5lguta hill.\" \/>\n<meta name=\"robots\" content=\"index, follow, max-snippet:-1, max-image-preview:large, max-video-preview:-1\" \/>\n<link rel=\"canonical\" href=\"https:\/\/www.visithaapsalu.com\/en\/estonian-swedes\/kolgumae-kartuliaugud\/\" \/>\n<meta property=\"og:locale\" content=\"en_US\" \/>\n<meta property=\"og:type\" content=\"article\" \/>\n<meta property=\"og:title\" content=\"Potato caves of K\u00f5lgum\u00e4e - Visit Haapsalu\" \/>\n<meta property=\"og:description\" content=\"The potato caves of K\u00f5lgum\u00e4e are located a short distance before the road junction to Perak\u00fcla, at a place that is known locally as K\u00f5lgum\u00e4e or K\u00f5lguta hill.\" \/>\n<meta property=\"og:url\" content=\"https:\/\/www.visithaapsalu.com\/en\/estonian-swedes\/kolgumae-kartuliaugud\/\" \/>\n<meta property=\"og:site_name\" content=\"Visit Haapsalu\" \/>\n<meta property=\"article:publisher\" content=\"https:\/\/www.facebook.com\/visithaapsalu\/\" \/>\n<meta property=\"article:modified_time\" content=\"2024-08-08T21:54:38+00:00\" \/>\n<meta property=\"og:image\" content=\"https:\/\/www.visithaapsalu.com\/wp-content\/uploads\/2022\/10\/separator.svg\" \/>\n<meta name=\"twitter:card\" content=\"summary_large_image\" \/>\n<meta name=\"twitter:label1\" content=\"Est. reading time\" \/>\n\t<meta name=\"twitter:data1\" content=\"2 minutes\" \/>\n<script type=\"application\/ld+json\" class=\"yoast-schema-graph\">{\"@context\":\"https:\\\/\\\/schema.org\",\"@graph\":[{\"@type\":\"WebPage\",\"@id\":\"https:\\\/\\\/www.visithaapsalu.com\\\/en\\\/estonian-swedes\\\/kolgumae-kartuliaugud\\\/\",\"url\":\"https:\\\/\\\/www.visithaapsalu.com\\\/en\\\/estonian-swedes\\\/kolgumae-kartuliaugud\\\/\",\"name\":\"Potato caves of K\u00f5lgum\u00e4e - Visit Haapsalu\",\"isPartOf\":{\"@id\":\"https:\\\/\\\/www.visithaapsalu.com\\\/en\\\/#website\"},\"primaryImageOfPage\":{\"@id\":\"https:\\\/\\\/www.visithaapsalu.com\\\/en\\\/estonian-swedes\\\/kolgumae-kartuliaugud\\\/#primaryimage\"},\"image\":{\"@id\":\"https:\\\/\\\/www.visithaapsalu.com\\\/en\\\/estonian-swedes\\\/kolgumae-kartuliaugud\\\/#primaryimage\"},\"thumbnailUrl\":\"https:\\\/\\\/www.visithaapsalu.com\\\/wp-content\\\/uploads\\\/2022\\\/10\\\/separator.svg\",\"datePublished\":\"2023-08-18T10:07:11+00:00\",\"dateModified\":\"2024-08-08T21:54:38+00:00\",\"description\":\"The potato caves of K\u00f5lgum\u00e4e are located a short distance before the road junction to Perak\u00fcla, at a place that is known locally as K\u00f5lgum\u00e4e or K\u00f5lguta hill.\",\"breadcrumb\":{\"@id\":\"https:\\\/\\\/www.visithaapsalu.com\\\/en\\\/estonian-swedes\\\/kolgumae-kartuliaugud\\\/#breadcrumb\"},\"inLanguage\":\"en-US\",\"potentialAction\":[{\"@type\":\"ReadAction\",\"target\":[\"https:\\\/\\\/www.visithaapsalu.com\\\/en\\\/estonian-swedes\\\/kolgumae-kartuliaugud\\\/\"]}]},{\"@type\":\"ImageObject\",\"inLanguage\":\"en-US\",\"@id\":\"https:\\\/\\\/www.visithaapsalu.com\\\/en\\\/estonian-swedes\\\/kolgumae-kartuliaugud\\\/#primaryimage\",\"url\":\"https:\\\/\\\/www.visithaapsalu.com\\\/wp-content\\\/uploads\\\/2022\\\/10\\\/separator.svg\",\"contentUrl\":\"https:\\\/\\\/www.visithaapsalu.com\\\/wp-content\\\/uploads\\\/2022\\\/10\\\/separator.svg\"},{\"@type\":\"BreadcrumbList\",\"@id\":\"https:\\\/\\\/www.visithaapsalu.com\\\/en\\\/estonian-swedes\\\/kolgumae-kartuliaugud\\\/#breadcrumb\",\"itemListElement\":[{\"@type\":\"ListItem\",\"position\":1,\"name\":\"Home\",\"item\":\"https:\\\/\\\/www.visithaapsalu.com\\\/en\\\/\"},{\"@type\":\"ListItem\",\"position\":2,\"name\":\"Estonian Swedes\",\"item\":\"https:\\\/\\\/www.visithaapsalu.com\\\/en\\\/rannarootsi\\\/\"},{\"@type\":\"ListItem\",\"position\":3,\"name\":\"Potato caves of K\u00f5lgum\u00e4e\"}]},{\"@type\":\"WebSite\",\"@id\":\"https:\\\/\\\/www.visithaapsalu.com\\\/en\\\/#website\",\"url\":\"https:\\\/\\\/www.visithaapsalu.com\\\/en\\\/\",\"name\":\"Visit Haapsalu\",\"description\":\"visithaapsalu\",\"publisher\":{\"@id\":\"https:\\\/\\\/www.visithaapsalu.com\\\/en\\\/#organization\"},\"potentialAction\":[{\"@type\":\"SearchAction\",\"target\":{\"@type\":\"EntryPoint\",\"urlTemplate\":\"https:\\\/\\\/www.visithaapsalu.com\\\/en\\\/?s={search_term_string}\"},\"query-input\":{\"@type\":\"PropertyValueSpecification\",\"valueRequired\":true,\"valueName\":\"search_term_string\"}}],\"inLanguage\":\"en-US\"},{\"@type\":\"Organization\",\"@id\":\"https:\\\/\\\/www.visithaapsalu.com\\\/en\\\/#organization\",\"name\":\"Visit Haapsalu\",\"url\":\"https:\\\/\\\/www.visithaapsalu.com\\\/en\\\/\",\"logo\":{\"@type\":\"ImageObject\",\"inLanguage\":\"en-US\",\"@id\":\"https:\\\/\\\/www.visithaapsalu.com\\\/en\\\/#\\\/schema\\\/logo\\\/image\\\/\",\"url\":\"https:\\\/\\\/www.visithaapsalu.com\\\/wp-content\\\/uploads\\\/2022\\\/11\\\/visit-haapsalu.svg\",\"contentUrl\":\"https:\\\/\\\/www.visithaapsalu.com\\\/wp-content\\\/uploads\\\/2022\\\/11\\\/visit-haapsalu.svg\",\"width\":191,\"height\":37,\"caption\":\"Visit Haapsalu\"},\"image\":{\"@id\":\"https:\\\/\\\/www.visithaapsalu.com\\\/en\\\/#\\\/schema\\\/logo\\\/image\\\/\"},\"sameAs\":[\"https:\\\/\\\/www.facebook.com\\\/visithaapsalu\\\/\",\"https:\\\/\\\/www.instagram.com\\\/visit_haapsalu\\\/\"]}]}<\/script>\n<!-- \/ Yoast SEO plugin. -->","yoast_head_json":{"title":"Potato caves of K\u00f5lgum\u00e4e - Visit Haapsalu","description":"The potato caves of K\u00f5lgum\u00e4e are located a short distance before the road junction to Perak\u00fcla, at a place that is known locally as K\u00f5lgum\u00e4e or K\u00f5lguta hill.","robots":{"index":"index","follow":"follow","max-snippet":"max-snippet:-1","max-image-preview":"max-image-preview:large","max-video-preview":"max-video-preview:-1"},"canonical":"https:\/\/www.visithaapsalu.com\/en\/estonian-swedes\/kolgumae-kartuliaugud\/","og_locale":"en_US","og_type":"article","og_title":"Potato caves of K\u00f5lgum\u00e4e - Visit Haapsalu","og_description":"The potato caves of K\u00f5lgum\u00e4e are located a short distance before the road junction to Perak\u00fcla, at a place that is known locally as K\u00f5lgum\u00e4e or K\u00f5lguta hill.","og_url":"https:\/\/www.visithaapsalu.com\/en\/estonian-swedes\/kolgumae-kartuliaugud\/","og_site_name":"Visit Haapsalu","article_publisher":"https:\/\/www.facebook.com\/visithaapsalu\/","article_modified_time":"2024-08-08T21:54:38+00:00","og_image":[{"url":"https:\/\/www.visithaapsalu.com\/wp-content\/uploads\/2022\/10\/separator.svg","type":"","width":"","height":""}],"twitter_card":"summary_large_image","twitter_misc":{"Est. reading time":"2 minutes"},"schema":{"@context":"https:\/\/schema.org","@graph":[{"@type":"WebPage","@id":"https:\/\/www.visithaapsalu.com\/en\/estonian-swedes\/kolgumae-kartuliaugud\/","url":"https:\/\/www.visithaapsalu.com\/en\/estonian-swedes\/kolgumae-kartuliaugud\/","name":"Potato caves of K\u00f5lgum\u00e4e - Visit Haapsalu","isPartOf":{"@id":"https:\/\/www.visithaapsalu.com\/en\/#website"},"primaryImageOfPage":{"@id":"https:\/\/www.visithaapsalu.com\/en\/estonian-swedes\/kolgumae-kartuliaugud\/#primaryimage"},"image":{"@id":"https:\/\/www.visithaapsalu.com\/en\/estonian-swedes\/kolgumae-kartuliaugud\/#primaryimage"},"thumbnailUrl":"https:\/\/www.visithaapsalu.com\/wp-content\/uploads\/2022\/10\/separator.svg","datePublished":"2023-08-18T10:07:11+00:00","dateModified":"2024-08-08T21:54:38+00:00","description":"The potato caves of K\u00f5lgum\u00e4e are located a short distance before the road junction to Perak\u00fcla, at a place that is known locally as K\u00f5lgum\u00e4e or K\u00f5lguta hill.","breadcrumb":{"@id":"https:\/\/www.visithaapsalu.com\/en\/estonian-swedes\/kolgumae-kartuliaugud\/#breadcrumb"},"inLanguage":"en-US","potentialAction":[{"@type":"ReadAction","target":["https:\/\/www.visithaapsalu.com\/en\/estonian-swedes\/kolgumae-kartuliaugud\/"]}]},{"@type":"ImageObject","inLanguage":"en-US","@id":"https:\/\/www.visithaapsalu.com\/en\/estonian-swedes\/kolgumae-kartuliaugud\/#primaryimage","url":"https:\/\/www.visithaapsalu.com\/wp-content\/uploads\/2022\/10\/separator.svg","contentUrl":"https:\/\/www.visithaapsalu.com\/wp-content\/uploads\/2022\/10\/separator.svg"},{"@type":"BreadcrumbList","@id":"https:\/\/www.visithaapsalu.com\/en\/estonian-swedes\/kolgumae-kartuliaugud\/#breadcrumb","itemListElement":[{"@type":"ListItem","position":1,"name":"Home","item":"https:\/\/www.visithaapsalu.com\/en\/"},{"@type":"ListItem","position":2,"name":"Estonian Swedes","item":"https:\/\/www.visithaapsalu.com\/en\/rannarootsi\/"},{"@type":"ListItem","position":3,"name":"Potato caves of K\u00f5lgum\u00e4e"}]},{"@type":"WebSite","@id":"https:\/\/www.visithaapsalu.com\/en\/#website","url":"https:\/\/www.visithaapsalu.com\/en\/","name":"Visit Haapsalu","description":"visithaapsalu","publisher":{"@id":"https:\/\/www.visithaapsalu.com\/en\/#organization"},"potentialAction":[{"@type":"SearchAction","target":{"@type":"EntryPoint","urlTemplate":"https:\/\/www.visithaapsalu.com\/en\/?s={search_term_string}"},"query-input":{"@type":"PropertyValueSpecification","valueRequired":true,"valueName":"search_term_string"}}],"inLanguage":"en-US"},{"@type":"Organization","@id":"https:\/\/www.visithaapsalu.com\/en\/#organization","name":"Visit Haapsalu","url":"https:\/\/www.visithaapsalu.com\/en\/","logo":{"@type":"ImageObject","inLanguage":"en-US","@id":"https:\/\/www.visithaapsalu.com\/en\/#\/schema\/logo\/image\/","url":"https:\/\/www.visithaapsalu.com\/wp-content\/uploads\/2022\/11\/visit-haapsalu.svg","contentUrl":"https:\/\/www.visithaapsalu.com\/wp-content\/uploads\/2022\/11\/visit-haapsalu.svg","width":191,"height":37,"caption":"Visit Haapsalu"},"image":{"@id":"https:\/\/www.visithaapsalu.com\/en\/#\/schema\/logo\/image\/"},"sameAs":["https:\/\/www.facebook.com\/visithaapsalu\/","https:\/\/www.instagram.com\/visit_haapsalu\/"]}]}},"_links":{"self":[{"href":"https:\/\/www.visithaapsalu.com\/en\/wp-json\/wp\/v2\/pages\/1814772","targetHints":{"allow":["GET"]}}],"collection":[{"href":"https:\/\/www.visithaapsalu.com\/en\/wp-json\/wp\/v2\/pages"}],"about":[{"href":"https:\/\/www.visithaapsalu.com\/en\/wp-json\/wp\/v2\/types\/page"}],"author":[{"embeddable":true,"href":"https:\/\/www.visithaapsalu.com\/en\/wp-json\/wp\/v2\/users\/1"}],"replies":[{"embeddable":true,"href":"https:\/\/www.visithaapsalu.com\/en\/wp-json\/wp\/v2\/comments?post=1814772"}],"version-history":[{"count":5,"href":"https:\/\/www.visithaapsalu.com\/en\/wp-json\/wp\/v2\/pages\/1814772\/revisions"}],"predecessor-version":[{"id":1814986,"href":"https:\/\/www.visithaapsalu.com\/en\/wp-json\/wp\/v2\/pages\/1814772\/revisions\/1814986"}],"up":[{"embeddable":true,"href":"https:\/\/www.visithaapsalu.com\/en\/wp-json\/wp\/v2\/pages\/1815348"}],"wp:attachment":[{"href":"https:\/\/www.visithaapsalu.com\/en\/wp-json\/wp\/v2\/media?parent=1814772"}],"curies":[{"name":"wp","href":"https:\/\/api.w.org\/{rel}","templated":true}]}}