{"id":1814764,"date":"2023-08-18T12:49:24","date_gmt":"2023-08-18T09:49:24","guid":{"rendered":"https:\/\/www.visithaapsalu.com\/suuremoisa-mois\/"},"modified":"2024-08-09T00:54:37","modified_gmt":"2024-08-08T21:54:37","slug":"suuremoisa-mois","status":"publish","type":"page","link":"https:\/\/www.visithaapsalu.com\/en\/estonian-swedes\/suuremoisa-mois\/","title":{"rendered":"Suurem\u00f5isa manor"},"content":{"rendered":"\t\t<div data-elementor-type=\"wp-page\" data-elementor-id=\"1814764\" class=\"elementor elementor-1814764 elementor-1793047\" data-elementor-post-type=\"page\">\n\t\t\t\t\t\t<section class=\"elementor-section elementor-top-section elementor-element elementor-element-62012e9 elementor-section-content-middle elementor-section-height-min-height elementor-section-boxed elementor-section-height-default elementor-section-items-middle\" data-id=\"62012e9\" data-element_type=\"section\" data-e-type=\"section\" data-settings=\"{&quot;background_background&quot;:&quot;classic&quot;}\">\n\t\t\t\t\t\t\t<div class=\"elementor-background-overlay\"><\/div>\n\t\t\t\t\t\t\t<div class=\"elementor-container elementor-column-gap-default\">\n\t\t\t\t\t<div class=\"elementor-column elementor-col-100 elementor-top-column elementor-element elementor-element-4d48279\" data-id=\"4d48279\" data-element_type=\"column\" data-e-type=\"column\" data-settings=\"{&quot;background_background&quot;:&quot;classic&quot;}\">\n\t\t\t<div class=\"elementor-widget-wrap elementor-element-populated\">\n\t\t\t\t\t\t<div class=\"elementor-element elementor-element-81ba455 elementor-widget elementor-widget-heading\" data-id=\"81ba455\" data-element_type=\"widget\" data-e-type=\"widget\" data-widget_type=\"heading.default\">\n\t\t\t\t<div class=\"elementor-widget-container\">\n\t\t\t\t\t<h1 class=\"elementor-heading-title elementor-size-default\">Suurem\u00f5isa manor<\/h1>\t\t\t\t<\/div>\n\t\t\t\t<\/div>\n\t\t\t\t\t<\/div>\n\t\t<\/div>\n\t\t\t\t\t<\/div>\n\t\t<\/section>\n\t\t\t\t<section class=\"elementor-section elementor-top-section elementor-element elementor-element-5338bed elementor-section-boxed elementor-section-height-default elementor-section-height-default\" data-id=\"5338bed\" data-element_type=\"section\" data-e-type=\"section\">\n\t\t\t\t\t\t<div class=\"elementor-container elementor-column-gap-default\">\n\t\t\t\t\t<div class=\"elementor-column elementor-col-100 elementor-top-column elementor-element elementor-element-8022daa\" data-id=\"8022daa\" data-element_type=\"column\" data-e-type=\"column\">\n\t\t\t<div class=\"elementor-widget-wrap elementor-element-populated\">\n\t\t\t\t\t\t<div class=\"elementor-element elementor-element-4382bb2 elementor-widget elementor-widget-global elementor-global-118 elementor-widget-image\" data-id=\"4382bb2\" data-element_type=\"widget\" data-e-type=\"widget\" data-widget_type=\"image.default\">\n\t\t\t\t<div class=\"elementor-widget-container\">\n\t\t\t\t\t\t\t\t\t\t\t\t\t\t\t<img decoding=\"async\" width=\"86\" height=\"10\" src=\"https:\/\/www.visithaapsalu.com\/wp-content\/uploads\/2022\/10\/separator.svg\" class=\"attachment-thumbnail size-thumbnail wp-image-1714447\" alt=\"\" \/>\t\t\t\t\t\t\t\t\t\t\t\t\t\t\t<\/div>\n\t\t\t\t<\/div>\n\t\t\t\t\t<\/div>\n\t\t<\/div>\n\t\t\t\t\t<\/div>\n\t\t<\/section>\n\t\t\t\t<section class=\"elementor-section elementor-top-section elementor-element elementor-element-e45f5a2 elementor-section-boxed elementor-section-height-default elementor-section-height-default\" data-id=\"e45f5a2\" data-element_type=\"section\" data-e-type=\"section\">\n\t\t\t\t\t\t<div class=\"elementor-container elementor-column-gap-default\">\n\t\t\t\t\t<div class=\"elementor-column elementor-col-100 elementor-top-column elementor-element elementor-element-2f4d872\" data-id=\"2f4d872\" data-element_type=\"column\" data-e-type=\"column\">\n\t\t\t<div class=\"elementor-widget-wrap elementor-element-populated\">\n\t\t\t\t\t\t<div class=\"elementor-element elementor-element-05c3739 elementor-widget elementor-widget-heading\" data-id=\"05c3739\" data-element_type=\"widget\" data-e-type=\"widget\" data-widget_type=\"heading.default\">\n\t\t\t\t<div class=\"elementor-widget-container\">\n\t\t\t\t\t<h2 class=\"elementor-heading-title elementor-size-default\">Suurem\u00f5isa manor<\/h2>\t\t\t\t<\/div>\n\t\t\t\t<\/div>\n\t\t\t\t\t<\/div>\n\t\t<\/div>\n\t\t\t\t\t<\/div>\n\t\t<\/section>\n\t\t<div class=\"elementor-element elementor-element-4d4bf37 e-flex e-con-boxed e-con e-parent\" data-id=\"4d4bf37\" data-element_type=\"container\" data-e-type=\"container\">\n\t\t\t\t\t<div class=\"e-con-inner\">\n\t\t\t\t<div class=\"elementor-element elementor-element-abd17eb elementor-widget elementor-widget-text-editor\" data-id=\"abd17eb\" data-element_type=\"widget\" data-e-type=\"widget\" data-widget_type=\"text-editor.default\">\n\t\t\t\t<div class=\"elementor-widget-container\">\n\t\t\t\t\t\t\t\t\t<p>Suurem\u00f5isa is the only Estonian place name on Vormsi and it was also the seat of the manor, which encompassed all of Vormsi in the second half of the 18th century. In Swedish and German the manor was known as Magnushof.<\/p>\n<p>The first manors were established on Vormsi in the 17th century. Before this, the island\u2019s peasants belonged to Haapsalu Castle. At the beginning of the 17th century, the island had S\u00f6derby and Bussby manors, the latter of which, founded in 1604 and originally belonging to ensign Magnus Br\u00fcmmer, is the predecessor of Suurem\u00f5sa, as the first manor was located in Bussby. Records from 1625 and 1645 refer to the manor by the name of its founder, Magnushof, and sometimes by the name of the village as Hof Busby.<\/p>\n<p>In 1636, Magnushof was acquired by Jakob De la Gardie, the owner of Suurem\u00f5isa in Hiiumaa. He had the largest village on Vormsi, Bussby, emptied and built what was then considered a modern manor house just north of the centre of the village. The legend of the Bussby wedding tells the tale of how the village was emptied.<\/p>\n<p>At the end of the 17th century, the manor passed to the K\u00f6nigsmarck family. In 1747, Suurem\u00f5isa was bought by Karl Wilhelm von Stackelberg, the lord of the Tumala and Roobaka manors in Saaremaa. Soon after that, he also acquired S\u00f6derby manor. The Stackelbergs owned Suurem\u00f5isa for more than 150 years. While the first landlords of Suurem\u00f5isa did not live on the island and rarely visited Vormsi, the Stackelbergs made it their home. The Stackelbergs also had a new main building built instead of the earlier wooden structure. Only the foundations of the main building can be seen today.<\/p>\n<p>The main building of the manor was completed in 1814. It was a two-storey stone building in classical architectural style. In the 1860s, the main building was rebuilt in the historicist style, and it was given arched windows on the second floor, some of which were designed with triple windows on the fa\u00e7ade. The side avant-corps of the fa\u00e7ade were adorned with pediments. The building was crowned by a three-storey polygonal projecting tower structure with a domed roof in the centre of the fa\u00e7ade.<\/p>\n<p>The manor also had numerous outbuildings, also built of stone. Today, all that remains are the ruins of a barn and carriage house with four round columns, an icehouse on the other side of the road and a Dutch-style windmill further away from the heart of the manor.<\/p>\n<p>The Stackelberg era on Vormsi was marked by constant quarrels and violence against peasants. The first conflicts flared up in the second half of the 18th century when the Stackelbergs arrived on the island. The main source of strife was the old charters of freedom issued by the Swedish kings to the peasants of Vormsi, according to which the peasants were personally free, not serfs like Estonians. As a result, the Vormsi peasants were unwilling to do more work days or take on more duties than agreed. The peasants protested to various authorities, even to the King of Sweden. The baron used corporal punishment against peasants who resisted. Conflict with the peasants became especially heated in the first half of the 19th century under the rule of Friedrich Arent von Stackelberg, who was said to be particularly cruel. The quarrel ended with the manor being taken from him in the early 1840s and placed under the rule of the authorities.<\/p>\n<p>Already in 1844 the rule of the manor was given to the baron\u2019s son, Otto Frederik Stackelberg. His widow sold the manor to the Russian state in 1894, after he has passed away. The manor\u2019s main building was put into use as a sanatorium for girls. The Russian army stationed on the island during the 1917 revolution razed the manor complex, triggering its decline. The main manor house was demolished in the 1930s.<\/p>\n\t\t\t\t\t\t\t\t<\/div>\n\t\t\t\t<\/div>\n\t\t\t\t\t<\/div>\n\t\t\t\t<\/div>\n\t\t\t\t<section class=\"elementor-section elementor-top-section elementor-element elementor-element-1e19c53 elementor-section-boxed elementor-section-height-default elementor-section-height-default\" data-id=\"1e19c53\" data-element_type=\"section\" data-e-type=\"section\">\n\t\t\t\t\t\t<div class=\"elementor-container elementor-column-gap-default\">\n\t\t\t\t\t<div class=\"elementor-column elementor-col-100 elementor-top-column elementor-element elementor-element-a52c7b0\" data-id=\"a52c7b0\" data-element_type=\"column\" data-e-type=\"column\">\n\t\t\t<div class=\"elementor-widget-wrap elementor-element-populated\">\n\t\t\t\t\t\t<div class=\"elementor-element elementor-element-33fe9b1 elementor-widget elementor-widget-heading\" data-id=\"33fe9b1\" data-element_type=\"widget\" data-e-type=\"widget\" data-widget_type=\"heading.default\">\n\t\t\t\t<div class=\"elementor-widget-container\">\n\t\t\t\t\t<h2 class=\"elementor-heading-title elementor-size-default\">Bussby wedding (Bussby br\u00f6llop)<\/h2>\t\t\t\t<\/div>\n\t\t\t\t<\/div>\n\t\t\t\t\t<\/div>\n\t\t<\/div>\n\t\t\t\t\t<\/div>\n\t\t<\/section>\n\t\t<div class=\"elementor-element elementor-element-f0cd506 e-flex e-con-boxed e-con e-parent\" data-id=\"f0cd506\" data-element_type=\"container\" data-e-type=\"container\">\n\t\t\t\t\t<div class=\"e-con-inner\">\n\t\t\t\t<div class=\"elementor-element elementor-element-b0c0926 elementor-widget elementor-widget-text-editor\" data-id=\"b0c0926\" data-element_type=\"widget\" data-e-type=\"widget\" data-widget_type=\"text-editor.default\">\n\t\t\t\t<div class=\"elementor-widget-container\">\n\t\t\t\t\t\t\t\t\t<p>In \u2018Eibofolke\u2019, Russwurm records the story of the Bussby wedding, during which the village was depopulated.<\/p>\n<p>The Bussby peasants were rich, but they were also very proud. Young boys from Bussby never rode their fine horses bareback, and wore riding boots with big spurs, while girls adorned themselves with gold and silver rings and brooches. One year, Bussby had 15 weddings accompanied by a lavish celebration, and on top of that there were 15 couples who had never been married. There was no end to the dancing, feasting and drinking. In their exuberance and drunkenness, they danced to pipe music out in the open. Suddenly, a denizen of the sea, in the figure of a large man, emerged from the water to join the dancers. When the piper did not play as he demanded, he grabbed him by the head, snapped his neck and took the instrument or himself, playing it with such mastery that everyone danced with wild joy and delight. When he finally returned to the sea, the whole party followed him and drowned. At the same time, the sea flooded the village, and only a single groom was able to get to the attic of his own granary. He grabbed his bride by her brass-buckled belt and heaved her up as well. When the other villagers came home, Bussby seemed all but extinct. The only human they found was the dead piper, stretched across a door with the bagpipes on the ground beside him. After a long search, the bride and groom who had been in hiding were also found.&nbsp; Since then, bagpipes are no longer played on Vormsi.<\/p>\n<p>The legend of the wedding of Bussby seems to have arisen as a result of De la Gardie resettling the people of Bussby and turning the former village into manor fields.<\/p>\n<p>There is another lost village on Vormsi called Tompo. No one knows the exact location of the village, but it suffered the same fate as Bussby. In the 1770s, the village lands were incorporated into the manor and its residents resettled. According to legend, the peasants from Tompo went out fishing in the spring, and Baron Otto von Stackelberg used the opportunity to chase their wives and children out of their farms, tear down their houses and sow the village fields with crops for his own needs. He also declared that misfortune would befall anyone who took the abandoned into their care.<\/p>\n\t\t\t\t\t\t\t\t<\/div>\n\t\t\t\t<\/div>\n\t\t\t\t\t<\/div>\n\t\t\t\t<\/div>\n\t\t\t\t<section class=\"elementor-section elementor-top-section elementor-element elementor-element-553a7a5 elementor-section-boxed elementor-section-height-default elementor-section-height-default\" data-id=\"553a7a5\" data-element_type=\"section\" data-e-type=\"section\">\n\t\t\t\t\t\t<div class=\"elementor-container elementor-column-gap-default\">\n\t\t\t\t\t<div class=\"elementor-column elementor-col-100 elementor-top-column elementor-element elementor-element-1677992\" data-id=\"1677992\" data-element_type=\"column\" data-e-type=\"column\">\n\t\t\t<div class=\"elementor-widget-wrap elementor-element-populated\">\n\t\t\t\t\t\t<div class=\"elementor-element elementor-element-79c4a07 elementor-widget elementor-widget-heading\" data-id=\"79c4a07\" data-element_type=\"widget\" data-e-type=\"widget\" data-widget_type=\"heading.default\">\n\t\t\t\t<div class=\"elementor-widget-container\">\n\t\t\t\t\t<h2 class=\"elementor-heading-title elementor-size-default\">Sea cows<\/h2>\t\t\t\t<\/div>\n\t\t\t\t<\/div>\n\t\t\t\t\t<\/div>\n\t\t<\/div>\n\t\t\t\t\t<\/div>\n\t\t<\/section>\n\t\t<div class=\"elementor-element elementor-element-aac9cd1 e-flex e-con-boxed e-con e-parent\" data-id=\"aac9cd1\" data-element_type=\"container\" data-e-type=\"container\">\n\t\t\t\t\t<div class=\"e-con-inner\">\n\t\t\t\t<div class=\"elementor-element elementor-element-9b823b0 elementor-widget elementor-widget-text-editor\" data-id=\"9b823b0\" data-element_type=\"widget\" data-e-type=\"widget\" data-widget_type=\"text-editor.default\">\n\t\t\t\t<div class=\"elementor-widget-container\">\n\t\t\t\t\t\t\t\t\t<p>When the manor was owned by von Helvig, livestock from the farm were grazed on Bussby beach. One day, a herdsman noticed that seven sea-grey cows emerged from the water to join the herd. They stayed with the others, eating and drinking. In the evening, five of them returned to the sea, while two stayed with the herd of the manor. When the manor lord heard what cows he had gained and how, he told the herdsman that he could have them. The herdsman was delighted and kept the animals. The cows from the sea soon turned out to be the best milk producers on the entire island.<\/p>\n<p>(Vormsi Veri II)<\/p>\n\t\t\t\t\t\t\t\t<\/div>\n\t\t\t\t<\/div>\n\t\t\t\t\t<\/div>\n\t\t\t\t<\/div>\n\t\t\t\t<\/div>\n\t\t","protected":false},"excerpt":{"rendered":"<p>Suurem\u00f5isa manor Suurem\u00f5isa manor Suurem\u00f5isa is the only Estonian place name on Vormsi and it was also the seat of the manor, which encompassed all of Vormsi in the second half of the 18th century. In Swedish and German the manor was known as Magnushof. The first manors were established on Vormsi in the 17th [&hellip;]<\/p>\n","protected":false},"author":1,"featured_media":0,"parent":1815348,"menu_order":0,"comment_status":"closed","ping_status":"closed","template":"","meta":{"_acf_changed":false,"footnotes":""},"class_list":["post-1814764","page","type-page","status-publish","hentry"],"acf":[],"yoast_head":"<!-- This site is optimized with the Yoast SEO plugin v27.3 - https:\/\/yoast.com\/product\/yoast-seo-wordpress\/ -->\n<title>Suurem\u00f5isa manor - Visit Haapsalu<\/title>\n<meta name=\"description\" content=\"Suurem\u00f5isa is the only Estonian place name on Vormsi and it was also the seat of the manor, which encompassed all of Vormsi in the second half of the 18th century.\" \/>\n<meta name=\"robots\" content=\"index, follow, max-snippet:-1, max-image-preview:large, max-video-preview:-1\" \/>\n<link rel=\"canonical\" href=\"https:\/\/www.visithaapsalu.com\/en\/estonian-swedes\/suuremoisa-mois\/\" \/>\n<meta property=\"og:locale\" content=\"en_US\" \/>\n<meta property=\"og:type\" content=\"article\" \/>\n<meta property=\"og:title\" content=\"Suurem\u00f5isa manor - Visit Haapsalu\" \/>\n<meta property=\"og:description\" content=\"Suurem\u00f5isa is the only Estonian place name on Vormsi and it was also the seat of the manor, which encompassed all of Vormsi in the second half of the 18th century.\" \/>\n<meta property=\"og:url\" content=\"https:\/\/www.visithaapsalu.com\/en\/estonian-swedes\/suuremoisa-mois\/\" \/>\n<meta property=\"og:site_name\" content=\"Visit Haapsalu\" \/>\n<meta property=\"article:publisher\" content=\"https:\/\/www.facebook.com\/visithaapsalu\/\" \/>\n<meta property=\"article:modified_time\" content=\"2024-08-08T21:54:37+00:00\" \/>\n<meta property=\"og:image\" content=\"https:\/\/www.visithaapsalu.com\/wp-content\/uploads\/2022\/10\/separator.svg\" \/>\n<meta name=\"twitter:card\" content=\"summary_large_image\" \/>\n<meta name=\"twitter:label1\" content=\"Est. reading time\" \/>\n\t<meta name=\"twitter:data1\" content=\"6 minutes\" \/>\n<script type=\"application\/ld+json\" class=\"yoast-schema-graph\">{\"@context\":\"https:\\\/\\\/schema.org\",\"@graph\":[{\"@type\":\"WebPage\",\"@id\":\"https:\\\/\\\/www.visithaapsalu.com\\\/en\\\/estonian-swedes\\\/suuremoisa-mois\\\/\",\"url\":\"https:\\\/\\\/www.visithaapsalu.com\\\/en\\\/estonian-swedes\\\/suuremoisa-mois\\\/\",\"name\":\"Suurem\u00f5isa manor - Visit Haapsalu\",\"isPartOf\":{\"@id\":\"https:\\\/\\\/www.visithaapsalu.com\\\/en\\\/#website\"},\"primaryImageOfPage\":{\"@id\":\"https:\\\/\\\/www.visithaapsalu.com\\\/en\\\/estonian-swedes\\\/suuremoisa-mois\\\/#primaryimage\"},\"image\":{\"@id\":\"https:\\\/\\\/www.visithaapsalu.com\\\/en\\\/estonian-swedes\\\/suuremoisa-mois\\\/#primaryimage\"},\"thumbnailUrl\":\"https:\\\/\\\/www.visithaapsalu.com\\\/wp-content\\\/uploads\\\/2022\\\/10\\\/separator.svg\",\"datePublished\":\"2023-08-18T09:49:24+00:00\",\"dateModified\":\"2024-08-08T21:54:37+00:00\",\"description\":\"Suurem\u00f5isa is the only Estonian place name on Vormsi and it was also the seat of the manor, which encompassed all of Vormsi in the second half of the 18th century.\",\"breadcrumb\":{\"@id\":\"https:\\\/\\\/www.visithaapsalu.com\\\/en\\\/estonian-swedes\\\/suuremoisa-mois\\\/#breadcrumb\"},\"inLanguage\":\"en-US\",\"potentialAction\":[{\"@type\":\"ReadAction\",\"target\":[\"https:\\\/\\\/www.visithaapsalu.com\\\/en\\\/estonian-swedes\\\/suuremoisa-mois\\\/\"]}]},{\"@type\":\"ImageObject\",\"inLanguage\":\"en-US\",\"@id\":\"https:\\\/\\\/www.visithaapsalu.com\\\/en\\\/estonian-swedes\\\/suuremoisa-mois\\\/#primaryimage\",\"url\":\"https:\\\/\\\/www.visithaapsalu.com\\\/wp-content\\\/uploads\\\/2022\\\/10\\\/separator.svg\",\"contentUrl\":\"https:\\\/\\\/www.visithaapsalu.com\\\/wp-content\\\/uploads\\\/2022\\\/10\\\/separator.svg\"},{\"@type\":\"BreadcrumbList\",\"@id\":\"https:\\\/\\\/www.visithaapsalu.com\\\/en\\\/estonian-swedes\\\/suuremoisa-mois\\\/#breadcrumb\",\"itemListElement\":[{\"@type\":\"ListItem\",\"position\":1,\"name\":\"Home\",\"item\":\"https:\\\/\\\/www.visithaapsalu.com\\\/en\\\/\"},{\"@type\":\"ListItem\",\"position\":2,\"name\":\"Estonian Swedes\",\"item\":\"https:\\\/\\\/www.visithaapsalu.com\\\/en\\\/rannarootsi\\\/\"},{\"@type\":\"ListItem\",\"position\":3,\"name\":\"Suurem\u00f5isa manor\"}]},{\"@type\":\"WebSite\",\"@id\":\"https:\\\/\\\/www.visithaapsalu.com\\\/en\\\/#website\",\"url\":\"https:\\\/\\\/www.visithaapsalu.com\\\/en\\\/\",\"name\":\"Visit Haapsalu\",\"description\":\"visithaapsalu\",\"publisher\":{\"@id\":\"https:\\\/\\\/www.visithaapsalu.com\\\/en\\\/#organization\"},\"potentialAction\":[{\"@type\":\"SearchAction\",\"target\":{\"@type\":\"EntryPoint\",\"urlTemplate\":\"https:\\\/\\\/www.visithaapsalu.com\\\/en\\\/?s={search_term_string}\"},\"query-input\":{\"@type\":\"PropertyValueSpecification\",\"valueRequired\":true,\"valueName\":\"search_term_string\"}}],\"inLanguage\":\"en-US\"},{\"@type\":\"Organization\",\"@id\":\"https:\\\/\\\/www.visithaapsalu.com\\\/en\\\/#organization\",\"name\":\"Visit Haapsalu\",\"url\":\"https:\\\/\\\/www.visithaapsalu.com\\\/en\\\/\",\"logo\":{\"@type\":\"ImageObject\",\"inLanguage\":\"en-US\",\"@id\":\"https:\\\/\\\/www.visithaapsalu.com\\\/en\\\/#\\\/schema\\\/logo\\\/image\\\/\",\"url\":\"https:\\\/\\\/www.visithaapsalu.com\\\/wp-content\\\/uploads\\\/2022\\\/11\\\/visit-haapsalu.svg\",\"contentUrl\":\"https:\\\/\\\/www.visithaapsalu.com\\\/wp-content\\\/uploads\\\/2022\\\/11\\\/visit-haapsalu.svg\",\"width\":191,\"height\":37,\"caption\":\"Visit Haapsalu\"},\"image\":{\"@id\":\"https:\\\/\\\/www.visithaapsalu.com\\\/en\\\/#\\\/schema\\\/logo\\\/image\\\/\"},\"sameAs\":[\"https:\\\/\\\/www.facebook.com\\\/visithaapsalu\\\/\",\"https:\\\/\\\/www.instagram.com\\\/visit_haapsalu\\\/\"]}]}<\/script>\n<!-- \/ Yoast SEO plugin. -->","yoast_head_json":{"title":"Suurem\u00f5isa manor - Visit Haapsalu","description":"Suurem\u00f5isa is the only Estonian place name on Vormsi and it was also the seat of the manor, which encompassed all of Vormsi in the second half of the 18th century.","robots":{"index":"index","follow":"follow","max-snippet":"max-snippet:-1","max-image-preview":"max-image-preview:large","max-video-preview":"max-video-preview:-1"},"canonical":"https:\/\/www.visithaapsalu.com\/en\/estonian-swedes\/suuremoisa-mois\/","og_locale":"en_US","og_type":"article","og_title":"Suurem\u00f5isa manor - Visit Haapsalu","og_description":"Suurem\u00f5isa is the only Estonian place name on Vormsi and it was also the seat of the manor, which encompassed all of Vormsi in the second half of the 18th century.","og_url":"https:\/\/www.visithaapsalu.com\/en\/estonian-swedes\/suuremoisa-mois\/","og_site_name":"Visit Haapsalu","article_publisher":"https:\/\/www.facebook.com\/visithaapsalu\/","article_modified_time":"2024-08-08T21:54:37+00:00","og_image":[{"url":"https:\/\/www.visithaapsalu.com\/wp-content\/uploads\/2022\/10\/separator.svg","type":"","width":"","height":""}],"twitter_card":"summary_large_image","twitter_misc":{"Est. reading time":"6 minutes"},"schema":{"@context":"https:\/\/schema.org","@graph":[{"@type":"WebPage","@id":"https:\/\/www.visithaapsalu.com\/en\/estonian-swedes\/suuremoisa-mois\/","url":"https:\/\/www.visithaapsalu.com\/en\/estonian-swedes\/suuremoisa-mois\/","name":"Suurem\u00f5isa manor - Visit Haapsalu","isPartOf":{"@id":"https:\/\/www.visithaapsalu.com\/en\/#website"},"primaryImageOfPage":{"@id":"https:\/\/www.visithaapsalu.com\/en\/estonian-swedes\/suuremoisa-mois\/#primaryimage"},"image":{"@id":"https:\/\/www.visithaapsalu.com\/en\/estonian-swedes\/suuremoisa-mois\/#primaryimage"},"thumbnailUrl":"https:\/\/www.visithaapsalu.com\/wp-content\/uploads\/2022\/10\/separator.svg","datePublished":"2023-08-18T09:49:24+00:00","dateModified":"2024-08-08T21:54:37+00:00","description":"Suurem\u00f5isa is the only Estonian place name on Vormsi and it was also the seat of the manor, which encompassed all of Vormsi in the second half of the 18th century.","breadcrumb":{"@id":"https:\/\/www.visithaapsalu.com\/en\/estonian-swedes\/suuremoisa-mois\/#breadcrumb"},"inLanguage":"en-US","potentialAction":[{"@type":"ReadAction","target":["https:\/\/www.visithaapsalu.com\/en\/estonian-swedes\/suuremoisa-mois\/"]}]},{"@type":"ImageObject","inLanguage":"en-US","@id":"https:\/\/www.visithaapsalu.com\/en\/estonian-swedes\/suuremoisa-mois\/#primaryimage","url":"https:\/\/www.visithaapsalu.com\/wp-content\/uploads\/2022\/10\/separator.svg","contentUrl":"https:\/\/www.visithaapsalu.com\/wp-content\/uploads\/2022\/10\/separator.svg"},{"@type":"BreadcrumbList","@id":"https:\/\/www.visithaapsalu.com\/en\/estonian-swedes\/suuremoisa-mois\/#breadcrumb","itemListElement":[{"@type":"ListItem","position":1,"name":"Home","item":"https:\/\/www.visithaapsalu.com\/en\/"},{"@type":"ListItem","position":2,"name":"Estonian Swedes","item":"https:\/\/www.visithaapsalu.com\/en\/rannarootsi\/"},{"@type":"ListItem","position":3,"name":"Suurem\u00f5isa manor"}]},{"@type":"WebSite","@id":"https:\/\/www.visithaapsalu.com\/en\/#website","url":"https:\/\/www.visithaapsalu.com\/en\/","name":"Visit Haapsalu","description":"visithaapsalu","publisher":{"@id":"https:\/\/www.visithaapsalu.com\/en\/#organization"},"potentialAction":[{"@type":"SearchAction","target":{"@type":"EntryPoint","urlTemplate":"https:\/\/www.visithaapsalu.com\/en\/?s={search_term_string}"},"query-input":{"@type":"PropertyValueSpecification","valueRequired":true,"valueName":"search_term_string"}}],"inLanguage":"en-US"},{"@type":"Organization","@id":"https:\/\/www.visithaapsalu.com\/en\/#organization","name":"Visit Haapsalu","url":"https:\/\/www.visithaapsalu.com\/en\/","logo":{"@type":"ImageObject","inLanguage":"en-US","@id":"https:\/\/www.visithaapsalu.com\/en\/#\/schema\/logo\/image\/","url":"https:\/\/www.visithaapsalu.com\/wp-content\/uploads\/2022\/11\/visit-haapsalu.svg","contentUrl":"https:\/\/www.visithaapsalu.com\/wp-content\/uploads\/2022\/11\/visit-haapsalu.svg","width":191,"height":37,"caption":"Visit Haapsalu"},"image":{"@id":"https:\/\/www.visithaapsalu.com\/en\/#\/schema\/logo\/image\/"},"sameAs":["https:\/\/www.facebook.com\/visithaapsalu\/","https:\/\/www.instagram.com\/visit_haapsalu\/"]}]}},"_links":{"self":[{"href":"https:\/\/www.visithaapsalu.com\/en\/wp-json\/wp\/v2\/pages\/1814764","targetHints":{"allow":["GET"]}}],"collection":[{"href":"https:\/\/www.visithaapsalu.com\/en\/wp-json\/wp\/v2\/pages"}],"about":[{"href":"https:\/\/www.visithaapsalu.com\/en\/wp-json\/wp\/v2\/types\/page"}],"author":[{"embeddable":true,"href":"https:\/\/www.visithaapsalu.com\/en\/wp-json\/wp\/v2\/users\/1"}],"replies":[{"embeddable":true,"href":"https:\/\/www.visithaapsalu.com\/en\/wp-json\/wp\/v2\/comments?post=1814764"}],"version-history":[{"count":5,"href":"https:\/\/www.visithaapsalu.com\/en\/wp-json\/wp\/v2\/pages\/1814764\/revisions"}],"predecessor-version":[{"id":1814978,"href":"https:\/\/www.visithaapsalu.com\/en\/wp-json\/wp\/v2\/pages\/1814764\/revisions\/1814978"}],"up":[{"embeddable":true,"href":"https:\/\/www.visithaapsalu.com\/en\/wp-json\/wp\/v2\/pages\/1815348"}],"wp:attachment":[{"href":"https:\/\/www.visithaapsalu.com\/en\/wp-json\/wp\/v2\/media?parent=1814764"}],"curies":[{"name":"wp","href":"https:\/\/api.w.org\/{rel}","templated":true}]}}