{"id":1814750,"date":"2023-08-17T13:39:13","date_gmt":"2023-08-17T10:39:13","guid":{"rendered":"https:\/\/www.visithaapsalu.com\/misjonar-osterblom\/"},"modified":"2024-08-09T00:54:36","modified_gmt":"2024-08-08T21:54:36","slug":"misjonar-osterblom","status":"publish","type":"page","link":"https:\/\/www.visithaapsalu.com\/en\/estonian-swedes\/misjonar-osterblom\/","title":{"rendered":"Missionary \u00d6sterblom"},"content":{"rendered":"\t\t<div data-elementor-type=\"wp-page\" data-elementor-id=\"1814750\" class=\"elementor elementor-1814750 elementor-1792981\" data-elementor-post-type=\"page\">\n\t\t\t\t\t\t<section class=\"elementor-section elementor-top-section elementor-element elementor-element-1964234 elementor-section-content-middle elementor-section-height-min-height elementor-section-boxed elementor-section-height-default elementor-section-items-middle\" data-id=\"1964234\" data-element_type=\"section\" data-e-type=\"section\" data-settings=\"{&quot;background_background&quot;:&quot;classic&quot;}\">\n\t\t\t\t\t\t\t<div class=\"elementor-background-overlay\"><\/div>\n\t\t\t\t\t\t\t<div class=\"elementor-container elementor-column-gap-default\">\n\t\t\t\t\t<div class=\"elementor-column elementor-col-100 elementor-top-column elementor-element elementor-element-a5378bf\" data-id=\"a5378bf\" data-element_type=\"column\" data-e-type=\"column\" data-settings=\"{&quot;background_background&quot;:&quot;classic&quot;}\">\n\t\t\t<div class=\"elementor-widget-wrap elementor-element-populated\">\n\t\t\t\t\t\t<div class=\"elementor-element elementor-element-ef7e4aa elementor-widget elementor-widget-heading\" data-id=\"ef7e4aa\" data-element_type=\"widget\" data-e-type=\"widget\" data-widget_type=\"heading.default\">\n\t\t\t\t<div class=\"elementor-widget-container\">\n\t\t\t\t\t<h1 class=\"elementor-heading-title elementor-size-default\">Missionary \u00d6sterblom<\/h1>\t\t\t\t<\/div>\n\t\t\t\t<\/div>\n\t\t\t\t\t<\/div>\n\t\t<\/div>\n\t\t\t\t\t<\/div>\n\t\t<\/section>\n\t\t\t\t<section class=\"elementor-section elementor-top-section elementor-element elementor-element-fde20d9 elementor-section-boxed elementor-section-height-default elementor-section-height-default\" data-id=\"fde20d9\" data-element_type=\"section\" data-e-type=\"section\">\n\t\t\t\t\t\t<div class=\"elementor-container elementor-column-gap-default\">\n\t\t\t\t\t<div class=\"elementor-column elementor-col-100 elementor-top-column elementor-element elementor-element-fb928c8\" data-id=\"fb928c8\" data-element_type=\"column\" data-e-type=\"column\">\n\t\t\t<div class=\"elementor-widget-wrap elementor-element-populated\">\n\t\t\t\t\t\t<div class=\"elementor-element elementor-element-0a6bf41 elementor-widget elementor-widget-global elementor-global-118 elementor-widget-image\" data-id=\"0a6bf41\" data-element_type=\"widget\" data-e-type=\"widget\" data-widget_type=\"image.default\">\n\t\t\t\t<div class=\"elementor-widget-container\">\n\t\t\t\t\t\t\t\t\t\t\t\t\t\t\t<img decoding=\"async\" width=\"86\" height=\"10\" src=\"https:\/\/www.visithaapsalu.com\/wp-content\/uploads\/2022\/10\/separator.svg\" class=\"attachment-thumbnail size-thumbnail wp-image-1714447\" alt=\"\" \/>\t\t\t\t\t\t\t\t\t\t\t\t\t\t\t<\/div>\n\t\t\t\t<\/div>\n\t\t\t\t\t<\/div>\n\t\t<\/div>\n\t\t\t\t\t<\/div>\n\t\t<\/section>\n\t\t\t\t<section class=\"elementor-section elementor-top-section elementor-element elementor-element-fd7cd5c elementor-section-boxed elementor-section-height-default elementor-section-height-default\" data-id=\"fd7cd5c\" data-element_type=\"section\" data-e-type=\"section\">\n\t\t\t\t\t\t<div class=\"elementor-container elementor-column-gap-default\">\n\t\t\t\t\t<div class=\"elementor-column elementor-col-100 elementor-top-column elementor-element elementor-element-d43b5b7\" data-id=\"d43b5b7\" data-element_type=\"column\" data-e-type=\"column\">\n\t\t\t<div class=\"elementor-widget-wrap elementor-element-populated\">\n\t\t\t\t\t\t<div class=\"elementor-element elementor-element-2df5680 elementor-widget elementor-widget-heading\" data-id=\"2df5680\" data-element_type=\"widget\" data-e-type=\"widget\" data-widget_type=\"heading.default\">\n\t\t\t\t<div class=\"elementor-widget-container\">\n\t\t\t\t\t<h2 class=\"elementor-heading-title elementor-size-default\">Missionary \u00d6sterblom<\/h2>\t\t\t\t<\/div>\n\t\t\t\t<\/div>\n\t\t\t\t\t<\/div>\n\t\t<\/div>\n\t\t\t\t\t<\/div>\n\t\t<\/section>\n\t\t<div class=\"elementor-element elementor-element-036b404 e-ecs-flex e-flex e-con-boxed e-con e-parent\" data-id=\"036b404\" data-element_type=\"container\" data-e-type=\"container\" data-settings=\"{&quot;ecs_container_type&quot;:&quot;flex&quot;}\">\n\t\t\t\t\t<div class=\"e-con-inner\">\n\t\t\t\t<div class=\"elementor-element elementor-element-d44caee elementor-widget elementor-widget-text-editor\" data-id=\"d44caee\" data-element_type=\"widget\" data-e-type=\"widget\" data-widget_type=\"text-editor.default\">\n\t\t\t\t<div class=\"elementor-widget-container\">\n\t\t\t\t\t\t\t\t\t<p>Near the church on Vormsi is a memorial to the Swedish missionary Lars Johan \u00d6sterblom, who arrived in Estonia with Thure Emmanuel Thor\u00e9n in 19.<\/p>\n<p>Born in Sweden in 1837, \u00d6sterblom arrived in Estonia with Thure Emmanuel Thor\u00e9n in 1873. Initially, the Swedish Evangelical Mission had plans to send bibles to Estonia. Local church officials assured them that almost every Swedish household already has a bible, but that there is a lack of a devout travelling preacher because local residents are poorly educated, prone to drinking and rather poor.<\/p>\n<p>Thor\u00e9n and \u00d6sterblom travelled to parish priest Girgensohn in Noarootsi via Haapsalu. There it was decided that Thor\u00e9n would stay in Noarootsi, while \u00d6sterblom would head to Vormsi. \u00d6sterblom worked on the island for 13 years.<\/p>\n<p>\u00d6sterblom himself described the situation on Vormsi at the time as one of great misery. With 2000 inhabitants, the island had 13 taverns and no schools. People lived in filthy shacks with no chimneys, which led to widespread eye diseases. Life among the locals was plagued by stealing, lying, drinking and smoking, as well as hatred towards the vodka-loving priest of Vormsi, Alexander Nordgren, and general lack of piety.<\/p>\n<p>Having won the sympathy of the local manor lord Ott Friedrich von Stackelberg, \u00d6sterblom founded the first school for peasants the very year he arrived. He founded a total of three schools. With Stackelberg\u2019s permission, the missionary also began to hold prayer services. It took three years for the great wave of awakening to engulf Vormsi. The interest in \u00d6sterblom\u2019s sermons grew so much that people could no longer fit indoors and meetings had to be held in the woods. In places where the awakening was particularly intense, people would squirm and crawl on the floor, endlessly crying, \u2018Get back o\u2019 wicked one! I welcome thee, Holy Spirit!\u2019<\/p>\n<p>Along with the awakening, life on Vormsi also started to change. Chimneys were built on the houses and instead of smoke dwellings, houses with large windows were built. \u00d6sterblom taught the women of Vormsi to wash the floors and pay attention to hygiene.&nbsp;<\/p>\n<p>There were also changes in people\u2019s customs. During the religious awakening, old folk customs and practices disappeared and were contested by punishments and shaming. The men carried their traditional musical instruments, the talharpas, into a large pile and set it on fire, because they considered them the instruments of the devil. Folk songs and dances began to be seen as sinful.&nbsp; Brides gave up wearing bridal chaplets and folk costumes were made more \u201cdecent\u201d.\u202f<\/p>\n<p>By the end of the 1870s and early 1880s, the entire island was caught up in the Vormsi religious awakening. Drinking and smoking almost disappeared (pipes were publicly buried), as did stealing, swearing and other sins. Instead of 13 taverns, 13 prayer houses were built.<\/p>\n<p>In the 1870s, however, the missionary\u2019s activities came under criticism. On the one hand, his activities frustrated the Lutheran Church, as people preferred prayer services over going to church, and on the other, \u00d6sterblom was opposed by the Russian Orthodox Church. And it was the latter that succeeded in having \u00d6sterblom sent back to Sweden in 1887 without the right of return.<\/p>\n<p>\u00d6sterblom died in Sweden in 1932. In 1936, the people of Vormsi erected a stone monument to his memory.<\/p>\n<p style=\"font-weight: 400;\">The Estonian Swedes, or Coastal Swedes as they have been called over time, have lived on the Estonian coast and islands since the 13th century. In the context of Haapsalu, Swedes are first mentioned in the second town privileges issued for Haapsalu in 1294. It says that rural Swedes have the right to inherit property from any relatives they may have living in the city, and vice versa. Estonians had no such right.<\/p>\n<p style=\"font-weight: 400;\">It is not known where Swedes used to live in the town or what kind of work they did in the Middle Ages. We come to know more about the Swedes and their settlement in Haapsalu&nbsp; later on. It is known that at the end of the 18th century, when rittmaster von Knorring repudiated the peasants of V\u00f6\u00f6la and V\u00e4ike-Hara after repeated quarrels, four or five of the peasants who had to leave their posts ended up moving to Pikkholm in Haapsalu, which is located along what is now known as Sadama Street. The first settlers were three fishermen, brothers by the name of Johann, Matz and Peter Christianson and another fisherman called Christian Hindrichson. They were soon followed by Matz the mason. The newcomers built themselves houses and a windmill. &nbsp;In the early part of the next century they were joined by Swedes from K\u00e4rdla.<\/p>\n<p style=\"font-weight: 400;\">Russwurm writes that the Swedes who settled on the islets took to cultivating the barren land, which yielded next to nothing despite their zealous efforts, and managed to somehow make an honest living from fishing and payment as day labourers. Some also Germanised, achieving prosperity and better education.<\/p>\n<p>In the middle of the 19th century, when Russwurm wrote his \u2018Eibofolke\u2019, a few Swedes, most of whom had become Estonians or Germans, lived in other parts of Haapsalu as well, such as Kastinina (presently the area around Suur-Liiva and V\u00e4ike-Liiva Streets), Loem\u00e4e (between \u00d5htu kallas, Lahe and Kalda Streets), Kopli (presently the area around Kopli and Potissepa Streets) and by the cemetery.<\/p>\n<p style=\"font-weight: 400;\">At that time (mid-19th century) Russwurm estimated the number of Swedes in Haapsalu to be four to five families, plus another 80 or so people with Swedish ancestry, some of whom had become Estonians.&nbsp;&nbsp;<\/p>\n<p><span style=\"font-weight: 400;\">Holmidepealne was also important for Estonian Swedes later on, when a boat left from Vana-Sadama harbour in Holmidepealne to take mail to Vormsi and Noarootsi. So it was fairly common to see Swedes from Noarootsi or Vormsi arrive at Vana-Sadama pier and make their way to the market along Sadama Street, and then&nbsp; head back to the harbour along the same road to return home.<\/span><\/p>\n\t\t\t\t\t\t\t\t<\/div>\n\t\t\t\t<\/div>\n\t\t\t\t\t<\/div>\n\t\t\t\t<\/div>\n\t\t\t\t<\/div>\n\t\t","protected":false},"excerpt":{"rendered":"<p>Missionary \u00d6sterblom Missionary \u00d6sterblom Near the church on Vormsi is a memorial to the Swedish missionary Lars Johan \u00d6sterblom, who arrived in Estonia with Thure Emmanuel Thor\u00e9n in 19. Born in Sweden in 1837, \u00d6sterblom arrived in Estonia with Thure Emmanuel Thor\u00e9n in 1873. Initially, the Swedish Evangelical Mission had plans to send bibles to [&hellip;]<\/p>\n","protected":false},"author":1,"featured_media":0,"parent":1815348,"menu_order":0,"comment_status":"closed","ping_status":"closed","template":"","meta":{"_acf_changed":false,"footnotes":""},"class_list":["post-1814750","page","type-page","status-publish","hentry"],"acf":[],"yoast_head":"<!-- This site is optimized with the Yoast SEO plugin v27.5 - https:\/\/yoast.com\/product\/yoast-seo-wordpress\/ -->\n<title>Missionary \u00d6sterblom<\/title>\n<meta name=\"description\" content=\"Near the church on Vormsi is a memorial to the Swedish missionary Lars Johan \u00d6sterblom, who arrived in Estonia with Thure Emmanuel Thor\u00e9n in 1873.\" \/>\n<meta name=\"robots\" content=\"index, follow, max-snippet:-1, max-image-preview:large, max-video-preview:-1\" \/>\n<link rel=\"canonical\" href=\"https:\/\/www.visithaapsalu.com\/en\/estonian-swedes\/misjonar-osterblom\/\" \/>\n<meta property=\"og:locale\" content=\"en_US\" \/>\n<meta property=\"og:type\" content=\"article\" \/>\n<meta property=\"og:title\" content=\"Missionary \u00d6sterblom\" \/>\n<meta property=\"og:description\" content=\"Near the church on Vormsi is a memorial to the Swedish missionary Lars Johan \u00d6sterblom, who arrived in Estonia with Thure Emmanuel Thor\u00e9n in 1873.\" \/>\n<meta property=\"og:url\" content=\"https:\/\/www.visithaapsalu.com\/en\/estonian-swedes\/misjonar-osterblom\/\" \/>\n<meta property=\"og:site_name\" content=\"Visit Haapsalu\" \/>\n<meta property=\"article:publisher\" content=\"https:\/\/www.facebook.com\/visithaapsalu\/\" \/>\n<meta property=\"article:modified_time\" content=\"2024-08-08T21:54:36+00:00\" \/>\n<meta property=\"og:image\" content=\"https:\/\/www.visithaapsalu.com\/wp-content\/uploads\/2022\/10\/separator.svg\" \/>\n<meta name=\"twitter:card\" content=\"summary_large_image\" \/>\n<meta name=\"twitter:label1\" content=\"Est. reading time\" \/>\n\t<meta name=\"twitter:data1\" content=\"5 minutes\" \/>\n<script type=\"application\/ld+json\" class=\"yoast-schema-graph\">{\"@context\":\"https:\\\/\\\/schema.org\",\"@graph\":[{\"@type\":\"WebPage\",\"@id\":\"https:\\\/\\\/www.visithaapsalu.com\\\/en\\\/estonian-swedes\\\/misjonar-osterblom\\\/\",\"url\":\"https:\\\/\\\/www.visithaapsalu.com\\\/en\\\/estonian-swedes\\\/misjonar-osterblom\\\/\",\"name\":\"Missionary \u00d6sterblom\",\"isPartOf\":{\"@id\":\"https:\\\/\\\/www.visithaapsalu.com\\\/en\\\/#website\"},\"primaryImageOfPage\":{\"@id\":\"https:\\\/\\\/www.visithaapsalu.com\\\/en\\\/estonian-swedes\\\/misjonar-osterblom\\\/#primaryimage\"},\"image\":{\"@id\":\"https:\\\/\\\/www.visithaapsalu.com\\\/en\\\/estonian-swedes\\\/misjonar-osterblom\\\/#primaryimage\"},\"thumbnailUrl\":\"https:\\\/\\\/www.visithaapsalu.com\\\/wp-content\\\/uploads\\\/2022\\\/10\\\/separator.svg\",\"datePublished\":\"2023-08-17T10:39:13+00:00\",\"dateModified\":\"2024-08-08T21:54:36+00:00\",\"description\":\"Near the church on Vormsi is a memorial to the Swedish missionary Lars Johan \u00d6sterblom, who arrived in Estonia with Thure Emmanuel Thor\u00e9n in 1873.\",\"breadcrumb\":{\"@id\":\"https:\\\/\\\/www.visithaapsalu.com\\\/en\\\/estonian-swedes\\\/misjonar-osterblom\\\/#breadcrumb\"},\"inLanguage\":\"en-US\",\"potentialAction\":[{\"@type\":\"ReadAction\",\"target\":[\"https:\\\/\\\/www.visithaapsalu.com\\\/en\\\/estonian-swedes\\\/misjonar-osterblom\\\/\"]}]},{\"@type\":\"ImageObject\",\"inLanguage\":\"en-US\",\"@id\":\"https:\\\/\\\/www.visithaapsalu.com\\\/en\\\/estonian-swedes\\\/misjonar-osterblom\\\/#primaryimage\",\"url\":\"https:\\\/\\\/www.visithaapsalu.com\\\/wp-content\\\/uploads\\\/2022\\\/10\\\/separator.svg\",\"contentUrl\":\"https:\\\/\\\/www.visithaapsalu.com\\\/wp-content\\\/uploads\\\/2022\\\/10\\\/separator.svg\"},{\"@type\":\"BreadcrumbList\",\"@id\":\"https:\\\/\\\/www.visithaapsalu.com\\\/en\\\/estonian-swedes\\\/misjonar-osterblom\\\/#breadcrumb\",\"itemListElement\":[{\"@type\":\"ListItem\",\"position\":1,\"name\":\"Home\",\"item\":\"https:\\\/\\\/www.visithaapsalu.com\\\/en\\\/\"},{\"@type\":\"ListItem\",\"position\":2,\"name\":\"Estonian Swedes\",\"item\":\"https:\\\/\\\/www.visithaapsalu.com\\\/en\\\/rannarootsi\\\/\"},{\"@type\":\"ListItem\",\"position\":3,\"name\":\"Missionary \u00d6sterblom\"}]},{\"@type\":\"WebSite\",\"@id\":\"https:\\\/\\\/www.visithaapsalu.com\\\/en\\\/#website\",\"url\":\"https:\\\/\\\/www.visithaapsalu.com\\\/en\\\/\",\"name\":\"Visit Haapsalu\",\"description\":\"visithaapsalu\",\"publisher\":{\"@id\":\"https:\\\/\\\/www.visithaapsalu.com\\\/en\\\/#organization\"},\"potentialAction\":[{\"@type\":\"SearchAction\",\"target\":{\"@type\":\"EntryPoint\",\"urlTemplate\":\"https:\\\/\\\/www.visithaapsalu.com\\\/en\\\/?s={search_term_string}\"},\"query-input\":{\"@type\":\"PropertyValueSpecification\",\"valueRequired\":true,\"valueName\":\"search_term_string\"}}],\"inLanguage\":\"en-US\"},{\"@type\":\"Organization\",\"@id\":\"https:\\\/\\\/www.visithaapsalu.com\\\/en\\\/#organization\",\"name\":\"Visit Haapsalu\",\"url\":\"https:\\\/\\\/www.visithaapsalu.com\\\/en\\\/\",\"logo\":{\"@type\":\"ImageObject\",\"inLanguage\":\"en-US\",\"@id\":\"https:\\\/\\\/www.visithaapsalu.com\\\/en\\\/#\\\/schema\\\/logo\\\/image\\\/\",\"url\":\"https:\\\/\\\/www.visithaapsalu.com\\\/wp-content\\\/uploads\\\/2022\\\/11\\\/visit-haapsalu.svg\",\"contentUrl\":\"https:\\\/\\\/www.visithaapsalu.com\\\/wp-content\\\/uploads\\\/2022\\\/11\\\/visit-haapsalu.svg\",\"width\":191,\"height\":37,\"caption\":\"Visit Haapsalu\"},\"image\":{\"@id\":\"https:\\\/\\\/www.visithaapsalu.com\\\/en\\\/#\\\/schema\\\/logo\\\/image\\\/\"},\"sameAs\":[\"https:\\\/\\\/www.facebook.com\\\/visithaapsalu\\\/\",\"https:\\\/\\\/www.instagram.com\\\/visit_haapsalu\\\/\"]}]}<\/script>\n<!-- \/ Yoast SEO plugin. -->","yoast_head_json":{"title":"Missionary \u00d6sterblom","description":"Near the church on Vormsi is a memorial to the Swedish missionary Lars Johan \u00d6sterblom, who arrived in Estonia with Thure Emmanuel Thor\u00e9n in 1873.","robots":{"index":"index","follow":"follow","max-snippet":"max-snippet:-1","max-image-preview":"max-image-preview:large","max-video-preview":"max-video-preview:-1"},"canonical":"https:\/\/www.visithaapsalu.com\/en\/estonian-swedes\/misjonar-osterblom\/","og_locale":"en_US","og_type":"article","og_title":"Missionary \u00d6sterblom","og_description":"Near the church on Vormsi is a memorial to the Swedish missionary Lars Johan \u00d6sterblom, who arrived in Estonia with Thure Emmanuel Thor\u00e9n in 1873.","og_url":"https:\/\/www.visithaapsalu.com\/en\/estonian-swedes\/misjonar-osterblom\/","og_site_name":"Visit Haapsalu","article_publisher":"https:\/\/www.facebook.com\/visithaapsalu\/","article_modified_time":"2024-08-08T21:54:36+00:00","og_image":[{"url":"https:\/\/www.visithaapsalu.com\/wp-content\/uploads\/2022\/10\/separator.svg","type":"","width":"","height":""}],"twitter_card":"summary_large_image","twitter_misc":{"Est. reading time":"5 minutes"},"schema":{"@context":"https:\/\/schema.org","@graph":[{"@type":"WebPage","@id":"https:\/\/www.visithaapsalu.com\/en\/estonian-swedes\/misjonar-osterblom\/","url":"https:\/\/www.visithaapsalu.com\/en\/estonian-swedes\/misjonar-osterblom\/","name":"Missionary \u00d6sterblom","isPartOf":{"@id":"https:\/\/www.visithaapsalu.com\/en\/#website"},"primaryImageOfPage":{"@id":"https:\/\/www.visithaapsalu.com\/en\/estonian-swedes\/misjonar-osterblom\/#primaryimage"},"image":{"@id":"https:\/\/www.visithaapsalu.com\/en\/estonian-swedes\/misjonar-osterblom\/#primaryimage"},"thumbnailUrl":"https:\/\/www.visithaapsalu.com\/wp-content\/uploads\/2022\/10\/separator.svg","datePublished":"2023-08-17T10:39:13+00:00","dateModified":"2024-08-08T21:54:36+00:00","description":"Near the church on Vormsi is a memorial to the Swedish missionary Lars Johan \u00d6sterblom, who arrived in Estonia with Thure Emmanuel Thor\u00e9n in 1873.","breadcrumb":{"@id":"https:\/\/www.visithaapsalu.com\/en\/estonian-swedes\/misjonar-osterblom\/#breadcrumb"},"inLanguage":"en-US","potentialAction":[{"@type":"ReadAction","target":["https:\/\/www.visithaapsalu.com\/en\/estonian-swedes\/misjonar-osterblom\/"]}]},{"@type":"ImageObject","inLanguage":"en-US","@id":"https:\/\/www.visithaapsalu.com\/en\/estonian-swedes\/misjonar-osterblom\/#primaryimage","url":"https:\/\/www.visithaapsalu.com\/wp-content\/uploads\/2022\/10\/separator.svg","contentUrl":"https:\/\/www.visithaapsalu.com\/wp-content\/uploads\/2022\/10\/separator.svg"},{"@type":"BreadcrumbList","@id":"https:\/\/www.visithaapsalu.com\/en\/estonian-swedes\/misjonar-osterblom\/#breadcrumb","itemListElement":[{"@type":"ListItem","position":1,"name":"Home","item":"https:\/\/www.visithaapsalu.com\/en\/"},{"@type":"ListItem","position":2,"name":"Estonian Swedes","item":"https:\/\/www.visithaapsalu.com\/en\/rannarootsi\/"},{"@type":"ListItem","position":3,"name":"Missionary \u00d6sterblom"}]},{"@type":"WebSite","@id":"https:\/\/www.visithaapsalu.com\/en\/#website","url":"https:\/\/www.visithaapsalu.com\/en\/","name":"Visit Haapsalu","description":"visithaapsalu","publisher":{"@id":"https:\/\/www.visithaapsalu.com\/en\/#organization"},"potentialAction":[{"@type":"SearchAction","target":{"@type":"EntryPoint","urlTemplate":"https:\/\/www.visithaapsalu.com\/en\/?s={search_term_string}"},"query-input":{"@type":"PropertyValueSpecification","valueRequired":true,"valueName":"search_term_string"}}],"inLanguage":"en-US"},{"@type":"Organization","@id":"https:\/\/www.visithaapsalu.com\/en\/#organization","name":"Visit Haapsalu","url":"https:\/\/www.visithaapsalu.com\/en\/","logo":{"@type":"ImageObject","inLanguage":"en-US","@id":"https:\/\/www.visithaapsalu.com\/en\/#\/schema\/logo\/image\/","url":"https:\/\/www.visithaapsalu.com\/wp-content\/uploads\/2022\/11\/visit-haapsalu.svg","contentUrl":"https:\/\/www.visithaapsalu.com\/wp-content\/uploads\/2022\/11\/visit-haapsalu.svg","width":191,"height":37,"caption":"Visit Haapsalu"},"image":{"@id":"https:\/\/www.visithaapsalu.com\/en\/#\/schema\/logo\/image\/"},"sameAs":["https:\/\/www.facebook.com\/visithaapsalu\/","https:\/\/www.instagram.com\/visit_haapsalu\/"]}]}},"_links":{"self":[{"href":"https:\/\/www.visithaapsalu.com\/en\/wp-json\/wp\/v2\/pages\/1814750","targetHints":{"allow":["GET"]}}],"collection":[{"href":"https:\/\/www.visithaapsalu.com\/en\/wp-json\/wp\/v2\/pages"}],"about":[{"href":"https:\/\/www.visithaapsalu.com\/en\/wp-json\/wp\/v2\/types\/page"}],"author":[{"embeddable":true,"href":"https:\/\/www.visithaapsalu.com\/en\/wp-json\/wp\/v2\/users\/1"}],"replies":[{"embeddable":true,"href":"https:\/\/www.visithaapsalu.com\/en\/wp-json\/wp\/v2\/comments?post=1814750"}],"version-history":[{"count":5,"href":"https:\/\/www.visithaapsalu.com\/en\/wp-json\/wp\/v2\/pages\/1814750\/revisions"}],"predecessor-version":[{"id":1814964,"href":"https:\/\/www.visithaapsalu.com\/en\/wp-json\/wp\/v2\/pages\/1814750\/revisions\/1814964"}],"up":[{"embeddable":true,"href":"https:\/\/www.visithaapsalu.com\/en\/wp-json\/wp\/v2\/pages\/1815348"}],"wp:attachment":[{"href":"https:\/\/www.visithaapsalu.com\/en\/wp-json\/wp\/v2\/media?parent=1814750"}],"curies":[{"name":"wp","href":"https:\/\/api.w.org\/{rel}","templated":true}]}}