{"id":1814746,"date":"2023-08-17T10:53:31","date_gmt":"2023-08-17T07:53:31","guid":{"rendered":"https:\/\/www.visithaapsalu.com\/hans-pohl-eestirootslaste-pealik\/"},"modified":"2024-08-09T00:54:35","modified_gmt":"2024-08-08T21:54:35","slug":"hans-pohl-eestirootslaste-pealik","status":"publish","type":"page","link":"https:\/\/www.visithaapsalu.com\/en\/estonian-swedes\/hans-pohl-eestirootslaste-pealik\/","title":{"rendered":"Hans P\u00f6hl \u2013 leader of the Estonian Swedes"},"content":{"rendered":"\t\t<div data-elementor-type=\"wp-page\" data-elementor-id=\"1814746\" class=\"elementor elementor-1814746 elementor-1792961\" data-elementor-post-type=\"page\">\n\t\t\t\t\t\t<section class=\"elementor-section elementor-top-section elementor-element elementor-element-73def35 elementor-section-content-middle elementor-section-height-min-height elementor-section-boxed elementor-section-height-default elementor-section-items-middle\" data-id=\"73def35\" data-element_type=\"section\" data-e-type=\"section\" data-settings=\"{&quot;background_background&quot;:&quot;classic&quot;}\">\n\t\t\t\t\t\t\t<div class=\"elementor-background-overlay\"><\/div>\n\t\t\t\t\t\t\t<div class=\"elementor-container elementor-column-gap-default\">\n\t\t\t\t\t<div class=\"elementor-column elementor-col-100 elementor-top-column elementor-element elementor-element-27341c9\" data-id=\"27341c9\" data-element_type=\"column\" data-e-type=\"column\" data-settings=\"{&quot;background_background&quot;:&quot;classic&quot;}\">\n\t\t\t<div class=\"elementor-widget-wrap elementor-element-populated\">\n\t\t\t\t\t\t<div class=\"elementor-element elementor-element-e630fc7 elementor-widget elementor-widget-heading\" data-id=\"e630fc7\" data-element_type=\"widget\" data-e-type=\"widget\" data-widget_type=\"heading.default\">\n\t\t\t\t<div class=\"elementor-widget-container\">\n\t\t\t\t\t<h1 class=\"elementor-heading-title elementor-size-default\">Hans P\u00f6hl<\/h1>\t\t\t\t<\/div>\n\t\t\t\t<\/div>\n\t\t\t\t\t<\/div>\n\t\t<\/div>\n\t\t\t\t\t<\/div>\n\t\t<\/section>\n\t\t\t\t<section class=\"elementor-section elementor-top-section elementor-element elementor-element-a601d65 elementor-section-boxed elementor-section-height-default elementor-section-height-default\" data-id=\"a601d65\" data-element_type=\"section\" data-e-type=\"section\">\n\t\t\t\t\t\t<div class=\"elementor-container elementor-column-gap-default\">\n\t\t\t\t\t<div class=\"elementor-column elementor-col-100 elementor-top-column elementor-element elementor-element-79cee0d\" data-id=\"79cee0d\" data-element_type=\"column\" data-e-type=\"column\">\n\t\t\t<div class=\"elementor-widget-wrap elementor-element-populated\">\n\t\t\t\t\t\t<div class=\"elementor-element elementor-element-a63b7a7 elementor-widget elementor-widget-global elementor-global-118 elementor-widget-image\" data-id=\"a63b7a7\" data-element_type=\"widget\" data-e-type=\"widget\" data-widget_type=\"image.default\">\n\t\t\t\t<div class=\"elementor-widget-container\">\n\t\t\t\t\t\t\t\t\t\t\t\t\t\t\t<img decoding=\"async\" width=\"86\" height=\"10\" src=\"https:\/\/www.visithaapsalu.com\/wp-content\/uploads\/2022\/10\/separator.svg\" class=\"attachment-thumbnail size-thumbnail wp-image-1714447\" alt=\"\" \/>\t\t\t\t\t\t\t\t\t\t\t\t\t\t\t<\/div>\n\t\t\t\t<\/div>\n\t\t\t\t\t<\/div>\n\t\t<\/div>\n\t\t\t\t\t<\/div>\n\t\t<\/section>\n\t\t\t\t<section class=\"elementor-section elementor-top-section elementor-element elementor-element-f43e1d7 elementor-section-boxed elementor-section-height-default elementor-section-height-default\" data-id=\"f43e1d7\" data-element_type=\"section\" data-e-type=\"section\">\n\t\t\t\t\t\t<div class=\"elementor-container elementor-column-gap-default\">\n\t\t\t\t\t<div class=\"elementor-column elementor-col-100 elementor-top-column elementor-element elementor-element-8141ea8\" data-id=\"8141ea8\" data-element_type=\"column\" data-e-type=\"column\">\n\t\t\t<div class=\"elementor-widget-wrap elementor-element-populated\">\n\t\t\t\t\t\t<div class=\"elementor-element elementor-element-06b9569 elementor-widget elementor-widget-heading\" data-id=\"06b9569\" data-element_type=\"widget\" data-e-type=\"widget\" data-widget_type=\"heading.default\">\n\t\t\t\t<div class=\"elementor-widget-container\">\n\t\t\t\t\t<h2 class=\"elementor-heading-title elementor-size-default\">Hans P\u00f6hl \u2013 leader of the Estonian Swedes<\/h2>\t\t\t\t<\/div>\n\t\t\t\t<\/div>\n\t\t\t\t\t<\/div>\n\t\t<\/div>\n\t\t\t\t\t<\/div>\n\t\t<\/section>\n\t\t<div class=\"elementor-element elementor-element-3d2b9fc e-flex e-con-boxed e-con e-parent\" data-id=\"3d2b9fc\" data-element_type=\"container\" data-e-type=\"container\">\n\t\t\t\t\t<div class=\"e-con-inner\">\n\t\t\t\t<div class=\"elementor-element elementor-element-139e95a elementor-widget elementor-widget-text-editor\" data-id=\"139e95a\" data-element_type=\"widget\" data-e-type=\"widget\" data-widget_type=\"text-editor.default\">\n\t\t\t\t<div class=\"elementor-widget-container\">\n\t\t\t\t\t\t\t\t\t<p style=\"font-weight: 400;\">Next to Vormsi church is a modest stone memorial to Hans P\u00f6hl. This stone, erected by compatriots in 1994, is the only memorial to the man who was the greatest leader and champion of the Estonian Swedes of all time.<\/p>\n<p style=\"font-weight: 400;\">Hans P\u00f6hl was born in 1876 in Suur-N\u00f5mmk\u00fcla in Noarootsi. He went to school in Sutlepa and Haapsalu, and was hired as a school teacher in \u00d6sterby, Noarootsi, at the age of 16.<\/p>\n<p style=\"font-weight: 400;\">P\u00f6hl, who spoke a Noarootsi dialect at home, did not have decent command of either official state Swedish, Estonian or Russian at the time. He studied Swedish under Johan Nymann, the sacristan of Noarootsi and seemed to have a real knack for languages, because in addition to Estonian and Russian, he studied English in Oxford and Cambridge and taught English and religion in Tallinn Business School and Commercial Upper Secondary School until his death. P\u00f6hl could even be considered the pioneer of English-language teaching in Estonia, as he wrote English textbooks for upper secondary schools and published the first English-Estonian dictionary.<\/p>\n<p style=\"font-weight: 400;\">P\u00f6hl\u2019s greatest legacy, however, is as a champion of the Estonian Swedes. He started working together with Johan Nymann, the sacristan of Noarootsi. Together, they tried to establish a lending library in the sacristan\u2019s farm (K\u00f6stritalu) in Noarootsi, which also housed the parish school (for peasants). However, they did not manage to get permission for this and instead founded a temperance organisation which also facilitated the running of a library. P\u00f6hl then became the chairman of the organisation and was able to use it to promote the culture of the Estonian Swedes.&nbsp; To get books, P\u00f6hl turned to his Swedish acquaintances and sent an appeal to be published in Swedish newspapers. Together with Nymann, they published the first calendar of the Estonian Swedes in 1903.<\/p>\n<p>At the beginning of the 20th century, there was not a single important decision made by the Estonian Swedes that P\u00f6hl was not involved in. He was also on the board of every organisation of the Estonian Swedes. He was active in the founding of the Estonian-Swedish organisation Svenska Odlingens V\u00e4nner (SOV or Friends of Swedish Education) in 1909 and in the publication of their newspaper Kustbon. On the initiative of the SOV (Svenska Odlingens V\u00e4nner), Swedish-language schools were established in the areas inhabited by Estonian Swedes, mainly in those with mixed settlements. As well as an agricultural and folk university in P\u00fcrksi and an upper secondary school in Haapsalu.<\/p>\n<p style=\"font-weight: 400;\">After the February Revolution of 1917, the Estonian Swedes also joined the demand for autonomy for minorities with P\u00f6hl once again at the forefront. He also played a role in Estonian politics. In 1917, P\u00f6hl spearheaded the founding of Rahvaliit (People\u2019s Union), a party of the Estonian Swedes. He was a member of the Estonian Provincial Assembly (Maap\u00e4ev), acted as the Swedish national minister in the Estonian Provisional Government, represented the Swedes in the Estonian Constituent Assembly and had a seat in the first and third Supreme Court of Estonia. As a politician, P\u00f6hl fought for the rights of minorities to be enshrined in the constitution and for land reform to include land allocated for the Swedes.<\/p>\n<p style=\"font-weight: 400;\">Although P\u00f6hl was born in Noarootsi in mainland Estonia and lived mainly in Tallinn, he is buried on the island of Vormsi. His wife Lydia Lindstr\u00f6m hailed from Vormsi, and the P\u00f6hl family spent most of their summers on Vormsi. They even built a house in Hullo. P\u00f6hl always celebrated his birthday on 15 August on Vormsi.<\/p>\n<p style=\"font-weight: 400;\">Hans P\u00f6hl died on 22 January 1930 in Tallinn after a severe attack of acute tonsilitis. His funeral service was held in St. Michael\u2019s Swedish Church in Tallinn. The entire government and representatives of all the minorities came to see him off. After the funeral service, P\u00f6hl\u2019s coffin was sent to Haapsalu in a special wagon where pallbearers carried him to Haapsalu Vanasadama harbour to be taken to Vormsi by boat. On Vormsi, the pallbearers lifted his coffin onto their shoulders again and headed for the churchyard, where P\u00f6hl was laid to rest.<\/p>\n\t\t\t\t\t\t\t\t<\/div>\n\t\t\t\t<\/div>\n\t\t\t\t\t<\/div>\n\t\t\t\t<\/div>\n\t\t\t\t<\/div>\n\t\t","protected":false},"excerpt":{"rendered":"<p>Hans P\u00f6hl Hans P\u00f6hl \u2013 leader of the Estonian Swedes Next to Vormsi church is a modest stone memorial to Hans P\u00f6hl. This stone, erected by compatriots in 1994, is the only memorial to the man who was the greatest leader and champion of the Estonian Swedes of all time. Hans P\u00f6hl was born in [&hellip;]<\/p>\n","protected":false},"author":2,"featured_media":0,"parent":1815348,"menu_order":0,"comment_status":"closed","ping_status":"closed","template":"","meta":{"_acf_changed":false,"footnotes":""},"class_list":["post-1814746","page","type-page","status-publish","hentry"],"acf":[],"yoast_head":"<!-- This site is optimized with the Yoast SEO plugin v27.3 - https:\/\/yoast.com\/product\/yoast-seo-wordpress\/ -->\n<title>Hans P\u00f6hl \u2013 leader of the Estonian Swedes - Visit Haapsalu<\/title>\n<meta name=\"description\" content=\"Hans P\u00f6hl was born in 1876 in Suur-N\u00f5mmk\u00fcla in Noarootsi. He went to school in Sutlepa and Haapsalu, and was hired as a school teacher in \u00d6sterby at the age of 16.\" \/>\n<meta name=\"robots\" content=\"index, follow, max-snippet:-1, max-image-preview:large, max-video-preview:-1\" \/>\n<link rel=\"canonical\" href=\"https:\/\/www.visithaapsalu.com\/en\/estonian-swedes\/hans-pohl-eestirootslaste-pealik\/\" \/>\n<meta property=\"og:locale\" content=\"en_US\" \/>\n<meta property=\"og:type\" content=\"article\" \/>\n<meta property=\"og:title\" content=\"Hans P\u00f6hl \u2013 leader of the Estonian Swedes - Visit Haapsalu\" \/>\n<meta property=\"og:description\" content=\"Hans P\u00f6hl was born in 1876 in Suur-N\u00f5mmk\u00fcla in Noarootsi. He went to school in Sutlepa and Haapsalu, and was hired as a school teacher in \u00d6sterby at the age of 16.\" \/>\n<meta property=\"og:url\" content=\"https:\/\/www.visithaapsalu.com\/en\/estonian-swedes\/hans-pohl-eestirootslaste-pealik\/\" \/>\n<meta property=\"og:site_name\" content=\"Visit Haapsalu\" \/>\n<meta property=\"article:publisher\" content=\"https:\/\/www.facebook.com\/visithaapsalu\/\" \/>\n<meta property=\"article:modified_time\" content=\"2024-08-08T21:54:35+00:00\" \/>\n<meta property=\"og:image\" content=\"https:\/\/www.visithaapsalu.com\/wp-content\/uploads\/2022\/10\/separator.svg\" \/>\n<meta name=\"twitter:card\" content=\"summary_large_image\" \/>\n<meta name=\"twitter:label1\" content=\"Est. reading time\" \/>\n\t<meta name=\"twitter:data1\" content=\"4 minutes\" \/>\n<script type=\"application\/ld+json\" class=\"yoast-schema-graph\">{\"@context\":\"https:\\\/\\\/schema.org\",\"@graph\":[{\"@type\":\"WebPage\",\"@id\":\"https:\\\/\\\/www.visithaapsalu.com\\\/en\\\/estonian-swedes\\\/hans-pohl-eestirootslaste-pealik\\\/\",\"url\":\"https:\\\/\\\/www.visithaapsalu.com\\\/en\\\/estonian-swedes\\\/hans-pohl-eestirootslaste-pealik\\\/\",\"name\":\"Hans P\u00f6hl \u2013 leader of the Estonian Swedes - Visit Haapsalu\",\"isPartOf\":{\"@id\":\"https:\\\/\\\/www.visithaapsalu.com\\\/en\\\/#website\"},\"primaryImageOfPage\":{\"@id\":\"https:\\\/\\\/www.visithaapsalu.com\\\/en\\\/estonian-swedes\\\/hans-pohl-eestirootslaste-pealik\\\/#primaryimage\"},\"image\":{\"@id\":\"https:\\\/\\\/www.visithaapsalu.com\\\/en\\\/estonian-swedes\\\/hans-pohl-eestirootslaste-pealik\\\/#primaryimage\"},\"thumbnailUrl\":\"https:\\\/\\\/www.visithaapsalu.com\\\/wp-content\\\/uploads\\\/2022\\\/10\\\/separator.svg\",\"datePublished\":\"2023-08-17T07:53:31+00:00\",\"dateModified\":\"2024-08-08T21:54:35+00:00\",\"description\":\"Hans P\u00f6hl was born in 1876 in Suur-N\u00f5mmk\u00fcla in Noarootsi. He went to school in Sutlepa and Haapsalu, and was hired as a school teacher in \u00d6sterby at the age of 16.\",\"breadcrumb\":{\"@id\":\"https:\\\/\\\/www.visithaapsalu.com\\\/en\\\/estonian-swedes\\\/hans-pohl-eestirootslaste-pealik\\\/#breadcrumb\"},\"inLanguage\":\"en-US\",\"potentialAction\":[{\"@type\":\"ReadAction\",\"target\":[\"https:\\\/\\\/www.visithaapsalu.com\\\/en\\\/estonian-swedes\\\/hans-pohl-eestirootslaste-pealik\\\/\"]}]},{\"@type\":\"ImageObject\",\"inLanguage\":\"en-US\",\"@id\":\"https:\\\/\\\/www.visithaapsalu.com\\\/en\\\/estonian-swedes\\\/hans-pohl-eestirootslaste-pealik\\\/#primaryimage\",\"url\":\"https:\\\/\\\/www.visithaapsalu.com\\\/wp-content\\\/uploads\\\/2022\\\/10\\\/separator.svg\",\"contentUrl\":\"https:\\\/\\\/www.visithaapsalu.com\\\/wp-content\\\/uploads\\\/2022\\\/10\\\/separator.svg\"},{\"@type\":\"BreadcrumbList\",\"@id\":\"https:\\\/\\\/www.visithaapsalu.com\\\/en\\\/estonian-swedes\\\/hans-pohl-eestirootslaste-pealik\\\/#breadcrumb\",\"itemListElement\":[{\"@type\":\"ListItem\",\"position\":1,\"name\":\"Home\",\"item\":\"https:\\\/\\\/www.visithaapsalu.com\\\/en\\\/\"},{\"@type\":\"ListItem\",\"position\":2,\"name\":\"Estonian Swedes\",\"item\":\"https:\\\/\\\/www.visithaapsalu.com\\\/en\\\/rannarootsi\\\/\"},{\"@type\":\"ListItem\",\"position\":3,\"name\":\"Hans P\u00f6hl \u2013 leader of the Estonian Swedes\"}]},{\"@type\":\"WebSite\",\"@id\":\"https:\\\/\\\/www.visithaapsalu.com\\\/en\\\/#website\",\"url\":\"https:\\\/\\\/www.visithaapsalu.com\\\/en\\\/\",\"name\":\"Visit Haapsalu\",\"description\":\"visithaapsalu\",\"publisher\":{\"@id\":\"https:\\\/\\\/www.visithaapsalu.com\\\/en\\\/#organization\"},\"potentialAction\":[{\"@type\":\"SearchAction\",\"target\":{\"@type\":\"EntryPoint\",\"urlTemplate\":\"https:\\\/\\\/www.visithaapsalu.com\\\/en\\\/?s={search_term_string}\"},\"query-input\":{\"@type\":\"PropertyValueSpecification\",\"valueRequired\":true,\"valueName\":\"search_term_string\"}}],\"inLanguage\":\"en-US\"},{\"@type\":\"Organization\",\"@id\":\"https:\\\/\\\/www.visithaapsalu.com\\\/en\\\/#organization\",\"name\":\"Visit Haapsalu\",\"url\":\"https:\\\/\\\/www.visithaapsalu.com\\\/en\\\/\",\"logo\":{\"@type\":\"ImageObject\",\"inLanguage\":\"en-US\",\"@id\":\"https:\\\/\\\/www.visithaapsalu.com\\\/en\\\/#\\\/schema\\\/logo\\\/image\\\/\",\"url\":\"https:\\\/\\\/www.visithaapsalu.com\\\/wp-content\\\/uploads\\\/2022\\\/11\\\/visit-haapsalu.svg\",\"contentUrl\":\"https:\\\/\\\/www.visithaapsalu.com\\\/wp-content\\\/uploads\\\/2022\\\/11\\\/visit-haapsalu.svg\",\"width\":191,\"height\":37,\"caption\":\"Visit Haapsalu\"},\"image\":{\"@id\":\"https:\\\/\\\/www.visithaapsalu.com\\\/en\\\/#\\\/schema\\\/logo\\\/image\\\/\"},\"sameAs\":[\"https:\\\/\\\/www.facebook.com\\\/visithaapsalu\\\/\",\"https:\\\/\\\/www.instagram.com\\\/visit_haapsalu\\\/\"]}]}<\/script>\n<!-- \/ Yoast SEO plugin. -->","yoast_head_json":{"title":"Hans P\u00f6hl \u2013 leader of the Estonian Swedes - Visit Haapsalu","description":"Hans P\u00f6hl was born in 1876 in Suur-N\u00f5mmk\u00fcla in Noarootsi. He went to school in Sutlepa and Haapsalu, and was hired as a school teacher in \u00d6sterby at the age of 16.","robots":{"index":"index","follow":"follow","max-snippet":"max-snippet:-1","max-image-preview":"max-image-preview:large","max-video-preview":"max-video-preview:-1"},"canonical":"https:\/\/www.visithaapsalu.com\/en\/estonian-swedes\/hans-pohl-eestirootslaste-pealik\/","og_locale":"en_US","og_type":"article","og_title":"Hans P\u00f6hl \u2013 leader of the Estonian Swedes - Visit Haapsalu","og_description":"Hans P\u00f6hl was born in 1876 in Suur-N\u00f5mmk\u00fcla in Noarootsi. He went to school in Sutlepa and Haapsalu, and was hired as a school teacher in \u00d6sterby at the age of 16.","og_url":"https:\/\/www.visithaapsalu.com\/en\/estonian-swedes\/hans-pohl-eestirootslaste-pealik\/","og_site_name":"Visit Haapsalu","article_publisher":"https:\/\/www.facebook.com\/visithaapsalu\/","article_modified_time":"2024-08-08T21:54:35+00:00","og_image":[{"url":"https:\/\/www.visithaapsalu.com\/wp-content\/uploads\/2022\/10\/separator.svg","type":"","width":"","height":""}],"twitter_card":"summary_large_image","twitter_misc":{"Est. reading time":"4 minutes"},"schema":{"@context":"https:\/\/schema.org","@graph":[{"@type":"WebPage","@id":"https:\/\/www.visithaapsalu.com\/en\/estonian-swedes\/hans-pohl-eestirootslaste-pealik\/","url":"https:\/\/www.visithaapsalu.com\/en\/estonian-swedes\/hans-pohl-eestirootslaste-pealik\/","name":"Hans P\u00f6hl \u2013 leader of the Estonian Swedes - Visit Haapsalu","isPartOf":{"@id":"https:\/\/www.visithaapsalu.com\/en\/#website"},"primaryImageOfPage":{"@id":"https:\/\/www.visithaapsalu.com\/en\/estonian-swedes\/hans-pohl-eestirootslaste-pealik\/#primaryimage"},"image":{"@id":"https:\/\/www.visithaapsalu.com\/en\/estonian-swedes\/hans-pohl-eestirootslaste-pealik\/#primaryimage"},"thumbnailUrl":"https:\/\/www.visithaapsalu.com\/wp-content\/uploads\/2022\/10\/separator.svg","datePublished":"2023-08-17T07:53:31+00:00","dateModified":"2024-08-08T21:54:35+00:00","description":"Hans P\u00f6hl was born in 1876 in Suur-N\u00f5mmk\u00fcla in Noarootsi. He went to school in Sutlepa and Haapsalu, and was hired as a school teacher in \u00d6sterby at the age of 16.","breadcrumb":{"@id":"https:\/\/www.visithaapsalu.com\/en\/estonian-swedes\/hans-pohl-eestirootslaste-pealik\/#breadcrumb"},"inLanguage":"en-US","potentialAction":[{"@type":"ReadAction","target":["https:\/\/www.visithaapsalu.com\/en\/estonian-swedes\/hans-pohl-eestirootslaste-pealik\/"]}]},{"@type":"ImageObject","inLanguage":"en-US","@id":"https:\/\/www.visithaapsalu.com\/en\/estonian-swedes\/hans-pohl-eestirootslaste-pealik\/#primaryimage","url":"https:\/\/www.visithaapsalu.com\/wp-content\/uploads\/2022\/10\/separator.svg","contentUrl":"https:\/\/www.visithaapsalu.com\/wp-content\/uploads\/2022\/10\/separator.svg"},{"@type":"BreadcrumbList","@id":"https:\/\/www.visithaapsalu.com\/en\/estonian-swedes\/hans-pohl-eestirootslaste-pealik\/#breadcrumb","itemListElement":[{"@type":"ListItem","position":1,"name":"Home","item":"https:\/\/www.visithaapsalu.com\/en\/"},{"@type":"ListItem","position":2,"name":"Estonian Swedes","item":"https:\/\/www.visithaapsalu.com\/en\/rannarootsi\/"},{"@type":"ListItem","position":3,"name":"Hans P\u00f6hl \u2013 leader of the Estonian Swedes"}]},{"@type":"WebSite","@id":"https:\/\/www.visithaapsalu.com\/en\/#website","url":"https:\/\/www.visithaapsalu.com\/en\/","name":"Visit Haapsalu","description":"visithaapsalu","publisher":{"@id":"https:\/\/www.visithaapsalu.com\/en\/#organization"},"potentialAction":[{"@type":"SearchAction","target":{"@type":"EntryPoint","urlTemplate":"https:\/\/www.visithaapsalu.com\/en\/?s={search_term_string}"},"query-input":{"@type":"PropertyValueSpecification","valueRequired":true,"valueName":"search_term_string"}}],"inLanguage":"en-US"},{"@type":"Organization","@id":"https:\/\/www.visithaapsalu.com\/en\/#organization","name":"Visit Haapsalu","url":"https:\/\/www.visithaapsalu.com\/en\/","logo":{"@type":"ImageObject","inLanguage":"en-US","@id":"https:\/\/www.visithaapsalu.com\/en\/#\/schema\/logo\/image\/","url":"https:\/\/www.visithaapsalu.com\/wp-content\/uploads\/2022\/11\/visit-haapsalu.svg","contentUrl":"https:\/\/www.visithaapsalu.com\/wp-content\/uploads\/2022\/11\/visit-haapsalu.svg","width":191,"height":37,"caption":"Visit Haapsalu"},"image":{"@id":"https:\/\/www.visithaapsalu.com\/en\/#\/schema\/logo\/image\/"},"sameAs":["https:\/\/www.facebook.com\/visithaapsalu\/","https:\/\/www.instagram.com\/visit_haapsalu\/"]}]}},"_links":{"self":[{"href":"https:\/\/www.visithaapsalu.com\/en\/wp-json\/wp\/v2\/pages\/1814746","targetHints":{"allow":["GET"]}}],"collection":[{"href":"https:\/\/www.visithaapsalu.com\/en\/wp-json\/wp\/v2\/pages"}],"about":[{"href":"https:\/\/www.visithaapsalu.com\/en\/wp-json\/wp\/v2\/types\/page"}],"author":[{"embeddable":true,"href":"https:\/\/www.visithaapsalu.com\/en\/wp-json\/wp\/v2\/users\/2"}],"replies":[{"embeddable":true,"href":"https:\/\/www.visithaapsalu.com\/en\/wp-json\/wp\/v2\/comments?post=1814746"}],"version-history":[{"count":5,"href":"https:\/\/www.visithaapsalu.com\/en\/wp-json\/wp\/v2\/pages\/1814746\/revisions"}],"predecessor-version":[{"id":1814960,"href":"https:\/\/www.visithaapsalu.com\/en\/wp-json\/wp\/v2\/pages\/1814746\/revisions\/1814960"}],"up":[{"embeddable":true,"href":"https:\/\/www.visithaapsalu.com\/en\/wp-json\/wp\/v2\/pages\/1815348"}],"wp:attachment":[{"href":"https:\/\/www.visithaapsalu.com\/en\/wp-json\/wp\/v2\/media?parent=1814746"}],"curies":[{"name":"wp","href":"https:\/\/api.w.org\/{rel}","templated":true}]}}