{"id":1814739,"date":"2023-08-17T10:26:55","date_gmt":"2023-08-17T07:26:55","guid":{"rendered":"https:\/\/www.visithaapsalu.com\/kes-on-rannarootslased\/"},"modified":"2024-08-09T00:54:33","modified_gmt":"2024-08-08T21:54:33","slug":"kes-on-rannarootslased","status":"publish","type":"page","link":"https:\/\/www.visithaapsalu.com\/en\/estonian-swedes\/kes-on-rannarootslased\/","title":{"rendered":"Who are the Estonian Swedes"},"content":{"rendered":"\t\t<div data-elementor-type=\"wp-page\" data-elementor-id=\"1814739\" class=\"elementor elementor-1814739 elementor-1792934\" data-elementor-post-type=\"page\">\n\t\t\t\t\t\t<section class=\"elementor-section elementor-top-section elementor-element elementor-element-cf66de8 elementor-section-content-middle elementor-section-height-min-height elementor-section-boxed elementor-section-height-default elementor-section-items-middle\" data-id=\"cf66de8\" data-element_type=\"section\" data-e-type=\"section\" data-settings=\"{&quot;background_background&quot;:&quot;classic&quot;}\">\n\t\t\t\t\t\t\t<div class=\"elementor-background-overlay\"><\/div>\n\t\t\t\t\t\t\t<div class=\"elementor-container elementor-column-gap-default\">\n\t\t\t\t\t<div class=\"elementor-column elementor-col-100 elementor-top-column elementor-element elementor-element-87d4971\" data-id=\"87d4971\" data-element_type=\"column\" data-e-type=\"column\" data-settings=\"{&quot;background_background&quot;:&quot;classic&quot;}\">\n\t\t\t<div class=\"elementor-widget-wrap elementor-element-populated\">\n\t\t\t\t\t\t<div class=\"elementor-element elementor-element-ef719f3 elementor-widget elementor-widget-heading\" data-id=\"ef719f3\" data-element_type=\"widget\" data-e-type=\"widget\" data-widget_type=\"heading.default\">\n\t\t\t\t<div class=\"elementor-widget-container\">\n\t\t\t\t\t<h1 class=\"elementor-heading-title elementor-size-default\">Estonian Swedes<\/h1>\t\t\t\t<\/div>\n\t\t\t\t<\/div>\n\t\t\t\t\t<\/div>\n\t\t<\/div>\n\t\t\t\t\t<\/div>\n\t\t<\/section>\n\t\t\t\t<section class=\"elementor-section elementor-top-section elementor-element elementor-element-fcb0e50 elementor-section-boxed elementor-section-height-default elementor-section-height-default\" data-id=\"fcb0e50\" data-element_type=\"section\" data-e-type=\"section\">\n\t\t\t\t\t\t<div class=\"elementor-container elementor-column-gap-default\">\n\t\t\t\t\t<div class=\"elementor-column elementor-col-100 elementor-top-column elementor-element elementor-element-b8429c5\" data-id=\"b8429c5\" data-element_type=\"column\" data-e-type=\"column\">\n\t\t\t<div class=\"elementor-widget-wrap elementor-element-populated\">\n\t\t\t\t\t\t<div class=\"elementor-element elementor-element-755f020 elementor-widget elementor-widget-global elementor-global-118 elementor-widget-image\" data-id=\"755f020\" data-element_type=\"widget\" data-e-type=\"widget\" data-widget_type=\"image.default\">\n\t\t\t\t<div class=\"elementor-widget-container\">\n\t\t\t\t\t\t\t\t\t\t\t\t\t\t\t<img decoding=\"async\" width=\"86\" height=\"10\" src=\"https:\/\/www.visithaapsalu.com\/wp-content\/uploads\/2022\/10\/separator.svg\" class=\"attachment-thumbnail size-thumbnail wp-image-1714447\" alt=\"\" \/>\t\t\t\t\t\t\t\t\t\t\t\t\t\t\t<\/div>\n\t\t\t\t<\/div>\n\t\t\t\t\t<\/div>\n\t\t<\/div>\n\t\t\t\t\t<\/div>\n\t\t<\/section>\n\t\t\t\t<section class=\"elementor-section elementor-top-section elementor-element elementor-element-adf75df elementor-section-boxed elementor-section-height-default elementor-section-height-default\" data-id=\"adf75df\" data-element_type=\"section\" data-e-type=\"section\">\n\t\t\t\t\t\t<div class=\"elementor-container elementor-column-gap-default\">\n\t\t\t\t\t<div class=\"elementor-column elementor-col-100 elementor-top-column elementor-element elementor-element-31272fc\" data-id=\"31272fc\" data-element_type=\"column\" data-e-type=\"column\">\n\t\t\t<div class=\"elementor-widget-wrap elementor-element-populated\">\n\t\t\t\t\t\t<div class=\"elementor-element elementor-element-80eb643 elementor-widget elementor-widget-heading\" data-id=\"80eb643\" data-element_type=\"widget\" data-e-type=\"widget\" data-widget_type=\"heading.default\">\n\t\t\t\t<div class=\"elementor-widget-container\">\n\t\t\t\t\t<h2 class=\"elementor-heading-title elementor-size-default\">Who are the Estonian Swedes?<\/h2>\t\t\t\t<\/div>\n\t\t\t\t<\/div>\n\t\t\t\t\t<\/div>\n\t\t<\/div>\n\t\t\t\t\t<\/div>\n\t\t<\/section>\n\t\t<div class=\"elementor-element elementor-element-a0dd623 e-flex e-con-boxed e-con e-parent\" data-id=\"a0dd623\" data-element_type=\"container\" data-e-type=\"container\">\n\t\t\t\t\t<div class=\"e-con-inner\">\n\t\t\t\t<div class=\"elementor-element elementor-element-8542a36 elementor-widget elementor-widget-text-editor\" data-id=\"8542a36\" data-element_type=\"widget\" data-e-type=\"widget\" data-widget_type=\"text-editor.default\">\n\t\t\t\t<div class=\"elementor-widget-container\">\n\t\t\t\t\t\t\t\t\t<p style=\"font-weight: 400;\">The Estonian Swedes, or Coastal Swedes as they have been called over time, have lived on the Estonian coast and islands since the 13th century. In the context of Haapsalu, Swedes are first mentioned in the second town privileges issued for Haapsalu in 1294. It says that rural Swedes have the right to inherit property from any relatives they may have living in the city, and vice versa. Estonians had no such right.<\/p>\n<p style=\"font-weight: 400;\">It is not known where Swedes used to live in the town or what kind of work they did in the Middle Ages. We come to know more about the Swedes and their settlement in Haapsalu&nbsp; later on. It is known that at the end of the 18th century, when rittmaster von Knorring repudiated the peasants of V\u00f6\u00f6la and V\u00e4ike-Hara after repeated quarrels, four or five of the peasants who had to leave their posts ended up moving to Pikkholm in Haapsalu, which is located along what is now known as Sadama Street. The first settlers were three fishermen, brothers by the name of Johann, Matz and Peter Christianson and another fisherman called Christian Hindrichson. They were soon followed by Matz the mason. The newcomers built themselves houses and a windmill. &nbsp;In the early part of the next century they were joined by Swedes from K\u00e4rdla.<\/p>\n<p style=\"font-weight: 400;\">Russwurm writes that the Swedes who settled on the islets took to cultivating the barren land, which yielded next to nothing despite their zealous efforts, and managed to somehow make an honest living from fishing and payment as day labourers. Some also Germanised, achieving prosperity and better education.<\/p>\n<p>In the middle of the 19th century, when Russwurm wrote his \u2018Eibofolke\u2019, a few Swedes, most of whom had become Estonians or Germans, lived in other parts of Haapsalu as well, such as Kastinina (presently the area around Suur-Liiva and V\u00e4ike-Liiva Streets), Loem\u00e4e (between \u00d5htu kallas, Lahe and Kalda Streets), Kopli (presently the area around Kopli and Potissepa Streets) and by the cemetery.<\/p>\n<p style=\"font-weight: 400;\">At that time (mid-19th century) Russwurm estimated the number of Swedes in Haapsalu to be four to five families, plus another 80 or so people with Swedish ancestry, some of whom had become Estonians.&nbsp;&nbsp;<\/p>\n<p style=\"font-weight: 400;\">Holmidepealne was also important for Estonian Swedes later on, when a boat left from Vana-Sadama harbour in Holmidepealne to take mail to Vormsi and Noarootsi. So it was fairly common to see Swedes from Noarootsi or Vormsi arrive at Vana-Sadama pier and make their way to the market&nbsp; along Sadama Street, and then head back to the harbour along the same road to return home.&nbsp; &nbsp;<\/p>\n<h2 style=\"font-weight: 400;\"><strong>Estonian Swedes carry on<\/strong><\/h2>\n<p style=\"font-weight: 400;\"><strong><br \/><\/strong>The village names on Vormsi are Swedish to this day and visitors to Noarootsi are greeted by signs in both Swedish and Estonian. The Swedes had a Swedish name for each place, which was different from the Estonian name. For example, Swedes call Hiiumaa Dag\u00f6, Vormsi Orms\u00f6, Ruhnu Run\u00f6, Noarootsi Nuck\u00f6, with islands marked by the letter \u2018\u00f6\u2019 in Swedish. However, the suffix \u2018-by\u2019 in place names refers to a village.<\/p>\n<p style=\"font-weight: 400;\">Estonian Swedes are united by several associations and societies in their home area. They even publish their own magazines. The preservation of the language and culture of the Swedish national minority is protected by the Estonian-Swedish Cultural Government (Eestirootslaste Kultuuriomavalitsus). More than 500 people are on the nationality list of national minorities, continuing the tradition of Swedishness in Estonia. Several books have been published on the cultural history of the Estonian Swedes. Among the most prominent works is Carl Russwurm\u2019s \u2018Eibofolke oder die Schweden an den K\u00fcsten Ehstlands und auf Run\u00f6\u2019 (title in English: \u2018Eibofolke or The Swedes On the Coast of Estonia and Ruhnu\u2019) which was first published in German in 1855. There are numerous other publications that also provide a good insight, such as \u2018Raamat Eestimaa rootslastest\u2019 (title in English: \u2018A Book about the Swedes of Estonia\u2019), \u2018Kuldrannake\u2019 (original title in Swedish: \u2018Guldstrand\u2019, English title: \u2018Golden Beach\u2019) and \u2018Hans P\u00f6hl\u2019.<\/p>\n<p style=\"font-weight: 400;\">You can learn more about the life and culture of the Estonia-Swedes in the Museum of the Coastal Swedes in Haapsalu, Sadama 32 or at &nbsp;<a href=\"http:\/\/www.aiboland.ee\/\">www.aiboland.ee<\/a>. The museum has a branch on the island of Ruhnu, in the Korsi Farm longhouse with a curved roof, one of the last surviving complete Ruhnu-Swedish farm complexes in the world.<\/p>\n<p style=\"font-weight: 400;\">&nbsp;<\/p>\n\t\t\t\t\t\t\t\t<\/div>\n\t\t\t\t<\/div>\n\t\t\t\t\t<\/div>\n\t\t\t\t<\/div>\n\t\t\t\t<\/div>\n\t\t","protected":false},"excerpt":{"rendered":"<p>Estonian Swedes Who are the Estonian Swedes? The Estonian Swedes, or Coastal Swedes as they have been called over time, have lived on the Estonian coast and islands since the 13th century. In the context of Haapsalu, Swedes are first mentioned in the second town privileges issued for Haapsalu in 1294. It says that rural [&hellip;]<\/p>\n","protected":false},"author":2,"featured_media":1801652,"parent":1815348,"menu_order":0,"comment_status":"closed","ping_status":"closed","template":"","meta":{"_acf_changed":false,"footnotes":""},"class_list":["post-1814739","page","type-page","status-publish","has-post-thumbnail","hentry"],"acf":[],"yoast_head":"<!-- This site is optimized with the Yoast SEO plugin v27.3 - https:\/\/yoast.com\/product\/yoast-seo-wordpress\/ -->\n<title>Who are the Estonian Swedes - Visit Haapsalu<\/title>\n<meta name=\"description\" content=\"The Estonian Swedes, or Coastal Swedes as they have been called over time, have lived on the Estonian coast and islands since the 13th century.\" \/>\n<meta name=\"robots\" content=\"index, follow, max-snippet:-1, max-image-preview:large, max-video-preview:-1\" \/>\n<link rel=\"canonical\" href=\"https:\/\/www.visithaapsalu.com\/en\/estonian-swedes\/kes-on-rannarootslased\/\" \/>\n<meta property=\"og:locale\" content=\"en_US\" \/>\n<meta property=\"og:type\" content=\"article\" \/>\n<meta property=\"og:title\" content=\"Who are the Estonian Swedes - Visit Haapsalu\" \/>\n<meta property=\"og:description\" content=\"The Estonian Swedes, or Coastal Swedes as they have been called over time, have lived on the Estonian coast and islands since the 13th century.\" \/>\n<meta property=\"og:url\" content=\"https:\/\/www.visithaapsalu.com\/en\/estonian-swedes\/kes-on-rannarootslased\/\" \/>\n<meta property=\"og:site_name\" content=\"Visit Haapsalu\" \/>\n<meta property=\"article:publisher\" content=\"https:\/\/www.facebook.com\/visithaapsalu\/\" \/>\n<meta property=\"article:modified_time\" content=\"2024-08-08T21:54:33+00:00\" \/>\n<meta property=\"og:image\" content=\"https:\/\/www.visithaapsalu.com\/wp-content\/uploads\/2023\/11\/HMF97_36Ff_1-RR-Vormsi-naised-1933.jpg\" \/>\n\t<meta property=\"og:image:width\" content=\"800\" \/>\n\t<meta property=\"og:image:height\" content=\"541\" \/>\n\t<meta property=\"og:image:type\" content=\"image\/jpeg\" \/>\n<meta name=\"twitter:card\" content=\"summary_large_image\" \/>\n<meta name=\"twitter:label1\" content=\"Est. reading time\" \/>\n\t<meta name=\"twitter:data1\" content=\"4 minutes\" \/>\n<script type=\"application\/ld+json\" class=\"yoast-schema-graph\">{\"@context\":\"https:\\\/\\\/schema.org\",\"@graph\":[{\"@type\":\"WebPage\",\"@id\":\"https:\\\/\\\/www.visithaapsalu.com\\\/en\\\/estonian-swedes\\\/kes-on-rannarootslased\\\/\",\"url\":\"https:\\\/\\\/www.visithaapsalu.com\\\/en\\\/estonian-swedes\\\/kes-on-rannarootslased\\\/\",\"name\":\"Who are the Estonian Swedes - Visit Haapsalu\",\"isPartOf\":{\"@id\":\"https:\\\/\\\/www.visithaapsalu.com\\\/en\\\/#website\"},\"primaryImageOfPage\":{\"@id\":\"https:\\\/\\\/www.visithaapsalu.com\\\/en\\\/estonian-swedes\\\/kes-on-rannarootslased\\\/#primaryimage\"},\"image\":{\"@id\":\"https:\\\/\\\/www.visithaapsalu.com\\\/en\\\/estonian-swedes\\\/kes-on-rannarootslased\\\/#primaryimage\"},\"thumbnailUrl\":\"https:\\\/\\\/www.visithaapsalu.com\\\/wp-content\\\/uploads\\\/2023\\\/11\\\/HMF97_36Ff_1-RR-Vormsi-naised-1933.jpg\",\"datePublished\":\"2023-08-17T07:26:55+00:00\",\"dateModified\":\"2024-08-08T21:54:33+00:00\",\"description\":\"The Estonian Swedes, or Coastal Swedes as they have been called over time, have lived on the Estonian coast and islands since the 13th century.\",\"breadcrumb\":{\"@id\":\"https:\\\/\\\/www.visithaapsalu.com\\\/en\\\/estonian-swedes\\\/kes-on-rannarootslased\\\/#breadcrumb\"},\"inLanguage\":\"en-US\",\"potentialAction\":[{\"@type\":\"ReadAction\",\"target\":[\"https:\\\/\\\/www.visithaapsalu.com\\\/en\\\/estonian-swedes\\\/kes-on-rannarootslased\\\/\"]}]},{\"@type\":\"ImageObject\",\"inLanguage\":\"en-US\",\"@id\":\"https:\\\/\\\/www.visithaapsalu.com\\\/en\\\/estonian-swedes\\\/kes-on-rannarootslased\\\/#primaryimage\",\"url\":\"https:\\\/\\\/www.visithaapsalu.com\\\/wp-content\\\/uploads\\\/2023\\\/11\\\/HMF97_36Ff_1-RR-Vormsi-naised-1933.jpg\",\"contentUrl\":\"https:\\\/\\\/www.visithaapsalu.com\\\/wp-content\\\/uploads\\\/2023\\\/11\\\/HMF97_36Ff_1-RR-Vormsi-naised-1933.jpg\",\"width\":800,\"height\":541},{\"@type\":\"BreadcrumbList\",\"@id\":\"https:\\\/\\\/www.visithaapsalu.com\\\/en\\\/estonian-swedes\\\/kes-on-rannarootslased\\\/#breadcrumb\",\"itemListElement\":[{\"@type\":\"ListItem\",\"position\":1,\"name\":\"Home\",\"item\":\"https:\\\/\\\/www.visithaapsalu.com\\\/en\\\/\"},{\"@type\":\"ListItem\",\"position\":2,\"name\":\"Estonian Swedes\",\"item\":\"https:\\\/\\\/www.visithaapsalu.com\\\/en\\\/rannarootsi\\\/\"},{\"@type\":\"ListItem\",\"position\":3,\"name\":\"Who are the Estonian Swedes\"}]},{\"@type\":\"WebSite\",\"@id\":\"https:\\\/\\\/www.visithaapsalu.com\\\/en\\\/#website\",\"url\":\"https:\\\/\\\/www.visithaapsalu.com\\\/en\\\/\",\"name\":\"Visit Haapsalu\",\"description\":\"visithaapsalu\",\"publisher\":{\"@id\":\"https:\\\/\\\/www.visithaapsalu.com\\\/en\\\/#organization\"},\"potentialAction\":[{\"@type\":\"SearchAction\",\"target\":{\"@type\":\"EntryPoint\",\"urlTemplate\":\"https:\\\/\\\/www.visithaapsalu.com\\\/en\\\/?s={search_term_string}\"},\"query-input\":{\"@type\":\"PropertyValueSpecification\",\"valueRequired\":true,\"valueName\":\"search_term_string\"}}],\"inLanguage\":\"en-US\"},{\"@type\":\"Organization\",\"@id\":\"https:\\\/\\\/www.visithaapsalu.com\\\/en\\\/#organization\",\"name\":\"Visit Haapsalu\",\"url\":\"https:\\\/\\\/www.visithaapsalu.com\\\/en\\\/\",\"logo\":{\"@type\":\"ImageObject\",\"inLanguage\":\"en-US\",\"@id\":\"https:\\\/\\\/www.visithaapsalu.com\\\/en\\\/#\\\/schema\\\/logo\\\/image\\\/\",\"url\":\"https:\\\/\\\/www.visithaapsalu.com\\\/wp-content\\\/uploads\\\/2022\\\/11\\\/visit-haapsalu.svg\",\"contentUrl\":\"https:\\\/\\\/www.visithaapsalu.com\\\/wp-content\\\/uploads\\\/2022\\\/11\\\/visit-haapsalu.svg\",\"width\":191,\"height\":37,\"caption\":\"Visit Haapsalu\"},\"image\":{\"@id\":\"https:\\\/\\\/www.visithaapsalu.com\\\/en\\\/#\\\/schema\\\/logo\\\/image\\\/\"},\"sameAs\":[\"https:\\\/\\\/www.facebook.com\\\/visithaapsalu\\\/\",\"https:\\\/\\\/www.instagram.com\\\/visit_haapsalu\\\/\"]}]}<\/script>\n<!-- \/ Yoast SEO plugin. -->","yoast_head_json":{"title":"Who are the Estonian Swedes - Visit Haapsalu","description":"The Estonian Swedes, or Coastal Swedes as they have been called over time, have lived on the Estonian coast and islands since the 13th century.","robots":{"index":"index","follow":"follow","max-snippet":"max-snippet:-1","max-image-preview":"max-image-preview:large","max-video-preview":"max-video-preview:-1"},"canonical":"https:\/\/www.visithaapsalu.com\/en\/estonian-swedes\/kes-on-rannarootslased\/","og_locale":"en_US","og_type":"article","og_title":"Who are the Estonian Swedes - Visit Haapsalu","og_description":"The Estonian Swedes, or Coastal Swedes as they have been called over time, have lived on the Estonian coast and islands since the 13th century.","og_url":"https:\/\/www.visithaapsalu.com\/en\/estonian-swedes\/kes-on-rannarootslased\/","og_site_name":"Visit Haapsalu","article_publisher":"https:\/\/www.facebook.com\/visithaapsalu\/","article_modified_time":"2024-08-08T21:54:33+00:00","og_image":[{"width":800,"height":541,"url":"https:\/\/www.visithaapsalu.com\/wp-content\/uploads\/2023\/11\/HMF97_36Ff_1-RR-Vormsi-naised-1933.jpg","type":"image\/jpeg"}],"twitter_card":"summary_large_image","twitter_misc":{"Est. reading time":"4 minutes"},"schema":{"@context":"https:\/\/schema.org","@graph":[{"@type":"WebPage","@id":"https:\/\/www.visithaapsalu.com\/en\/estonian-swedes\/kes-on-rannarootslased\/","url":"https:\/\/www.visithaapsalu.com\/en\/estonian-swedes\/kes-on-rannarootslased\/","name":"Who are the Estonian Swedes - Visit Haapsalu","isPartOf":{"@id":"https:\/\/www.visithaapsalu.com\/en\/#website"},"primaryImageOfPage":{"@id":"https:\/\/www.visithaapsalu.com\/en\/estonian-swedes\/kes-on-rannarootslased\/#primaryimage"},"image":{"@id":"https:\/\/www.visithaapsalu.com\/en\/estonian-swedes\/kes-on-rannarootslased\/#primaryimage"},"thumbnailUrl":"https:\/\/www.visithaapsalu.com\/wp-content\/uploads\/2023\/11\/HMF97_36Ff_1-RR-Vormsi-naised-1933.jpg","datePublished":"2023-08-17T07:26:55+00:00","dateModified":"2024-08-08T21:54:33+00:00","description":"The Estonian Swedes, or Coastal Swedes as they have been called over time, have lived on the Estonian coast and islands since the 13th century.","breadcrumb":{"@id":"https:\/\/www.visithaapsalu.com\/en\/estonian-swedes\/kes-on-rannarootslased\/#breadcrumb"},"inLanguage":"en-US","potentialAction":[{"@type":"ReadAction","target":["https:\/\/www.visithaapsalu.com\/en\/estonian-swedes\/kes-on-rannarootslased\/"]}]},{"@type":"ImageObject","inLanguage":"en-US","@id":"https:\/\/www.visithaapsalu.com\/en\/estonian-swedes\/kes-on-rannarootslased\/#primaryimage","url":"https:\/\/www.visithaapsalu.com\/wp-content\/uploads\/2023\/11\/HMF97_36Ff_1-RR-Vormsi-naised-1933.jpg","contentUrl":"https:\/\/www.visithaapsalu.com\/wp-content\/uploads\/2023\/11\/HMF97_36Ff_1-RR-Vormsi-naised-1933.jpg","width":800,"height":541},{"@type":"BreadcrumbList","@id":"https:\/\/www.visithaapsalu.com\/en\/estonian-swedes\/kes-on-rannarootslased\/#breadcrumb","itemListElement":[{"@type":"ListItem","position":1,"name":"Home","item":"https:\/\/www.visithaapsalu.com\/en\/"},{"@type":"ListItem","position":2,"name":"Estonian Swedes","item":"https:\/\/www.visithaapsalu.com\/en\/rannarootsi\/"},{"@type":"ListItem","position":3,"name":"Who are the Estonian Swedes"}]},{"@type":"WebSite","@id":"https:\/\/www.visithaapsalu.com\/en\/#website","url":"https:\/\/www.visithaapsalu.com\/en\/","name":"Visit Haapsalu","description":"visithaapsalu","publisher":{"@id":"https:\/\/www.visithaapsalu.com\/en\/#organization"},"potentialAction":[{"@type":"SearchAction","target":{"@type":"EntryPoint","urlTemplate":"https:\/\/www.visithaapsalu.com\/en\/?s={search_term_string}"},"query-input":{"@type":"PropertyValueSpecification","valueRequired":true,"valueName":"search_term_string"}}],"inLanguage":"en-US"},{"@type":"Organization","@id":"https:\/\/www.visithaapsalu.com\/en\/#organization","name":"Visit Haapsalu","url":"https:\/\/www.visithaapsalu.com\/en\/","logo":{"@type":"ImageObject","inLanguage":"en-US","@id":"https:\/\/www.visithaapsalu.com\/en\/#\/schema\/logo\/image\/","url":"https:\/\/www.visithaapsalu.com\/wp-content\/uploads\/2022\/11\/visit-haapsalu.svg","contentUrl":"https:\/\/www.visithaapsalu.com\/wp-content\/uploads\/2022\/11\/visit-haapsalu.svg","width":191,"height":37,"caption":"Visit Haapsalu"},"image":{"@id":"https:\/\/www.visithaapsalu.com\/en\/#\/schema\/logo\/image\/"},"sameAs":["https:\/\/www.facebook.com\/visithaapsalu\/","https:\/\/www.instagram.com\/visit_haapsalu\/"]}]}},"_links":{"self":[{"href":"https:\/\/www.visithaapsalu.com\/en\/wp-json\/wp\/v2\/pages\/1814739","targetHints":{"allow":["GET"]}}],"collection":[{"href":"https:\/\/www.visithaapsalu.com\/en\/wp-json\/wp\/v2\/pages"}],"about":[{"href":"https:\/\/www.visithaapsalu.com\/en\/wp-json\/wp\/v2\/types\/page"}],"author":[{"embeddable":true,"href":"https:\/\/www.visithaapsalu.com\/en\/wp-json\/wp\/v2\/users\/2"}],"replies":[{"embeddable":true,"href":"https:\/\/www.visithaapsalu.com\/en\/wp-json\/wp\/v2\/comments?post=1814739"}],"version-history":[{"count":5,"href":"https:\/\/www.visithaapsalu.com\/en\/wp-json\/wp\/v2\/pages\/1814739\/revisions"}],"predecessor-version":[{"id":1814954,"href":"https:\/\/www.visithaapsalu.com\/en\/wp-json\/wp\/v2\/pages\/1814739\/revisions\/1814954"}],"up":[{"embeddable":true,"href":"https:\/\/www.visithaapsalu.com\/en\/wp-json\/wp\/v2\/pages\/1815348"}],"wp:featuredmedia":[{"embeddable":true,"href":"https:\/\/www.visithaapsalu.com\/en\/wp-json\/wp\/v2\/media\/1801652"}],"wp:attachment":[{"href":"https:\/\/www.visithaapsalu.com\/en\/wp-json\/wp\/v2\/media?parent=1814739"}],"curies":[{"name":"wp","href":"https:\/\/api.w.org\/{rel}","templated":true}]}}