{"id":1790867,"date":"2022-12-30T22:22:59","date_gmt":"2022-12-30T20:22:59","guid":{"rendered":"https:\/\/www.visithaapsalu.com\/for-visitor\/discover\/nova-and-noarootsi\/"},"modified":"2024-01-08T11:42:47","modified_gmt":"2024-01-08T09:42:47","slug":"nova-and-noarootsi","status":"publish","type":"page","link":"https:\/\/www.visithaapsalu.com\/en\/for-visitor\/discover\/nova-and-noarootsi\/","title":{"rendered":"N\u00f5va and Noarootsi"},"content":{"rendered":"\t\t<div data-elementor-type=\"wp-page\" data-elementor-id=\"1790867\" class=\"elementor elementor-1790867 elementor-1717414\" data-elementor-post-type=\"page\">\n\t\t\t\t\t\t<section class=\"elementor-section elementor-top-section elementor-element elementor-element-5453773 elementor-section-content-middle elementor-section-height-min-height elementor-section-boxed elementor-section-height-default elementor-section-items-middle\" data-id=\"5453773\" data-element_type=\"section\" data-e-type=\"section\" data-settings=\"{&quot;background_background&quot;:&quot;classic&quot;}\">\n\t\t\t\t\t\t\t<div class=\"elementor-background-overlay\"><\/div>\n\t\t\t\t\t\t\t<div class=\"elementor-container elementor-column-gap-default\">\n\t\t\t\t\t<div class=\"elementor-column elementor-col-100 elementor-top-column elementor-element elementor-element-c6ffddf\" data-id=\"c6ffddf\" data-element_type=\"column\" data-e-type=\"column\" data-settings=\"{&quot;background_background&quot;:&quot;classic&quot;}\">\n\t\t\t<div class=\"elementor-widget-wrap elementor-element-populated\">\n\t\t\t\t\t\t<div class=\"elementor-element elementor-element-a42a9e6 elementor-widget elementor-widget-heading\" data-id=\"a42a9e6\" data-element_type=\"widget\" data-e-type=\"widget\" data-widget_type=\"heading.default\">\n\t\t\t\t<div class=\"elementor-widget-container\">\n\t\t\t\t\t<h1 class=\"elementor-heading-title elementor-size-default\">N\u00f5va and Noarootsi<\/h1>\t\t\t\t<\/div>\n\t\t\t\t<\/div>\n\t\t\t\t\t<\/div>\n\t\t<\/div>\n\t\t\t\t\t<\/div>\n\t\t<\/section>\n\t\t\t\t<section class=\"elementor-section elementor-top-section elementor-element elementor-element-4689c61 elementor-section-boxed elementor-section-height-default elementor-section-height-default\" data-id=\"4689c61\" data-element_type=\"section\" data-e-type=\"section\">\n\t\t\t\t\t\t<div class=\"elementor-container elementor-column-gap-default\">\n\t\t\t\t\t<div class=\"elementor-column elementor-col-100 elementor-top-column elementor-element elementor-element-9f4dbe7\" data-id=\"9f4dbe7\" data-element_type=\"column\" data-e-type=\"column\">\n\t\t\t<div class=\"elementor-widget-wrap elementor-element-populated\">\n\t\t\t\t\t\t<div class=\"elementor-element elementor-element-70ecf75 elementor-widget elementor-widget-global elementor-global-118 elementor-widget-image\" data-id=\"70ecf75\" data-element_type=\"widget\" data-e-type=\"widget\" data-widget_type=\"image.default\">\n\t\t\t\t<div class=\"elementor-widget-container\">\n\t\t\t\t\t\t\t\t\t\t\t\t\t\t\t<img decoding=\"async\" width=\"86\" height=\"10\" src=\"https:\/\/www.visithaapsalu.com\/wp-content\/uploads\/2022\/10\/separator.svg\" class=\"attachment-thumbnail size-thumbnail wp-image-1714447\" alt=\"\" \/>\t\t\t\t\t\t\t\t\t\t\t\t\t\t\t<\/div>\n\t\t\t\t<\/div>\n\t\t\t\t\t<\/div>\n\t\t<\/div>\n\t\t\t\t\t<\/div>\n\t\t<\/section>\n\t\t<div class=\"elementor-element elementor-element-6b6c674 e-flex e-con-boxed e-con e-parent\" data-id=\"6b6c674\" data-element_type=\"container\" data-e-type=\"container\">\n\t\t\t\t\t<div class=\"e-con-inner\">\n\t\t\t\t<div class=\"elementor-element elementor-element-84e05fc elementor-widget elementor-widget-text-editor\" data-id=\"84e05fc\" data-element_type=\"widget\" data-e-type=\"widget\" data-widget_type=\"text-editor.default\">\n\t\t\t\t<div class=\"elementor-widget-container\">\n\t\t\t\t\t\t\t\t\t<p><strong>Noarootsi and N\u00f5va<\/strong> are especially suitable for people who love untouched nature. The northwest coast of Estonia charms visitors with beautiful beaches with singing sand and pine forests full of mushrooms and berries. <\/p>\n\t\t\t\t\t\t\t\t<\/div>\n\t\t\t\t<\/div>\n\t\t\t\t\t<\/div>\n\t\t\t\t<\/div>\n\t\t<div class=\"elementor-element elementor-element-53fd41d e-flex e-con-boxed e-con e-parent\" data-id=\"53fd41d\" data-element_type=\"container\" data-e-type=\"container\">\n\t\t\t\t\t<div class=\"e-con-inner\">\n\t\t<div class=\"elementor-element elementor-element-38edc40 e-con-full e-flex e-con e-parent\" data-id=\"38edc40\" data-element_type=\"container\" data-e-type=\"container\">\n\t\t\t\t<div class=\"elementor-element elementor-element-312efab elementor-widget elementor-widget-text-editor\" data-id=\"312efab\" data-element_type=\"widget\" data-e-type=\"widget\" data-widget_type=\"text-editor.default\">\n\t\t\t\t<div class=\"elementor-widget-container\">\n\t\t\t\t\t\t\t\t\t<p>The local nature and four national protected areas of N\u00f5va and Noarootsi are a real gem &#8211; <strong>L\u00e4\u00e4nemaa&#8217;s Suursoo<\/strong>, <strong>N\u00f5va<\/strong> and the unique <strong>Osmussaare Landscape Protected Are<\/strong> as, and the <strong>Silma<\/strong> and <strong>Leidissoo Nature Reserves<\/strong>, with their large dune forests, bogs and swamps, are home to numerous game species: lynx, wolves, elk and bears. The pride of the bird kingdom here are the swans, swans, teddy bears, wild boars and eagles.<\/p>\n<p>The sandy rivers of the N\u00f5va, with their wandering mouths, have picturesque canyon-like channels, sometimes dug through dunes.<\/p>\n\t\t\t\t\t\t\t\t<\/div>\n\t\t\t\t<\/div>\n\t\t\t\t<\/div>\n\t\t<div class=\"elementor-element elementor-element-2f97ac4 e-con-full e-flex e-con e-parent\" data-id=\"2f97ac4\" data-element_type=\"container\" data-e-type=\"container\">\n\t\t\t\t<div class=\"elementor-element elementor-element-87001b3 elementor-widget elementor-widget-image\" data-id=\"87001b3\" data-element_type=\"widget\" data-e-type=\"widget\" data-widget_type=\"image.default\">\n\t\t\t\t<div class=\"elementor-widget-container\">\n\t\t\t\t\t\t\t\t\t\t\t\t\t\t\t<img fetchpriority=\"high\" decoding=\"async\" width=\"1024\" height=\"683\" src=\"https:\/\/www.visithaapsalu.com\/wp-content\/uploads\/2023\/03\/2021-08-15_Dirhami_neem_121_Silver_Raidla-1024x683.jpg\" class=\"attachment-large size-large wp-image-1790555\" alt=\"\" srcset=\"https:\/\/www.visithaapsalu.com\/wp-content\/uploads\/2023\/03\/2021-08-15_Dirhami_neem_121_Silver_Raidla-1024x683.jpg 1024w, https:\/\/www.visithaapsalu.com\/wp-content\/uploads\/2023\/03\/2021-08-15_Dirhami_neem_121_Silver_Raidla-300x200.jpg 300w, https:\/\/www.visithaapsalu.com\/wp-content\/uploads\/2023\/03\/2021-08-15_Dirhami_neem_121_Silver_Raidla-768x512.jpg 768w, https:\/\/www.visithaapsalu.com\/wp-content\/uploads\/2023\/03\/2021-08-15_Dirhami_neem_121_Silver_Raidla-1536x1024.jpg 1536w, https:\/\/www.visithaapsalu.com\/wp-content\/uploads\/2023\/03\/2021-08-15_Dirhami_neem_121_Silver_Raidla-2048x1366.jpg 2048w\" sizes=\"(max-width: 1024px) 100vw, 1024px\" \/>\t\t\t\t\t\t\t\t\t\t\t\t\t\t\t<\/div>\n\t\t\t\t<\/div>\n\t\t\t\t<\/div>\n\t\t\t\t\t<\/div>\n\t\t\t\t<\/div>\n\t\t<div class=\"elementor-element elementor-element-86697ad e-flex e-con-boxed e-con e-parent\" data-id=\"86697ad\" data-element_type=\"container\" data-e-type=\"container\">\n\t\t\t\t\t<div class=\"e-con-inner\">\n\t\t\t\t<div class=\"elementor-element elementor-element-e836cc0 elementor-widget elementor-widget-text-editor\" data-id=\"e836cc0\" data-element_type=\"widget\" data-e-type=\"widget\" data-widget_type=\"text-editor.default\">\n\t\t\t\t<div class=\"elementor-widget-container\">\n\t\t\t\t\t\t\t\t\t<p>Once an island, the area is dotted with small shallow lakes surrounded by sand dunes. Tens of thousands of birds arrive here during spring migration, making it one of the best places in Estonia <strong>for birdwatching<\/strong>. Thousands of arctic waterfowl fly through here during the bird migration season. Arctic eagles, waders and swans winter in the ice-free sea. The Baltic Sea is a sea of flats.<\/p>\n\t\t\t\t\t\t\t\t<\/div>\n\t\t\t\t<\/div>\n\t\t\t\t\t<\/div>\n\t\t\t\t<\/div>\n\t\t<div class=\"elementor-element elementor-element-3cda746 e-flex e-con-boxed e-con e-parent\" data-id=\"3cda746\" data-element_type=\"container\" data-e-type=\"container\">\n\t\t\t\t\t<div class=\"e-con-inner\">\n\t\t<div class=\"elementor-element elementor-element-52bc8f1 e-con-full e-flex e-con e-parent\" data-id=\"52bc8f1\" data-element_type=\"container\" data-e-type=\"container\">\n\t\t\t\t<div class=\"elementor-element elementor-element-42d1e05 elementor-widget elementor-widget-image\" data-id=\"42d1e05\" data-element_type=\"widget\" data-e-type=\"widget\" data-widget_type=\"image.default\">\n\t\t\t\t<div class=\"elementor-widget-container\">\n\t\t\t\t\t\t\t\t\t\t\t\t\t\t\t<img decoding=\"async\" width=\"1024\" height=\"684\" src=\"https:\/\/www.visithaapsalu.com\/wp-content\/uploads\/2023\/03\/Nova-rand-1024x684.jpg\" class=\"attachment-large size-large wp-image-1790558\" alt=\"\" srcset=\"https:\/\/www.visithaapsalu.com\/wp-content\/uploads\/2023\/03\/Nova-rand-1024x684.jpg 1024w, https:\/\/www.visithaapsalu.com\/wp-content\/uploads\/2023\/03\/Nova-rand-300x200.jpg 300w, https:\/\/www.visithaapsalu.com\/wp-content\/uploads\/2023\/03\/Nova-rand-768x513.jpg 768w, https:\/\/www.visithaapsalu.com\/wp-content\/uploads\/2023\/03\/Nova-rand-1536x1025.jpg 1536w, https:\/\/www.visithaapsalu.com\/wp-content\/uploads\/2023\/03\/Nova-rand.jpg 2048w\" sizes=\"(max-width: 1024px) 100vw, 1024px\" \/>\t\t\t\t\t\t\t\t\t\t\t\t\t\t\t<\/div>\n\t\t\t\t<\/div>\n\t\t\t\t<\/div>\n\t\t<div class=\"elementor-element elementor-element-d0af878 e-con-full e-flex e-con e-parent\" data-id=\"d0af878\" data-element_type=\"container\" data-e-type=\"container\">\n\t\t\t\t<div class=\"elementor-element elementor-element-8b50263 elementor-widget elementor-widget-text-editor\" data-id=\"8b50263\" data-element_type=\"widget\" data-e-type=\"widget\" data-widget_type=\"text-editor.default\">\n\t\t\t\t<div class=\"elementor-widget-container\">\n\t\t\t\t\t\t\t\t\t<p>Noarootsi and N\u00f5va are ideal for surfing, sailing, berry picking, fishing and, of course, just enjoying the peace and quiet. The kilometres of<strong> singing sandy coastline<\/strong> here is one of the best summer resorts in Estonia. When travelling along the coast, this is a must-stop.<\/p>\n<p>Noarootsi, it&#8217;s the sandy seashores, the pine forests and the marshes between the dunes; it&#8217;s the coastal reefs and the beautiful beaches with singing sands. On village signs, you can see words like <strong>P\u00fcrksi\/ Birkas<\/strong> or <strong>Saare\/ Lyckholm<\/strong>, and among the Estonian place names you can also find words from the old coastal Swedish dialect meaning harbour, harbour dwelling or bay. Noarootsi &#8211; the land of the sea.<\/p>\n\t\t\t\t\t\t\t\t<\/div>\n\t\t\t\t<\/div>\n\t\t\t\t<\/div>\n\t\t\t\t\t<\/div>\n\t\t\t\t<\/div>\n\t\t<div class=\"elementor-element elementor-element-5b2aaa0 e-flex e-con-boxed e-con e-parent\" data-id=\"5b2aaa0\" data-element_type=\"container\" data-e-type=\"container\">\n\t\t\t\t\t<div class=\"e-con-inner\">\n\t\t\t\t<div class=\"elementor-element elementor-element-0c15f50 elementor-widget elementor-widget-text-editor\" data-id=\"0c15f50\" data-element_type=\"widget\" data-e-type=\"widget\" data-widget_type=\"text-editor.default\">\n\t\t\t\t<div class=\"elementor-widget-container\">\n\t\t\t\t\t\t\t\t\t<p>Until World War II, Noarootsi was inhabited by Estonian-Swedes, who arrived on the Estonian coast and islands in the 13th century mainly via Finland.  Unlike the Estonian peasants, the coastal Swedes lived under the so-called Swedish law, which guaranteed them freedom and privileges.<\/p>\n<p>Estonia&#8217;s north-west coast is a special place, both in Estonia and in Europe &#8211; land that has risen 110 metres since the last ice age.<\/p>\n<p><strong>St. Olevi&#8217;s Church in N\u00f5va<\/strong> is one of the few preserved wooden churches and one of the smallest churches in Estonia. The church is characterised by wooden pews with different designs for men and women.<\/p>\n\t\t\t\t\t\t\t\t<\/div>\n\t\t\t\t<\/div>\n\t\t\t\t\t<\/div>\n\t\t\t\t<\/div>\n\t\t\t\t<section class=\"elementor-section elementor-top-section elementor-element elementor-element-231a9cf elementor-section-height-min-height elementor-section-boxed elementor-section-height-default elementor-section-items-middle\" data-id=\"231a9cf\" data-element_type=\"section\" data-e-type=\"section\">\n\t\t\t\t\t\t<div class=\"elementor-container elementor-column-gap-default\">\n\t\t\t\t\t<div class=\"elementor-column elementor-col-100 elementor-top-column elementor-element elementor-element-e92f82b\" data-id=\"e92f82b\" data-element_type=\"column\" data-e-type=\"column\">\n\t\t\t<div class=\"elementor-widget-wrap elementor-element-populated\">\n\t\t\t\t\t\t<div class=\"elementor-element elementor-element-1cb43fa elementor-cta--skin-cover elementor-cta--valign-bottom elementor-widget elementor-widget-call-to-action\" data-id=\"1cb43fa\" data-element_type=\"widget\" data-e-type=\"widget\" data-widget_type=\"call-to-action.default\">\n\t\t\t\t<div class=\"elementor-widget-container\">\n\t\t\t\t\t\t\t<div class=\"elementor-cta\">\n\t\t\t\t\t<div class=\"elementor-cta__bg-wrapper\">\n\t\t\t\t<div class=\"elementor-cta__bg elementor-bg\" style=\"background-image: url(https:\/\/www.visithaapsalu.com\/wp-content\/uploads\/2022\/11\/majakas-vormsil-1024x671.png);\" role=\"img\" aria-label=\"\u24b8 Raido Nurk\"><\/div>\n\t\t\t\t<div class=\"elementor-cta__bg-overlay\"><\/div>\n\t\t\t<\/div>\n\t\t\t\t\t\t\t<div class=\"elementor-cta__content\">\n\t\t\t\t\n\t\t\t\t\t\t\t\t\t<h1 class=\"elementor-cta__title elementor-cta__content-item elementor-content-item\">\n\t\t\t\t\t\tPerfect holidays in N\u00f5va and Noaroots\t\t\t\t\t<\/h1>\n\t\t\t\t\n\t\t\t\t\n\t\t\t\t\t\t\t\t\t<div class=\"elementor-cta__button-wrapper elementor-cta__content-item elementor-content-item \">\n\t\t\t\t\t<a class=\"elementor-cta__button elementor-button elementor-size-\" href=\"https:\/\/www.visithaapsalu.com\/en\/for-visitor\/what-do-do\/nova-and-noarootsi\/\">\n\t\t\t\t\t\tWhat to do \/ where to go\t\t\t\t\t<\/a>\n\t\t\t\t\t<\/div>\n\t\t\t\t\t\t\t<\/div>\n\t\t\t\t\t\t<\/div>\n\t\t\t\t\t\t<\/div>\n\t\t\t\t<\/div>\n\t\t\t\t\t<\/div>\n\t\t<\/div>\n\t\t\t\t\t<\/div>\n\t\t<\/section>\n\t\t\t\t<\/div>\n\t\t","protected":false},"excerpt":{"rendered":"<p>N\u00f5va and Noarootsi Noarootsi and N\u00f5va are especially suitable for people who love untouched nature. The northwest coast of Estonia charms visitors with beautiful beaches with singing sand and pine forests full of mushrooms and berries. The local nature and four national protected areas of N\u00f5va and Noarootsi are a real gem &#8211; L\u00e4\u00e4nemaa&#8217;s Suursoo, [&hellip;]<\/p>\n","protected":false},"author":2,"featured_media":1714539,"parent":1790762,"menu_order":0,"comment_status":"closed","ping_status":"closed","template":"","meta":{"_acf_changed":false,"footnotes":""},"class_list":["post-1790867","page","type-page","status-publish","has-post-thumbnail","hentry"],"acf":[],"yoast_head":"<!-- This site is optimized with the Yoast SEO plugin v27.3 - https:\/\/yoast.com\/product\/yoast-seo-wordpress\/ -->\n<title>N\u00f5va and Noarootsi - Visit Haapsalu<\/title>\n<meta name=\"robots\" content=\"index, follow, max-snippet:-1, max-image-preview:large, max-video-preview:-1\" \/>\n<link rel=\"canonical\" href=\"https:\/\/www.visithaapsalu.com\/en\/for-visitor\/discover\/nova-and-noarootsi\/\" \/>\n<meta property=\"og:locale\" content=\"en_US\" \/>\n<meta property=\"og:type\" content=\"article\" \/>\n<meta property=\"og:title\" content=\"N\u00f5va and Noarootsi - Visit Haapsalu\" \/>\n<meta property=\"og:description\" content=\"N\u00f5va and Noarootsi Noarootsi and N\u00f5va are especially suitable for people who love untouched nature. The northwest coast of Estonia charms visitors with beautiful beaches with singing sand and pine forests full of mushrooms and berries. The local nature and four national protected areas of N\u00f5va and Noarootsi are a real gem &#8211; L\u00e4\u00e4nemaa&#8217;s Suursoo, [&hellip;]\" \/>\n<meta property=\"og:url\" content=\"https:\/\/www.visithaapsalu.com\/en\/for-visitor\/discover\/nova-and-noarootsi\/\" \/>\n<meta property=\"og:site_name\" content=\"Visit Haapsalu\" \/>\n<meta property=\"article:publisher\" content=\"https:\/\/www.facebook.com\/visithaapsalu\/\" \/>\n<meta property=\"article:modified_time\" content=\"2024-01-08T09:42:47+00:00\" \/>\n<meta property=\"og:image\" content=\"https:\/\/www.visithaapsalu.com\/wp-content\/uploads\/2022\/11\/nova-noarootsi.png\" \/>\n\t<meta property=\"og:image:width\" content=\"1600\" \/>\n\t<meta property=\"og:image:height\" content=\"666\" \/>\n\t<meta property=\"og:image:type\" content=\"image\/png\" \/>\n<meta name=\"twitter:card\" content=\"summary_large_image\" \/>\n<meta name=\"twitter:label1\" content=\"Est. reading time\" \/>\n\t<meta name=\"twitter:data1\" content=\"2 minutes\" \/>\n<script type=\"application\/ld+json\" class=\"yoast-schema-graph\">{\"@context\":\"https:\\\/\\\/schema.org\",\"@graph\":[{\"@type\":\"WebPage\",\"@id\":\"https:\\\/\\\/www.visithaapsalu.com\\\/en\\\/for-visitor\\\/discover\\\/nova-and-noarootsi\\\/\",\"url\":\"https:\\\/\\\/www.visithaapsalu.com\\\/en\\\/for-visitor\\\/discover\\\/nova-and-noarootsi\\\/\",\"name\":\"N\u00f5va and Noarootsi - Visit Haapsalu\",\"isPartOf\":{\"@id\":\"https:\\\/\\\/www.visithaapsalu.com\\\/en\\\/#website\"},\"primaryImageOfPage\":{\"@id\":\"https:\\\/\\\/www.visithaapsalu.com\\\/en\\\/for-visitor\\\/discover\\\/nova-and-noarootsi\\\/#primaryimage\"},\"image\":{\"@id\":\"https:\\\/\\\/www.visithaapsalu.com\\\/en\\\/for-visitor\\\/discover\\\/nova-and-noarootsi\\\/#primaryimage\"},\"thumbnailUrl\":\"https:\\\/\\\/www.visithaapsalu.com\\\/wp-content\\\/uploads\\\/2022\\\/11\\\/nova-noarootsi.png\",\"datePublished\":\"2022-12-30T20:22:59+00:00\",\"dateModified\":\"2024-01-08T09:42:47+00:00\",\"breadcrumb\":{\"@id\":\"https:\\\/\\\/www.visithaapsalu.com\\\/en\\\/for-visitor\\\/discover\\\/nova-and-noarootsi\\\/#breadcrumb\"},\"inLanguage\":\"en-US\",\"potentialAction\":[{\"@type\":\"ReadAction\",\"target\":[\"https:\\\/\\\/www.visithaapsalu.com\\\/en\\\/for-visitor\\\/discover\\\/nova-and-noarootsi\\\/\"]}]},{\"@type\":\"ImageObject\",\"inLanguage\":\"en-US\",\"@id\":\"https:\\\/\\\/www.visithaapsalu.com\\\/en\\\/for-visitor\\\/discover\\\/nova-and-noarootsi\\\/#primaryimage\",\"url\":\"https:\\\/\\\/www.visithaapsalu.com\\\/wp-content\\\/uploads\\\/2022\\\/11\\\/nova-noarootsi.png\",\"contentUrl\":\"https:\\\/\\\/www.visithaapsalu.com\\\/wp-content\\\/uploads\\\/2022\\\/11\\\/nova-noarootsi.png\",\"width\":1600,\"height\":666},{\"@type\":\"BreadcrumbList\",\"@id\":\"https:\\\/\\\/www.visithaapsalu.com\\\/en\\\/for-visitor\\\/discover\\\/nova-and-noarootsi\\\/#breadcrumb\",\"itemListElement\":[{\"@type\":\"ListItem\",\"position\":1,\"name\":\"Home\",\"item\":\"https:\\\/\\\/www.visithaapsalu.com\\\/en\\\/\"},{\"@type\":\"ListItem\",\"position\":2,\"name\":\"For Visitor\",\"item\":\"https:\\\/\\\/www.visithaapsalu.com\\\/en\\\/\"},{\"@type\":\"ListItem\",\"position\":3,\"name\":\"Discover\",\"item\":\"https:\\\/\\\/www.visithaapsalu.com\\\/en\\\/puhkajale\\\/avasta\\\/\"},{\"@type\":\"ListItem\",\"position\":4,\"name\":\"N\u00f5va and Noarootsi\"}]},{\"@type\":\"WebSite\",\"@id\":\"https:\\\/\\\/www.visithaapsalu.com\\\/en\\\/#website\",\"url\":\"https:\\\/\\\/www.visithaapsalu.com\\\/en\\\/\",\"name\":\"Visit Haapsalu\",\"description\":\"visithaapsalu\",\"publisher\":{\"@id\":\"https:\\\/\\\/www.visithaapsalu.com\\\/en\\\/#organization\"},\"potentialAction\":[{\"@type\":\"SearchAction\",\"target\":{\"@type\":\"EntryPoint\",\"urlTemplate\":\"https:\\\/\\\/www.visithaapsalu.com\\\/en\\\/?s={search_term_string}\"},\"query-input\":{\"@type\":\"PropertyValueSpecification\",\"valueRequired\":true,\"valueName\":\"search_term_string\"}}],\"inLanguage\":\"en-US\"},{\"@type\":\"Organization\",\"@id\":\"https:\\\/\\\/www.visithaapsalu.com\\\/en\\\/#organization\",\"name\":\"Visit Haapsalu\",\"url\":\"https:\\\/\\\/www.visithaapsalu.com\\\/en\\\/\",\"logo\":{\"@type\":\"ImageObject\",\"inLanguage\":\"en-US\",\"@id\":\"https:\\\/\\\/www.visithaapsalu.com\\\/en\\\/#\\\/schema\\\/logo\\\/image\\\/\",\"url\":\"https:\\\/\\\/www.visithaapsalu.com\\\/wp-content\\\/uploads\\\/2022\\\/11\\\/visit-haapsalu.svg\",\"contentUrl\":\"https:\\\/\\\/www.visithaapsalu.com\\\/wp-content\\\/uploads\\\/2022\\\/11\\\/visit-haapsalu.svg\",\"width\":191,\"height\":37,\"caption\":\"Visit Haapsalu\"},\"image\":{\"@id\":\"https:\\\/\\\/www.visithaapsalu.com\\\/en\\\/#\\\/schema\\\/logo\\\/image\\\/\"},\"sameAs\":[\"https:\\\/\\\/www.facebook.com\\\/visithaapsalu\\\/\",\"https:\\\/\\\/www.instagram.com\\\/visit_haapsalu\\\/\"]}]}<\/script>\n<!-- \/ Yoast SEO plugin. -->","yoast_head_json":{"title":"N\u00f5va and Noarootsi - Visit Haapsalu","robots":{"index":"index","follow":"follow","max-snippet":"max-snippet:-1","max-image-preview":"max-image-preview:large","max-video-preview":"max-video-preview:-1"},"canonical":"https:\/\/www.visithaapsalu.com\/en\/for-visitor\/discover\/nova-and-noarootsi\/","og_locale":"en_US","og_type":"article","og_title":"N\u00f5va and Noarootsi - Visit Haapsalu","og_description":"N\u00f5va and Noarootsi Noarootsi and N\u00f5va are especially suitable for people who love untouched nature. The northwest coast of Estonia charms visitors with beautiful beaches with singing sand and pine forests full of mushrooms and berries. The local nature and four national protected areas of N\u00f5va and Noarootsi are a real gem &#8211; L\u00e4\u00e4nemaa&#8217;s Suursoo, [&hellip;]","og_url":"https:\/\/www.visithaapsalu.com\/en\/for-visitor\/discover\/nova-and-noarootsi\/","og_site_name":"Visit Haapsalu","article_publisher":"https:\/\/www.facebook.com\/visithaapsalu\/","article_modified_time":"2024-01-08T09:42:47+00:00","og_image":[{"width":1600,"height":666,"url":"https:\/\/www.visithaapsalu.com\/wp-content\/uploads\/2022\/11\/nova-noarootsi.png","type":"image\/png"}],"twitter_card":"summary_large_image","twitter_misc":{"Est. reading time":"2 minutes"},"schema":{"@context":"https:\/\/schema.org","@graph":[{"@type":"WebPage","@id":"https:\/\/www.visithaapsalu.com\/en\/for-visitor\/discover\/nova-and-noarootsi\/","url":"https:\/\/www.visithaapsalu.com\/en\/for-visitor\/discover\/nova-and-noarootsi\/","name":"N\u00f5va and Noarootsi - Visit Haapsalu","isPartOf":{"@id":"https:\/\/www.visithaapsalu.com\/en\/#website"},"primaryImageOfPage":{"@id":"https:\/\/www.visithaapsalu.com\/en\/for-visitor\/discover\/nova-and-noarootsi\/#primaryimage"},"image":{"@id":"https:\/\/www.visithaapsalu.com\/en\/for-visitor\/discover\/nova-and-noarootsi\/#primaryimage"},"thumbnailUrl":"https:\/\/www.visithaapsalu.com\/wp-content\/uploads\/2022\/11\/nova-noarootsi.png","datePublished":"2022-12-30T20:22:59+00:00","dateModified":"2024-01-08T09:42:47+00:00","breadcrumb":{"@id":"https:\/\/www.visithaapsalu.com\/en\/for-visitor\/discover\/nova-and-noarootsi\/#breadcrumb"},"inLanguage":"en-US","potentialAction":[{"@type":"ReadAction","target":["https:\/\/www.visithaapsalu.com\/en\/for-visitor\/discover\/nova-and-noarootsi\/"]}]},{"@type":"ImageObject","inLanguage":"en-US","@id":"https:\/\/www.visithaapsalu.com\/en\/for-visitor\/discover\/nova-and-noarootsi\/#primaryimage","url":"https:\/\/www.visithaapsalu.com\/wp-content\/uploads\/2022\/11\/nova-noarootsi.png","contentUrl":"https:\/\/www.visithaapsalu.com\/wp-content\/uploads\/2022\/11\/nova-noarootsi.png","width":1600,"height":666},{"@type":"BreadcrumbList","@id":"https:\/\/www.visithaapsalu.com\/en\/for-visitor\/discover\/nova-and-noarootsi\/#breadcrumb","itemListElement":[{"@type":"ListItem","position":1,"name":"Home","item":"https:\/\/www.visithaapsalu.com\/en\/"},{"@type":"ListItem","position":2,"name":"For Visitor","item":"https:\/\/www.visithaapsalu.com\/en\/"},{"@type":"ListItem","position":3,"name":"Discover","item":"https:\/\/www.visithaapsalu.com\/en\/puhkajale\/avasta\/"},{"@type":"ListItem","position":4,"name":"N\u00f5va and Noarootsi"}]},{"@type":"WebSite","@id":"https:\/\/www.visithaapsalu.com\/en\/#website","url":"https:\/\/www.visithaapsalu.com\/en\/","name":"Visit Haapsalu","description":"visithaapsalu","publisher":{"@id":"https:\/\/www.visithaapsalu.com\/en\/#organization"},"potentialAction":[{"@type":"SearchAction","target":{"@type":"EntryPoint","urlTemplate":"https:\/\/www.visithaapsalu.com\/en\/?s={search_term_string}"},"query-input":{"@type":"PropertyValueSpecification","valueRequired":true,"valueName":"search_term_string"}}],"inLanguage":"en-US"},{"@type":"Organization","@id":"https:\/\/www.visithaapsalu.com\/en\/#organization","name":"Visit Haapsalu","url":"https:\/\/www.visithaapsalu.com\/en\/","logo":{"@type":"ImageObject","inLanguage":"en-US","@id":"https:\/\/www.visithaapsalu.com\/en\/#\/schema\/logo\/image\/","url":"https:\/\/www.visithaapsalu.com\/wp-content\/uploads\/2022\/11\/visit-haapsalu.svg","contentUrl":"https:\/\/www.visithaapsalu.com\/wp-content\/uploads\/2022\/11\/visit-haapsalu.svg","width":191,"height":37,"caption":"Visit Haapsalu"},"image":{"@id":"https:\/\/www.visithaapsalu.com\/en\/#\/schema\/logo\/image\/"},"sameAs":["https:\/\/www.facebook.com\/visithaapsalu\/","https:\/\/www.instagram.com\/visit_haapsalu\/"]}]}},"_links":{"self":[{"href":"https:\/\/www.visithaapsalu.com\/en\/wp-json\/wp\/v2\/pages\/1790867","targetHints":{"allow":["GET"]}}],"collection":[{"href":"https:\/\/www.visithaapsalu.com\/en\/wp-json\/wp\/v2\/pages"}],"about":[{"href":"https:\/\/www.visithaapsalu.com\/en\/wp-json\/wp\/v2\/types\/page"}],"author":[{"embeddable":true,"href":"https:\/\/www.visithaapsalu.com\/en\/wp-json\/wp\/v2\/users\/2"}],"replies":[{"embeddable":true,"href":"https:\/\/www.visithaapsalu.com\/en\/wp-json\/wp\/v2\/comments?post=1790867"}],"version-history":[{"count":5,"href":"https:\/\/www.visithaapsalu.com\/en\/wp-json\/wp\/v2\/pages\/1790867\/revisions"}],"predecessor-version":[{"id":1791837,"href":"https:\/\/www.visithaapsalu.com\/en\/wp-json\/wp\/v2\/pages\/1790867\/revisions\/1791837"}],"up":[{"embeddable":true,"href":"https:\/\/www.visithaapsalu.com\/en\/wp-json\/wp\/v2\/pages\/1790762"}],"wp:featuredmedia":[{"embeddable":true,"href":"https:\/\/www.visithaapsalu.com\/en\/wp-json\/wp\/v2\/media\/1714539"}],"wp:attachment":[{"href":"https:\/\/www.visithaapsalu.com\/en\/wp-json\/wp\/v2\/media?parent=1790867"}],"curies":[{"name":"wp","href":"https:\/\/api.w.org\/{rel}","templated":true}]}}